{"id":9590,"date":"2023-12-10T18:25:44","date_gmt":"2023-12-10T18:25:44","guid":{"rendered":"https:\/\/darkviolet-ram-161551.hostingersite.com\/?post_type=product&#038;p=9590"},"modified":"2023-12-10T18:28:09","modified_gmt":"2023-12-10T18:28:09","slug":"5-pieces-ensemble-de-lingerie-a-noeud-en-dentelle-a-armature","status":"publish","type":"product","link":"https:\/\/store.mariages.io\/ar\/product\/5-pieces-ensemble-de-lingerie-a-noeud-en-dentelle-a-armature\/","title":{"rendered":"\u0645\u062c\u0645\u0648\u0639\u0629 \u0645\u0644\u0627\u0628\u0633 \u062f\u0627\u062e\u0644\u064a\u0629 \u0645\u0643\u0648\u0646\u0629 \u0645\u0646 5 \u0642\u0637\u0639 \u0645\u0646 \u0627\u0644\u062f\u0627\u0646\u062a\u064a\u0644 \u0648\u0633\u0644\u0643 \u062f\u0627\u062e\u0644\u064a"},"content":{"rendered":"<p>\u0627\u0644\u0644\u0648\u0646: \u0623\u0633\u0648\u062f<br \/>\n\u0627\u0644\u0646\u0648\u0639: \u0645\u062c\u0645\u0648\u0639\u0629 \u0645\u062b\u064a\u0631\u0629<br \/>\n\u0646\u0648\u0639 \u0627\u0644\u0646\u0645\u0637: \u0644\u0648\u0646 \u0633\u0627\u062f\u0629<br \/>\n\u0646\u0648\u0639 \u0627\u0644\u0645\u0644\u0627\u0628\u0633 \u0627\u0644\u062f\u0627\u062e\u0644\u064a\u0629: \u062b\u0648\u0646\u063a<br \/>\nNombre de pi\u00e8ces:\tEnsemble de 5 pi\u00e8ce<br \/>\n\u0627\u0644\u062e\u0635\u0631: \u062e\u0635\u0631 \u0645\u0646\u062e\u0641\u0636<br \/>\nD\u00e9tails:\tDentelle contrast\u00e9e, Transparent<br \/>\n\u0627\u0644\u0642\u0645\u0627\u0634: \u062e\u0641\u064a\u0641 \u0627\u0644\u062a\u0645\u062f\u062f<br \/>\n\u062a\u0639\u0644\u064a\u0645\u0627\u062a \u0627\u0644\u0639\u0646\u0627\u064a\u0629: \u063a\u0633\u064a\u0644 \u064a\u062f\u0648\u064a\u060c \u0644\u0627 \u062a\u0633\u062a\u062e\u062f\u0645 \u0627\u0644\u062a\u0646\u0638\u064a\u0641 \u0627\u0644\u062c\u0627\u0641<br \/>\n\u0634\u0641\u0627\u0641: \u0646\u0639\u0645<br \/>\nPantalons &#038; Hauts Tissu\/mat\u00e9riel:\tDentelle<br \/>\n\u062a\u0631\u0643\u064a\u0628\u0629 \u0627\u0644\u0628\u0646\u0637\u0644\u0648\u0646\u0627\u062a \u0648\u0627\u0644\u0642\u0645\u0635\u0627\u0646: 95% \u0628\u0648\u0644\u064a\u0633\u062a\u0631\u060c 5% \u0625\u064a\u0644\u0627\u0633\u062a\u0627\u0646<\/p>","protected":false},"excerpt":{"rendered":"<p>Couleur: Noir Type: Ensemble sexy Type de motif: Unicolore Type de Culotte: Tangas Nombre de pi\u00e8ces: Ensemble de 5 pi\u00e8ce<\/p>","protected":false},"featured_media":9591,"comment_status":"open","ping_status":"closed","template":"","meta":{"_joinchat":[]},"product_brand":[],"product_cat":[73,107],"product_tag":[],"class_list":{"0":"post-9590","1":"product","2":"type-product","3":"status-publish","4":"has-post-thumbnail","6":"product_cat-mode","7":"product_cat-mode-femme","9":"first","10":"instock","11":"shipping-taxable","12":"purchasable","13":"product-type-variable"},"yoast_head":"<!-- This site is optimized with the Yoast SEO plugin v26.7 - https:\/\/yoast.com\/wordpress\/plugins\/seo\/ -->\n<title>5 pi\u00e8ces Ensemble de lingerie \u00e0 n\u0153ud en dentelle \u00e0 armature - Mariages.io store<\/title>\n<meta name=\"robots\" content=\"index, follow, max-snippet:-1, max-image-preview:large, max-video-preview:-1\" \/>\n<link rel=\"canonical\" href=\"https:\/\/store.mariages.io\/ar\/product\/5-pieces-ensemble-de-lingerie-a-noeud-en-dentelle-a-armature\/\" \/>\n<meta property=\"og:locale\" content=\"ar_AR\" \/>\n<meta property=\"og:type\" content=\"article\" \/>\n<meta property=\"og:title\" content=\"5 pi\u00e8ces Ensemble de lingerie \u00e0 n\u0153ud en dentelle \u00e0 armature - Mariages.io store\" \/>\n<meta property=\"og:description\" content=\"Couleur: Noir Type: Ensemble sexy Type de motif: Unicolore Type de Culotte: Tangas Nombre de pi\u00e8ces: Ensemble de 5 pi\u00e8ce\" \/>\n<meta property=\"og:url\" content=\"https:\/\/store.mariages.io\/ar\/product\/5-pieces-ensemble-de-lingerie-a-noeud-en-dentelle-a-armature\/\" \/>\n<meta property=\"og:site_name\" content=\"Mariages.io store\" \/>\n<meta property=\"article:modified_time\" content=\"2023-12-10T18:28:09+00:00\" \/>\n<meta property=\"og:image\" content=\"https:\/\/store.mariages.io\/wp-content\/uploads\/2023\/12\/Capture-decran-2023-12-10-a-19.22.27.png\" \/>\n\t<meta property=\"og:image:width\" content=\"658\" \/>\n\t<meta property=\"og:image:height\" content=\"877\" \/>\n\t<meta property=\"og:image:type\" content=\"image\/png\" \/>\n<meta name=\"twitter:card\" content=\"summary_large_image\" \/>\n<meta name=\"twitter:label1\" content=\"\u0648\u0642\u062a \u0627\u0644\u0642\u0631\u0627\u0621\u0629 \u0627\u0644\u0645\u064f\u0642\u062f\u0651\u0631\" \/>\n\t<meta name=\"twitter:data1\" content=\"\u062f\u0642\u064a\u0642\u0629 \u0648\u0627\u062d\u062f\u0629\" \/>\n<script type=\"application\/ld+json\" class=\"yoast-schema-graph\">{\"@context\":\"https:\/\/schema.org\",\"@graph\":[{\"@type\":\"WebPage\",\"@id\":\"https:\/\/store.mariages.io\/product\/5-pieces-ensemble-de-lingerie-a-noeud-en-dentelle-a-armature\/\",\"url\":\"https:\/\/store.mariages.io\/product\/5-pieces-ensemble-de-lingerie-a-noeud-en-dentelle-a-armature\/\",\"name\":\"5 pi\u00e8ces Ensemble de lingerie \u00e0 n\u0153ud en dentelle \u00e0 armature - Mariages.io store\",\"isPartOf\":{\"@id\":\"https:\/\/darkviolet-ram-161551.hostingersite.com\/#website\"},\"primaryImageOfPage\":{\"@id\":\"https:\/\/store.mariages.io\/product\/5-pieces-ensemble-de-lingerie-a-noeud-en-dentelle-a-armature\/#primaryimage\"},\"image\":{\"@id\":\"https:\/\/store.mariages.io\/product\/5-pieces-ensemble-de-lingerie-a-noeud-en-dentelle-a-armature\/#primaryimage\"},\"thumbnailUrl\":\"https:\/\/store.mariages.io\/wp-content\/uploads\/2023\/12\/Capture-decran-2023-12-10-a-19.22.27.png\",\"datePublished\":\"2023-12-10T18:25:44+00:00\",\"dateModified\":\"2023-12-10T18:28:09+00:00\",\"breadcrumb\":{\"@id\":\"https:\/\/store.mariages.io\/product\/5-pieces-ensemble-de-lingerie-a-noeud-en-dentelle-a-armature\/#breadcrumb\"},\"inLanguage\":\"ar\",\"potentialAction\":[{\"@type\":\"ReadAction\",\"target\":[\"https:\/\/store.mariages.io\/product\/5-pieces-ensemble-de-lingerie-a-noeud-en-dentelle-a-armature\/\"]}]},{\"@type\":\"ImageObject\",\"inLanguage\":\"ar\",\"@id\":\"https:\/\/store.mariages.io\/product\/5-pieces-ensemble-de-lingerie-a-noeud-en-dentelle-a-armature\/#primaryimage\",\"url\":\"https:\/\/store.mariages.io\/wp-content\/uploads\/2023\/12\/Capture-decran-2023-12-10-a-19.22.27.png\",\"contentUrl\":\"https:\/\/store.mariages.io\/wp-content\/uploads\/2023\/12\/Capture-decran-2023-12-10-a-19.22.27.png\",\"width\":658,\"height\":877},{\"@type\":\"BreadcrumbList\",\"@id\":\"https:\/\/store.mariages.io\/product\/5-pieces-ensemble-de-lingerie-a-noeud-en-dentelle-a-armature\/#breadcrumb\",\"itemListElement\":[{\"@type\":\"ListItem\",\"position\":1,\"name\":\"Home\",\"item\":\"https:\/\/darkviolet-ram-161551.hostingersite.com\/\"},{\"@type\":\"ListItem\",\"position\":2,\"name\":\"Shop\",\"item\":\"https:\/\/store.mariages.io\/shop\/\"},{\"@type\":\"ListItem\",\"position\":3,\"name\":\"5 pi\u00e8ces Ensemble de lingerie \u00e0 n\u0153ud en dentelle \u00e0 armature\"}]},{\"@type\":\"WebSite\",\"@id\":\"https:\/\/darkviolet-ram-161551.hostingersite.com\/#website\",\"url\":\"https:\/\/darkviolet-ram-161551.hostingersite.com\/\",\"name\":\"Mariages.io store\",\"description\":\"STORE Mariages.IO\",\"potentialAction\":[{\"@type\":\"SearchAction\",\"target\":{\"@type\":\"EntryPoint\",\"urlTemplate\":\"https:\/\/darkviolet-ram-161551.hostingersite.com\/?s={search_term_string}\"},\"query-input\":{\"@type\":\"PropertyValueSpecification\",\"valueRequired\":true,\"valueName\":\"search_term_string\"}}],\"inLanguage\":\"ar\"}]}<\/script>\n<!-- \/ Yoast SEO plugin. -->","yoast_head_json":{"title":"5 pi\u00e8ces Ensemble de lingerie \u00e0 n\u0153ud en dentelle \u00e0 armature - Mariages.io store","robots":{"index":"index","follow":"follow","max-snippet":"max-snippet:-1","max-image-preview":"max-image-preview:large","max-video-preview":"max-video-preview:-1"},"canonical":"https:\/\/store.mariages.io\/ar\/product\/5-pieces-ensemble-de-lingerie-a-noeud-en-dentelle-a-armature\/","og_locale":"ar_AR","og_type":"article","og_title":"5 pi\u00e8ces Ensemble de lingerie \u00e0 n\u0153ud en dentelle \u00e0 armature - Mariages.io store","og_description":"Couleur: Noir Type: Ensemble sexy Type de motif: Unicolore Type de Culotte: Tangas Nombre de pi\u00e8ces: Ensemble de 5 pi\u00e8ce","og_url":"https:\/\/store.mariages.io\/ar\/product\/5-pieces-ensemble-de-lingerie-a-noeud-en-dentelle-a-armature\/","og_site_name":"Mariages.io store","article_modified_time":"2023-12-10T18:28:09+00:00","og_image":[{"width":658,"height":877,"url":"https:\/\/store.mariages.io\/wp-content\/uploads\/2023\/12\/Capture-decran-2023-12-10-a-19.22.27.png","type":"image\/png"}],"twitter_card":"summary_large_image","twitter_misc":{"\u0648\u0642\u062a \u0627\u0644\u0642\u0631\u0627\u0621\u0629 \u0627\u0644\u0645\u064f\u0642\u062f\u0651\u0631":"\u062f\u0642\u064a\u0642\u0629 \u0648\u0627\u062d\u062f\u0629"},"schema":{"@context":"https:\/\/schema.org","@graph":[{"@type":"WebPage","@id":"https:\/\/store.mariages.io\/product\/5-pieces-ensemble-de-lingerie-a-noeud-en-dentelle-a-armature\/","url":"https:\/\/store.mariages.io\/product\/5-pieces-ensemble-de-lingerie-a-noeud-en-dentelle-a-armature\/","name":"5 pi\u00e8ces Ensemble de lingerie \u00e0 n\u0153ud en dentelle \u00e0 armature - Mariages.io store","isPartOf":{"@id":"https:\/\/darkviolet-ram-161551.hostingersite.com\/#website"},"primaryImageOfPage":{"@id":"https:\/\/store.mariages.io\/product\/5-pieces-ensemble-de-lingerie-a-noeud-en-dentelle-a-armature\/#primaryimage"},"image":{"@id":"https:\/\/store.mariages.io\/product\/5-pieces-ensemble-de-lingerie-a-noeud-en-dentelle-a-armature\/#primaryimage"},"thumbnailUrl":"https:\/\/store.mariages.io\/wp-content\/uploads\/2023\/12\/Capture-decran-2023-12-10-a-19.22.27.png","datePublished":"2023-12-10T18:25:44+00:00","dateModified":"2023-12-10T18:28:09+00:00","breadcrumb":{"@id":"https:\/\/store.mariages.io\/product\/5-pieces-ensemble-de-lingerie-a-noeud-en-dentelle-a-armature\/#breadcrumb"},"inLanguage":"ar","potentialAction":[{"@type":"ReadAction","target":["https:\/\/store.mariages.io\/product\/5-pieces-ensemble-de-lingerie-a-noeud-en-dentelle-a-armature\/"]}]},{"@type":"ImageObject","inLanguage":"ar","@id":"https:\/\/store.mariages.io\/product\/5-pieces-ensemble-de-lingerie-a-noeud-en-dentelle-a-armature\/#primaryimage","url":"https:\/\/store.mariages.io\/wp-content\/uploads\/2023\/12\/Capture-decran-2023-12-10-a-19.22.27.png","contentUrl":"https:\/\/store.mariages.io\/wp-content\/uploads\/2023\/12\/Capture-decran-2023-12-10-a-19.22.27.png","width":658,"height":877},{"@type":"BreadcrumbList","@id":"https:\/\/store.mariages.io\/product\/5-pieces-ensemble-de-lingerie-a-noeud-en-dentelle-a-armature\/#breadcrumb","itemListElement":[{"@type":"ListItem","position":1,"name":"Home","item":"https:\/\/darkviolet-ram-161551.hostingersite.com\/"},{"@type":"ListItem","position":2,"name":"Shop","item":"https:\/\/store.mariages.io\/shop\/"},{"@type":"ListItem","position":3,"name":"5 pi\u00e8ces Ensemble de lingerie \u00e0 n\u0153ud en dentelle \u00e0 armature"}]},{"@type":"WebSite","@id":"https:\/\/darkviolet-ram-161551.hostingersite.com\/#website","url":"https:\/\/darkviolet-ram-161551.hostingersite.com\/","name":"Mariages.io store","description":"STORE Mariages.IO","potentialAction":[{"@type":"SearchAction","target":{"@type":"EntryPoint","urlTemplate":"https:\/\/darkviolet-ram-161551.hostingersite.com\/?s={search_term_string}"},"query-input":{"@type":"PropertyValueSpecification","valueRequired":true,"valueName":"search_term_string"}}],"inLanguage":"ar"}]}},"_links":{"self":[{"href":"https:\/\/store.mariages.io\/ar\/wp-json\/wp\/v2\/product\/9590","targetHints":{"allow":["GET"]}}],"collection":[{"href":"https:\/\/store.mariages.io\/ar\/wp-json\/wp\/v2\/product"}],"about":[{"href":"https:\/\/store.mariages.io\/ar\/wp-json\/wp\/v2\/types\/product"}],"replies":[{"embeddable":true,"href":"https:\/\/store.mariages.io\/ar\/wp-json\/wp\/v2\/comments?post=9590"}],"version-history":[{"count":1,"href":"https:\/\/store.mariages.io\/ar\/wp-json\/wp\/v2\/product\/9590\/revisions"}],"predecessor-version":[{"id":9595,"href":"https:\/\/store.mariages.io\/ar\/wp-json\/wp\/v2\/product\/9590\/revisions\/9595"}],"wp:featuredmedia":[{"embeddable":true,"href":"https:\/\/store.mariages.io\/ar\/wp-json\/wp\/v2\/media\/9591"}],"wp:attachment":[{"href":"https:\/\/store.mariages.io\/ar\/wp-json\/wp\/v2\/media?parent=9590"}],"wp:term":[{"taxonomy":"product_brand","embeddable":true,"href":"https:\/\/store.mariages.io\/ar\/wp-json\/wp\/v2\/product_brand?post=9590"},{"taxonomy":"product_cat","embeddable":true,"href":"https:\/\/store.mariages.io\/ar\/wp-json\/wp\/v2\/product_cat?post=9590"},{"taxonomy":"product_tag","embeddable":true,"href":"https:\/\/store.mariages.io\/ar\/wp-json\/wp\/v2\/product_tag?post=9590"}],"curies":[{"name":"wp","href":"https:\/\/api.w.org\/{rel}","templated":true}]}}