{"id":9435,"date":"2023-12-08T21:14:39","date_gmt":"2023-12-08T21:14:39","guid":{"rendered":"https:\/\/darkviolet-ram-161551.hostingersite.com\/?post_type=product&#038;p=9435"},"modified":"2025-03-02T11:37:10","modified_gmt":"2025-03-02T11:37:10","slug":"sac-en-cuir-polyvalent-decore-de-foulards-en-soi","status":"publish","type":"product","link":"https:\/\/store.mariages.io\/ar\/product\/sac-en-cuir-polyvalent-decore-de-foulards-en-soi\/","title":{"rendered":"\u062d\u0642\u064a\u0628\u0629 \u062c\u0644\u062f\u064a\u0629 \u0645\u062a\u0639\u062f\u062f\u0629 \u0627\u0644\u0627\u0633\u062a\u062e\u062f\u0627\u0645\u0627\u062a \u0645\u0632\u064a\u0646\u0629 \u0628\u0623\u0648\u0634\u062d\u0629 \u0641\u064a \u062d\u062f \u0630\u0627\u062a\u0647\u0627"},"content":{"rendered":"<p>\u0627\u0644\u0644\u0648\u0646: \u0623\u0628\u064a\u0636<br \/>\nType de brides (cm): Double poign\u00e9e<br \/>\n\u062d\u062c\u0645 \u0627\u0644\u062d\u0642\u064a\u0628\u0629: \u0635\u063a\u064a\u0631<br \/>\nType de fermeture: Fermeture \u00e9clair<br \/>\n\u0646\u0648\u0639 \u0627\u0644\u0646\u0645\u0637: \u0644\u0648\u0646 \u0633\u0627\u062f\u0629<br \/>\nStyle: \u00c9l\u00e9gant<br \/>\nType: Sac fourre-tout port\u00e9 \u00e9paule<br \/>\nTissu\/mat\u00e9riel: Cuir PU<\/p>","protected":false},"excerpt":{"rendered":"<p>Couleur: Blanc Type de brides (cm): Double poign\u00e9e Taille du sac: Petit Type de fermeture: Fermeture \u00e9clair Type de motif:<\/p>","protected":false},"featured_media":9445,"comment_status":"open","ping_status":"closed","template":"","meta":{"_joinchat":[]},"product_brand":[],"product_cat":[73,107,76],"product_tag":[],"class_list":{"0":"post-9435","1":"product","2":"type-product","3":"status-publish","4":"has-post-thumbnail","6":"product_cat-mode","7":"product_cat-mode-femme","8":"product_cat-sacs","10":"first","11":"instock","12":"shipping-taxable","13":"purchasable","14":"product-type-variable"},"yoast_head":"<!-- This site is optimized with the Yoast SEO plugin v26.7 - https:\/\/yoast.com\/wordpress\/plugins\/seo\/ -->\n<title>Sac en cuir, Polyvalent D\u00e9cor\u00e9 De Foulards En Soi - Mariages.io store<\/title>\n<meta name=\"robots\" content=\"index, follow, max-snippet:-1, max-image-preview:large, max-video-preview:-1\" \/>\n<link rel=\"canonical\" href=\"https:\/\/store.mariages.io\/ar\/product\/sac-en-cuir-polyvalent-decore-de-foulards-en-soi\/\" \/>\n<meta property=\"og:locale\" content=\"ar_AR\" \/>\n<meta property=\"og:type\" content=\"article\" \/>\n<meta property=\"og:title\" content=\"Sac en cuir, Polyvalent D\u00e9cor\u00e9 De Foulards En Soi - Mariages.io store\" \/>\n<meta property=\"og:description\" content=\"Couleur: Blanc Type de brides (cm): Double poign\u00e9e Taille du sac: Petit Type de fermeture: Fermeture \u00e9clair Type de motif:\" \/>\n<meta property=\"og:url\" content=\"https:\/\/store.mariages.io\/ar\/product\/sac-en-cuir-polyvalent-decore-de-foulards-en-soi\/\" \/>\n<meta property=\"og:site_name\" content=\"Mariages.io store\" \/>\n<meta property=\"article:modified_time\" content=\"2025-03-02T11:37:10+00:00\" \/>\n<meta property=\"og:image\" content=\"https:\/\/store.mariages.io\/wp-content\/uploads\/2023\/12\/Capture-decran-2023-12-08-a-22.02.15.png\" \/>\n\t<meta property=\"og:image:width\" content=\"656\" \/>\n\t<meta property=\"og:image:height\" content=\"877\" \/>\n\t<meta property=\"og:image:type\" content=\"image\/png\" \/>\n<meta name=\"twitter:card\" content=\"summary_large_image\" \/>\n<meta name=\"twitter:label1\" content=\"\u0648\u0642\u062a \u0627\u0644\u0642\u0631\u0627\u0621\u0629 \u0627\u0644\u0645\u064f\u0642\u062f\u0651\u0631\" \/>\n\t<meta name=\"twitter:data1\" content=\"\u062f\u0642\u064a\u0642\u0629 \u0648\u0627\u062d\u062f\u0629\" \/>\n<script type=\"application\/ld+json\" class=\"yoast-schema-graph\">{\"@context\":\"https:\/\/schema.org\",\"@graph\":[{\"@type\":\"WebPage\",\"@id\":\"https:\/\/store.mariages.io\/product\/sac-en-cuir-polyvalent-decore-de-foulards-en-soi\/\",\"url\":\"https:\/\/store.mariages.io\/product\/sac-en-cuir-polyvalent-decore-de-foulards-en-soi\/\",\"name\":\"Sac en cuir, Polyvalent D\u00e9cor\u00e9 De Foulards En Soi - Mariages.io store\",\"isPartOf\":{\"@id\":\"https:\/\/darkviolet-ram-161551.hostingersite.com\/#website\"},\"primaryImageOfPage\":{\"@id\":\"https:\/\/store.mariages.io\/product\/sac-en-cuir-polyvalent-decore-de-foulards-en-soi\/#primaryimage\"},\"image\":{\"@id\":\"https:\/\/store.mariages.io\/product\/sac-en-cuir-polyvalent-decore-de-foulards-en-soi\/#primaryimage\"},\"thumbnailUrl\":\"https:\/\/store.mariages.io\/wp-content\/uploads\/2023\/12\/Capture-decran-2023-12-08-a-22.02.15.png\",\"datePublished\":\"2023-12-08T21:14:39+00:00\",\"dateModified\":\"2025-03-02T11:37:10+00:00\",\"breadcrumb\":{\"@id\":\"https:\/\/store.mariages.io\/product\/sac-en-cuir-polyvalent-decore-de-foulards-en-soi\/#breadcrumb\"},\"inLanguage\":\"ar\",\"potentialAction\":[{\"@type\":\"ReadAction\",\"target\":[\"https:\/\/store.mariages.io\/product\/sac-en-cuir-polyvalent-decore-de-foulards-en-soi\/\"]}]},{\"@type\":\"ImageObject\",\"inLanguage\":\"ar\",\"@id\":\"https:\/\/store.mariages.io\/product\/sac-en-cuir-polyvalent-decore-de-foulards-en-soi\/#primaryimage\",\"url\":\"https:\/\/store.mariages.io\/wp-content\/uploads\/2023\/12\/Capture-decran-2023-12-08-a-22.02.15.png\",\"contentUrl\":\"https:\/\/store.mariages.io\/wp-content\/uploads\/2023\/12\/Capture-decran-2023-12-08-a-22.02.15.png\",\"width\":656,\"height\":877},{\"@type\":\"BreadcrumbList\",\"@id\":\"https:\/\/store.mariages.io\/product\/sac-en-cuir-polyvalent-decore-de-foulards-en-soi\/#breadcrumb\",\"itemListElement\":[{\"@type\":\"ListItem\",\"position\":1,\"name\":\"Home\",\"item\":\"https:\/\/darkviolet-ram-161551.hostingersite.com\/\"},{\"@type\":\"ListItem\",\"position\":2,\"name\":\"Shop\",\"item\":\"https:\/\/store.mariages.io\/shop\/\"},{\"@type\":\"ListItem\",\"position\":3,\"name\":\"Sac en cuir, Polyvalent D\u00e9cor\u00e9 De Foulards En Soi\"}]},{\"@type\":\"WebSite\",\"@id\":\"https:\/\/darkviolet-ram-161551.hostingersite.com\/#website\",\"url\":\"https:\/\/darkviolet-ram-161551.hostingersite.com\/\",\"name\":\"Mariages.io store\",\"description\":\"STORE Mariages.IO\",\"potentialAction\":[{\"@type\":\"SearchAction\",\"target\":{\"@type\":\"EntryPoint\",\"urlTemplate\":\"https:\/\/darkviolet-ram-161551.hostingersite.com\/?s={search_term_string}\"},\"query-input\":{\"@type\":\"PropertyValueSpecification\",\"valueRequired\":true,\"valueName\":\"search_term_string\"}}],\"inLanguage\":\"ar\"}]}<\/script>\n<!-- \/ Yoast SEO plugin. -->","yoast_head_json":{"title":"Sac en cuir, Polyvalent D\u00e9cor\u00e9 De Foulards En Soi - Mariages.io store","robots":{"index":"index","follow":"follow","max-snippet":"max-snippet:-1","max-image-preview":"max-image-preview:large","max-video-preview":"max-video-preview:-1"},"canonical":"https:\/\/store.mariages.io\/ar\/product\/sac-en-cuir-polyvalent-decore-de-foulards-en-soi\/","og_locale":"ar_AR","og_type":"article","og_title":"Sac en cuir, Polyvalent D\u00e9cor\u00e9 De Foulards En Soi - Mariages.io store","og_description":"Couleur: Blanc Type de brides (cm): Double poign\u00e9e Taille du sac: Petit Type de fermeture: Fermeture \u00e9clair Type de motif:","og_url":"https:\/\/store.mariages.io\/ar\/product\/sac-en-cuir-polyvalent-decore-de-foulards-en-soi\/","og_site_name":"Mariages.io store","article_modified_time":"2025-03-02T11:37:10+00:00","og_image":[{"width":656,"height":877,"url":"https:\/\/store.mariages.io\/wp-content\/uploads\/2023\/12\/Capture-decran-2023-12-08-a-22.02.15.png","type":"image\/png"}],"twitter_card":"summary_large_image","twitter_misc":{"\u0648\u0642\u062a \u0627\u0644\u0642\u0631\u0627\u0621\u0629 \u0627\u0644\u0645\u064f\u0642\u062f\u0651\u0631":"\u062f\u0642\u064a\u0642\u0629 \u0648\u0627\u062d\u062f\u0629"},"schema":{"@context":"https:\/\/schema.org","@graph":[{"@type":"WebPage","@id":"https:\/\/store.mariages.io\/product\/sac-en-cuir-polyvalent-decore-de-foulards-en-soi\/","url":"https:\/\/store.mariages.io\/product\/sac-en-cuir-polyvalent-decore-de-foulards-en-soi\/","name":"Sac en cuir, Polyvalent D\u00e9cor\u00e9 De Foulards En Soi - Mariages.io store","isPartOf":{"@id":"https:\/\/darkviolet-ram-161551.hostingersite.com\/#website"},"primaryImageOfPage":{"@id":"https:\/\/store.mariages.io\/product\/sac-en-cuir-polyvalent-decore-de-foulards-en-soi\/#primaryimage"},"image":{"@id":"https:\/\/store.mariages.io\/product\/sac-en-cuir-polyvalent-decore-de-foulards-en-soi\/#primaryimage"},"thumbnailUrl":"https:\/\/store.mariages.io\/wp-content\/uploads\/2023\/12\/Capture-decran-2023-12-08-a-22.02.15.png","datePublished":"2023-12-08T21:14:39+00:00","dateModified":"2025-03-02T11:37:10+00:00","breadcrumb":{"@id":"https:\/\/store.mariages.io\/product\/sac-en-cuir-polyvalent-decore-de-foulards-en-soi\/#breadcrumb"},"inLanguage":"ar","potentialAction":[{"@type":"ReadAction","target":["https:\/\/store.mariages.io\/product\/sac-en-cuir-polyvalent-decore-de-foulards-en-soi\/"]}]},{"@type":"ImageObject","inLanguage":"ar","@id":"https:\/\/store.mariages.io\/product\/sac-en-cuir-polyvalent-decore-de-foulards-en-soi\/#primaryimage","url":"https:\/\/store.mariages.io\/wp-content\/uploads\/2023\/12\/Capture-decran-2023-12-08-a-22.02.15.png","contentUrl":"https:\/\/store.mariages.io\/wp-content\/uploads\/2023\/12\/Capture-decran-2023-12-08-a-22.02.15.png","width":656,"height":877},{"@type":"BreadcrumbList","@id":"https:\/\/store.mariages.io\/product\/sac-en-cuir-polyvalent-decore-de-foulards-en-soi\/#breadcrumb","itemListElement":[{"@type":"ListItem","position":1,"name":"Home","item":"https:\/\/darkviolet-ram-161551.hostingersite.com\/"},{"@type":"ListItem","position":2,"name":"Shop","item":"https:\/\/store.mariages.io\/shop\/"},{"@type":"ListItem","position":3,"name":"Sac en cuir, Polyvalent D\u00e9cor\u00e9 De Foulards En Soi"}]},{"@type":"WebSite","@id":"https:\/\/darkviolet-ram-161551.hostingersite.com\/#website","url":"https:\/\/darkviolet-ram-161551.hostingersite.com\/","name":"Mariages.io store","description":"STORE Mariages.IO","potentialAction":[{"@type":"SearchAction","target":{"@type":"EntryPoint","urlTemplate":"https:\/\/darkviolet-ram-161551.hostingersite.com\/?s={search_term_string}"},"query-input":{"@type":"PropertyValueSpecification","valueRequired":true,"valueName":"search_term_string"}}],"inLanguage":"ar"}]}},"_links":{"self":[{"href":"https:\/\/store.mariages.io\/ar\/wp-json\/wp\/v2\/product\/9435","targetHints":{"allow":["GET"]}}],"collection":[{"href":"https:\/\/store.mariages.io\/ar\/wp-json\/wp\/v2\/product"}],"about":[{"href":"https:\/\/store.mariages.io\/ar\/wp-json\/wp\/v2\/types\/product"}],"replies":[{"embeddable":true,"href":"https:\/\/store.mariages.io\/ar\/wp-json\/wp\/v2\/comments?post=9435"}],"version-history":[{"count":1,"href":"https:\/\/store.mariages.io\/ar\/wp-json\/wp\/v2\/product\/9435\/revisions"}],"predecessor-version":[{"id":9447,"href":"https:\/\/store.mariages.io\/ar\/wp-json\/wp\/v2\/product\/9435\/revisions\/9447"}],"wp:featuredmedia":[{"embeddable":true,"href":"https:\/\/store.mariages.io\/ar\/wp-json\/wp\/v2\/media\/9445"}],"wp:attachment":[{"href":"https:\/\/store.mariages.io\/ar\/wp-json\/wp\/v2\/media?parent=9435"}],"wp:term":[{"taxonomy":"product_brand","embeddable":true,"href":"https:\/\/store.mariages.io\/ar\/wp-json\/wp\/v2\/product_brand?post=9435"},{"taxonomy":"product_cat","embeddable":true,"href":"https:\/\/store.mariages.io\/ar\/wp-json\/wp\/v2\/product_cat?post=9435"},{"taxonomy":"product_tag","embeddable":true,"href":"https:\/\/store.mariages.io\/ar\/wp-json\/wp\/v2\/product_tag?post=9435"}],"curies":[{"name":"wp","href":"https:\/\/api.w.org\/{rel}","templated":true}]}}