{"id":9023,"date":"2023-11-29T22:09:55","date_gmt":"2023-11-29T22:09:55","guid":{"rendered":"https:\/\/darkviolet-ram-161551.hostingersite.com\/?post_type=product&#038;p=9023"},"modified":"2025-03-01T14:08:28","modified_gmt":"2025-03-01T14:08:28","slug":"pack-5-pieces-a-noeud-set-8cm-ample-cravate-avec-pince-a-cravate-boutons-de-manchette-et-pochette-de-costume","status":"publish","type":"product","link":"https:\/\/store.mariages.io\/ar\/product\/pack-5-pieces-a-noeud-set-8cm-ample-cravate-avec-pince-a-cravate-boutons-de-manchette-et-pochette-de-costume\/","title":{"rendered":"\u0645\u062c\u0645\u0648\u0639\u0629 \u0645\u0646 5 \u0631\u0628\u0637\u0627\u062a \u0639\u0646\u0642 \u0639\u0644\u0649 \u0634\u0643\u0644 \u0641\u0631\u0627\u0634\u0629\u060c \u0631\u0628\u0637\u0629 \u0639\u0646\u0642 \u0628\u0639\u0631\u0636 8 \u0633\u0645 \u0645\u0639 \u0645\u0634\u0628\u0643 \u0631\u0628\u0637\u0629 \u0639\u0646\u0642\u060c \u0648\u0623\u0632\u0631\u0627\u0631 \u0623\u0643\u0645\u0627\u0645\u060c \u0648\u0645\u0646\u062f\u064a\u0644 \u062c\u064a\u0628"},"content":{"rendered":"<div class=\"product-intro__description-table-item\" tabindex=\"0\" role=\"text\">\n<div class=\"key\">Couleur: Noir<\/div>\n<\/div>\n<div class=\"product-intro__description-table-item\" tabindex=\"0\" role=\"text\">\n<div class=\"key\">\u0627\u0644\u0642\u0645\u0627\u0634\/\u0627\u0644\u0645\u0627\u062f\u0629: \u0628\u0648\u0644\u064a\u0633\u062a\u0631<\/div>\n<\/div>\n<div class=\"product-intro__description-table-item\" tabindex=\"0\" role=\"text\">\n<div class=\"key\">Composition: 60% Polyester, 40% \u00c9lasthanne<\/div>\n<\/div>","protected":false},"excerpt":{"rendered":"<p>Couleur: Noir Tissu\/mat\u00e9riel: Polyester Composition: 60% Polyester, 40% \u00c9lasthanne<\/p>","protected":false},"featured_media":9027,"comment_status":"open","ping_status":"closed","template":"","meta":{"_joinchat":[]},"product_brand":[],"product_cat":[73,74],"product_tag":[],"class_list":{"0":"post-9023","1":"product","2":"type-product","3":"status-publish","4":"has-post-thumbnail","6":"product_cat-mode","7":"product_cat-mode-homme","9":"first","10":"instock","11":"sale","12":"shipping-taxable","13":"purchasable","14":"product-type-simple"},"yoast_head":"<!-- This site is optimized with the Yoast SEO plugin v26.7 - https:\/\/yoast.com\/wordpress\/plugins\/seo\/ -->\n<title>Pack 5 pi\u00e8ces \u00c0 N\u0153ud Set , 8cm Ample Cravate Avec Pince \u00c0 Cravate , Boutons De Manchette Et Pochette De Costume - Mariages.io store<\/title>\n<meta name=\"robots\" content=\"index, follow, max-snippet:-1, max-image-preview:large, max-video-preview:-1\" \/>\n<link rel=\"canonical\" href=\"https:\/\/store.mariages.io\/ar\/product\/pack-5-pieces-a-noeud-set-8cm-ample-cravate-avec-pince-a-cravate-boutons-de-manchette-et-pochette-de-costume\/\" \/>\n<meta property=\"og:locale\" content=\"ar_AR\" \/>\n<meta property=\"og:type\" content=\"article\" \/>\n<meta property=\"og:title\" content=\"Pack 5 pi\u00e8ces \u00c0 N\u0153ud Set , 8cm Ample Cravate Avec Pince \u00c0 Cravate , Boutons De Manchette Et Pochette De Costume - Mariages.io store\" \/>\n<meta property=\"og:description\" content=\"Couleur: Noir Tissu\/mat\u00e9riel: Polyester Composition: 60% Polyester, 40% \u00c9lasthanne\" \/>\n<meta property=\"og:url\" content=\"https:\/\/store.mariages.io\/ar\/product\/pack-5-pieces-a-noeud-set-8cm-ample-cravate-avec-pince-a-cravate-boutons-de-manchette-et-pochette-de-costume\/\" \/>\n<meta property=\"og:site_name\" content=\"Mariages.io store\" \/>\n<meta property=\"article:modified_time\" content=\"2025-03-01T14:08:28+00:00\" \/>\n<meta property=\"og:image\" content=\"https:\/\/store.mariages.io\/wp-content\/uploads\/2023\/11\/Capture-decran-2023-11-29-a-23.05.50.png\" \/>\n\t<meta property=\"og:image:width\" content=\"692\" \/>\n\t<meta property=\"og:image:height\" content=\"919\" \/>\n\t<meta property=\"og:image:type\" content=\"image\/png\" \/>\n<meta name=\"twitter:card\" content=\"summary_large_image\" \/>\n<meta name=\"twitter:label1\" content=\"\u0648\u0642\u062a \u0627\u0644\u0642\u0631\u0627\u0621\u0629 \u0627\u0644\u0645\u064f\u0642\u062f\u0651\u0631\" \/>\n\t<meta name=\"twitter:data1\" content=\"\u062f\u0642\u064a\u0642\u0629 \u0648\u0627\u062d\u062f\u0629\" \/>\n<script type=\"application\/ld+json\" class=\"yoast-schema-graph\">{\"@context\":\"https:\/\/schema.org\",\"@graph\":[{\"@type\":\"WebPage\",\"@id\":\"https:\/\/store.mariages.io\/ar\/product\/pack-5-pieces-a-noeud-set-8cm-ample-cravate-avec-pince-a-cravate-boutons-de-manchette-et-pochette-de-costume\/\",\"url\":\"https:\/\/store.mariages.io\/ar\/product\/pack-5-pieces-a-noeud-set-8cm-ample-cravate-avec-pince-a-cravate-boutons-de-manchette-et-pochette-de-costume\/\",\"name\":\"Pack 5 pi\u00e8ces \u00c0 N\u0153ud Set , 8cm Ample Cravate Avec Pince \u00c0 Cravate , Boutons De Manchette Et Pochette De Costume - Mariages.io store\",\"isPartOf\":{\"@id\":\"https:\/\/darkviolet-ram-161551.hostingersite.com\/#website\"},\"primaryImageOfPage\":{\"@id\":\"https:\/\/store.mariages.io\/ar\/product\/pack-5-pieces-a-noeud-set-8cm-ample-cravate-avec-pince-a-cravate-boutons-de-manchette-et-pochette-de-costume\/#primaryimage\"},\"image\":{\"@id\":\"https:\/\/store.mariages.io\/ar\/product\/pack-5-pieces-a-noeud-set-8cm-ample-cravate-avec-pince-a-cravate-boutons-de-manchette-et-pochette-de-costume\/#primaryimage\"},\"thumbnailUrl\":\"https:\/\/store.mariages.io\/wp-content\/uploads\/2023\/11\/Capture-decran-2023-11-29-a-23.05.50.png\",\"datePublished\":\"2023-11-29T22:09:55+00:00\",\"dateModified\":\"2025-03-01T14:08:28+00:00\",\"breadcrumb\":{\"@id\":\"https:\/\/store.mariages.io\/ar\/product\/pack-5-pieces-a-noeud-set-8cm-ample-cravate-avec-pince-a-cravate-boutons-de-manchette-et-pochette-de-costume\/#breadcrumb\"},\"inLanguage\":\"ar\",\"potentialAction\":[{\"@type\":\"ReadAction\",\"target\":[\"https:\/\/store.mariages.io\/ar\/product\/pack-5-pieces-a-noeud-set-8cm-ample-cravate-avec-pince-a-cravate-boutons-de-manchette-et-pochette-de-costume\/\"]}]},{\"@type\":\"ImageObject\",\"inLanguage\":\"ar\",\"@id\":\"https:\/\/store.mariages.io\/ar\/product\/pack-5-pieces-a-noeud-set-8cm-ample-cravate-avec-pince-a-cravate-boutons-de-manchette-et-pochette-de-costume\/#primaryimage\",\"url\":\"https:\/\/store.mariages.io\/wp-content\/uploads\/2023\/11\/Capture-decran-2023-11-29-a-23.05.50.png\",\"contentUrl\":\"https:\/\/store.mariages.io\/wp-content\/uploads\/2023\/11\/Capture-decran-2023-11-29-a-23.05.50.png\",\"width\":692,\"height\":919},{\"@type\":\"BreadcrumbList\",\"@id\":\"https:\/\/store.mariages.io\/ar\/product\/pack-5-pieces-a-noeud-set-8cm-ample-cravate-avec-pince-a-cravate-boutons-de-manchette-et-pochette-de-costume\/#breadcrumb\",\"itemListElement\":[{\"@type\":\"ListItem\",\"position\":1,\"name\":\"Home\",\"item\":\"https:\/\/darkviolet-ram-161551.hostingersite.com\/\"},{\"@type\":\"ListItem\",\"position\":2,\"name\":\"Shop\",\"item\":\"https:\/\/store.mariages.io\/shop\/\"},{\"@type\":\"ListItem\",\"position\":3,\"name\":\"Pack 5 pi\u00e8ces \u00c0 N\u0153ud Set , 8cm Ample Cravate Avec Pince \u00c0 Cravate , Boutons De Manchette Et Pochette De Costume\"}]},{\"@type\":\"WebSite\",\"@id\":\"https:\/\/darkviolet-ram-161551.hostingersite.com\/#website\",\"url\":\"https:\/\/darkviolet-ram-161551.hostingersite.com\/\",\"name\":\"Mariages.io store\",\"description\":\"STORE Mariages.IO\",\"potentialAction\":[{\"@type\":\"SearchAction\",\"target\":{\"@type\":\"EntryPoint\",\"urlTemplate\":\"https:\/\/darkviolet-ram-161551.hostingersite.com\/?s={search_term_string}\"},\"query-input\":{\"@type\":\"PropertyValueSpecification\",\"valueRequired\":true,\"valueName\":\"search_term_string\"}}],\"inLanguage\":\"ar\"}]}<\/script>\n<!-- \/ Yoast SEO plugin. -->","yoast_head_json":{"title":"Pack 5 pi\u00e8ces \u00c0 N\u0153ud Set , 8cm Ample Cravate Avec Pince \u00c0 Cravate , Boutons De Manchette Et Pochette De Costume - Mariages.io store","robots":{"index":"index","follow":"follow","max-snippet":"max-snippet:-1","max-image-preview":"max-image-preview:large","max-video-preview":"max-video-preview:-1"},"canonical":"https:\/\/store.mariages.io\/ar\/product\/pack-5-pieces-a-noeud-set-8cm-ample-cravate-avec-pince-a-cravate-boutons-de-manchette-et-pochette-de-costume\/","og_locale":"ar_AR","og_type":"article","og_title":"Pack 5 pi\u00e8ces \u00c0 N\u0153ud Set , 8cm Ample Cravate Avec Pince \u00c0 Cravate , Boutons De Manchette Et Pochette De Costume - Mariages.io store","og_description":"Couleur: Noir Tissu\/mat\u00e9riel: Polyester Composition: 60% Polyester, 40% \u00c9lasthanne","og_url":"https:\/\/store.mariages.io\/ar\/product\/pack-5-pieces-a-noeud-set-8cm-ample-cravate-avec-pince-a-cravate-boutons-de-manchette-et-pochette-de-costume\/","og_site_name":"Mariages.io store","article_modified_time":"2025-03-01T14:08:28+00:00","og_image":[{"width":692,"height":919,"url":"https:\/\/store.mariages.io\/wp-content\/uploads\/2023\/11\/Capture-decran-2023-11-29-a-23.05.50.png","type":"image\/png"}],"twitter_card":"summary_large_image","twitter_misc":{"\u0648\u0642\u062a \u0627\u0644\u0642\u0631\u0627\u0621\u0629 \u0627\u0644\u0645\u064f\u0642\u062f\u0651\u0631":"\u062f\u0642\u064a\u0642\u0629 \u0648\u0627\u062d\u062f\u0629"},"schema":{"@context":"https:\/\/schema.org","@graph":[{"@type":"WebPage","@id":"https:\/\/store.mariages.io\/ar\/product\/pack-5-pieces-a-noeud-set-8cm-ample-cravate-avec-pince-a-cravate-boutons-de-manchette-et-pochette-de-costume\/","url":"https:\/\/store.mariages.io\/ar\/product\/pack-5-pieces-a-noeud-set-8cm-ample-cravate-avec-pince-a-cravate-boutons-de-manchette-et-pochette-de-costume\/","name":"Pack 5 pi\u00e8ces \u00c0 N\u0153ud Set , 8cm Ample Cravate Avec Pince \u00c0 Cravate , Boutons De Manchette Et Pochette De Costume - Mariages.io store","isPartOf":{"@id":"https:\/\/darkviolet-ram-161551.hostingersite.com\/#website"},"primaryImageOfPage":{"@id":"https:\/\/store.mariages.io\/ar\/product\/pack-5-pieces-a-noeud-set-8cm-ample-cravate-avec-pince-a-cravate-boutons-de-manchette-et-pochette-de-costume\/#primaryimage"},"image":{"@id":"https:\/\/store.mariages.io\/ar\/product\/pack-5-pieces-a-noeud-set-8cm-ample-cravate-avec-pince-a-cravate-boutons-de-manchette-et-pochette-de-costume\/#primaryimage"},"thumbnailUrl":"https:\/\/store.mariages.io\/wp-content\/uploads\/2023\/11\/Capture-decran-2023-11-29-a-23.05.50.png","datePublished":"2023-11-29T22:09:55+00:00","dateModified":"2025-03-01T14:08:28+00:00","breadcrumb":{"@id":"https:\/\/store.mariages.io\/ar\/product\/pack-5-pieces-a-noeud-set-8cm-ample-cravate-avec-pince-a-cravate-boutons-de-manchette-et-pochette-de-costume\/#breadcrumb"},"inLanguage":"ar","potentialAction":[{"@type":"ReadAction","target":["https:\/\/store.mariages.io\/ar\/product\/pack-5-pieces-a-noeud-set-8cm-ample-cravate-avec-pince-a-cravate-boutons-de-manchette-et-pochette-de-costume\/"]}]},{"@type":"ImageObject","inLanguage":"ar","@id":"https:\/\/store.mariages.io\/ar\/product\/pack-5-pieces-a-noeud-set-8cm-ample-cravate-avec-pince-a-cravate-boutons-de-manchette-et-pochette-de-costume\/#primaryimage","url":"https:\/\/store.mariages.io\/wp-content\/uploads\/2023\/11\/Capture-decran-2023-11-29-a-23.05.50.png","contentUrl":"https:\/\/store.mariages.io\/wp-content\/uploads\/2023\/11\/Capture-decran-2023-11-29-a-23.05.50.png","width":692,"height":919},{"@type":"BreadcrumbList","@id":"https:\/\/store.mariages.io\/ar\/product\/pack-5-pieces-a-noeud-set-8cm-ample-cravate-avec-pince-a-cravate-boutons-de-manchette-et-pochette-de-costume\/#breadcrumb","itemListElement":[{"@type":"ListItem","position":1,"name":"Home","item":"https:\/\/darkviolet-ram-161551.hostingersite.com\/"},{"@type":"ListItem","position":2,"name":"Shop","item":"https:\/\/store.mariages.io\/shop\/"},{"@type":"ListItem","position":3,"name":"Pack 5 pi\u00e8ces \u00c0 N\u0153ud Set , 8cm Ample Cravate Avec Pince \u00c0 Cravate , Boutons De Manchette Et Pochette De Costume"}]},{"@type":"WebSite","@id":"https:\/\/darkviolet-ram-161551.hostingersite.com\/#website","url":"https:\/\/darkviolet-ram-161551.hostingersite.com\/","name":"Mariages.io store","description":"STORE Mariages.IO","potentialAction":[{"@type":"SearchAction","target":{"@type":"EntryPoint","urlTemplate":"https:\/\/darkviolet-ram-161551.hostingersite.com\/?s={search_term_string}"},"query-input":{"@type":"PropertyValueSpecification","valueRequired":true,"valueName":"search_term_string"}}],"inLanguage":"ar"}]}},"_links":{"self":[{"href":"https:\/\/store.mariages.io\/ar\/wp-json\/wp\/v2\/product\/9023","targetHints":{"allow":["GET"]}}],"collection":[{"href":"https:\/\/store.mariages.io\/ar\/wp-json\/wp\/v2\/product"}],"about":[{"href":"https:\/\/store.mariages.io\/ar\/wp-json\/wp\/v2\/types\/product"}],"replies":[{"embeddable":true,"href":"https:\/\/store.mariages.io\/ar\/wp-json\/wp\/v2\/comments?post=9023"}],"version-history":[{"count":1,"href":"https:\/\/store.mariages.io\/ar\/wp-json\/wp\/v2\/product\/9023\/revisions"}],"predecessor-version":[{"id":9028,"href":"https:\/\/store.mariages.io\/ar\/wp-json\/wp\/v2\/product\/9023\/revisions\/9028"}],"wp:featuredmedia":[{"embeddable":true,"href":"https:\/\/store.mariages.io\/ar\/wp-json\/wp\/v2\/media\/9027"}],"wp:attachment":[{"href":"https:\/\/store.mariages.io\/ar\/wp-json\/wp\/v2\/media?parent=9023"}],"wp:term":[{"taxonomy":"product_brand","embeddable":true,"href":"https:\/\/store.mariages.io\/ar\/wp-json\/wp\/v2\/product_brand?post=9023"},{"taxonomy":"product_cat","embeddable":true,"href":"https:\/\/store.mariages.io\/ar\/wp-json\/wp\/v2\/product_cat?post=9023"},{"taxonomy":"product_tag","embeddable":true,"href":"https:\/\/store.mariages.io\/ar\/wp-json\/wp\/v2\/product_tag?post=9023"}],"curies":[{"name":"wp","href":"https:\/\/api.w.org\/{rel}","templated":true}]}}