{"id":371,"date":"2023-04-21T14:24:45","date_gmt":"2023-04-21T14:24:45","guid":{"rendered":"https:\/\/dummy.xtemos.com\/woodmart2\/furniture2-elementor\/?post_type=product&#038;p=371"},"modified":"2026-03-05T09:03:29","modified_gmt":"2026-03-05T09:03:29","slug":"giro-lr","status":"publish","type":"product","link":"https:\/\/store.mariages.io\/ar\/product\/giro-lr\/","title":{"rendered":"\u0635\u0646\u062f\u0648\u0642 \u062e\u0627\u062a\u0645 \u0645\u0646 \u062e\u0634\u0628 \u0627\u0644\u062c\u0648\u0632 \u0644\u062e\u0627\u062a\u0645 \u0627\u0644\u062e\u0637\u0648\u0628\u0629\u060c \u0647\u062f\u064a\u0629 \u0634\u062e\u0635\u064a\u0629\u060c \u0627\u0642\u062a\u0631\u0627\u062d \u0632\u0648\u0627\u062c\u060c \u0647\u062f\u064a\u0629 \u0632\u0641\u0627\u0641"},"content":{"rendered":"<p>\u0627\u0644\u062e\u0634\u0628: \u0645\u0635\u0646\u0648\u0639 \u0645\u0646 \u062e\u0634\u0628 \u0627\u0644\u0635\u0646\u0648\u0628\u0631 \u0627\u0644\u0637\u0628\u064a\u0639\u064a\u060c \u0635\u0646\u062f\u0648\u0642 \u0627\u0644\u062e\u0627\u062a\u0645 \u0645\u062a\u064a\u0646 \u0648\u0642\u0648\u064a\u060c \u0648\u064a\u0645\u0643\u0646 \u0627\u0633\u062a\u062e\u062f\u0627\u0645\u0647 \u0644\u0641\u062a\u0631\u0629 \u0637\u0648\u064a\u0644\u0629.<br \/>\n\u0647\u062f\u064a\u0629: \u0625\u0646\u0647\u0627 \u0647\u062f\u064a\u0629 \u0645\u062b\u0627\u0644\u064a\u0629 \u0644\u0623\u062d\u0628\u0627\u0626\u0643. \u064a\u0645\u0643\u0646 \u0627\u0633\u062a\u062e\u062f\u0627\u0645\u0647\u0627 \u0641\u064a \u062d\u0641\u0644\u0627\u062a \u0627\u0644\u0632\u0641\u0627\u0641\u060c \u0623\u0648 \u0627\u0644\u062e\u0637\u0648\u0628\u0629\u060c \u0623\u0648 \u0630\u0643\u0631\u0649 \u0633\u0646\u0648\u064a\u0629\u060c \u0623\u0648 \u0623\u064a \u0645\u0646\u0627\u0633\u0628\u0629 \u062e\u0627\u0635\u0629 \u0623\u062e\u0631\u0649.<br \/>\nUtilisation et entretien faciles : la bo\u00eete \u00e0 bagues est facile \u00e0 nettoyer. essuyez simplement avec un chiffon humide et rangez-le dans un endroit sec.<\/p>\n<p>Caract\u00e9ristiques<br \/>\nEmballage et type d&rsquo;affichage de bijoux<br \/>\nMallettes de transport<br \/>\ncaract\u00e9ristiques du produit<br \/>\nBois de noyer<br \/>\nLargeur de l&rsquo;article<br \/>\n10 cm<br \/>\nPoids de l&rsquo;article<br \/>\n28g<br \/>\nLongueur de l&rsquo;article<br \/>\n5 cm<br \/>\nHauteur de l&rsquo;article<br \/>\n2,8 cm<\/p>","protected":false},"excerpt":{"rendered":"<p>\u0644\u0644\u062a\u062e\u0635\u064a\u0635\u060c \u064a\u0631\u062c\u0649 \u0645\u0644\u0621 \u062d\u0642\u0644 \u0627\u0644\u0646\u0635 \u0623\u062f\u0646\u0627\u0647.<\/p>\n<p>\u0627\u0644\u062e\u0634\u0628: \u0645\u0635\u0646\u0648\u0639 \u0645\u0646 \u062e\u0634\u0628 \u0627\u0644\u0635\u0646\u0648\u0628\u0631 \u0627\u0644\u0637\u0628\u064a\u0639\u064a\u060c \u0635\u0646\u062f\u0648\u0642 \u0627\u0644\u062e\u0627\u062a\u0645 \u0645\u062a\u064a\u0646 \u0648\u0642\u0648\u064a\u060c \u0648\u064a\u0645\u0643\u0646 \u0627\u0633\u062a\u062e\u062f\u0627\u0645\u0647 \u0644\u0641\u062a\u0631\u0629 \u0637\u0648\u064a\u0644\u0629.<br \/>\n\u0647\u062f\u064a\u0629: \u0625\u0646\u0647\u0627 \u0647\u062f\u064a\u0629 \u0645\u062b\u0627\u0644\u064a\u0629 \u0644\u0623\u062d\u0628\u0627\u0626\u0643. \u064a\u0645\u0643\u0646 \u0627\u0633\u062a\u062e\u062f\u0627\u0645\u0647\u0627 \u0641\u064a \u062d\u0641\u0644\u0627\u062a \u0627\u0644\u0632\u0641\u0627\u0641\u060c \u0623\u0648 \u0627\u0644\u062e\u0637\u0648\u0628\u0629\u060c \u0623\u0648 \u0630\u0643\u0631\u0649 \u0633\u0646\u0648\u064a\u0629\u060c \u0623\u0648 \u0623\u064a \u0645\u0646\u0627\u0633\u0628\u0629 \u062e\u0627\u0635\u0629 \u0623\u062e\u0631\u0649.<br \/>\n\u0633\u0647\u0644 \u0627\u0644\u0627\u0633\u062a\u062e\u062f\u0627\u0645 \u0648\u0627\u0644\u0635\u064a\u0627\u0646\u0629: \u0635\u0646\u062f\u0648\u0642 \u0627\u0644\u062e\u0627\u062a\u0645 \u0633\u0647\u0644 \u0627\u0644\u062a\u0646\u0638\u064a\u0641. \u0627\u0645\u0633\u062d\u0647 \u0628\u0642\u0637\u0639\u0629 \u0642\u0645\u0627\u0634.<\/p>","protected":false},"featured_media":9828,"comment_status":"open","ping_status":"closed","template":"","meta":{"_joinchat":[]},"product_brand":[],"product_cat":[72],"product_tag":[],"class_list":{"0":"post-371","1":"product","2":"type-product","3":"status-publish","4":"has-post-thumbnail","6":"product_cat-personnalisation","8":"first","9":"instock","10":"shipping-taxable","11":"purchasable","12":"product-type-simple"},"yoast_head":"<!-- This site is optimized with the Yoast SEO plugin v26.7 - https:\/\/yoast.com\/wordpress\/plugins\/seo\/ -->\n<title>Bo\u00eete \u00e0 bagues en bois de noyer pour pour bague de c\u00e9r\u00e9monie de fian\u00e7ailles, personnalis\u00e9e, proposition, cadeau de mariage - Mariages.io store<\/title>\n<meta name=\"robots\" content=\"index, follow, max-snippet:-1, max-image-preview:large, max-video-preview:-1\" \/>\n<link rel=\"canonical\" href=\"https:\/\/store.mariages.io\/ar\/product\/giro-lr\/\" \/>\n<meta property=\"og:locale\" content=\"ar_AR\" \/>\n<meta property=\"og:type\" content=\"article\" \/>\n<meta property=\"og:title\" content=\"Bo\u00eete \u00e0 bagues en bois de noyer pour pour bague de c\u00e9r\u00e9monie de fian\u00e7ailles, personnalis\u00e9e, proposition, cadeau de mariage - Mariages.io store\" \/>\n<meta property=\"og:description\" content=\"Pour la personnalisation, merci de remplir le champs texte en bas  Bois : fabriqu\u00e9 en bois de pin naturel, la bo\u00eete \u00e0 bagues est solide et durable. il peut \u00eatre utilis\u00e9 pendant longtemps. Cadeau : c&#039;est un cadeau parfait pour votre bien-aim\u00e9. il peut \u00eatre utilis\u00e9 pour un mariage, des fian\u00e7ailles, un anniversaire ou toute autre occasion sp\u00e9ciale. Utilisation et entretien faciles : la bo\u00eete \u00e0 bagues est facile \u00e0 nettoyer. essuyez simplement avec un chiffon\" \/>\n<meta property=\"og:url\" content=\"https:\/\/store.mariages.io\/ar\/product\/giro-lr\/\" \/>\n<meta property=\"og:site_name\" content=\"Mariages.io store\" \/>\n<meta property=\"article:modified_time\" content=\"2026-03-05T09:03:29+00:00\" \/>\n<meta property=\"og:image\" content=\"https:\/\/store.mariages.io\/wp-content\/uploads\/2023\/04\/main-image-1-4.jpeg\" \/>\n\t<meta property=\"og:image:width\" content=\"1000\" \/>\n\t<meta property=\"og:image:height\" content=\"1000\" \/>\n\t<meta property=\"og:image:type\" content=\"image\/jpeg\" \/>\n<meta name=\"twitter:card\" content=\"summary_large_image\" \/>\n<meta name=\"twitter:label1\" content=\"\u0648\u0642\u062a \u0627\u0644\u0642\u0631\u0627\u0621\u0629 \u0627\u0644\u0645\u064f\u0642\u062f\u0651\u0631\" \/>\n\t<meta name=\"twitter:data1\" content=\"\u062f\u0642\u064a\u0642\u0629 \u0648\u0627\u062d\u062f\u0629\" \/>\n<script type=\"application\/ld+json\" class=\"yoast-schema-graph\">{\"@context\":\"https:\/\/schema.org\",\"@graph\":[{\"@type\":\"WebPage\",\"@id\":\"https:\/\/store.mariages.io\/product\/giro-lr\/\",\"url\":\"https:\/\/store.mariages.io\/product\/giro-lr\/\",\"name\":\"Bo\u00eete \u00e0 bagues en bois de noyer pour pour bague de c\u00e9r\u00e9monie de fian\u00e7ailles, personnalis\u00e9e, proposition, cadeau de mariage - Mariages.io store\",\"isPartOf\":{\"@id\":\"https:\/\/darkviolet-ram-161551.hostingersite.com\/#website\"},\"primaryImageOfPage\":{\"@id\":\"https:\/\/store.mariages.io\/product\/giro-lr\/#primaryimage\"},\"image\":{\"@id\":\"https:\/\/store.mariages.io\/product\/giro-lr\/#primaryimage\"},\"thumbnailUrl\":\"https:\/\/store.mariages.io\/wp-content\/uploads\/2023\/04\/main-image-1-4.jpeg\",\"datePublished\":\"2023-04-21T14:24:45+00:00\",\"dateModified\":\"2026-03-05T09:03:29+00:00\",\"breadcrumb\":{\"@id\":\"https:\/\/store.mariages.io\/product\/giro-lr\/#breadcrumb\"},\"inLanguage\":\"ar\",\"potentialAction\":[{\"@type\":\"ReadAction\",\"target\":[\"https:\/\/store.mariages.io\/product\/giro-lr\/\"]}]},{\"@type\":\"ImageObject\",\"inLanguage\":\"ar\",\"@id\":\"https:\/\/store.mariages.io\/product\/giro-lr\/#primaryimage\",\"url\":\"https:\/\/store.mariages.io\/wp-content\/uploads\/2023\/04\/main-image-1-4.jpeg\",\"contentUrl\":\"https:\/\/store.mariages.io\/wp-content\/uploads\/2023\/04\/main-image-1-4.jpeg\",\"width\":1000,\"height\":1000},{\"@type\":\"BreadcrumbList\",\"@id\":\"https:\/\/store.mariages.io\/product\/giro-lr\/#breadcrumb\",\"itemListElement\":[{\"@type\":\"ListItem\",\"position\":1,\"name\":\"Home\",\"item\":\"https:\/\/darkviolet-ram-161551.hostingersite.com\/\"},{\"@type\":\"ListItem\",\"position\":2,\"name\":\"Shop\",\"item\":\"https:\/\/store.mariages.io\/shop\/\"},{\"@type\":\"ListItem\",\"position\":3,\"name\":\"Bo\u00eete \u00e0 bagues en bois de noyer pour pour bague de c\u00e9r\u00e9monie de fian\u00e7ailles, personnalis\u00e9e, proposition, cadeau de mariage\"}]},{\"@type\":\"WebSite\",\"@id\":\"https:\/\/darkviolet-ram-161551.hostingersite.com\/#website\",\"url\":\"https:\/\/darkviolet-ram-161551.hostingersite.com\/\",\"name\":\"Mariages.io store\",\"description\":\"STORE Mariages.IO\",\"potentialAction\":[{\"@type\":\"SearchAction\",\"target\":{\"@type\":\"EntryPoint\",\"urlTemplate\":\"https:\/\/darkviolet-ram-161551.hostingersite.com\/?s={search_term_string}\"},\"query-input\":{\"@type\":\"PropertyValueSpecification\",\"valueRequired\":true,\"valueName\":\"search_term_string\"}}],\"inLanguage\":\"ar\"}]}<\/script>\n<!-- \/ Yoast SEO plugin. -->","yoast_head_json":{"title":"Bo\u00eete \u00e0 bagues en bois de noyer pour pour bague de c\u00e9r\u00e9monie de fian\u00e7ailles, personnalis\u00e9e, proposition, cadeau de mariage - Mariages.io store","robots":{"index":"index","follow":"follow","max-snippet":"max-snippet:-1","max-image-preview":"max-image-preview:large","max-video-preview":"max-video-preview:-1"},"canonical":"https:\/\/store.mariages.io\/ar\/product\/giro-lr\/","og_locale":"ar_AR","og_type":"article","og_title":"Bo\u00eete \u00e0 bagues en bois de noyer pour pour bague de c\u00e9r\u00e9monie de fian\u00e7ailles, personnalis\u00e9e, proposition, cadeau de mariage - Mariages.io store","og_description":"Pour la personnalisation, merci de remplir le champs texte en bas  Bois : fabriqu\u00e9 en bois de pin naturel, la bo\u00eete \u00e0 bagues est solide et durable. il peut \u00eatre utilis\u00e9 pendant longtemps. Cadeau : c'est un cadeau parfait pour votre bien-aim\u00e9. il peut \u00eatre utilis\u00e9 pour un mariage, des fian\u00e7ailles, un anniversaire ou toute autre occasion sp\u00e9ciale. Utilisation et entretien faciles : la bo\u00eete \u00e0 bagues est facile \u00e0 nettoyer. essuyez simplement avec un chiffon","og_url":"https:\/\/store.mariages.io\/ar\/product\/giro-lr\/","og_site_name":"Mariages.io store","article_modified_time":"2026-03-05T09:03:29+00:00","og_image":[{"width":1000,"height":1000,"url":"https:\/\/store.mariages.io\/wp-content\/uploads\/2023\/04\/main-image-1-4.jpeg","type":"image\/jpeg"}],"twitter_card":"summary_large_image","twitter_misc":{"\u0648\u0642\u062a \u0627\u0644\u0642\u0631\u0627\u0621\u0629 \u0627\u0644\u0645\u064f\u0642\u062f\u0651\u0631":"\u062f\u0642\u064a\u0642\u0629 \u0648\u0627\u062d\u062f\u0629"},"schema":{"@context":"https:\/\/schema.org","@graph":[{"@type":"WebPage","@id":"https:\/\/store.mariages.io\/product\/giro-lr\/","url":"https:\/\/store.mariages.io\/product\/giro-lr\/","name":"Bo\u00eete \u00e0 bagues en bois de noyer pour pour bague de c\u00e9r\u00e9monie de fian\u00e7ailles, personnalis\u00e9e, proposition, cadeau de mariage - Mariages.io store","isPartOf":{"@id":"https:\/\/darkviolet-ram-161551.hostingersite.com\/#website"},"primaryImageOfPage":{"@id":"https:\/\/store.mariages.io\/product\/giro-lr\/#primaryimage"},"image":{"@id":"https:\/\/store.mariages.io\/product\/giro-lr\/#primaryimage"},"thumbnailUrl":"https:\/\/store.mariages.io\/wp-content\/uploads\/2023\/04\/main-image-1-4.jpeg","datePublished":"2023-04-21T14:24:45+00:00","dateModified":"2026-03-05T09:03:29+00:00","breadcrumb":{"@id":"https:\/\/store.mariages.io\/product\/giro-lr\/#breadcrumb"},"inLanguage":"ar","potentialAction":[{"@type":"ReadAction","target":["https:\/\/store.mariages.io\/product\/giro-lr\/"]}]},{"@type":"ImageObject","inLanguage":"ar","@id":"https:\/\/store.mariages.io\/product\/giro-lr\/#primaryimage","url":"https:\/\/store.mariages.io\/wp-content\/uploads\/2023\/04\/main-image-1-4.jpeg","contentUrl":"https:\/\/store.mariages.io\/wp-content\/uploads\/2023\/04\/main-image-1-4.jpeg","width":1000,"height":1000},{"@type":"BreadcrumbList","@id":"https:\/\/store.mariages.io\/product\/giro-lr\/#breadcrumb","itemListElement":[{"@type":"ListItem","position":1,"name":"Home","item":"https:\/\/darkviolet-ram-161551.hostingersite.com\/"},{"@type":"ListItem","position":2,"name":"Shop","item":"https:\/\/store.mariages.io\/shop\/"},{"@type":"ListItem","position":3,"name":"Bo\u00eete \u00e0 bagues en bois de noyer pour pour bague de c\u00e9r\u00e9monie de fian\u00e7ailles, personnalis\u00e9e, proposition, cadeau de mariage"}]},{"@type":"WebSite","@id":"https:\/\/darkviolet-ram-161551.hostingersite.com\/#website","url":"https:\/\/darkviolet-ram-161551.hostingersite.com\/","name":"Mariages.io store","description":"STORE Mariages.IO","potentialAction":[{"@type":"SearchAction","target":{"@type":"EntryPoint","urlTemplate":"https:\/\/darkviolet-ram-161551.hostingersite.com\/?s={search_term_string}"},"query-input":{"@type":"PropertyValueSpecification","valueRequired":true,"valueName":"search_term_string"}}],"inLanguage":"ar"}]}},"_links":{"self":[{"href":"https:\/\/store.mariages.io\/ar\/wp-json\/wp\/v2\/product\/371","targetHints":{"allow":["GET"]}}],"collection":[{"href":"https:\/\/store.mariages.io\/ar\/wp-json\/wp\/v2\/product"}],"about":[{"href":"https:\/\/store.mariages.io\/ar\/wp-json\/wp\/v2\/types\/product"}],"replies":[{"embeddable":true,"href":"https:\/\/store.mariages.io\/ar\/wp-json\/wp\/v2\/comments?post=371"}],"version-history":[{"count":1,"href":"https:\/\/store.mariages.io\/ar\/wp-json\/wp\/v2\/product\/371\/revisions"}],"predecessor-version":[{"id":9829,"href":"https:\/\/store.mariages.io\/ar\/wp-json\/wp\/v2\/product\/371\/revisions\/9829"}],"wp:featuredmedia":[{"embeddable":true,"href":"https:\/\/store.mariages.io\/ar\/wp-json\/wp\/v2\/media\/9828"}],"wp:attachment":[{"href":"https:\/\/store.mariages.io\/ar\/wp-json\/wp\/v2\/media?parent=371"}],"wp:term":[{"taxonomy":"product_brand","embeddable":true,"href":"https:\/\/store.mariages.io\/ar\/wp-json\/wp\/v2\/product_brand?post=371"},{"taxonomy":"product_cat","embeddable":true,"href":"https:\/\/store.mariages.io\/ar\/wp-json\/wp\/v2\/product_cat?post=371"},{"taxonomy":"product_tag","embeddable":true,"href":"https:\/\/store.mariages.io\/ar\/wp-json\/wp\/v2\/product_tag?post=371"}],"curies":[{"name":"wp","href":"https:\/\/api.w.org\/{rel}","templated":true}]}}