{"id":350,"date":"2023-04-21T14:15:54","date_gmt":"2023-04-21T14:15:54","guid":{"rendered":"https:\/\/dummy.xtemos.com\/woodmart2\/furniture2-elementor\/?post_type=product&#038;p=350"},"modified":"2025-03-01T13:56:13","modified_gmt":"2025-03-01T13:56:13","slug":"gueridon","status":"publish","type":"product","link":"https:\/\/store.mariages.io\/ar\/product\/gueridon\/","title":{"rendered":"\u062d\u0642\u064a\u0628\u0629 \u0633\u0647\u0631\u0629 \u0641\u0627\u062e\u0631\u0629 \u0644\u0627\u0645\u0639\u0629\u060c \u062d\u0642\u064a\u0628\u0629 \u0639\u0634\u0627\u0621 \u0631\u0627\u0626\u0639\u0629\u060c \u0623\u0646\u064a\u0642\u0629 \u0644\u062d\u0641\u0644\u0627\u062a \u0627\u0644\u0632\u0641\u0627\u0641 \u0648\u0627\u0644\u0633\u0647\u0631\u0627\u062a"},"content":{"rendered":"<p>\u0627\u0644\u0644\u0648\u0646: \u0623\u0633\u0648\u062f<br \/>\nMagn\u00e9tique:\tOUI<br \/>\n\u062d\u062c\u0645 \u0627\u0644\u062d\u0642\u064a\u0628\u0629: \u0635\u063a\u064a\u0631<br \/>\nType de motif:\tG\u00e9om\u00e9trique<br \/>\nType de brides (cm):\tCha\u00eene<br \/>\nStyle:\tGlamour<br \/>\n\u0627\u0644\u0646\u0648\u0639: \u062d\u0642\u064a\u0628\u0629 \u0635\u0646\u062f\u0648\u0642\u064a\u0629<br \/>\nTissu\/mat\u00e9riel:\tAlliage d&rsquo;aluminium<br \/>\nComposition:\t50% M\u00e9tal, 50% Polyester<\/p>","protected":false},"excerpt":{"rendered":"<p>\u062d\u0642\u064a\u0628\u0629 \u0633\u0647\u0631\u0629 \u0644\u0627\u0645\u0639\u0629 \u0641\u0627\u062e\u0631\u0629 \u0645\u0632\u064a\u0646\u0629 \u0628\u0627\u0644\u062a\u0631\u062a\u0631\u060c \u062d\u0642\u064a\u0628\u0629 \u0639\u0634\u0627\u0621 \u0623\u0646\u064a\u0642\u0629 \u0648\u0631\u0627\u0626\u0639\u0629 \u0648\u0647\u0627\u062f\u0626\u0629\u060c \u062d\u0642\u064a\u0628\u0629 \u0635\u063a\u064a\u0631\u0629 \u0641\u0627\u062e\u0631\u0629 \u062b\u0646\u0627\u0626\u064a\u0629 \u0627\u0644\u0644\u0648\u0646 \u0628\u062a\u0635\u0645\u064a\u0645 \u0647\u0646\u062f\u0633\u064a\u060c \u062d\u0642\u064a\u0628\u0629 \u064a\u062f \u0644\u0644\u0639\u0631\u0627\u0626\u0633 \u0645\u062b\u0627\u0644\u064a\u0629 \u0644\u062d\u0641\u0644\u0627\u062a \u0627\u0644\u0632\u0641\u0627\u0641 \u0648\u062d\u0641\u0644\u0627\u062a \u0627\u0644\u062a\u062e\u0631\u062c \u0648\u0645\u0646\u0627\u0633\u0628\u0627\u062a \u0627\u0644\u062d\u0641\u0644\u0627\u062a\u060c \u0645\u0631\u0635\u0639\u0629 \u0628\u0623\u062d\u062c\u0627\u0631 \u0627\u0644\u0631\u0627\u064a\u0646 \u0644\u0644\u0641\u062a\u064a\u0627\u062a \u0641\u064a \u0627\u0644\u062d\u0641\u0644\u0627\u062a \u0648\u0627\u0644\u0646\u0633\u0627\u0621 \u0648\u0627\u0644\u0639\u0631\u0648\u0633\u060c \u0645\u062b\u0627\u0644\u064a\u0629 \u0644\u0644\u062d\u0641\u0644\u0627\u062a \u0648\u0627\u0644\u0639\u0634\u0627\u0621\/\u0627\u0644\u0648\u0644\u0627\u0626\u0645 \u0648\u0627\u0644\u0643\u0648\u0643\u062a\u064a\u0644\u0627\u062a<\/p>","protected":false},"featured_media":9942,"comment_status":"open","ping_status":"closed","template":"","meta":{"_joinchat":[]},"product_brand":[],"product_cat":[73,107],"product_tag":[],"class_list":{"0":"post-350","1":"product","2":"type-product","3":"status-publish","4":"has-post-thumbnail","6":"product_cat-mode","7":"product_cat-mode-femme","9":"first","10":"instock","11":"sale","12":"shipping-taxable","13":"purchasable","14":"product-type-simple"},"yoast_head":"<!-- This site is optimized with the Yoast SEO plugin v26.7 - https:\/\/yoast.com\/wordpress\/plugins\/seo\/ -->\n<title>Sac de soir\u00e9e brillant luxe , sac de d\u00eener Glamour, \u00e9l\u00e9gant pour mariage et soir\u00e9e - Mariages.io store<\/title>\n<meta name=\"robots\" content=\"index, follow, max-snippet:-1, max-image-preview:large, max-video-preview:-1\" \/>\n<link rel=\"canonical\" href=\"https:\/\/store.mariages.io\/ar\/product\/gueridon\/\" \/>\n<meta property=\"og:locale\" content=\"ar_AR\" \/>\n<meta property=\"og:type\" content=\"article\" \/>\n<meta property=\"og:title\" content=\"Sac de soir\u00e9e brillant luxe , sac de d\u00eener Glamour, \u00e9l\u00e9gant pour mariage et soir\u00e9e - Mariages.io store\" \/>\n<meta property=\"og:description\" content=\"Paillettes, luxe, sac de soir\u00e9e brillant, sac de d\u00eener Glamour, \u00e9l\u00e9gant, exquis, silencieux Mini sac de bo\u00eete graphique g\u00e9o bicolore de luxe, sac \u00e0 main de mari\u00e9e parfait pour le mariage, le bal et les \u00e9v\u00e9nements de f\u00eate Strass pour f\u00eatarde, femme, mari\u00e9e Parfait pour la f\u00eate, le d\u00eener\/ Banquet , Pour Cocktail\" \/>\n<meta property=\"og:url\" content=\"https:\/\/store.mariages.io\/ar\/product\/gueridon\/\" \/>\n<meta property=\"og:site_name\" content=\"Mariages.io store\" \/>\n<meta property=\"article:modified_time\" content=\"2025-03-01T13:56:13+00:00\" \/>\n<meta property=\"og:image\" content=\"https:\/\/store.mariages.io\/wp-content\/uploads\/2023\/04\/Capture-decran-2023-12-24-a-16.14.39.png\" \/>\n\t<meta property=\"og:image:width\" content=\"653\" \/>\n\t<meta property=\"og:image:height\" content=\"874\" \/>\n\t<meta property=\"og:image:type\" content=\"image\/png\" \/>\n<meta name=\"twitter:card\" content=\"summary_large_image\" \/>\n<meta name=\"twitter:label1\" content=\"\u0648\u0642\u062a \u0627\u0644\u0642\u0631\u0627\u0621\u0629 \u0627\u0644\u0645\u064f\u0642\u062f\u0651\u0631\" \/>\n\t<meta name=\"twitter:data1\" content=\"\u062f\u0642\u064a\u0642\u0629 \u0648\u0627\u062d\u062f\u0629\" \/>\n<script type=\"application\/ld+json\" class=\"yoast-schema-graph\">{\"@context\":\"https:\/\/schema.org\",\"@graph\":[{\"@type\":\"WebPage\",\"@id\":\"https:\/\/store.mariages.io\/product\/gueridon\/\",\"url\":\"https:\/\/store.mariages.io\/product\/gueridon\/\",\"name\":\"Sac de soir\u00e9e brillant luxe , sac de d\u00eener Glamour, \u00e9l\u00e9gant pour mariage et soir\u00e9e - Mariages.io store\",\"isPartOf\":{\"@id\":\"https:\/\/darkviolet-ram-161551.hostingersite.com\/#website\"},\"primaryImageOfPage\":{\"@id\":\"https:\/\/store.mariages.io\/product\/gueridon\/#primaryimage\"},\"image\":{\"@id\":\"https:\/\/store.mariages.io\/product\/gueridon\/#primaryimage\"},\"thumbnailUrl\":\"https:\/\/store.mariages.io\/wp-content\/uploads\/2023\/04\/Capture-decran-2023-12-24-a-16.14.39.png\",\"datePublished\":\"2023-04-21T14:15:54+00:00\",\"dateModified\":\"2025-03-01T13:56:13+00:00\",\"breadcrumb\":{\"@id\":\"https:\/\/store.mariages.io\/product\/gueridon\/#breadcrumb\"},\"inLanguage\":\"ar\",\"potentialAction\":[{\"@type\":\"ReadAction\",\"target\":[\"https:\/\/store.mariages.io\/product\/gueridon\/\"]}]},{\"@type\":\"ImageObject\",\"inLanguage\":\"ar\",\"@id\":\"https:\/\/store.mariages.io\/product\/gueridon\/#primaryimage\",\"url\":\"https:\/\/store.mariages.io\/wp-content\/uploads\/2023\/04\/Capture-decran-2023-12-24-a-16.14.39.png\",\"contentUrl\":\"https:\/\/store.mariages.io\/wp-content\/uploads\/2023\/04\/Capture-decran-2023-12-24-a-16.14.39.png\",\"width\":653,\"height\":874},{\"@type\":\"BreadcrumbList\",\"@id\":\"https:\/\/store.mariages.io\/product\/gueridon\/#breadcrumb\",\"itemListElement\":[{\"@type\":\"ListItem\",\"position\":1,\"name\":\"Home\",\"item\":\"https:\/\/darkviolet-ram-161551.hostingersite.com\/\"},{\"@type\":\"ListItem\",\"position\":2,\"name\":\"Shop\",\"item\":\"https:\/\/store.mariages.io\/shop\/\"},{\"@type\":\"ListItem\",\"position\":3,\"name\":\"Sac de soir\u00e9e brillant luxe , sac de d\u00eener Glamour, \u00e9l\u00e9gant pour mariage et soir\u00e9e\"}]},{\"@type\":\"WebSite\",\"@id\":\"https:\/\/darkviolet-ram-161551.hostingersite.com\/#website\",\"url\":\"https:\/\/darkviolet-ram-161551.hostingersite.com\/\",\"name\":\"Mariages.io store\",\"description\":\"STORE Mariages.IO\",\"potentialAction\":[{\"@type\":\"SearchAction\",\"target\":{\"@type\":\"EntryPoint\",\"urlTemplate\":\"https:\/\/darkviolet-ram-161551.hostingersite.com\/?s={search_term_string}\"},\"query-input\":{\"@type\":\"PropertyValueSpecification\",\"valueRequired\":true,\"valueName\":\"search_term_string\"}}],\"inLanguage\":\"ar\"}]}<\/script>\n<!-- \/ Yoast SEO plugin. -->","yoast_head_json":{"title":"Sac de soir\u00e9e brillant luxe , sac de d\u00eener Glamour, \u00e9l\u00e9gant pour mariage et soir\u00e9e - Mariages.io store","robots":{"index":"index","follow":"follow","max-snippet":"max-snippet:-1","max-image-preview":"max-image-preview:large","max-video-preview":"max-video-preview:-1"},"canonical":"https:\/\/store.mariages.io\/ar\/product\/gueridon\/","og_locale":"ar_AR","og_type":"article","og_title":"Sac de soir\u00e9e brillant luxe , sac de d\u00eener Glamour, \u00e9l\u00e9gant pour mariage et soir\u00e9e - Mariages.io store","og_description":"Paillettes, luxe, sac de soir\u00e9e brillant, sac de d\u00eener Glamour, \u00e9l\u00e9gant, exquis, silencieux Mini sac de bo\u00eete graphique g\u00e9o bicolore de luxe, sac \u00e0 main de mari\u00e9e parfait pour le mariage, le bal et les \u00e9v\u00e9nements de f\u00eate Strass pour f\u00eatarde, femme, mari\u00e9e Parfait pour la f\u00eate, le d\u00eener\/ Banquet , Pour Cocktail","og_url":"https:\/\/store.mariages.io\/ar\/product\/gueridon\/","og_site_name":"Mariages.io store","article_modified_time":"2025-03-01T13:56:13+00:00","og_image":[{"width":653,"height":874,"url":"https:\/\/store.mariages.io\/wp-content\/uploads\/2023\/04\/Capture-decran-2023-12-24-a-16.14.39.png","type":"image\/png"}],"twitter_card":"summary_large_image","twitter_misc":{"\u0648\u0642\u062a \u0627\u0644\u0642\u0631\u0627\u0621\u0629 \u0627\u0644\u0645\u064f\u0642\u062f\u0651\u0631":"\u062f\u0642\u064a\u0642\u0629 \u0648\u0627\u062d\u062f\u0629"},"schema":{"@context":"https:\/\/schema.org","@graph":[{"@type":"WebPage","@id":"https:\/\/store.mariages.io\/product\/gueridon\/","url":"https:\/\/store.mariages.io\/product\/gueridon\/","name":"Sac de soir\u00e9e brillant luxe , sac de d\u00eener Glamour, \u00e9l\u00e9gant pour mariage et soir\u00e9e - Mariages.io store","isPartOf":{"@id":"https:\/\/darkviolet-ram-161551.hostingersite.com\/#website"},"primaryImageOfPage":{"@id":"https:\/\/store.mariages.io\/product\/gueridon\/#primaryimage"},"image":{"@id":"https:\/\/store.mariages.io\/product\/gueridon\/#primaryimage"},"thumbnailUrl":"https:\/\/store.mariages.io\/wp-content\/uploads\/2023\/04\/Capture-decran-2023-12-24-a-16.14.39.png","datePublished":"2023-04-21T14:15:54+00:00","dateModified":"2025-03-01T13:56:13+00:00","breadcrumb":{"@id":"https:\/\/store.mariages.io\/product\/gueridon\/#breadcrumb"},"inLanguage":"ar","potentialAction":[{"@type":"ReadAction","target":["https:\/\/store.mariages.io\/product\/gueridon\/"]}]},{"@type":"ImageObject","inLanguage":"ar","@id":"https:\/\/store.mariages.io\/product\/gueridon\/#primaryimage","url":"https:\/\/store.mariages.io\/wp-content\/uploads\/2023\/04\/Capture-decran-2023-12-24-a-16.14.39.png","contentUrl":"https:\/\/store.mariages.io\/wp-content\/uploads\/2023\/04\/Capture-decran-2023-12-24-a-16.14.39.png","width":653,"height":874},{"@type":"BreadcrumbList","@id":"https:\/\/store.mariages.io\/product\/gueridon\/#breadcrumb","itemListElement":[{"@type":"ListItem","position":1,"name":"Home","item":"https:\/\/darkviolet-ram-161551.hostingersite.com\/"},{"@type":"ListItem","position":2,"name":"Shop","item":"https:\/\/store.mariages.io\/shop\/"},{"@type":"ListItem","position":3,"name":"Sac de soir\u00e9e brillant luxe , sac de d\u00eener Glamour, \u00e9l\u00e9gant pour mariage et soir\u00e9e"}]},{"@type":"WebSite","@id":"https:\/\/darkviolet-ram-161551.hostingersite.com\/#website","url":"https:\/\/darkviolet-ram-161551.hostingersite.com\/","name":"Mariages.io store","description":"STORE Mariages.IO","potentialAction":[{"@type":"SearchAction","target":{"@type":"EntryPoint","urlTemplate":"https:\/\/darkviolet-ram-161551.hostingersite.com\/?s={search_term_string}"},"query-input":{"@type":"PropertyValueSpecification","valueRequired":true,"valueName":"search_term_string"}}],"inLanguage":"ar"}]}},"_links":{"self":[{"href":"https:\/\/store.mariages.io\/ar\/wp-json\/wp\/v2\/product\/350","targetHints":{"allow":["GET"]}}],"collection":[{"href":"https:\/\/store.mariages.io\/ar\/wp-json\/wp\/v2\/product"}],"about":[{"href":"https:\/\/store.mariages.io\/ar\/wp-json\/wp\/v2\/types\/product"}],"replies":[{"embeddable":true,"href":"https:\/\/store.mariages.io\/ar\/wp-json\/wp\/v2\/comments?post=350"}],"version-history":[{"count":1,"href":"https:\/\/store.mariages.io\/ar\/wp-json\/wp\/v2\/product\/350\/revisions"}],"predecessor-version":[{"id":9943,"href":"https:\/\/store.mariages.io\/ar\/wp-json\/wp\/v2\/product\/350\/revisions\/9943"}],"wp:featuredmedia":[{"embeddable":true,"href":"https:\/\/store.mariages.io\/ar\/wp-json\/wp\/v2\/media\/9942"}],"wp:attachment":[{"href":"https:\/\/store.mariages.io\/ar\/wp-json\/wp\/v2\/media?parent=350"}],"wp:term":[{"taxonomy":"product_brand","embeddable":true,"href":"https:\/\/store.mariages.io\/ar\/wp-json\/wp\/v2\/product_brand?post=350"},{"taxonomy":"product_cat","embeddable":true,"href":"https:\/\/store.mariages.io\/ar\/wp-json\/wp\/v2\/product_cat?post=350"},{"taxonomy":"product_tag","embeddable":true,"href":"https:\/\/store.mariages.io\/ar\/wp-json\/wp\/v2\/product_tag?post=350"}],"curies":[{"name":"wp","href":"https:\/\/api.w.org\/{rel}","templated":true}]}}