{"id":275,"date":"2023-04-21T11:23:22","date_gmt":"2023-04-21T11:23:22","guid":{"rendered":"https:\/\/dummy.xtemos.com\/woodmart2\/furniture2-elementor\/?post_type=product&#038;p=275"},"modified":"2025-03-01T13:59:22","modified_gmt":"2025-03-01T13:59:22","slug":"ventura","status":"publish","type":"product","link":"https:\/\/store.mariages.io\/ar\/product\/ventura\/","title":{"rendered":"\u0647\u062f\u064a\u0629 \u0645\u0635\u0628\u0627\u062d \u0635\u0648\u0631 \u0634\u062e\u0635\u064a\u0629 \u2022 \u0645\u0635\u0628\u0627\u062d \u062b\u0644\u0627\u062b\u064a \u0627\u0644\u0623\u0628\u0639\u0627\u062f"},"content":{"rendered":"<p>Notre lampe 3D personnalis\u00e9e pr\u00e9sente la plus grande attention aux d\u00e9tails, une construction robuste et les meilleurs raccords \u00e9lectriques. Avec une veilleuse 3D sur mesure, vous avez le cadeau parfait pour tous vos amis et votre famille.<\/p>\n<p>PERSONNALISATION\u00a0:<br \/>\nSi vous pouvez le r\u00eaver, nous pouvons le personnaliser ! Messages, photos, citations, personnages, tout peut \u00eatre personnalis\u00e9 sur la surface de la lampe de chevet. Veuillez nous contacter et nous vous aiderons pour toute question ou option\/suggestion de personnalisation.<\/p>\n<p>CARACT\u00c9RISTIQUES:<br \/>\n1. Personnalisation de tr\u00e8s haute qualit\u00e9 &#8211; Chaque veilleuse cr\u00e9\u00e9e \u00e0 l&rsquo;aide de la technologie d&rsquo;impression 3D.<br \/>\n2. Cadeau parfait &#8211; Avec une lampe 3D sur mesure, vous pouvez personnaliser votre lampe pour toutes les occasions : pour No\u00ebl, la Saint-Valentin, les cadeaux d&rsquo;anniversaire, les f\u00eates, les mariages, les cadeaux d&rsquo;anniversaire, la pendaison de cr\u00e9maill\u00e8re, les amoureux, les enfants.<br \/>\n3. Emballage de protection &#8211; films de protection des deux c\u00f4t\u00e9s de la veilleuse<\/p>\n<p>D\u00c9TAILS:<br \/>\nMat\u00e9riau : acrylique transparent de haute qualit\u00e9.<br \/>\nFormes\u00a0: cercle\/c\u0153ur\/lampe rectangulaire<br \/>\nSource de lumi\u00e8re\u00a0: DEL<br \/>\nType de commutateur : bouton poussoir<br \/>\nAlimentation: alimentation USB<br \/>\nPuissance\u00a0: 5W<\/p>\n<p>CONTENU DE LA BO\u00ceTE\u00a0:<br \/>\n1x Lampe 3D personnalis\u00e9e<br \/>\n1x Socle en bois grav\u00e9<br \/>\n1x manuel d&rsquo;utilisation<br \/>\n1x bo\u00eete cadeau en papier<\/p>\n<p>COMMENT PASSER COMMANDE\u00a0:<br \/>\n1. Ajoutez votre veilleuse 3d s\u00e9lectionn\u00e9e dans le menu d\u00e9roulant.<br \/>\n2. Veuillez fournir tous les d\u00e9tails sur les informations de personnalisation\/personnalisation que vous souhaitez avoir sur la surface de la lampe 3d dans la bo\u00eete de personnalisation pr\u00e8s du bouton Ajouter au panier. Assurez-vous de v\u00e9rifier l&rsquo;exactitude de vos informations<br \/>\n3. Passez votre commande<\/p>","protected":false},"excerpt":{"rendered":"<p>\u0645\u0646\u062d\u0646\u064a\u0627\u062a \u0646\u0627\u0639\u0645\u0629 \u0648\u062e\u0637\u0648\u0637 \u0631\u0641\u064a\u0639\u0629 \u0645\u062a\u0646\u0627\u0642\u0635\u0629 \u0645\u0633\u062a\u0648\u062d\u0627\u0629 \u0645\u0646 \u0627\u0644\u062a\u0635\u0645\u064a\u0645 \u0627\u0644\u062d\u062f\u064a\u062b. \u0648\u0627\u0644\u0646\u062a\u064a\u062c\u0629 \u0643\u0631\u0633\u064a \u0643\u0644\u0627\u0633\u064a\u0643\u064a \u0648\u0645\u0639\u0627\u0635\u0631\u060c \u0645\u062b\u0627\u0644\u064a \u0644\u0644\u0637\u0627\u0648\u0644\u0629 \u0627\u0644\u062a\u064a \u062a\u062d\u0645\u0644 \u0627\u0644\u0627\u0633\u0645 \u0646\u0641\u0633\u0647.<\/p>","protected":false},"featured_media":9769,"comment_status":"open","ping_status":"closed","template":"","meta":{"_joinchat":[]},"product_brand":[],"product_cat":[72],"product_tag":[],"class_list":{"0":"post-275","1":"product","2":"type-product","3":"status-publish","4":"has-post-thumbnail","6":"product_cat-personnalisation","8":"first","9":"instock","10":"shipping-taxable","11":"purchasable","12":"product-type-simple"},"yoast_head":"<!-- This site is optimized with the Yoast SEO plugin v26.7 - https:\/\/yoast.com\/wordpress\/plugins\/seo\/ -->\n<title>Lampe Photo Cadeau Personnalis\u00e9 Personnalis\u00e9e \u2022 Lampe 3D - Mariages.io store<\/title>\n<meta name=\"robots\" content=\"index, follow, max-snippet:-1, max-image-preview:large, max-video-preview:-1\" \/>\n<link rel=\"canonical\" href=\"https:\/\/store.mariages.io\/ar\/product\/ventura\/\" \/>\n<meta property=\"og:locale\" content=\"ar_AR\" \/>\n<meta property=\"og:type\" content=\"article\" \/>\n<meta property=\"og:title\" content=\"Lampe Photo Cadeau Personnalis\u00e9 Personnalis\u00e9e \u2022 Lampe 3D - Mariages.io store\" \/>\n<meta property=\"og:description\" content=\"Soft curves and tapering slender lines are inspired by modern design. The result is a classic yet contemporary chair, ideally combined with the table by the same name\" \/>\n<meta property=\"og:url\" content=\"https:\/\/store.mariages.io\/ar\/product\/ventura\/\" \/>\n<meta property=\"og:site_name\" content=\"Mariages.io store\" \/>\n<meta property=\"article:modified_time\" content=\"2025-03-01T13:59:22+00:00\" \/>\n<meta property=\"og:image\" content=\"https:\/\/store.mariages.io\/wp-content\/uploads\/2023\/04\/Capture-decran-2023-12-22-a-16.34.43.png\" \/>\n\t<meta property=\"og:image:width\" content=\"969\" \/>\n\t<meta property=\"og:image:height\" content=\"966\" \/>\n\t<meta property=\"og:image:type\" content=\"image\/png\" \/>\n<meta name=\"twitter:card\" content=\"summary_large_image\" \/>\n<meta name=\"twitter:label1\" content=\"\u0648\u0642\u062a \u0627\u0644\u0642\u0631\u0627\u0621\u0629 \u0627\u0644\u0645\u064f\u0642\u062f\u0651\u0631\" \/>\n\t<meta name=\"twitter:data1\" content=\"\u062f\u0642\u064a\u0642\u062a\u0627\u0646\" \/>\n<script type=\"application\/ld+json\" class=\"yoast-schema-graph\">{\"@context\":\"https:\/\/schema.org\",\"@graph\":[{\"@type\":\"WebPage\",\"@id\":\"https:\/\/store.mariages.io\/product\/ventura\/\",\"url\":\"https:\/\/store.mariages.io\/product\/ventura\/\",\"name\":\"Lampe Photo Cadeau Personnalis\u00e9 Personnalis\u00e9e \u2022 Lampe 3D - Mariages.io store\",\"isPartOf\":{\"@id\":\"https:\/\/darkviolet-ram-161551.hostingersite.com\/#website\"},\"primaryImageOfPage\":{\"@id\":\"https:\/\/store.mariages.io\/product\/ventura\/#primaryimage\"},\"image\":{\"@id\":\"https:\/\/store.mariages.io\/product\/ventura\/#primaryimage\"},\"thumbnailUrl\":\"https:\/\/store.mariages.io\/wp-content\/uploads\/2023\/04\/Capture-decran-2023-12-22-a-16.34.43.png\",\"datePublished\":\"2023-04-21T11:23:22+00:00\",\"dateModified\":\"2025-03-01T13:59:22+00:00\",\"breadcrumb\":{\"@id\":\"https:\/\/store.mariages.io\/product\/ventura\/#breadcrumb\"},\"inLanguage\":\"ar\",\"potentialAction\":[{\"@type\":\"ReadAction\",\"target\":[\"https:\/\/store.mariages.io\/product\/ventura\/\"]}]},{\"@type\":\"ImageObject\",\"inLanguage\":\"ar\",\"@id\":\"https:\/\/store.mariages.io\/product\/ventura\/#primaryimage\",\"url\":\"https:\/\/store.mariages.io\/wp-content\/uploads\/2023\/04\/Capture-decran-2023-12-22-a-16.34.43.png\",\"contentUrl\":\"https:\/\/store.mariages.io\/wp-content\/uploads\/2023\/04\/Capture-decran-2023-12-22-a-16.34.43.png\",\"width\":969,\"height\":966},{\"@type\":\"BreadcrumbList\",\"@id\":\"https:\/\/store.mariages.io\/product\/ventura\/#breadcrumb\",\"itemListElement\":[{\"@type\":\"ListItem\",\"position\":1,\"name\":\"Home\",\"item\":\"https:\/\/darkviolet-ram-161551.hostingersite.com\/\"},{\"@type\":\"ListItem\",\"position\":2,\"name\":\"Shop\",\"item\":\"https:\/\/store.mariages.io\/shop\/\"},{\"@type\":\"ListItem\",\"position\":3,\"name\":\"Lampe Photo Cadeau Personnalis\u00e9 Personnalis\u00e9e \u2022 Lampe 3D\"}]},{\"@type\":\"WebSite\",\"@id\":\"https:\/\/darkviolet-ram-161551.hostingersite.com\/#website\",\"url\":\"https:\/\/darkviolet-ram-161551.hostingersite.com\/\",\"name\":\"Mariages.io store\",\"description\":\"STORE Mariages.IO\",\"potentialAction\":[{\"@type\":\"SearchAction\",\"target\":{\"@type\":\"EntryPoint\",\"urlTemplate\":\"https:\/\/darkviolet-ram-161551.hostingersite.com\/?s={search_term_string}\"},\"query-input\":{\"@type\":\"PropertyValueSpecification\",\"valueRequired\":true,\"valueName\":\"search_term_string\"}}],\"inLanguage\":\"ar\"}]}<\/script>\n<!-- \/ Yoast SEO plugin. -->","yoast_head_json":{"title":"Lampe Photo Cadeau Personnalis\u00e9 Personnalis\u00e9e \u2022 Lampe 3D - Mariages.io store","robots":{"index":"index","follow":"follow","max-snippet":"max-snippet:-1","max-image-preview":"max-image-preview:large","max-video-preview":"max-video-preview:-1"},"canonical":"https:\/\/store.mariages.io\/ar\/product\/ventura\/","og_locale":"ar_AR","og_type":"article","og_title":"Lampe Photo Cadeau Personnalis\u00e9 Personnalis\u00e9e \u2022 Lampe 3D - Mariages.io store","og_description":"Soft curves and tapering slender lines are inspired by modern design. The result is a classic yet contemporary chair, ideally combined with the table by the same name","og_url":"https:\/\/store.mariages.io\/ar\/product\/ventura\/","og_site_name":"Mariages.io store","article_modified_time":"2025-03-01T13:59:22+00:00","og_image":[{"width":969,"height":966,"url":"https:\/\/store.mariages.io\/wp-content\/uploads\/2023\/04\/Capture-decran-2023-12-22-a-16.34.43.png","type":"image\/png"}],"twitter_card":"summary_large_image","twitter_misc":{"\u0648\u0642\u062a \u0627\u0644\u0642\u0631\u0627\u0621\u0629 \u0627\u0644\u0645\u064f\u0642\u062f\u0651\u0631":"\u062f\u0642\u064a\u0642\u062a\u0627\u0646"},"schema":{"@context":"https:\/\/schema.org","@graph":[{"@type":"WebPage","@id":"https:\/\/store.mariages.io\/product\/ventura\/","url":"https:\/\/store.mariages.io\/product\/ventura\/","name":"Lampe Photo Cadeau Personnalis\u00e9 Personnalis\u00e9e \u2022 Lampe 3D - Mariages.io store","isPartOf":{"@id":"https:\/\/darkviolet-ram-161551.hostingersite.com\/#website"},"primaryImageOfPage":{"@id":"https:\/\/store.mariages.io\/product\/ventura\/#primaryimage"},"image":{"@id":"https:\/\/store.mariages.io\/product\/ventura\/#primaryimage"},"thumbnailUrl":"https:\/\/store.mariages.io\/wp-content\/uploads\/2023\/04\/Capture-decran-2023-12-22-a-16.34.43.png","datePublished":"2023-04-21T11:23:22+00:00","dateModified":"2025-03-01T13:59:22+00:00","breadcrumb":{"@id":"https:\/\/store.mariages.io\/product\/ventura\/#breadcrumb"},"inLanguage":"ar","potentialAction":[{"@type":"ReadAction","target":["https:\/\/store.mariages.io\/product\/ventura\/"]}]},{"@type":"ImageObject","inLanguage":"ar","@id":"https:\/\/store.mariages.io\/product\/ventura\/#primaryimage","url":"https:\/\/store.mariages.io\/wp-content\/uploads\/2023\/04\/Capture-decran-2023-12-22-a-16.34.43.png","contentUrl":"https:\/\/store.mariages.io\/wp-content\/uploads\/2023\/04\/Capture-decran-2023-12-22-a-16.34.43.png","width":969,"height":966},{"@type":"BreadcrumbList","@id":"https:\/\/store.mariages.io\/product\/ventura\/#breadcrumb","itemListElement":[{"@type":"ListItem","position":1,"name":"Home","item":"https:\/\/darkviolet-ram-161551.hostingersite.com\/"},{"@type":"ListItem","position":2,"name":"Shop","item":"https:\/\/store.mariages.io\/shop\/"},{"@type":"ListItem","position":3,"name":"Lampe Photo Cadeau Personnalis\u00e9 Personnalis\u00e9e \u2022 Lampe 3D"}]},{"@type":"WebSite","@id":"https:\/\/darkviolet-ram-161551.hostingersite.com\/#website","url":"https:\/\/darkviolet-ram-161551.hostingersite.com\/","name":"Mariages.io store","description":"STORE Mariages.IO","potentialAction":[{"@type":"SearchAction","target":{"@type":"EntryPoint","urlTemplate":"https:\/\/darkviolet-ram-161551.hostingersite.com\/?s={search_term_string}"},"query-input":{"@type":"PropertyValueSpecification","valueRequired":true,"valueName":"search_term_string"}}],"inLanguage":"ar"}]}},"_links":{"self":[{"href":"https:\/\/store.mariages.io\/ar\/wp-json\/wp\/v2\/product\/275","targetHints":{"allow":["GET"]}}],"collection":[{"href":"https:\/\/store.mariages.io\/ar\/wp-json\/wp\/v2\/product"}],"about":[{"href":"https:\/\/store.mariages.io\/ar\/wp-json\/wp\/v2\/types\/product"}],"replies":[{"embeddable":true,"href":"https:\/\/store.mariages.io\/ar\/wp-json\/wp\/v2\/comments?post=275"}],"version-history":[{"count":1,"href":"https:\/\/store.mariages.io\/ar\/wp-json\/wp\/v2\/product\/275\/revisions"}],"predecessor-version":[{"id":9770,"href":"https:\/\/store.mariages.io\/ar\/wp-json\/wp\/v2\/product\/275\/revisions\/9770"}],"wp:featuredmedia":[{"embeddable":true,"href":"https:\/\/store.mariages.io\/ar\/wp-json\/wp\/v2\/media\/9769"}],"wp:attachment":[{"href":"https:\/\/store.mariages.io\/ar\/wp-json\/wp\/v2\/media?parent=275"}],"wp:term":[{"taxonomy":"product_brand","embeddable":true,"href":"https:\/\/store.mariages.io\/ar\/wp-json\/wp\/v2\/product_brand?post=275"},{"taxonomy":"product_cat","embeddable":true,"href":"https:\/\/store.mariages.io\/ar\/wp-json\/wp\/v2\/product_cat?post=275"},{"taxonomy":"product_tag","embeddable":true,"href":"https:\/\/store.mariages.io\/ar\/wp-json\/wp\/v2\/product_tag?post=275"}],"curies":[{"name":"wp","href":"https:\/\/api.w.org\/{rel}","templated":true}]}}