{"id":12449,"date":"2025-03-01T13:46:06","date_gmt":"2025-03-01T13:46:06","guid":{"rendered":"https:\/\/darkviolet-ram-161551.hostingersite.com\/?post_type=product&#038;p=12449"},"modified":"2025-10-15T21:09:39","modified_gmt":"2025-10-15T21:09:39","slug":"barbecue-de-table-accessimo-moulinex-2100w-bg134812","status":"publish","type":"product","link":"https:\/\/store.mariages.io\/ar\/product\/barbecue-de-table-accessimo-moulinex-2100w-bg134812\/","title":{"rendered":"\u0634\u0648\u0627\u064a\u0629 \u0637\u0627\u0648\u0644\u0629 \u0645\u0646 \u0623\u0643\u0633\u0633\u064a\u0645\u0648 \u0645\u0648\u0644\u064a\u0646\u0643\u0633 - 2100 \u0648\u0627\u0637 - BG134812"},"content":{"rendered":"<p>Avec une puissance de 2100W pour une chauffe uniforme sur toute la surface de grille, le barbecue de table Accessimo permet de saisir parfaitement toutes les viandes et de marquer les aliments. Sa grille de cuisson en acier offre une surface de cuisson de 35 x 21 cm, soit 735 cm\u00b2. Gr\u00e2ce au bac r\u00e9cup\u00e9rateur de jus, les fum\u00e9es et les odeurs sont r\u00e9duites. Enti\u00e8rement d\u00e9montable pour faciliter le nettoyage, la grille et le bac r\u00e9cup\u00e9rateur des jus amovibles sont compatibles lave-vaisselle. Tr\u00e8s compact, il est facile \u00e0 ranger et peut \u00eatre utilis\u00e9 en ext\u00e9rieur pour des moments de convivialit\u00e9.<\/p>\n<p>\u0645\u0645\u064a\u0632\u0627\u062a \u0627\u0644\u0645\u0646\u062a\u062c<br \/>\nPuissance : 2100 W<br \/>\nCouleur : Noir \/ Bleu<br \/>\nPlaques amovibles : Oui<br \/>\nSurface de cuisson : 870 cm\u00b2<br \/>\nR\u00e9sistance \u00e9lectrique amovible : Oui<br \/>\nBac \u00e0 jus amovible : Oui<br \/>\nCorps : Thermoplastique<br \/>\nPoign\u00e9es : Thermoplastique<br \/>\nBouton marche\/arr\u00eat : Oui<br \/>\nLongueur du cordon \u00e9lectrique : 0,60 m<br \/>\n\u0641\u0648\u0627\u0626\u062f \u0627\u0644\u0645\u0646\u062a\u062c<br \/>\nHaute puissance pour des r\u00e9sultats parfaits<br \/>\nD&rsquo;une puissance de 2100W, il permet de saisir parfaitement les pr\u00e9parations et de marquer les aliments.<\/p>\n<p>Facile \u00e0 nettoyer<br \/>\nEnti\u00e8rement d\u00e9montable, avec des pi\u00e8ces compatibles lave-vaisselle pour un entretien simplifi\u00e9.<\/p>\n<p>S\u00e9curit\u00e9 accrue<br \/>\nParois et poign\u00e9es en thermoplastique pour plus de s\u00e9curit\u00e9 et faciliter les d\u00e9placements.<\/p>\n<p>Compact et pratique<br \/>\nDesign compact, facile \u00e0 d\u00e9placer et \u00e0 ranger, id\u00e9al pour une utilisation en ext\u00e9rieur.<\/p>\n<p>\u0642\u0627\u0628\u0644\u0629 \u0644\u0644\u0625\u0635\u0644\u0627\u062d \u0628\u0633\u0639\u0631 \u0639\u0627\u062f\u0644 - 15 \u0639\u0627\u0645\u064b\u0627<br \/>\nCon\u00e7u pour \u00eatre r\u00e9par\u00e9 avec une mise \u00e0 disposition rapide des pi\u00e8ces \u00e0 co\u00fbt limit\u00e9 pendant 15 ans et plus, avec 6200 r\u00e9parateurs agr\u00e9\u00e9s dans le monde.<\/p>\n<p>\u0645\u0639\u0644\u0648\u0645\u0627\u062a \u0644\u0648\u062c\u0633\u062a\u064a\u0629<br \/>\nDimensions du produit nu : 460 x 350 x 100 mm<br \/>\nDimensions du produit emball\u00e9 : 470 x 357 x 104 mm<br \/>\nPoids du produit nu : 1,834 kg<br \/>\nPoids du produit emball\u00e9 : 2,129 kg<\/p>","protected":false},"excerpt":{"rendered":"<p>\u0628\u0633\u064a\u0637\u0629 \u0648\u0641\u0639\u0627\u0644\u0629!<br \/>\n\u0645\u062b\u0627\u0644\u064a\u0629 \u0644\u0644\u0634\u0648\u0627\u0621 \u0639\u0644\u0649 \u0645\u062f\u0627\u0631 \u0627\u0644\u0639\u0627\u0645\u060c \u062a\u0648\u0641\u0631 \u0634\u0648\u0627\u064a\u0629 \u0627\u0644\u0637\u0627\u0648\u0644\u0629 Accessimo \u0637\u0627\u0642\u0629 \u0639\u0627\u0644\u064a\u0629 \u0648\u062a\u0635\u0645\u064a\u0645\u064b\u0627 \u0639\u0645\u0644\u064a\u064b\u0627 \u0644\u0644\u062d\u0635\u0648\u0644 \u0639\u0644\u0649 \u0646\u062a\u0627\u0626\u062c \u0645\u062b\u0627\u0644\u064a\u0629.<\/p>","protected":false},"featured_media":12450,"comment_status":"open","ping_status":"closed","template":"","meta":{"_joinchat":[]},"product_brand":[],"product_cat":[184,198],"product_tag":[],"class_list":{"0":"post-12449","1":"product","2":"type-product","3":"status-publish","4":"has-post-thumbnail","6":"product_cat-electromenager","7":"product_cat-petit-electromenager","9":"first","10":"instock","11":"shipping-taxable","12":"purchasable","13":"product-type-simple"},"yoast_head":"<!-- This site is optimized with the Yoast SEO plugin v26.7 - https:\/\/yoast.com\/wordpress\/plugins\/seo\/ -->\n<title>Barbecue de Table Accessimo Moulinex - 2100W - BG134812 - Mariages.io store<\/title>\n<meta name=\"description\" content=\"Grillades faciles avec ce barbecue table \u00e9lectrique Moulinex : 2100W, bac r\u00e9cup\u00e9rateur de jus, d\u00e9montable et compatible lave-vaisselle\" \/>\n<meta name=\"robots\" content=\"index, follow, max-snippet:-1, max-image-preview:large, max-video-preview:-1\" \/>\n<link rel=\"canonical\" href=\"https:\/\/store.mariages.io\/ar\/product\/barbecue-de-table-accessimo-moulinex-2100w-bg134812\/\" \/>\n<meta property=\"og:locale\" content=\"ar_AR\" \/>\n<meta property=\"og:type\" content=\"article\" \/>\n<meta property=\"og:title\" content=\"Barbecue de Table Accessimo Moulinex - 2100W - BG134812 - Mariages.io store\" \/>\n<meta property=\"og:description\" content=\"Grillades faciles avec ce barbecue table \u00e9lectrique Moulinex : 2100W, bac r\u00e9cup\u00e9rateur de jus, d\u00e9montable et compatible lave-vaisselle\" \/>\n<meta property=\"og:url\" content=\"https:\/\/store.mariages.io\/ar\/product\/barbecue-de-table-accessimo-moulinex-2100w-bg134812\/\" \/>\n<meta property=\"og:site_name\" content=\"Mariages.io store\" \/>\n<meta property=\"article:modified_time\" content=\"2025-10-15T21:09:39+00:00\" \/>\n<meta property=\"og:image\" content=\"https:\/\/store.mariages.io\/wp-content\/uploads\/2025\/03\/Design_sans_titre_21.jpg\" \/>\n\t<meta property=\"og:image:width\" content=\"800\" \/>\n\t<meta property=\"og:image:height\" content=\"800\" \/>\n\t<meta property=\"og:image:type\" content=\"image\/jpeg\" \/>\n<meta name=\"twitter:card\" content=\"summary_large_image\" \/>\n<meta name=\"twitter:label1\" content=\"\u0648\u0642\u062a \u0627\u0644\u0642\u0631\u0627\u0621\u0629 \u0627\u0644\u0645\u064f\u0642\u062f\u0651\u0631\" \/>\n\t<meta name=\"twitter:data1\" content=\"\u062f\u0642\u064a\u0642\u062a\u0627\u0646\" \/>\n<script type=\"application\/ld+json\" class=\"yoast-schema-graph\">{\"@context\":\"https:\/\/schema.org\",\"@graph\":[{\"@type\":\"WebPage\",\"@id\":\"https:\/\/store.mariages.io\/product\/barbecue-de-table-accessimo-moulinex-2100w-bg134812\/\",\"url\":\"https:\/\/store.mariages.io\/product\/barbecue-de-table-accessimo-moulinex-2100w-bg134812\/\",\"name\":\"Barbecue de Table Accessimo Moulinex - 2100W - BG134812 - Mariages.io store\",\"isPartOf\":{\"@id\":\"https:\/\/darkviolet-ram-161551.hostingersite.com\/#website\"},\"primaryImageOfPage\":{\"@id\":\"https:\/\/store.mariages.io\/product\/barbecue-de-table-accessimo-moulinex-2100w-bg134812\/#primaryimage\"},\"image\":{\"@id\":\"https:\/\/store.mariages.io\/product\/barbecue-de-table-accessimo-moulinex-2100w-bg134812\/#primaryimage\"},\"thumbnailUrl\":\"https:\/\/store.mariages.io\/wp-content\/uploads\/2025\/03\/Design_sans_titre_21.jpg\",\"datePublished\":\"2025-03-01T13:46:06+00:00\",\"dateModified\":\"2025-10-15T21:09:39+00:00\",\"description\":\"Grillades faciles avec ce barbecue table \u00e9lectrique Moulinex : 2100W, bac r\u00e9cup\u00e9rateur de jus, d\u00e9montable et compatible lave-vaisselle\",\"breadcrumb\":{\"@id\":\"https:\/\/store.mariages.io\/product\/barbecue-de-table-accessimo-moulinex-2100w-bg134812\/#breadcrumb\"},\"inLanguage\":\"ar\",\"potentialAction\":[{\"@type\":\"ReadAction\",\"target\":[\"https:\/\/store.mariages.io\/product\/barbecue-de-table-accessimo-moulinex-2100w-bg134812\/\"]}]},{\"@type\":\"ImageObject\",\"inLanguage\":\"ar\",\"@id\":\"https:\/\/store.mariages.io\/product\/barbecue-de-table-accessimo-moulinex-2100w-bg134812\/#primaryimage\",\"url\":\"https:\/\/store.mariages.io\/wp-content\/uploads\/2025\/03\/Design_sans_titre_21.jpg\",\"contentUrl\":\"https:\/\/store.mariages.io\/wp-content\/uploads\/2025\/03\/Design_sans_titre_21.jpg\",\"width\":800,\"height\":800},{\"@type\":\"BreadcrumbList\",\"@id\":\"https:\/\/store.mariages.io\/product\/barbecue-de-table-accessimo-moulinex-2100w-bg134812\/#breadcrumb\",\"itemListElement\":[{\"@type\":\"ListItem\",\"position\":1,\"name\":\"Home\",\"item\":\"https:\/\/darkviolet-ram-161551.hostingersite.com\/\"},{\"@type\":\"ListItem\",\"position\":2,\"name\":\"Shop\",\"item\":\"https:\/\/store.mariages.io\/shop\/\"},{\"@type\":\"ListItem\",\"position\":3,\"name\":\"Barbecue de Table Accessimo Moulinex &#8211; 2100W &#8211; BG134812\"}]},{\"@type\":\"WebSite\",\"@id\":\"https:\/\/darkviolet-ram-161551.hostingersite.com\/#website\",\"url\":\"https:\/\/darkviolet-ram-161551.hostingersite.com\/\",\"name\":\"Mariages.io store\",\"description\":\"STORE Mariages.IO\",\"potentialAction\":[{\"@type\":\"SearchAction\",\"target\":{\"@type\":\"EntryPoint\",\"urlTemplate\":\"https:\/\/darkviolet-ram-161551.hostingersite.com\/?s={search_term_string}\"},\"query-input\":{\"@type\":\"PropertyValueSpecification\",\"valueRequired\":true,\"valueName\":\"search_term_string\"}}],\"inLanguage\":\"ar\"}]}<\/script>\n<!-- \/ Yoast SEO plugin. -->","yoast_head_json":{"title":"Barbecue de Table Accessimo Moulinex - 2100W - BG134812 - Mariages.io store","description":"Grillades faciles avec ce barbecue table \u00e9lectrique Moulinex : 2100W, bac r\u00e9cup\u00e9rateur de jus, d\u00e9montable et compatible lave-vaisselle","robots":{"index":"index","follow":"follow","max-snippet":"max-snippet:-1","max-image-preview":"max-image-preview:large","max-video-preview":"max-video-preview:-1"},"canonical":"https:\/\/store.mariages.io\/ar\/product\/barbecue-de-table-accessimo-moulinex-2100w-bg134812\/","og_locale":"ar_AR","og_type":"article","og_title":"Barbecue de Table Accessimo Moulinex - 2100W - BG134812 - Mariages.io store","og_description":"Grillades faciles avec ce barbecue table \u00e9lectrique Moulinex : 2100W, bac r\u00e9cup\u00e9rateur de jus, d\u00e9montable et compatible lave-vaisselle","og_url":"https:\/\/store.mariages.io\/ar\/product\/barbecue-de-table-accessimo-moulinex-2100w-bg134812\/","og_site_name":"Mariages.io store","article_modified_time":"2025-10-15T21:09:39+00:00","og_image":[{"width":800,"height":800,"url":"https:\/\/store.mariages.io\/wp-content\/uploads\/2025\/03\/Design_sans_titre_21.jpg","type":"image\/jpeg"}],"twitter_card":"summary_large_image","twitter_misc":{"\u0648\u0642\u062a \u0627\u0644\u0642\u0631\u0627\u0621\u0629 \u0627\u0644\u0645\u064f\u0642\u062f\u0651\u0631":"\u062f\u0642\u064a\u0642\u062a\u0627\u0646"},"schema":{"@context":"https:\/\/schema.org","@graph":[{"@type":"WebPage","@id":"https:\/\/store.mariages.io\/product\/barbecue-de-table-accessimo-moulinex-2100w-bg134812\/","url":"https:\/\/store.mariages.io\/product\/barbecue-de-table-accessimo-moulinex-2100w-bg134812\/","name":"Barbecue de Table Accessimo Moulinex - 2100W - BG134812 - Mariages.io store","isPartOf":{"@id":"https:\/\/darkviolet-ram-161551.hostingersite.com\/#website"},"primaryImageOfPage":{"@id":"https:\/\/store.mariages.io\/product\/barbecue-de-table-accessimo-moulinex-2100w-bg134812\/#primaryimage"},"image":{"@id":"https:\/\/store.mariages.io\/product\/barbecue-de-table-accessimo-moulinex-2100w-bg134812\/#primaryimage"},"thumbnailUrl":"https:\/\/store.mariages.io\/wp-content\/uploads\/2025\/03\/Design_sans_titre_21.jpg","datePublished":"2025-03-01T13:46:06+00:00","dateModified":"2025-10-15T21:09:39+00:00","description":"Grillades faciles avec ce barbecue table \u00e9lectrique Moulinex : 2100W, bac r\u00e9cup\u00e9rateur de jus, d\u00e9montable et compatible lave-vaisselle","breadcrumb":{"@id":"https:\/\/store.mariages.io\/product\/barbecue-de-table-accessimo-moulinex-2100w-bg134812\/#breadcrumb"},"inLanguage":"ar","potentialAction":[{"@type":"ReadAction","target":["https:\/\/store.mariages.io\/product\/barbecue-de-table-accessimo-moulinex-2100w-bg134812\/"]}]},{"@type":"ImageObject","inLanguage":"ar","@id":"https:\/\/store.mariages.io\/product\/barbecue-de-table-accessimo-moulinex-2100w-bg134812\/#primaryimage","url":"https:\/\/store.mariages.io\/wp-content\/uploads\/2025\/03\/Design_sans_titre_21.jpg","contentUrl":"https:\/\/store.mariages.io\/wp-content\/uploads\/2025\/03\/Design_sans_titre_21.jpg","width":800,"height":800},{"@type":"BreadcrumbList","@id":"https:\/\/store.mariages.io\/product\/barbecue-de-table-accessimo-moulinex-2100w-bg134812\/#breadcrumb","itemListElement":[{"@type":"ListItem","position":1,"name":"Home","item":"https:\/\/darkviolet-ram-161551.hostingersite.com\/"},{"@type":"ListItem","position":2,"name":"Shop","item":"https:\/\/store.mariages.io\/shop\/"},{"@type":"ListItem","position":3,"name":"Barbecue de Table Accessimo Moulinex &#8211; 2100W &#8211; BG134812"}]},{"@type":"WebSite","@id":"https:\/\/darkviolet-ram-161551.hostingersite.com\/#website","url":"https:\/\/darkviolet-ram-161551.hostingersite.com\/","name":"Mariages.io store","description":"STORE Mariages.IO","potentialAction":[{"@type":"SearchAction","target":{"@type":"EntryPoint","urlTemplate":"https:\/\/darkviolet-ram-161551.hostingersite.com\/?s={search_term_string}"},"query-input":{"@type":"PropertyValueSpecification","valueRequired":true,"valueName":"search_term_string"}}],"inLanguage":"ar"}]}},"_links":{"self":[{"href":"https:\/\/store.mariages.io\/ar\/wp-json\/wp\/v2\/product\/12449","targetHints":{"allow":["GET"]}}],"collection":[{"href":"https:\/\/store.mariages.io\/ar\/wp-json\/wp\/v2\/product"}],"about":[{"href":"https:\/\/store.mariages.io\/ar\/wp-json\/wp\/v2\/types\/product"}],"replies":[{"embeddable":true,"href":"https:\/\/store.mariages.io\/ar\/wp-json\/wp\/v2\/comments?post=12449"}],"version-history":[{"count":1,"href":"https:\/\/store.mariages.io\/ar\/wp-json\/wp\/v2\/product\/12449\/revisions"}],"predecessor-version":[{"id":12452,"href":"https:\/\/store.mariages.io\/ar\/wp-json\/wp\/v2\/product\/12449\/revisions\/12452"}],"wp:featuredmedia":[{"embeddable":true,"href":"https:\/\/store.mariages.io\/ar\/wp-json\/wp\/v2\/media\/12450"}],"wp:attachment":[{"href":"https:\/\/store.mariages.io\/ar\/wp-json\/wp\/v2\/media?parent=12449"}],"wp:term":[{"taxonomy":"product_brand","embeddable":true,"href":"https:\/\/store.mariages.io\/ar\/wp-json\/wp\/v2\/product_brand?post=12449"},{"taxonomy":"product_cat","embeddable":true,"href":"https:\/\/store.mariages.io\/ar\/wp-json\/wp\/v2\/product_cat?post=12449"},{"taxonomy":"product_tag","embeddable":true,"href":"https:\/\/store.mariages.io\/ar\/wp-json\/wp\/v2\/product_tag?post=12449"}],"curies":[{"name":"wp","href":"https:\/\/api.w.org\/{rel}","templated":true}]}}