{"id":12442,"date":"2025-03-01T13:41:44","date_gmt":"2025-03-01T13:41:44","guid":{"rendered":"https:\/\/darkviolet-ram-161551.hostingersite.com\/?post_type=product&#038;p=12442"},"modified":"2025-10-15T21:11:18","modified_gmt":"2025-10-15T21:11:18","slug":"fer-a-repasser-tefal-easygliss-plus-2500w-fv5718e0","status":"publish","type":"product","link":"https:\/\/store.mariages.io\/ar\/product\/fer-a-repasser-tefal-easygliss-plus-2500w-fv5718e0\/","title":{"rendered":"\u0645\u0643\u0648\u0627\u0629 \u062a\u064a\u0641\u0627\u0644 \u0625\u064a\u0632\u064a \u062c\u0644\u064a\u0633 \u0628\u0644\u0633 \u2013 2500 \u0648\u0627\u0637 \u2013 FV5718E0"},"content":{"rendered":"<p>\u0645\u0645\u064a\u0632\u0627\u062a \u0627\u0644\u0645\u0646\u062a\u062c<br \/>\nPuissance : 2500 W<br \/>\nSortie de vapeur continue : 45 g\/min<br \/>\nCoup de vapeur : 195 g\/min<br \/>\nVapeur verticale : Oui<br \/>\nSpray : Oui<br \/>\nR\u00e9glage de la vapeur et de la temp\u00e9rature : Vapeur automatique<br \/>\nTechnologie de la semelle : Durilium Airglide<br \/>\nGlisse de la semelle : *****<br \/>\nDurabilit\u00e9 de la semelle \/ r\u00e9sistance aux rayures : *****<br \/>\nDiffusion continue de la vapeur : Pointe, c\u00f4t\u00e9 et c\u0153ur<br \/>\nPointe de pr\u00e9cision : Oui<br \/>\nAnti-goutte : Oui<br \/>\nLongueur du cordon d&rsquo;alimentation : 2 m<br \/>\nCapacit\u00e9 du r\u00e9servoir d&rsquo;eau : 270 ml<br \/>\nG\u00e2chette ergonomique pour la vapeur : Oui<br \/>\nTalonnette stable : Oui<br \/>\nOrifice de remplissage d&rsquo;eau : Extra large<br \/>\nCouleurs : Turquoise<br \/>\n\u0641\u0648\u0627\u0626\u062f \u0627\u0644\u0645\u0646\u062a\u062c<br \/>\n#1 en glisse<br \/>\nLa glisse la plus rapide de Tefal avec une performance de vapeur sup\u00e9rieure. D\u00e9couvrez une performance ultime avec la semelle Durilium Airglide de Tefal.<\/p>\n<p>Puissance de 2500W pour un chauffage rapide<br \/>\nOffre la puissance id\u00e9ale pour un fer \u00e0 repasser quotidien, avec un temps de chauffe rapide pour une performance toujours pr\u00eate \u00e0 l&#8217;emploi.<\/p>\n<p>Performance de repassage efficace<br \/>\nUne sortie continue de vapeur jusqu&rsquo;\u00e0 45 g\/min produit des s\u00e9ances de repassage plus rapides et efficaces.<\/p>\n<p>Coup de vapeur pour les plis tenaces<br \/>\nUn coup de vapeur extra-puissant de 195 g\/min lisse les plis des tissus \u00e9pais et \u00e9limine les plis tenaces en toute simplicit\u00e9.<\/p>\n<p>Protection anti-goutte<br \/>\nGardez vos tissus sans tache avec un syst\u00e8me de protection anti-goutte, pour des v\u00eatements impeccables au quotidien.<\/p>\n<p>Distribution maximale de la vapeur<br \/>\n\u00c9quip\u00e9 de trous de vapeur actifs \u00e0 100%, d\u00e9couvrez une couverture de vapeur exceptionnelle pour une efficacit\u00e9 in\u00e9gal\u00e9e et des s\u00e9ances de repassage plus faciles.<\/p>\n<p>Pointe de pr\u00e9cision pour un acc\u00e8s facile<br \/>\nLe design bien pens\u00e9 inclut une pointe de pr\u00e9cision pour un acc\u00e8s facile aux zones difficiles \u00e0 atteindre comme les coutures et les cols.<\/p>\n<p>R\u00e9glages automatiques de la vapeur<br \/>\nUne facilit\u00e9 d&rsquo;utilisation in\u00e9gal\u00e9e avec le syst\u00e8me de vapeur automatique, vous permettant de r\u00e9gler la bonne combinaison vapeur\/temp\u00e9rature en un tour de main.<\/p>\n<p>Syst\u00e8me de remplissage facile pour une commodit\u00e9 maximale<br \/>\nCe fer \u00e0 repasser est \u00e9quip\u00e9 d&rsquo;un syst\u00e8me de remplissage facile avec un orifice de remplissage extra-large, une autre fonctionnalit\u00e9 con\u00e7ue pour rendre le repassage plus facile chaque jour.<\/p>\n<p>Semelle Durilium Airglide r\u00e9sistante aux rayures<br \/>\nAssurant une glisse exceptionnelle et des performances durables, la semelle Durilium Airglide de haute qualit\u00e9 est con\u00e7ue pour une grande durabilit\u00e9 et des r\u00e9sultats sur lesquels vous pouvez compter jour apr\u00e8s jour.<\/p>\n<p>Repassage vertical sans effort<br \/>\nLe repassage des v\u00eatements d\u00e9licats et volumineux est facilit\u00e9 avec la fonction vapeur verticale, id\u00e9ale pour \u00e9liminer les plis des costumes et autres v\u00eatements suspendus, ainsi que des rideaux.<\/p>\n<p>Performance durable<br \/>\nLe r\u00e9glage anti-calcaire aide \u00e0 maintenir la performance de la vapeur et les r\u00e9sultats de repassage dans le temps.<\/p>\n<p>\u0642\u0627\u0628\u0644\u0629 \u0644\u0644\u0625\u0635\u0644\u0627\u062d \u0628\u0633\u0639\u0631 \u0639\u0627\u062f\u0644 - 15 \u0639\u0627\u0645\u064b\u0627<br \/>\nCon\u00e7u pour \u00eatre facilement r\u00e9par\u00e9, avec une livraison rapide et \u00e0 faible co\u00fbt des pi\u00e8ces d\u00e9tach\u00e9es pendant 15 ans et plus, gr\u00e2ce \u00e0 plus de 6200 centres de r\u00e9paration dans le monde.<\/p>\n<p>\u0645\u0639\u0644\u0648\u0645\u0627\u062a \u0644\u0648\u062c\u0633\u062a\u064a\u0629<br \/>\nDimensions du produit nu : 300 x 145 x 150 mm<br \/>\nDimensions du produit emball\u00e9 : 339 x 142 x 178 mm<br \/>\nPoids du produit nu : 1,6 kg<br \/>\nPoids du produit emball\u00e9 : 1,667 kg<\/p>","protected":false},"excerpt":{"rendered":"<p>Le plus rapide pour glisser et une performance de vapeur plus \u00e9lev\u00e9e<br \/>\n\u00c9quip\u00e9 de la semelle Tefal Durilium Airglide pour une glisse impeccable et une puissance de vapeur sup\u00e9rieure, le fer \u00e0 repasser Easygliss Plus rend le repassage plus facile et plus efficace chaque jour.<\/p>","protected":false},"featured_media":12446,"comment_status":"open","ping_status":"closed","template":"","meta":{"_joinchat":[]},"product_brand":[],"product_cat":[184,198],"product_tag":[],"class_list":{"0":"post-12442","1":"product","2":"type-product","3":"status-publish","4":"has-post-thumbnail","6":"product_cat-electromenager","7":"product_cat-petit-electromenager","9":"first","10":"instock","11":"shipping-taxable","12":"purchasable","13":"product-type-simple"},"yoast_head":"<!-- This site is optimized with the Yoast SEO plugin v26.7 - https:\/\/yoast.com\/wordpress\/plugins\/seo\/ -->\n<title>Fer \u00e0 Repasser Tefal Easygliss Plus - 2500W - FV5718E0 - Mariages.io store<\/title>\n<meta name=\"description\" content=\"Le fer \u00e0 repasser Tefal Easygliss Plus : semelle Durilium Airglide, 2500W, vapeur puissante (195 g\/min) et glisse ultra-rapide pour un repassage efficace\" \/>\n<meta name=\"robots\" content=\"index, follow, max-snippet:-1, max-image-preview:large, max-video-preview:-1\" \/>\n<link rel=\"canonical\" href=\"https:\/\/store.mariages.io\/ar\/product\/fer-a-repasser-tefal-easygliss-plus-2500w-fv5718e0\/\" \/>\n<meta property=\"og:locale\" content=\"ar_AR\" \/>\n<meta property=\"og:type\" content=\"article\" \/>\n<meta property=\"og:title\" content=\"Fer \u00e0 Repasser Tefal Easygliss Plus - 2500W - FV5718E0 - Mariages.io store\" \/>\n<meta property=\"og:description\" content=\"Le fer \u00e0 repasser Tefal Easygliss Plus : semelle Durilium Airglide, 2500W, vapeur puissante (195 g\/min) et glisse ultra-rapide pour un repassage efficace\" \/>\n<meta property=\"og:url\" content=\"https:\/\/store.mariages.io\/ar\/product\/fer-a-repasser-tefal-easygliss-plus-2500w-fv5718e0\/\" \/>\n<meta property=\"og:site_name\" content=\"Mariages.io store\" \/>\n<meta property=\"article:modified_time\" content=\"2025-10-15T21:11:18+00:00\" \/>\n<meta property=\"og:image\" content=\"https:\/\/store.mariages.io\/wp-content\/uploads\/2025\/03\/Designsanstitre_30.webp\" \/>\n\t<meta property=\"og:image:width\" content=\"800\" \/>\n\t<meta property=\"og:image:height\" content=\"800\" \/>\n\t<meta property=\"og:image:type\" content=\"image\/webp\" \/>\n<meta name=\"twitter:card\" content=\"summary_large_image\" \/>\n<meta name=\"twitter:label1\" content=\"\u0648\u0642\u062a \u0627\u0644\u0642\u0631\u0627\u0621\u0629 \u0627\u0644\u0645\u064f\u0642\u062f\u0651\u0631\" \/>\n\t<meta name=\"twitter:data1\" content=\"3 \u062f\u0642\u0627\u0626\u0642\" \/>\n<script type=\"application\/ld+json\" class=\"yoast-schema-graph\">{\"@context\":\"https:\/\/schema.org\",\"@graph\":[{\"@type\":\"WebPage\",\"@id\":\"https:\/\/store.mariages.io\/product\/fer-a-repasser-tefal-easygliss-plus-2500w-fv5718e0\/\",\"url\":\"https:\/\/store.mariages.io\/product\/fer-a-repasser-tefal-easygliss-plus-2500w-fv5718e0\/\",\"name\":\"Fer \u00e0 Repasser Tefal Easygliss Plus - 2500W - FV5718E0 - Mariages.io store\",\"isPartOf\":{\"@id\":\"https:\/\/darkviolet-ram-161551.hostingersite.com\/#website\"},\"primaryImageOfPage\":{\"@id\":\"https:\/\/store.mariages.io\/product\/fer-a-repasser-tefal-easygliss-plus-2500w-fv5718e0\/#primaryimage\"},\"image\":{\"@id\":\"https:\/\/store.mariages.io\/product\/fer-a-repasser-tefal-easygliss-plus-2500w-fv5718e0\/#primaryimage\"},\"thumbnailUrl\":\"https:\/\/store.mariages.io\/wp-content\/uploads\/2025\/03\/Designsanstitre_30.webp\",\"datePublished\":\"2025-03-01T13:41:44+00:00\",\"dateModified\":\"2025-10-15T21:11:18+00:00\",\"description\":\"Le fer \u00e0 repasser Tefal Easygliss Plus : semelle Durilium Airglide, 2500W, vapeur puissante (195 g\/min) et glisse ultra-rapide pour un repassage efficace\",\"breadcrumb\":{\"@id\":\"https:\/\/store.mariages.io\/product\/fer-a-repasser-tefal-easygliss-plus-2500w-fv5718e0\/#breadcrumb\"},\"inLanguage\":\"ar\",\"potentialAction\":[{\"@type\":\"ReadAction\",\"target\":[\"https:\/\/store.mariages.io\/product\/fer-a-repasser-tefal-easygliss-plus-2500w-fv5718e0\/\"]}]},{\"@type\":\"ImageObject\",\"inLanguage\":\"ar\",\"@id\":\"https:\/\/store.mariages.io\/product\/fer-a-repasser-tefal-easygliss-plus-2500w-fv5718e0\/#primaryimage\",\"url\":\"https:\/\/store.mariages.io\/wp-content\/uploads\/2025\/03\/Designsanstitre_30.webp\",\"contentUrl\":\"https:\/\/store.mariages.io\/wp-content\/uploads\/2025\/03\/Designsanstitre_30.webp\",\"width\":800,\"height\":800},{\"@type\":\"BreadcrumbList\",\"@id\":\"https:\/\/store.mariages.io\/product\/fer-a-repasser-tefal-easygliss-plus-2500w-fv5718e0\/#breadcrumb\",\"itemListElement\":[{\"@type\":\"ListItem\",\"position\":1,\"name\":\"Home\",\"item\":\"https:\/\/darkviolet-ram-161551.hostingersite.com\/\"},{\"@type\":\"ListItem\",\"position\":2,\"name\":\"Shop\",\"item\":\"https:\/\/store.mariages.io\/shop\/\"},{\"@type\":\"ListItem\",\"position\":3,\"name\":\"Fer \u00e0 Repasser Tefal Easygliss Plus &#8211; 2500W &#8211; FV5718E0\"}]},{\"@type\":\"WebSite\",\"@id\":\"https:\/\/darkviolet-ram-161551.hostingersite.com\/#website\",\"url\":\"https:\/\/darkviolet-ram-161551.hostingersite.com\/\",\"name\":\"Mariages.io store\",\"description\":\"STORE Mariages.IO\",\"potentialAction\":[{\"@type\":\"SearchAction\",\"target\":{\"@type\":\"EntryPoint\",\"urlTemplate\":\"https:\/\/darkviolet-ram-161551.hostingersite.com\/?s={search_term_string}\"},\"query-input\":{\"@type\":\"PropertyValueSpecification\",\"valueRequired\":true,\"valueName\":\"search_term_string\"}}],\"inLanguage\":\"ar\"}]}<\/script>\n<!-- \/ Yoast SEO plugin. -->","yoast_head_json":{"title":"Fer \u00e0 Repasser Tefal Easygliss Plus - 2500W - FV5718E0 - Mariages.io store","description":"Le fer \u00e0 repasser Tefal Easygliss Plus : semelle Durilium Airglide, 2500W, vapeur puissante (195 g\/min) et glisse ultra-rapide pour un repassage efficace","robots":{"index":"index","follow":"follow","max-snippet":"max-snippet:-1","max-image-preview":"max-image-preview:large","max-video-preview":"max-video-preview:-1"},"canonical":"https:\/\/store.mariages.io\/ar\/product\/fer-a-repasser-tefal-easygliss-plus-2500w-fv5718e0\/","og_locale":"ar_AR","og_type":"article","og_title":"Fer \u00e0 Repasser Tefal Easygliss Plus - 2500W - FV5718E0 - Mariages.io store","og_description":"Le fer \u00e0 repasser Tefal Easygliss Plus : semelle Durilium Airglide, 2500W, vapeur puissante (195 g\/min) et glisse ultra-rapide pour un repassage efficace","og_url":"https:\/\/store.mariages.io\/ar\/product\/fer-a-repasser-tefal-easygliss-plus-2500w-fv5718e0\/","og_site_name":"Mariages.io store","article_modified_time":"2025-10-15T21:11:18+00:00","og_image":[{"width":800,"height":800,"url":"https:\/\/store.mariages.io\/wp-content\/uploads\/2025\/03\/Designsanstitre_30.webp","type":"image\/webp"}],"twitter_card":"summary_large_image","twitter_misc":{"\u0648\u0642\u062a \u0627\u0644\u0642\u0631\u0627\u0621\u0629 \u0627\u0644\u0645\u064f\u0642\u062f\u0651\u0631":"3 \u062f\u0642\u0627\u0626\u0642"},"schema":{"@context":"https:\/\/schema.org","@graph":[{"@type":"WebPage","@id":"https:\/\/store.mariages.io\/product\/fer-a-repasser-tefal-easygliss-plus-2500w-fv5718e0\/","url":"https:\/\/store.mariages.io\/product\/fer-a-repasser-tefal-easygliss-plus-2500w-fv5718e0\/","name":"Fer \u00e0 Repasser Tefal Easygliss Plus - 2500W - FV5718E0 - Mariages.io store","isPartOf":{"@id":"https:\/\/darkviolet-ram-161551.hostingersite.com\/#website"},"primaryImageOfPage":{"@id":"https:\/\/store.mariages.io\/product\/fer-a-repasser-tefal-easygliss-plus-2500w-fv5718e0\/#primaryimage"},"image":{"@id":"https:\/\/store.mariages.io\/product\/fer-a-repasser-tefal-easygliss-plus-2500w-fv5718e0\/#primaryimage"},"thumbnailUrl":"https:\/\/store.mariages.io\/wp-content\/uploads\/2025\/03\/Designsanstitre_30.webp","datePublished":"2025-03-01T13:41:44+00:00","dateModified":"2025-10-15T21:11:18+00:00","description":"Le fer \u00e0 repasser Tefal Easygliss Plus : semelle Durilium Airglide, 2500W, vapeur puissante (195 g\/min) et glisse ultra-rapide pour un repassage efficace","breadcrumb":{"@id":"https:\/\/store.mariages.io\/product\/fer-a-repasser-tefal-easygliss-plus-2500w-fv5718e0\/#breadcrumb"},"inLanguage":"ar","potentialAction":[{"@type":"ReadAction","target":["https:\/\/store.mariages.io\/product\/fer-a-repasser-tefal-easygliss-plus-2500w-fv5718e0\/"]}]},{"@type":"ImageObject","inLanguage":"ar","@id":"https:\/\/store.mariages.io\/product\/fer-a-repasser-tefal-easygliss-plus-2500w-fv5718e0\/#primaryimage","url":"https:\/\/store.mariages.io\/wp-content\/uploads\/2025\/03\/Designsanstitre_30.webp","contentUrl":"https:\/\/store.mariages.io\/wp-content\/uploads\/2025\/03\/Designsanstitre_30.webp","width":800,"height":800},{"@type":"BreadcrumbList","@id":"https:\/\/store.mariages.io\/product\/fer-a-repasser-tefal-easygliss-plus-2500w-fv5718e0\/#breadcrumb","itemListElement":[{"@type":"ListItem","position":1,"name":"Home","item":"https:\/\/darkviolet-ram-161551.hostingersite.com\/"},{"@type":"ListItem","position":2,"name":"Shop","item":"https:\/\/store.mariages.io\/shop\/"},{"@type":"ListItem","position":3,"name":"Fer \u00e0 Repasser Tefal Easygliss Plus &#8211; 2500W &#8211; FV5718E0"}]},{"@type":"WebSite","@id":"https:\/\/darkviolet-ram-161551.hostingersite.com\/#website","url":"https:\/\/darkviolet-ram-161551.hostingersite.com\/","name":"Mariages.io store","description":"STORE Mariages.IO","potentialAction":[{"@type":"SearchAction","target":{"@type":"EntryPoint","urlTemplate":"https:\/\/darkviolet-ram-161551.hostingersite.com\/?s={search_term_string}"},"query-input":{"@type":"PropertyValueSpecification","valueRequired":true,"valueName":"search_term_string"}}],"inLanguage":"ar"}]}},"_links":{"self":[{"href":"https:\/\/store.mariages.io\/ar\/wp-json\/wp\/v2\/product\/12442","targetHints":{"allow":["GET"]}}],"collection":[{"href":"https:\/\/store.mariages.io\/ar\/wp-json\/wp\/v2\/product"}],"about":[{"href":"https:\/\/store.mariages.io\/ar\/wp-json\/wp\/v2\/types\/product"}],"replies":[{"embeddable":true,"href":"https:\/\/store.mariages.io\/ar\/wp-json\/wp\/v2\/comments?post=12442"}],"version-history":[{"count":1,"href":"https:\/\/store.mariages.io\/ar\/wp-json\/wp\/v2\/product\/12442\/revisions"}],"predecessor-version":[{"id":12448,"href":"https:\/\/store.mariages.io\/ar\/wp-json\/wp\/v2\/product\/12442\/revisions\/12448"}],"wp:featuredmedia":[{"embeddable":true,"href":"https:\/\/store.mariages.io\/ar\/wp-json\/wp\/v2\/media\/12446"}],"wp:attachment":[{"href":"https:\/\/store.mariages.io\/ar\/wp-json\/wp\/v2\/media?parent=12442"}],"wp:term":[{"taxonomy":"product_brand","embeddable":true,"href":"https:\/\/store.mariages.io\/ar\/wp-json\/wp\/v2\/product_brand?post=12442"},{"taxonomy":"product_cat","embeddable":true,"href":"https:\/\/store.mariages.io\/ar\/wp-json\/wp\/v2\/product_cat?post=12442"},{"taxonomy":"product_tag","embeddable":true,"href":"https:\/\/store.mariages.io\/ar\/wp-json\/wp\/v2\/product_tag?post=12442"}],"curies":[{"name":"wp","href":"https:\/\/api.w.org\/{rel}","templated":true}]}}