{"id":12427,"date":"2025-03-01T13:36:43","date_gmt":"2025-03-01T13:36:43","guid":{"rendered":"https:\/\/darkviolet-ram-161551.hostingersite.com\/?post_type=product&#038;p=12427"},"modified":"2025-10-15T21:12:44","modified_gmt":"2025-10-15T21:12:44","slug":"cuiseur-vapeur-inox-seb-vc145100","status":"publish","type":"product","link":"https:\/\/store.mariages.io\/ar\/product\/cuiseur-vapeur-inox-seb-vc145100\/","title":{"rendered":"\u0645\u0643\u0648\u0627\u0629 \u0628\u062e\u0627\u0631 \u0645\u0646 \u0627\u0644\u0641\u0648\u0644\u0627\u0630 \u0627\u0644\u0645\u0642\u0627\u0648\u0645 \u0644\u0644\u0635\u062f\u0623 \u2013 SEB \u2013 VC145100"},"content":{"rendered":"<p>\u0645\u0645\u064a\u0632\u0627\u062a \u0627\u0644\u0645\u0646\u062a\u062c<br \/>\nCapacit\u00e9 : 6L<br \/>\nMinuteur : manuel<br \/>\nBol \u00e0 riz : oui<br \/>\nRangement facile : Oui<br \/>\nNombre de bols : 2<br \/>\nIndicateur de niveau d\u2019eau : Oui<br \/>\nRemplissage d\u2019eau externe : Oui<br \/>\n\u0622\u0645\u0646\u0629 \u0644\u0644\u0627\u0633\u062a\u062e\u062f\u0627\u0645 \u0641\u064a \u063a\u0633\u0627\u0644\u0629 \u0627\u0644\u0623\u0637\u0628\u0627\u0642: \u0646\u0639\u0645<br \/>\nD\u00e9tails lavage au lave-vaisselle : Bol et couvercle<br \/>\nCouleurs : Blanc &amp; Acier inoxydable<br \/>\n\u0641\u0648\u0627\u0626\u062f \u0627\u0644\u0645\u0646\u062a\u062c<br \/>\nRangement compact<br \/>\nGagnez de l\u2019espace gr\u00e2ce \u00e0 un design compact et des bols empilables.<\/p>\n<p>Minuteur<br \/>\nProfitez d\u2019un minuteur pratique de 60 minutes avec fonction d\u2019arr\u00eat automatique.<\/p>\n<p>Acier inoxydable durable<br \/>\nLes bols sont con\u00e7us en acier inoxydable r\u00e9sistant pour une utilisation durable.<\/p>\n<p>Remplissage d\u2019eau externe<br \/>\nFacile \u00e0 remplir m\u00eame pendant la cuisson.<\/p>\n<p>Niveau d\u2019eau visible<br \/>\nSurveillez facilement le niveau d\u2019eau restant.<\/p>\n<p>\u0642\u0627\u0628\u0644\u0629 \u0644\u0644\u0625\u0635\u0644\u0627\u062d \u0628\u0633\u0639\u0631 \u0639\u0627\u062f\u0644 - 15 \u0639\u0627\u0645\u064b\u0627<br \/>\n6200 r\u00e9parateurs agr\u00e9\u00e9s dans le monde entier.<\/p>\n<p>\u0645\u0639\u0644\u0648\u0645\u0627\u062a \u0644\u0648\u062c\u0633\u062a\u064a\u0629<br \/>\nDimensions du produit nu : 305 x 275 x 335 mm<br \/>\nDimensions du produit emball\u00e9 : 298 x 298 x 261 mm<br \/>\nPoids du produit nu : 2,56 kg<br \/>\nPoids du produit emball\u00e9 : 3,57 kg<\/p>","protected":false},"excerpt":{"rendered":"<p>\u0627\u0644\u0637\u0647\u064a \u0628\u0627\u0644\u0628\u062e\u0627\u0631 \u0644\u0644\u062d\u0635\u0648\u0644 \u0639\u0644\u0649 \u0648\u062c\u0628\u0627\u062a \u0635\u062d\u064a\u0629 \u0648\u0644\u0630\u064a\u0630\u0629 \u0643\u0644 \u064a\u0648\u0645<\/p>","protected":false},"featured_media":12429,"comment_status":"open","ping_status":"closed","template":"","meta":{"_joinchat":[]},"product_brand":[],"product_cat":[184,198],"product_tag":[],"class_list":{"0":"post-12427","1":"product","2":"type-product","3":"status-publish","4":"has-post-thumbnail","6":"product_cat-electromenager","7":"product_cat-petit-electromenager","9":"first","10":"instock","11":"shipping-taxable","12":"purchasable","13":"product-type-simple"},"yoast_head":"<!-- This site is optimized with the Yoast SEO plugin v26.7 - https:\/\/yoast.com\/wordpress\/plugins\/seo\/ -->\n<title>Cuiseur vapeur inox - SEB - VC145100 - Mariages.io store<\/title>\n<meta name=\"description\" content=\"Cuiseur vapeur inox SEB : 6L, 2 bols empilables, minuteur 60 min, remplissage externe et cuisson saine pour des repas pleins de saveurs.\" \/>\n<meta name=\"robots\" content=\"index, follow, max-snippet:-1, max-image-preview:large, max-video-preview:-1\" \/>\n<link rel=\"canonical\" href=\"https:\/\/store.mariages.io\/ar\/product\/cuiseur-vapeur-inox-seb-vc145100\/\" \/>\n<meta property=\"og:locale\" content=\"ar_AR\" \/>\n<meta property=\"og:type\" content=\"article\" \/>\n<meta property=\"og:title\" content=\"Cuiseur vapeur inox - SEB - VC145100 - Mariages.io store\" \/>\n<meta property=\"og:description\" content=\"Cuiseur vapeur inox SEB : 6L, 2 bols empilables, minuteur 60 min, remplissage externe et cuisson saine pour des repas pleins de saveurs.\" \/>\n<meta property=\"og:url\" content=\"https:\/\/store.mariages.io\/ar\/product\/cuiseur-vapeur-inox-seb-vc145100\/\" \/>\n<meta property=\"og:site_name\" content=\"Mariages.io store\" \/>\n<meta property=\"article:modified_time\" content=\"2025-10-15T21:12:44+00:00\" \/>\n<meta property=\"og:image\" content=\"https:\/\/store.mariages.io\/wp-content\/uploads\/2025\/03\/Designsanstitre_75.webp\" \/>\n\t<meta property=\"og:image:width\" content=\"800\" \/>\n\t<meta property=\"og:image:height\" content=\"800\" \/>\n\t<meta property=\"og:image:type\" content=\"image\/webp\" \/>\n<meta name=\"twitter:card\" content=\"summary_large_image\" \/>\n<meta name=\"twitter:label1\" content=\"\u0648\u0642\u062a \u0627\u0644\u0642\u0631\u0627\u0621\u0629 \u0627\u0644\u0645\u064f\u0642\u062f\u0651\u0631\" \/>\n\t<meta name=\"twitter:data1\" content=\"\u062f\u0642\u064a\u0642\u0629 \u0648\u0627\u062d\u062f\u0629\" \/>\n<script type=\"application\/ld+json\" class=\"yoast-schema-graph\">{\"@context\":\"https:\/\/schema.org\",\"@graph\":[{\"@type\":\"WebPage\",\"@id\":\"https:\/\/store.mariages.io\/product\/cuiseur-vapeur-inox-seb-vc145100\/\",\"url\":\"https:\/\/store.mariages.io\/product\/cuiseur-vapeur-inox-seb-vc145100\/\",\"name\":\"Cuiseur vapeur inox - SEB - VC145100 - Mariages.io store\",\"isPartOf\":{\"@id\":\"https:\/\/darkviolet-ram-161551.hostingersite.com\/#website\"},\"primaryImageOfPage\":{\"@id\":\"https:\/\/store.mariages.io\/product\/cuiseur-vapeur-inox-seb-vc145100\/#primaryimage\"},\"image\":{\"@id\":\"https:\/\/store.mariages.io\/product\/cuiseur-vapeur-inox-seb-vc145100\/#primaryimage\"},\"thumbnailUrl\":\"https:\/\/store.mariages.io\/wp-content\/uploads\/2025\/03\/Designsanstitre_75.webp\",\"datePublished\":\"2025-03-01T13:36:43+00:00\",\"dateModified\":\"2025-10-15T21:12:44+00:00\",\"description\":\"Cuiseur vapeur inox SEB : 6L, 2 bols empilables, minuteur 60 min, remplissage externe et cuisson saine pour des repas pleins de saveurs.\",\"breadcrumb\":{\"@id\":\"https:\/\/store.mariages.io\/product\/cuiseur-vapeur-inox-seb-vc145100\/#breadcrumb\"},\"inLanguage\":\"ar\",\"potentialAction\":[{\"@type\":\"ReadAction\",\"target\":[\"https:\/\/store.mariages.io\/product\/cuiseur-vapeur-inox-seb-vc145100\/\"]}]},{\"@type\":\"ImageObject\",\"inLanguage\":\"ar\",\"@id\":\"https:\/\/store.mariages.io\/product\/cuiseur-vapeur-inox-seb-vc145100\/#primaryimage\",\"url\":\"https:\/\/store.mariages.io\/wp-content\/uploads\/2025\/03\/Designsanstitre_75.webp\",\"contentUrl\":\"https:\/\/store.mariages.io\/wp-content\/uploads\/2025\/03\/Designsanstitre_75.webp\",\"width\":800,\"height\":800},{\"@type\":\"BreadcrumbList\",\"@id\":\"https:\/\/store.mariages.io\/product\/cuiseur-vapeur-inox-seb-vc145100\/#breadcrumb\",\"itemListElement\":[{\"@type\":\"ListItem\",\"position\":1,\"name\":\"Home\",\"item\":\"https:\/\/darkviolet-ram-161551.hostingersite.com\/\"},{\"@type\":\"ListItem\",\"position\":2,\"name\":\"Shop\",\"item\":\"https:\/\/store.mariages.io\/shop\/\"},{\"@type\":\"ListItem\",\"position\":3,\"name\":\"Cuiseur vapeur inox &#8211; SEB &#8211; VC145100\"}]},{\"@type\":\"WebSite\",\"@id\":\"https:\/\/darkviolet-ram-161551.hostingersite.com\/#website\",\"url\":\"https:\/\/darkviolet-ram-161551.hostingersite.com\/\",\"name\":\"Mariages.io store\",\"description\":\"STORE Mariages.IO\",\"potentialAction\":[{\"@type\":\"SearchAction\",\"target\":{\"@type\":\"EntryPoint\",\"urlTemplate\":\"https:\/\/darkviolet-ram-161551.hostingersite.com\/?s={search_term_string}\"},\"query-input\":{\"@type\":\"PropertyValueSpecification\",\"valueRequired\":true,\"valueName\":\"search_term_string\"}}],\"inLanguage\":\"ar\"}]}<\/script>\n<!-- \/ Yoast SEO plugin. -->","yoast_head_json":{"title":"Cuiseur vapeur inox - SEB - VC145100 - Mariages.io store","description":"Cuiseur vapeur inox SEB : 6L, 2 bols empilables, minuteur 60 min, remplissage externe et cuisson saine pour des repas pleins de saveurs.","robots":{"index":"index","follow":"follow","max-snippet":"max-snippet:-1","max-image-preview":"max-image-preview:large","max-video-preview":"max-video-preview:-1"},"canonical":"https:\/\/store.mariages.io\/ar\/product\/cuiseur-vapeur-inox-seb-vc145100\/","og_locale":"ar_AR","og_type":"article","og_title":"Cuiseur vapeur inox - SEB - VC145100 - Mariages.io store","og_description":"Cuiseur vapeur inox SEB : 6L, 2 bols empilables, minuteur 60 min, remplissage externe et cuisson saine pour des repas pleins de saveurs.","og_url":"https:\/\/store.mariages.io\/ar\/product\/cuiseur-vapeur-inox-seb-vc145100\/","og_site_name":"Mariages.io store","article_modified_time":"2025-10-15T21:12:44+00:00","og_image":[{"width":800,"height":800,"url":"https:\/\/store.mariages.io\/wp-content\/uploads\/2025\/03\/Designsanstitre_75.webp","type":"image\/webp"}],"twitter_card":"summary_large_image","twitter_misc":{"\u0648\u0642\u062a \u0627\u0644\u0642\u0631\u0627\u0621\u0629 \u0627\u0644\u0645\u064f\u0642\u062f\u0651\u0631":"\u062f\u0642\u064a\u0642\u0629 \u0648\u0627\u062d\u062f\u0629"},"schema":{"@context":"https:\/\/schema.org","@graph":[{"@type":"WebPage","@id":"https:\/\/store.mariages.io\/product\/cuiseur-vapeur-inox-seb-vc145100\/","url":"https:\/\/store.mariages.io\/product\/cuiseur-vapeur-inox-seb-vc145100\/","name":"Cuiseur vapeur inox - SEB - VC145100 - Mariages.io store","isPartOf":{"@id":"https:\/\/darkviolet-ram-161551.hostingersite.com\/#website"},"primaryImageOfPage":{"@id":"https:\/\/store.mariages.io\/product\/cuiseur-vapeur-inox-seb-vc145100\/#primaryimage"},"image":{"@id":"https:\/\/store.mariages.io\/product\/cuiseur-vapeur-inox-seb-vc145100\/#primaryimage"},"thumbnailUrl":"https:\/\/store.mariages.io\/wp-content\/uploads\/2025\/03\/Designsanstitre_75.webp","datePublished":"2025-03-01T13:36:43+00:00","dateModified":"2025-10-15T21:12:44+00:00","description":"Cuiseur vapeur inox SEB : 6L, 2 bols empilables, minuteur 60 min, remplissage externe et cuisson saine pour des repas pleins de saveurs.","breadcrumb":{"@id":"https:\/\/store.mariages.io\/product\/cuiseur-vapeur-inox-seb-vc145100\/#breadcrumb"},"inLanguage":"ar","potentialAction":[{"@type":"ReadAction","target":["https:\/\/store.mariages.io\/product\/cuiseur-vapeur-inox-seb-vc145100\/"]}]},{"@type":"ImageObject","inLanguage":"ar","@id":"https:\/\/store.mariages.io\/product\/cuiseur-vapeur-inox-seb-vc145100\/#primaryimage","url":"https:\/\/store.mariages.io\/wp-content\/uploads\/2025\/03\/Designsanstitre_75.webp","contentUrl":"https:\/\/store.mariages.io\/wp-content\/uploads\/2025\/03\/Designsanstitre_75.webp","width":800,"height":800},{"@type":"BreadcrumbList","@id":"https:\/\/store.mariages.io\/product\/cuiseur-vapeur-inox-seb-vc145100\/#breadcrumb","itemListElement":[{"@type":"ListItem","position":1,"name":"Home","item":"https:\/\/darkviolet-ram-161551.hostingersite.com\/"},{"@type":"ListItem","position":2,"name":"Shop","item":"https:\/\/store.mariages.io\/shop\/"},{"@type":"ListItem","position":3,"name":"Cuiseur vapeur inox &#8211; SEB &#8211; VC145100"}]},{"@type":"WebSite","@id":"https:\/\/darkviolet-ram-161551.hostingersite.com\/#website","url":"https:\/\/darkviolet-ram-161551.hostingersite.com\/","name":"Mariages.io store","description":"STORE Mariages.IO","potentialAction":[{"@type":"SearchAction","target":{"@type":"EntryPoint","urlTemplate":"https:\/\/darkviolet-ram-161551.hostingersite.com\/?s={search_term_string}"},"query-input":{"@type":"PropertyValueSpecification","valueRequired":true,"valueName":"search_term_string"}}],"inLanguage":"ar"}]}},"_links":{"self":[{"href":"https:\/\/store.mariages.io\/ar\/wp-json\/wp\/v2\/product\/12427","targetHints":{"allow":["GET"]}}],"collection":[{"href":"https:\/\/store.mariages.io\/ar\/wp-json\/wp\/v2\/product"}],"about":[{"href":"https:\/\/store.mariages.io\/ar\/wp-json\/wp\/v2\/types\/product"}],"replies":[{"embeddable":true,"href":"https:\/\/store.mariages.io\/ar\/wp-json\/wp\/v2\/comments?post=12427"}],"version-history":[{"count":2,"href":"https:\/\/store.mariages.io\/ar\/wp-json\/wp\/v2\/product\/12427\/revisions"}],"predecessor-version":[{"id":12545,"href":"https:\/\/store.mariages.io\/ar\/wp-json\/wp\/v2\/product\/12427\/revisions\/12545"}],"wp:featuredmedia":[{"embeddable":true,"href":"https:\/\/store.mariages.io\/ar\/wp-json\/wp\/v2\/media\/12429"}],"wp:attachment":[{"href":"https:\/\/store.mariages.io\/ar\/wp-json\/wp\/v2\/media?parent=12427"}],"wp:term":[{"taxonomy":"product_brand","embeddable":true,"href":"https:\/\/store.mariages.io\/ar\/wp-json\/wp\/v2\/product_brand?post=12427"},{"taxonomy":"product_cat","embeddable":true,"href":"https:\/\/store.mariages.io\/ar\/wp-json\/wp\/v2\/product_cat?post=12427"},{"taxonomy":"product_tag","embeddable":true,"href":"https:\/\/store.mariages.io\/ar\/wp-json\/wp\/v2\/product_tag?post=12427"}],"curies":[{"name":"wp","href":"https:\/\/api.w.org\/{rel}","templated":true}]}}