{"id":12422,"date":"2025-03-01T13:34:44","date_gmt":"2025-03-01T13:34:44","guid":{"rendered":"https:\/\/darkviolet-ram-161551.hostingersite.com\/?post_type=product&#038;p=12422"},"modified":"2025-10-15T21:14:05","modified_gmt":"2025-10-15T21:14:05","slug":"defroisseur-pure-pop-bleu-tefal-dt2020e1","status":"publish","type":"product","link":"https:\/\/store.mariages.io\/ar\/product\/defroisseur-pure-pop-bleu-tefal-dt2020e1\/","title":{"rendered":"\u0645\u0643\u0648\u0627\u0629 \u0628\u062e\u0627\u0631 \u0628\u064a\u0648\u0631 \u0628\u0648\u0628 \u0628\u0644\u0648 \u2013 \u062a\u064a\u0641\u0627\u0644 \u2013 DT2020E1"},"content":{"rendered":"<p>\u0645\u0645\u064a\u0632\u0627\u062a \u0627\u0644\u0645\u0646\u062a\u062c<br \/>\nPuissance : 1300 W<br \/>\nUsage : Vertical<br \/>\nSortie de vapeur : Jusqu&rsquo;\u00e0 20 g\/min<br \/>\nTemps de chauffe : 15 secondes<br \/>\nCapacit\u00e9 du r\u00e9servoir d&rsquo;eau : 70 ml<br \/>\nLongueur du cordon d&rsquo;alimentation : 2 m<br \/>\nAutonomie : 4 minutes<br \/>\nIndicateur pr\u00eat \u00e0 la vapeur : Oui<br \/>\nCouleur : Alpes Blue<br \/>\nType de prise : EUR<br \/>\nCouleur de la prise : Noir<br \/>\n\u0641\u0648\u0627\u0626\u062f \u0627\u0644\u0645\u0646\u062a\u062c<br \/>\nSoins efficaces des v\u00eatements<br \/>\nProfitez d&rsquo;une sortie de vapeur allant jusqu&rsquo;\u00e0 20 g\/min, pour un d\u00e9froissage et une purification efficaces gr\u00e2ce \u00e0 un geste fluide et intuitif.<\/p>\n<p>Elimine les cheveux et les peluches<br \/>\nUtilisez le c\u00f4t\u00e9 nettoyant du pad r\u00e9versible pour \u00e9liminer les peluches et les cheveux des tissus, afin de rafra\u00eechir vos v\u00eatements et les rendre comme neufs, jour apr\u00e8s jour.<\/p>\n<p>Cuire en toute s\u00e9curit\u00e9<br \/>\nLe c\u00f4t\u00e9 velours du pad r\u00e9versible offre un soin doux, id\u00e9al pour le steaming sans risque d&rsquo;endommager vos v\u00eatements, m\u00eame les plus d\u00e9licats.<\/p>\n<p>Syst\u00e8me de Pad innovant<br \/>\nLe syst\u00e8me exclusif de pad r\u00e9versible vous permet de passer facilement d&rsquo;un c\u00f4t\u00e9 nettoyant \u00e0 l&rsquo;autre c\u00f4t\u00e9 velours pour un steaming sans dommage.<\/p>\n<p>\u0625\u0645\u0643\u0627\u0646\u064a\u0629 \u0627\u0644\u0625\u0635\u0644\u0627\u062d \u2013 15 \u0633\u0646\u0629<br \/>\n\u0625\u0635\u0644\u0627\u062d\u0627\u062a \u0645\u0646\u062e\u0641\u0636\u0629 \u0627\u0644\u062a\u0643\u0644\u0641\u0629 \u0648\u062a\u0633\u0644\u064a\u0645 \u0633\u0631\u064a\u0639 \u0645\u0646 6200 \u0645\u0631\u0643\u0632 \u0625\u0635\u0644\u0627\u062d \u062d\u0648\u0644 \u0627\u0644\u0639\u0627\u0644\u0645\u060c \u0643\u062c\u0632\u0621 \u0645\u0646 \u0627\u0644\u062a\u0632\u0627\u0645\u0646\u0627 \u0628\u062d\u0645\u0627\u064a\u0629 \u0627\u0644\u0628\u064a\u0626\u0629 \u0648\u0627\u0644\u062d\u062f \u0645\u0646 \u0627\u0644\u0646\u0641\u0627\u064a\u0627\u062a.<\/p>\n<p>Partout et tout le temps<br \/>\nSon format ultra-compact, slim et l\u00e9ger est con\u00e7u pour vous accompagner partout, un appareil pratique pour toujours avoir une allure impeccable.<\/p>\n<p>Style et modernit\u00e9<br \/>\nUn design unique dans le choix de quatre couleurs vibrantes et accrocheuses, avec un appareil \u00e9l\u00e9gant, bien \u00e9quilibr\u00e9 (moins de 1 kg) et confortable \u00e0 prendre en main.<\/p>\n<p>Vapeur purifiante<br \/>\nLa puissance purifiante naturelle de la vapeur r\u00e9duit les odeurs, rafra\u00eechit et \u00e9limine jusqu&rsquo;\u00e0 99,9 % des virus, bact\u00e9ries et germes* de vos v\u00eatements (*Viruses : tests externes, 20 sept., sur BCoV-1 et Murine Norovirus sur tissu coton, Bact\u00e9ries et germes : tests externes sur Staphylococcus aureus, Klebsiella).<\/p>\n<p>Dur\u00e9e de chauffage rapide<br \/>\nToujours pr\u00eat en seulement 15 secondes, ce steamer est id\u00e9al pour une utilisation fr\u00e9quente et les retouches de derni\u00e8re minute\u2014votre nouvelle solution gain de temps.<\/p>\n<p>Contenu de la bo\u00eete<br \/>\nPure Pop Garment Steamer, pad r\u00e9versible, pochette de voyage \/ stockage.<\/p>\n<p>\u0645\u0639\u0644\u0648\u0645\u0627\u062a \u0644\u0648\u062c\u0633\u062a\u064a\u0629<br \/>\nDimensions du produit nu : 141 x 57 x 318 mm<br \/>\nDimensions du produit emball\u00e9 : 338 x 78 x 159 mm<br \/>\nPoids du produit nu : 1,01 kg<br \/>\nPoids du produit emball\u00e9 : 1,091 kg<\/p>","protected":false},"excerpt":{"rendered":"<p>\u0627\u0633\u062a\u0639\u064a\u062f\u064a \u0623\u0646\u0627\u0642\u062a\u0643 \u0628\u0633\u0647\u0648\u0644\u0629 \u0645\u0639 \u0645\u0643\u0648\u0627\u0629 \u0627\u0644\u0628\u062e\u0627\u0631 Pure Pop.<br \/>\n\u0627\u0646\u0636\u0645 \u0625\u0644\u0649 \u0627\u0644\u062d\u0631\u0643\u0629: \u0627\u0643\u062a\u0634\u0641 Tefal Pure POP\u060c \u062c\u0647\u0627\u0632 \u0627\u0644\u0628\u062e\u0627\u0631 \u0627\u0644\u0634\u062e\u0635\u064a \u0627\u0644\u062e\u0627\u0635 \u0628\u0643 \u0627\u0644\u0630\u064a \u064a\u0633\u0627\u0639\u062f\u0643 \u0639\u0644\u0649 \u062a\u0635\u0641\u064a\u0641 \u0623\u064a \u062a\u0633\u0631\u064a\u062d\u0629\u060c \u0623\u064a\u0646\u0645\u0627 \u0643\u0646\u062a.<\/p>","protected":false},"featured_media":12425,"comment_status":"open","ping_status":"closed","template":"","meta":{"_joinchat":[]},"product_brand":[],"product_cat":[184,198],"product_tag":[],"class_list":{"0":"post-12422","1":"product","2":"type-product","3":"status-publish","4":"has-post-thumbnail","6":"product_cat-electromenager","7":"product_cat-petit-electromenager","9":"first","10":"instock","11":"shipping-taxable","12":"purchasable","13":"product-type-simple"},"yoast_head":"<!-- This site is optimized with the Yoast SEO plugin v26.7 - https:\/\/yoast.com\/wordpress\/plugins\/seo\/ -->\n<title>D\u00e9froisseur pure pop bleu - Tefal - DT2020E1 - Mariages.io store<\/title>\n<meta name=\"description\" content=\"Defroisseur vertical Tefal Pure Pop : pr\u00eat en 15 sec, vapeur purifiante, pad r\u00e9versible et design compact pour d\u00e9froisser partout sans ab\u00eemer les tissus\" \/>\n<meta name=\"robots\" content=\"index, follow, max-snippet:-1, max-image-preview:large, max-video-preview:-1\" \/>\n<link rel=\"canonical\" href=\"https:\/\/store.mariages.io\/ar\/product\/defroisseur-pure-pop-bleu-tefal-dt2020e1\/\" \/>\n<meta property=\"og:locale\" content=\"ar_AR\" \/>\n<meta property=\"og:type\" content=\"article\" \/>\n<meta property=\"og:title\" content=\"D\u00e9froisseur pure pop bleu - Tefal - DT2020E1 - Mariages.io store\" \/>\n<meta property=\"og:description\" content=\"Defroisseur vertical Tefal Pure Pop : pr\u00eat en 15 sec, vapeur purifiante, pad r\u00e9versible et design compact pour d\u00e9froisser partout sans ab\u00eemer les tissus\" \/>\n<meta property=\"og:url\" content=\"https:\/\/store.mariages.io\/ar\/product\/defroisseur-pure-pop-bleu-tefal-dt2020e1\/\" \/>\n<meta property=\"og:site_name\" content=\"Mariages.io store\" \/>\n<meta property=\"article:modified_time\" content=\"2025-10-15T21:14:05+00:00\" \/>\n<meta property=\"og:image\" content=\"https:\/\/store.mariages.io\/wp-content\/uploads\/2025\/03\/550x674.webp\" \/>\n\t<meta property=\"og:image:width\" content=\"500\" \/>\n\t<meta property=\"og:image:height\" content=\"613\" \/>\n\t<meta property=\"og:image:type\" content=\"image\/webp\" \/>\n<meta name=\"twitter:card\" content=\"summary_large_image\" \/>\n<meta name=\"twitter:label1\" content=\"\u0648\u0642\u062a \u0627\u0644\u0642\u0631\u0627\u0621\u0629 \u0627\u0644\u0645\u064f\u0642\u062f\u0651\u0631\" \/>\n\t<meta name=\"twitter:data1\" content=\"\u062f\u0642\u064a\u0642\u062a\u0627\u0646\" \/>\n<script type=\"application\/ld+json\" class=\"yoast-schema-graph\">{\"@context\":\"https:\/\/schema.org\",\"@graph\":[{\"@type\":\"WebPage\",\"@id\":\"https:\/\/store.mariages.io\/product\/defroisseur-pure-pop-bleu-tefal-dt2020e1\/\",\"url\":\"https:\/\/store.mariages.io\/product\/defroisseur-pure-pop-bleu-tefal-dt2020e1\/\",\"name\":\"D\u00e9froisseur pure pop bleu - Tefal - DT2020E1 - Mariages.io store\",\"isPartOf\":{\"@id\":\"https:\/\/darkviolet-ram-161551.hostingersite.com\/#website\"},\"primaryImageOfPage\":{\"@id\":\"https:\/\/store.mariages.io\/product\/defroisseur-pure-pop-bleu-tefal-dt2020e1\/#primaryimage\"},\"image\":{\"@id\":\"https:\/\/store.mariages.io\/product\/defroisseur-pure-pop-bleu-tefal-dt2020e1\/#primaryimage\"},\"thumbnailUrl\":\"https:\/\/store.mariages.io\/wp-content\/uploads\/2025\/03\/550x674.webp\",\"datePublished\":\"2025-03-01T13:34:44+00:00\",\"dateModified\":\"2025-10-15T21:14:05+00:00\",\"description\":\"Defroisseur vertical Tefal Pure Pop : pr\u00eat en 15 sec, vapeur purifiante, pad r\u00e9versible et design compact pour d\u00e9froisser partout sans ab\u00eemer les tissus\",\"breadcrumb\":{\"@id\":\"https:\/\/store.mariages.io\/product\/defroisseur-pure-pop-bleu-tefal-dt2020e1\/#breadcrumb\"},\"inLanguage\":\"ar\",\"potentialAction\":[{\"@type\":\"ReadAction\",\"target\":[\"https:\/\/store.mariages.io\/product\/defroisseur-pure-pop-bleu-tefal-dt2020e1\/\"]}]},{\"@type\":\"ImageObject\",\"inLanguage\":\"ar\",\"@id\":\"https:\/\/store.mariages.io\/product\/defroisseur-pure-pop-bleu-tefal-dt2020e1\/#primaryimage\",\"url\":\"https:\/\/store.mariages.io\/wp-content\/uploads\/2025\/03\/550x674.webp\",\"contentUrl\":\"https:\/\/store.mariages.io\/wp-content\/uploads\/2025\/03\/550x674.webp\",\"width\":500,\"height\":613},{\"@type\":\"BreadcrumbList\",\"@id\":\"https:\/\/store.mariages.io\/product\/defroisseur-pure-pop-bleu-tefal-dt2020e1\/#breadcrumb\",\"itemListElement\":[{\"@type\":\"ListItem\",\"position\":1,\"name\":\"Home\",\"item\":\"https:\/\/darkviolet-ram-161551.hostingersite.com\/\"},{\"@type\":\"ListItem\",\"position\":2,\"name\":\"Shop\",\"item\":\"https:\/\/store.mariages.io\/shop\/\"},{\"@type\":\"ListItem\",\"position\":3,\"name\":\"D\u00e9froisseur pure pop bleu &#8211; Tefal &#8211; DT2020E1\"}]},{\"@type\":\"WebSite\",\"@id\":\"https:\/\/darkviolet-ram-161551.hostingersite.com\/#website\",\"url\":\"https:\/\/darkviolet-ram-161551.hostingersite.com\/\",\"name\":\"Mariages.io store\",\"description\":\"STORE Mariages.IO\",\"potentialAction\":[{\"@type\":\"SearchAction\",\"target\":{\"@type\":\"EntryPoint\",\"urlTemplate\":\"https:\/\/darkviolet-ram-161551.hostingersite.com\/?s={search_term_string}\"},\"query-input\":{\"@type\":\"PropertyValueSpecification\",\"valueRequired\":true,\"valueName\":\"search_term_string\"}}],\"inLanguage\":\"ar\"}]}<\/script>\n<!-- \/ Yoast SEO plugin. -->","yoast_head_json":{"title":"D\u00e9froisseur pure pop bleu - Tefal - DT2020E1 - Mariages.io store","description":"Defroisseur vertical Tefal Pure Pop : pr\u00eat en 15 sec, vapeur purifiante, pad r\u00e9versible et design compact pour d\u00e9froisser partout sans ab\u00eemer les tissus","robots":{"index":"index","follow":"follow","max-snippet":"max-snippet:-1","max-image-preview":"max-image-preview:large","max-video-preview":"max-video-preview:-1"},"canonical":"https:\/\/store.mariages.io\/ar\/product\/defroisseur-pure-pop-bleu-tefal-dt2020e1\/","og_locale":"ar_AR","og_type":"article","og_title":"D\u00e9froisseur pure pop bleu - Tefal - DT2020E1 - Mariages.io store","og_description":"Defroisseur vertical Tefal Pure Pop : pr\u00eat en 15 sec, vapeur purifiante, pad r\u00e9versible et design compact pour d\u00e9froisser partout sans ab\u00eemer les tissus","og_url":"https:\/\/store.mariages.io\/ar\/product\/defroisseur-pure-pop-bleu-tefal-dt2020e1\/","og_site_name":"Mariages.io store","article_modified_time":"2025-10-15T21:14:05+00:00","og_image":[{"width":500,"height":613,"url":"https:\/\/store.mariages.io\/wp-content\/uploads\/2025\/03\/550x674.webp","type":"image\/webp"}],"twitter_card":"summary_large_image","twitter_misc":{"\u0648\u0642\u062a \u0627\u0644\u0642\u0631\u0627\u0621\u0629 \u0627\u0644\u0645\u064f\u0642\u062f\u0651\u0631":"\u062f\u0642\u064a\u0642\u062a\u0627\u0646"},"schema":{"@context":"https:\/\/schema.org","@graph":[{"@type":"WebPage","@id":"https:\/\/store.mariages.io\/product\/defroisseur-pure-pop-bleu-tefal-dt2020e1\/","url":"https:\/\/store.mariages.io\/product\/defroisseur-pure-pop-bleu-tefal-dt2020e1\/","name":"D\u00e9froisseur pure pop bleu - Tefal - DT2020E1 - Mariages.io store","isPartOf":{"@id":"https:\/\/darkviolet-ram-161551.hostingersite.com\/#website"},"primaryImageOfPage":{"@id":"https:\/\/store.mariages.io\/product\/defroisseur-pure-pop-bleu-tefal-dt2020e1\/#primaryimage"},"image":{"@id":"https:\/\/store.mariages.io\/product\/defroisseur-pure-pop-bleu-tefal-dt2020e1\/#primaryimage"},"thumbnailUrl":"https:\/\/store.mariages.io\/wp-content\/uploads\/2025\/03\/550x674.webp","datePublished":"2025-03-01T13:34:44+00:00","dateModified":"2025-10-15T21:14:05+00:00","description":"Defroisseur vertical Tefal Pure Pop : pr\u00eat en 15 sec, vapeur purifiante, pad r\u00e9versible et design compact pour d\u00e9froisser partout sans ab\u00eemer les tissus","breadcrumb":{"@id":"https:\/\/store.mariages.io\/product\/defroisseur-pure-pop-bleu-tefal-dt2020e1\/#breadcrumb"},"inLanguage":"ar","potentialAction":[{"@type":"ReadAction","target":["https:\/\/store.mariages.io\/product\/defroisseur-pure-pop-bleu-tefal-dt2020e1\/"]}]},{"@type":"ImageObject","inLanguage":"ar","@id":"https:\/\/store.mariages.io\/product\/defroisseur-pure-pop-bleu-tefal-dt2020e1\/#primaryimage","url":"https:\/\/store.mariages.io\/wp-content\/uploads\/2025\/03\/550x674.webp","contentUrl":"https:\/\/store.mariages.io\/wp-content\/uploads\/2025\/03\/550x674.webp","width":500,"height":613},{"@type":"BreadcrumbList","@id":"https:\/\/store.mariages.io\/product\/defroisseur-pure-pop-bleu-tefal-dt2020e1\/#breadcrumb","itemListElement":[{"@type":"ListItem","position":1,"name":"Home","item":"https:\/\/darkviolet-ram-161551.hostingersite.com\/"},{"@type":"ListItem","position":2,"name":"Shop","item":"https:\/\/store.mariages.io\/shop\/"},{"@type":"ListItem","position":3,"name":"D\u00e9froisseur pure pop bleu &#8211; Tefal &#8211; DT2020E1"}]},{"@type":"WebSite","@id":"https:\/\/darkviolet-ram-161551.hostingersite.com\/#website","url":"https:\/\/darkviolet-ram-161551.hostingersite.com\/","name":"Mariages.io store","description":"STORE Mariages.IO","potentialAction":[{"@type":"SearchAction","target":{"@type":"EntryPoint","urlTemplate":"https:\/\/darkviolet-ram-161551.hostingersite.com\/?s={search_term_string}"},"query-input":{"@type":"PropertyValueSpecification","valueRequired":true,"valueName":"search_term_string"}}],"inLanguage":"ar"}]}},"_links":{"self":[{"href":"https:\/\/store.mariages.io\/ar\/wp-json\/wp\/v2\/product\/12422","targetHints":{"allow":["GET"]}}],"collection":[{"href":"https:\/\/store.mariages.io\/ar\/wp-json\/wp\/v2\/product"}],"about":[{"href":"https:\/\/store.mariages.io\/ar\/wp-json\/wp\/v2\/types\/product"}],"replies":[{"embeddable":true,"href":"https:\/\/store.mariages.io\/ar\/wp-json\/wp\/v2\/comments?post=12422"}],"version-history":[{"count":1,"href":"https:\/\/store.mariages.io\/ar\/wp-json\/wp\/v2\/product\/12422\/revisions"}],"predecessor-version":[{"id":12426,"href":"https:\/\/store.mariages.io\/ar\/wp-json\/wp\/v2\/product\/12422\/revisions\/12426"}],"wp:featuredmedia":[{"embeddable":true,"href":"https:\/\/store.mariages.io\/ar\/wp-json\/wp\/v2\/media\/12425"}],"wp:attachment":[{"href":"https:\/\/store.mariages.io\/ar\/wp-json\/wp\/v2\/media?parent=12422"}],"wp:term":[{"taxonomy":"product_brand","embeddable":true,"href":"https:\/\/store.mariages.io\/ar\/wp-json\/wp\/v2\/product_brand?post=12422"},{"taxonomy":"product_cat","embeddable":true,"href":"https:\/\/store.mariages.io\/ar\/wp-json\/wp\/v2\/product_cat?post=12422"},{"taxonomy":"product_tag","embeddable":true,"href":"https:\/\/store.mariages.io\/ar\/wp-json\/wp\/v2\/product_tag?post=12422"}],"curies":[{"name":"wp","href":"https:\/\/api.w.org\/{rel}","templated":true}]}}