{"id":12414,"date":"2025-03-01T12:24:24","date_gmt":"2025-03-01T12:24:24","guid":{"rendered":"https:\/\/darkviolet-ram-161551.hostingersite.com\/?post_type=product&#038;p=12414"},"modified":"2025-10-17T21:52:43","modified_gmt":"2025-10-17T21:52:43","slug":"couscoussier-inox-express","status":"publish","type":"product","link":"https:\/\/store.mariages.io\/ar\/product\/couscoussier-inox-express\/","title":{"rendered":"\u0643\u0633\u0643\u0633\u064a\u0647 \u0625\u0643\u0633\u0628\u0631\u064a\u0633 \u0645\u0646 \u0627\u0644\u0641\u0648\u0644\u0627\u0630 \u0627\u0644\u0645\u0642\u0627\u0648\u0645 \u0644\u0644\u0635\u062f\u0623"},"content":{"rendered":"<p>\u0623\u0628\u0631\u0632 \u0627\u0644\u0646\u0642\u0627\u0637:<br \/>\n\u0641\u0648\u0644\u0627\u0630 \u0645\u0642\u0627\u0648\u0645 \u0644\u0644\u0635\u062f\u0623 \u0639\u0627\u0644\u064a \u0627\u0644\u062c\u0648\u062f\u0629 18\/10<br \/>\n\u0642\u0637\u0631 \u0643\u0628\u064a\u0631 \u0648\u0642\u0627\u0639\u062f\u0629 \u062b\u0644\u0627\u062b\u064a\u0629 \u0644\u0644\u0637\u0647\u064a \u0627\u0644\u0645\u062a\u0633\u0627\u0648\u064a<br \/>\n\u0645\u0642\u0627\u0628\u0636 \u0627\u0644\u0628\u0627\u0643\u0644\u064a\u062a \u0634\u062f\u064a\u062f\u0629 \u0627\u0644\u0645\u0642\u0627\u0648\u0645\u0629<br \/>\n\u0633\u0647\u0648\u0644\u0629 \u0643\u0628\u064a\u0631\u0629 \u0641\u064a \u0627\u0644\u0635\u064a\u0627\u0646\u0629<br \/>\n\u0645\u062a\u0648\u0641\u0631 \u0641\u064a \u0645\u062c\u0645\u0648\u0639\u0629 7.5 \u0644\u062a\u0631 \u0648 9 \u0644\u062a\u0631<\/p>\n<p>\u0645\u0648\u0636\u0648\u0639 :<br \/>\n\u0641\u0648\u0644\u0627\u0630 \u0645\u0642\u0627\u0648\u0645 \u0644\u0644\u0635\u062f\u0623 \u0639\u0627\u0644\u064a \u0627\u0644\u062c\u0648\u062f\u0629 18\/10<br \/>\n\u062d\u0645\u0627\u064a\u0629 :<br \/>\n\u0645\u0642\u0628\u0636 \u0627\u0644\u0628\u0627\u0643\u0644\u064a\u062a<br \/>\n\u0637\u0628\u062e :<br \/>\n\u062c\u0645\u064a\u0639 \u0623\u0646\u0648\u0627\u0639 \u0627\u0644\u062d\u0631\u0627\u0626\u0642<br \/>\n\u064a\u062a\u0631\u0627\u0648\u062d :<br \/>\n\u0623\u0648\u0628\u062a\u064a\u0645\u0627<br \/>\n\u0627\u0644\u0642\u062f\u0631\u0627\u062a:<br \/>\n7.5 \u0644\u062a\u0631\u061b 9 \u0644\u062a\u0631<br \/>\n\u0645\u0642\u0627\u0628\u0644\u0629 :<br \/>\n\u0633\u0647\u0644<\/p>","protected":false},"excerpt":{"rendered":"<p>\u0643\u0633\u0643\u0633\u064a \u0625\u0643\u0633\u0628\u0631\u064a\u0633 \u0627\u0644\u0645\u0635\u0646\u0648\u0639 \u0645\u0646 \u0627\u0644\u0641\u0648\u0644\u0627\u0630 \u0627\u0644\u0645\u0642\u0627\u0648\u0645 \u0644\u0644\u0635\u062f\u0623 \u0639\u0627\u0644\u064a \u0627\u0644\u062c\u0648\u062f\u0629\u060c \u064a\u064f\u0642\u062f\u0645 \u0644\u0643\u0650 \u0637\u0628\u062e\u064b\u0627 \u0635\u062d\u064a\u064b\u0627. \u0625\u0646\u0647 \u0623\u062f\u0627\u0629 \u062e\u0641\u064a\u0641\u0629 \u0627\u0644\u0648\u0632\u0646 \u0648\u0639\u0645\u0644\u064a\u0629 \u0648\u0633\u0647\u0644\u0629 \u0627\u0644\u062a\u0646\u0638\u064a\u0641.<\/p>","protected":false},"featured_media":12415,"comment_status":"open","ping_status":"closed","template":"","meta":{"_joinchat":[]},"product_brand":[],"product_cat":[178,179],"product_tag":[],"class_list":{"0":"post-12414","1":"product","2":"type-product","3":"status-publish","4":"has-post-thumbnail","6":"product_cat-cuisine","7":"product_cat-ustensiles","9":"first","10":"instock","11":"shipping-taxable","12":"purchasable","13":"product-type-simple"},"yoast_head":"<!-- This site is optimized with the Yoast SEO plugin v26.7 - https:\/\/yoast.com\/wordpress\/plugins\/seo\/ -->\n<title>Couscoussier Inox EXPRESS - Mariages.io store<\/title>\n<meta name=\"description\" content=\"Couscoussier inox Express : inox 18\/10, triple fond, poign\u00e9es bak\u00e9lite, cuisson saine et homog\u00e8ne. L\u00e9ger, pratique et facile \u00e0 nettoyer. Id\u00e9al pour couscous traditionnel\" \/>\n<meta name=\"robots\" content=\"index, follow, max-snippet:-1, max-image-preview:large, max-video-preview:-1\" \/>\n<link rel=\"canonical\" href=\"https:\/\/store.mariages.io\/ar\/product\/couscoussier-inox-express\/\" \/>\n<meta property=\"og:locale\" content=\"ar_AR\" \/>\n<meta property=\"og:type\" content=\"article\" \/>\n<meta property=\"og:title\" content=\"Couscoussier Inox EXPRESS - Mariages.io store\" \/>\n<meta property=\"og:description\" content=\"Couscoussier inox Express : inox 18\/10, triple fond, poign\u00e9es bak\u00e9lite, cuisson saine et homog\u00e8ne. L\u00e9ger, pratique et facile \u00e0 nettoyer. Id\u00e9al pour couscous traditionnel\" \/>\n<meta property=\"og:url\" content=\"https:\/\/store.mariages.io\/ar\/product\/couscoussier-inox-express\/\" \/>\n<meta property=\"og:site_name\" content=\"Mariages.io store\" \/>\n<meta property=\"article:modified_time\" content=\"2025-10-17T21:52:43+00:00\" \/>\n<meta property=\"og:image\" content=\"https:\/\/store.mariages.io\/wp-content\/uploads\/2025\/03\/Designsanstitre_47_c2ecfc74-ef0b-47b2-b3dd-a86ba7beea27.webp\" \/>\n\t<meta property=\"og:image:width\" content=\"800\" \/>\n\t<meta property=\"og:image:height\" content=\"800\" \/>\n\t<meta property=\"og:image:type\" content=\"image\/webp\" \/>\n<meta name=\"twitter:card\" content=\"summary_large_image\" \/>\n<meta name=\"twitter:label1\" content=\"\u0648\u0642\u062a \u0627\u0644\u0642\u0631\u0627\u0621\u0629 \u0627\u0644\u0645\u064f\u0642\u062f\u0651\u0631\" \/>\n\t<meta name=\"twitter:data1\" content=\"\u062f\u0642\u064a\u0642\u0629 \u0648\u0627\u062d\u062f\u0629\" \/>\n<script type=\"application\/ld+json\" class=\"yoast-schema-graph\">{\"@context\":\"https:\/\/schema.org\",\"@graph\":[{\"@type\":\"WebPage\",\"@id\":\"https:\/\/store.mariages.io\/product\/couscoussier-inox-express\/\",\"url\":\"https:\/\/store.mariages.io\/product\/couscoussier-inox-express\/\",\"name\":\"Couscoussier Inox EXPRESS - Mariages.io store\",\"isPartOf\":{\"@id\":\"https:\/\/darkviolet-ram-161551.hostingersite.com\/#website\"},\"primaryImageOfPage\":{\"@id\":\"https:\/\/store.mariages.io\/product\/couscoussier-inox-express\/#primaryimage\"},\"image\":{\"@id\":\"https:\/\/store.mariages.io\/product\/couscoussier-inox-express\/#primaryimage\"},\"thumbnailUrl\":\"https:\/\/store.mariages.io\/wp-content\/uploads\/2025\/03\/Designsanstitre_47_c2ecfc74-ef0b-47b2-b3dd-a86ba7beea27.webp\",\"datePublished\":\"2025-03-01T12:24:24+00:00\",\"dateModified\":\"2025-10-17T21:52:43+00:00\",\"description\":\"Couscoussier inox Express : inox 18\/10, triple fond, poign\u00e9es bak\u00e9lite, cuisson saine et homog\u00e8ne. L\u00e9ger, pratique et facile \u00e0 nettoyer. Id\u00e9al pour couscous traditionnel\",\"breadcrumb\":{\"@id\":\"https:\/\/store.mariages.io\/product\/couscoussier-inox-express\/#breadcrumb\"},\"inLanguage\":\"ar\",\"potentialAction\":[{\"@type\":\"ReadAction\",\"target\":[\"https:\/\/store.mariages.io\/product\/couscoussier-inox-express\/\"]}]},{\"@type\":\"ImageObject\",\"inLanguage\":\"ar\",\"@id\":\"https:\/\/store.mariages.io\/product\/couscoussier-inox-express\/#primaryimage\",\"url\":\"https:\/\/store.mariages.io\/wp-content\/uploads\/2025\/03\/Designsanstitre_47_c2ecfc74-ef0b-47b2-b3dd-a86ba7beea27.webp\",\"contentUrl\":\"https:\/\/store.mariages.io\/wp-content\/uploads\/2025\/03\/Designsanstitre_47_c2ecfc74-ef0b-47b2-b3dd-a86ba7beea27.webp\",\"width\":800,\"height\":800},{\"@type\":\"BreadcrumbList\",\"@id\":\"https:\/\/store.mariages.io\/product\/couscoussier-inox-express\/#breadcrumb\",\"itemListElement\":[{\"@type\":\"ListItem\",\"position\":1,\"name\":\"Home\",\"item\":\"https:\/\/darkviolet-ram-161551.hostingersite.com\/\"},{\"@type\":\"ListItem\",\"position\":2,\"name\":\"Shop\",\"item\":\"https:\/\/store.mariages.io\/shop\/\"},{\"@type\":\"ListItem\",\"position\":3,\"name\":\"Couscoussier Inox EXPRESS\"}]},{\"@type\":\"WebSite\",\"@id\":\"https:\/\/darkviolet-ram-161551.hostingersite.com\/#website\",\"url\":\"https:\/\/darkviolet-ram-161551.hostingersite.com\/\",\"name\":\"Mariages.io store\",\"description\":\"STORE Mariages.IO\",\"potentialAction\":[{\"@type\":\"SearchAction\",\"target\":{\"@type\":\"EntryPoint\",\"urlTemplate\":\"https:\/\/darkviolet-ram-161551.hostingersite.com\/?s={search_term_string}\"},\"query-input\":{\"@type\":\"PropertyValueSpecification\",\"valueRequired\":true,\"valueName\":\"search_term_string\"}}],\"inLanguage\":\"ar\"}]}<\/script>\n<!-- \/ Yoast SEO plugin. -->","yoast_head_json":{"title":"Couscoussier Inox EXPRESS - Mariages.io store","description":"Couscoussier inox Express : inox 18\/10, triple fond, poign\u00e9es bak\u00e9lite, cuisson saine et homog\u00e8ne. L\u00e9ger, pratique et facile \u00e0 nettoyer. Id\u00e9al pour couscous traditionnel","robots":{"index":"index","follow":"follow","max-snippet":"max-snippet:-1","max-image-preview":"max-image-preview:large","max-video-preview":"max-video-preview:-1"},"canonical":"https:\/\/store.mariages.io\/ar\/product\/couscoussier-inox-express\/","og_locale":"ar_AR","og_type":"article","og_title":"Couscoussier Inox EXPRESS - Mariages.io store","og_description":"Couscoussier inox Express : inox 18\/10, triple fond, poign\u00e9es bak\u00e9lite, cuisson saine et homog\u00e8ne. L\u00e9ger, pratique et facile \u00e0 nettoyer. Id\u00e9al pour couscous traditionnel","og_url":"https:\/\/store.mariages.io\/ar\/product\/couscoussier-inox-express\/","og_site_name":"Mariages.io store","article_modified_time":"2025-10-17T21:52:43+00:00","og_image":[{"width":800,"height":800,"url":"https:\/\/store.mariages.io\/wp-content\/uploads\/2025\/03\/Designsanstitre_47_c2ecfc74-ef0b-47b2-b3dd-a86ba7beea27.webp","type":"image\/webp"}],"twitter_card":"summary_large_image","twitter_misc":{"\u0648\u0642\u062a \u0627\u0644\u0642\u0631\u0627\u0621\u0629 \u0627\u0644\u0645\u064f\u0642\u062f\u0651\u0631":"\u062f\u0642\u064a\u0642\u0629 \u0648\u0627\u062d\u062f\u0629"},"schema":{"@context":"https:\/\/schema.org","@graph":[{"@type":"WebPage","@id":"https:\/\/store.mariages.io\/product\/couscoussier-inox-express\/","url":"https:\/\/store.mariages.io\/product\/couscoussier-inox-express\/","name":"Couscoussier Inox EXPRESS - Mariages.io store","isPartOf":{"@id":"https:\/\/darkviolet-ram-161551.hostingersite.com\/#website"},"primaryImageOfPage":{"@id":"https:\/\/store.mariages.io\/product\/couscoussier-inox-express\/#primaryimage"},"image":{"@id":"https:\/\/store.mariages.io\/product\/couscoussier-inox-express\/#primaryimage"},"thumbnailUrl":"https:\/\/store.mariages.io\/wp-content\/uploads\/2025\/03\/Designsanstitre_47_c2ecfc74-ef0b-47b2-b3dd-a86ba7beea27.webp","datePublished":"2025-03-01T12:24:24+00:00","dateModified":"2025-10-17T21:52:43+00:00","description":"Couscoussier inox Express : inox 18\/10, triple fond, poign\u00e9es bak\u00e9lite, cuisson saine et homog\u00e8ne. L\u00e9ger, pratique et facile \u00e0 nettoyer. Id\u00e9al pour couscous traditionnel","breadcrumb":{"@id":"https:\/\/store.mariages.io\/product\/couscoussier-inox-express\/#breadcrumb"},"inLanguage":"ar","potentialAction":[{"@type":"ReadAction","target":["https:\/\/store.mariages.io\/product\/couscoussier-inox-express\/"]}]},{"@type":"ImageObject","inLanguage":"ar","@id":"https:\/\/store.mariages.io\/product\/couscoussier-inox-express\/#primaryimage","url":"https:\/\/store.mariages.io\/wp-content\/uploads\/2025\/03\/Designsanstitre_47_c2ecfc74-ef0b-47b2-b3dd-a86ba7beea27.webp","contentUrl":"https:\/\/store.mariages.io\/wp-content\/uploads\/2025\/03\/Designsanstitre_47_c2ecfc74-ef0b-47b2-b3dd-a86ba7beea27.webp","width":800,"height":800},{"@type":"BreadcrumbList","@id":"https:\/\/store.mariages.io\/product\/couscoussier-inox-express\/#breadcrumb","itemListElement":[{"@type":"ListItem","position":1,"name":"Home","item":"https:\/\/darkviolet-ram-161551.hostingersite.com\/"},{"@type":"ListItem","position":2,"name":"Shop","item":"https:\/\/store.mariages.io\/shop\/"},{"@type":"ListItem","position":3,"name":"Couscoussier Inox EXPRESS"}]},{"@type":"WebSite","@id":"https:\/\/darkviolet-ram-161551.hostingersite.com\/#website","url":"https:\/\/darkviolet-ram-161551.hostingersite.com\/","name":"Mariages.io store","description":"STORE Mariages.IO","potentialAction":[{"@type":"SearchAction","target":{"@type":"EntryPoint","urlTemplate":"https:\/\/darkviolet-ram-161551.hostingersite.com\/?s={search_term_string}"},"query-input":{"@type":"PropertyValueSpecification","valueRequired":true,"valueName":"search_term_string"}}],"inLanguage":"ar"}]}},"_links":{"self":[{"href":"https:\/\/store.mariages.io\/ar\/wp-json\/wp\/v2\/product\/12414","targetHints":{"allow":["GET"]}}],"collection":[{"href":"https:\/\/store.mariages.io\/ar\/wp-json\/wp\/v2\/product"}],"about":[{"href":"https:\/\/store.mariages.io\/ar\/wp-json\/wp\/v2\/types\/product"}],"replies":[{"embeddable":true,"href":"https:\/\/store.mariages.io\/ar\/wp-json\/wp\/v2\/comments?post=12414"}],"version-history":[{"count":2,"href":"https:\/\/store.mariages.io\/ar\/wp-json\/wp\/v2\/product\/12414\/revisions"}],"predecessor-version":[{"id":12737,"href":"https:\/\/store.mariages.io\/ar\/wp-json\/wp\/v2\/product\/12414\/revisions\/12737"}],"wp:featuredmedia":[{"embeddable":true,"href":"https:\/\/store.mariages.io\/ar\/wp-json\/wp\/v2\/media\/12415"}],"wp:attachment":[{"href":"https:\/\/store.mariages.io\/ar\/wp-json\/wp\/v2\/media?parent=12414"}],"wp:term":[{"taxonomy":"product_brand","embeddable":true,"href":"https:\/\/store.mariages.io\/ar\/wp-json\/wp\/v2\/product_brand?post=12414"},{"taxonomy":"product_cat","embeddable":true,"href":"https:\/\/store.mariages.io\/ar\/wp-json\/wp\/v2\/product_cat?post=12414"},{"taxonomy":"product_tag","embeddable":true,"href":"https:\/\/store.mariages.io\/ar\/wp-json\/wp\/v2\/product_tag?post=12414"}],"curies":[{"name":"wp","href":"https:\/\/api.w.org\/{rel}","templated":true}]}}