{"id":12409,"date":"2025-03-01T12:22:01","date_gmt":"2025-03-01T12:22:01","guid":{"rendered":"https:\/\/darkviolet-ram-161551.hostingersite.com\/?post_type=product&#038;p=12409"},"modified":"2025-10-17T21:53:35","modified_gmt":"2025-10-17T21:53:35","slug":"grille-pain-et-sandwich-maker-tefal-toast-expert-gc191-1800w-gc191e26","status":"publish","type":"product","link":"https:\/\/store.mariages.io\/ar\/product\/grille-pain-et-sandwich-maker-tefal-toast-expert-gc191-1800w-gc191e26\/","title":{"rendered":"\u0645\u062d\u0645\u0635\u0629 \u0627\u0644\u062e\u0628\u0632 \u0648\u0635\u0627\u0646\u0639\u0629 \u0627\u0644\u0633\u0627\u0646\u062f\u0648\u064a\u062a\u0634\u0627\u062a \u062a\u064a\u0641\u0627\u0644 \u062a\u0648\u0633\u062a \u0625\u0643\u0633\u0628\u064a\u0631\u062a GC191 \u2013 1800 \u0648\u0627\u0637 \u2013 GC191E26"},"content":{"rendered":"<p>Description \u00c9ditoriale<br \/>\nLe Toast Expert Grill et Sandwich Maker de Tefal, avec ses plaques \u00e9paisses en aluminium moul\u00e9 sous pression, permet une utilisation polyvalente. Les plaques sont compatibles lave-vaisselle et l&rsquo;appareil dispose d&rsquo;une surface de cuisson de 1400 cm\u00b2. Avec son interrupteur marche\/arr\u00eat, son syst\u00e8me de double \u00e9clairage indiquant la temp\u00e9rature id\u00e9ale et ses programmes de thermostat ajustables, il est facile de pr\u00e9parer de d\u00e9licieux repas. Avec une puissance de 1800W, il est adapt\u00e9 \u00e0 la cuisson de la viande, du poisson et du poulet.<\/p>\n<p>\u0645\u0645\u064a\u0632\u0627\u062a \u0627\u0644\u0645\u0646\u062a\u062c<br \/>\nPuissance : 1800 W<br \/>\nPlaques antiadh\u00e9sives sans PFOA : Oui<br \/>\nPlaques amovibles en fonte d&rsquo;aluminium : Oui<br \/>\nDesign compact : Oui<br \/>\nPosition barbecue \u00e0 180\u00b0 : Oui<br \/>\nThermostat r\u00e9glable : Oui<br \/>\nPlaques compatibles lave-vaisselle : Oui<br \/>\n\u0641\u0648\u0627\u0626\u062f \u0627\u0644\u0645\u0646\u062a\u062c<br \/>\nPlaques en fonte amovibles<br \/>\nLes plaques en fonte d&rsquo;aluminium assurent une r\u00e9partition uniforme de la chaleur et sont faciles \u00e0 retirer pour le nettoyage.<\/p>\n<p>Position barbecue \u00e0 180\u00b0<br \/>\nTransformez votre appareil en barbecue pour une cuisson polyvalente.<\/p>\n<p>Plaques antiadh\u00e9sives sans PFOA<br \/>\nLes plaques sans PFOA garantissent une cuisson saine et un nettoyage facile.<\/p>\n<p>Compatibilit\u00e9 lave-vaisselle<br \/>\nLes plaques sont faciles \u00e0 nettoyer et passent au lave-vaisselle.<\/p>\n<p>Thermostat r\u00e9glable<br \/>\nAjustez la temp\u00e9rature pour diff\u00e9rents types de cuisson.<\/p>\n<p>Compact et pratique<br \/>\nDesign compact avec un interrupteur marche\/arr\u00eat et des voyants lumineux pour une utilisation pratique.<\/p>\n<p>\u0642\u0627\u0628\u0644\u0629 \u0644\u0644\u0625\u0635\u0644\u0627\u062d \u0628\u0633\u0639\u0631 \u0639\u0627\u062f\u0644 - 15 \u0639\u0627\u0645\u064b\u0627<br \/>\n6200 r\u00e9parateurs agr\u00e9\u00e9s dans le monde.<\/p>\n<p>\u0645\u0639\u0644\u0648\u0645\u0627\u062a \u0644\u0648\u062c\u0633\u062a\u064a\u0629<br \/>\nDimensions du produit nu : 430 x 157 x 346 mm<br \/>\nDimensions du produit emball\u00e9 : 430 x 350 x 470 mm<br \/>\nPoids du produit nu : 3,3 kg<br \/>\nPoids du produit emball\u00e9 : 3,833 kg<\/p>","protected":false},"excerpt":{"rendered":"<p>Con\u00e7u pour les experts de la cuisine avec des performances \u00e9lev\u00e9es et un design intelligent.<br \/>\nLe Toast Expert Grill et Sandwich Maker est fabriqu\u00e9 en mat\u00e9riau moul\u00e9 sous pression et poss\u00e8de un rev\u00eatement antiadh\u00e9sif, offrant l&rsquo;utilisation de plaques doubles amovibles.<\/p>","protected":false},"featured_media":12412,"comment_status":"open","ping_status":"closed","template":"","meta":{"_joinchat":[]},"product_brand":[],"product_cat":[184,198],"product_tag":[],"class_list":{"0":"post-12409","1":"product","2":"type-product","3":"status-publish","4":"has-post-thumbnail","6":"product_cat-electromenager","7":"product_cat-petit-electromenager","9":"first","10":"instock","11":"shipping-taxable","12":"purchasable","13":"product-type-simple"},"yoast_head":"<!-- This site is optimized with the Yoast SEO plugin v26.7 - https:\/\/yoast.com\/wordpress\/plugins\/seo\/ -->\n<title>Grille-Pain et Sandwich Maker Tefal Toast Expert GC191 - 1800W - GC191E26 - Mariages.io store<\/title>\n<meta name=\"description\" content=\"Barbecue table \u00e9lectrique Tefal Toast Expert : plaques amovibles, position 180\u00b0, thermostat r\u00e9glable et puissance 1800W pour grillades saines et polyvalentes \u00e0 la maison.\" \/>\n<meta name=\"robots\" content=\"index, follow, max-snippet:-1, max-image-preview:large, max-video-preview:-1\" \/>\n<link rel=\"canonical\" href=\"https:\/\/store.mariages.io\/ar\/product\/grille-pain-et-sandwich-maker-tefal-toast-expert-gc191-1800w-gc191e26\/\" \/>\n<meta property=\"og:locale\" content=\"ar_AR\" \/>\n<meta property=\"og:type\" content=\"article\" \/>\n<meta property=\"og:title\" content=\"Grille-Pain et Sandwich Maker Tefal Toast Expert GC191 - 1800W - GC191E26 - Mariages.io store\" \/>\n<meta property=\"og:description\" content=\"Barbecue table \u00e9lectrique Tefal Toast Expert : plaques amovibles, position 180\u00b0, thermostat r\u00e9glable et puissance 1800W pour grillades saines et polyvalentes \u00e0 la maison.\" \/>\n<meta property=\"og:url\" content=\"https:\/\/store.mariages.io\/ar\/product\/grille-pain-et-sandwich-maker-tefal-toast-expert-gc191-1800w-gc191e26\/\" \/>\n<meta property=\"og:site_name\" content=\"Mariages.io store\" \/>\n<meta property=\"article:modified_time\" content=\"2025-10-17T21:53:35+00:00\" \/>\n<meta property=\"og:image\" content=\"https:\/\/store.mariages.io\/wp-content\/uploads\/2025\/03\/Design_sans_titre_34.webp\" \/>\n\t<meta property=\"og:image:width\" content=\"800\" \/>\n\t<meta property=\"og:image:height\" content=\"800\" \/>\n\t<meta property=\"og:image:type\" content=\"image\/webp\" \/>\n<meta name=\"twitter:card\" content=\"summary_large_image\" \/>\n<meta name=\"twitter:label1\" content=\"\u0648\u0642\u062a \u0627\u0644\u0642\u0631\u0627\u0621\u0629 \u0627\u0644\u0645\u064f\u0642\u062f\u0651\u0631\" \/>\n\t<meta name=\"twitter:data1\" content=\"\u062f\u0642\u064a\u0642\u062a\u0627\u0646\" \/>\n<script type=\"application\/ld+json\" class=\"yoast-schema-graph\">{\"@context\":\"https:\/\/schema.org\",\"@graph\":[{\"@type\":\"WebPage\",\"@id\":\"https:\/\/store.mariages.io\/product\/grille-pain-et-sandwich-maker-tefal-toast-expert-gc191-1800w-gc191e26\/\",\"url\":\"https:\/\/store.mariages.io\/product\/grille-pain-et-sandwich-maker-tefal-toast-expert-gc191-1800w-gc191e26\/\",\"name\":\"Grille-Pain et Sandwich Maker Tefal Toast Expert GC191 - 1800W - GC191E26 - Mariages.io store\",\"isPartOf\":{\"@id\":\"https:\/\/darkviolet-ram-161551.hostingersite.com\/#website\"},\"primaryImageOfPage\":{\"@id\":\"https:\/\/store.mariages.io\/product\/grille-pain-et-sandwich-maker-tefal-toast-expert-gc191-1800w-gc191e26\/#primaryimage\"},\"image\":{\"@id\":\"https:\/\/store.mariages.io\/product\/grille-pain-et-sandwich-maker-tefal-toast-expert-gc191-1800w-gc191e26\/#primaryimage\"},\"thumbnailUrl\":\"https:\/\/store.mariages.io\/wp-content\/uploads\/2025\/03\/Design_sans_titre_34.webp\",\"datePublished\":\"2025-03-01T12:22:01+00:00\",\"dateModified\":\"2025-10-17T21:53:35+00:00\",\"description\":\"Barbecue table \u00e9lectrique Tefal Toast Expert : plaques amovibles, position 180\u00b0, thermostat r\u00e9glable et puissance 1800W pour grillades saines et polyvalentes \u00e0 la maison.\",\"breadcrumb\":{\"@id\":\"https:\/\/store.mariages.io\/product\/grille-pain-et-sandwich-maker-tefal-toast-expert-gc191-1800w-gc191e26\/#breadcrumb\"},\"inLanguage\":\"ar\",\"potentialAction\":[{\"@type\":\"ReadAction\",\"target\":[\"https:\/\/store.mariages.io\/product\/grille-pain-et-sandwich-maker-tefal-toast-expert-gc191-1800w-gc191e26\/\"]}]},{\"@type\":\"ImageObject\",\"inLanguage\":\"ar\",\"@id\":\"https:\/\/store.mariages.io\/product\/grille-pain-et-sandwich-maker-tefal-toast-expert-gc191-1800w-gc191e26\/#primaryimage\",\"url\":\"https:\/\/store.mariages.io\/wp-content\/uploads\/2025\/03\/Design_sans_titre_34.webp\",\"contentUrl\":\"https:\/\/store.mariages.io\/wp-content\/uploads\/2025\/03\/Design_sans_titre_34.webp\",\"width\":800,\"height\":800},{\"@type\":\"BreadcrumbList\",\"@id\":\"https:\/\/store.mariages.io\/product\/grille-pain-et-sandwich-maker-tefal-toast-expert-gc191-1800w-gc191e26\/#breadcrumb\",\"itemListElement\":[{\"@type\":\"ListItem\",\"position\":1,\"name\":\"Home\",\"item\":\"https:\/\/darkviolet-ram-161551.hostingersite.com\/\"},{\"@type\":\"ListItem\",\"position\":2,\"name\":\"Shop\",\"item\":\"https:\/\/store.mariages.io\/shop\/\"},{\"@type\":\"ListItem\",\"position\":3,\"name\":\"Grille-Pain et Sandwich Maker Tefal Toast Expert GC191 &#8211; 1800W &#8211; GC191E26\"}]},{\"@type\":\"WebSite\",\"@id\":\"https:\/\/darkviolet-ram-161551.hostingersite.com\/#website\",\"url\":\"https:\/\/darkviolet-ram-161551.hostingersite.com\/\",\"name\":\"Mariages.io store\",\"description\":\"STORE Mariages.IO\",\"potentialAction\":[{\"@type\":\"SearchAction\",\"target\":{\"@type\":\"EntryPoint\",\"urlTemplate\":\"https:\/\/darkviolet-ram-161551.hostingersite.com\/?s={search_term_string}\"},\"query-input\":{\"@type\":\"PropertyValueSpecification\",\"valueRequired\":true,\"valueName\":\"search_term_string\"}}],\"inLanguage\":\"ar\"}]}<\/script>\n<!-- \/ Yoast SEO plugin. -->","yoast_head_json":{"title":"Grille-Pain et Sandwich Maker Tefal Toast Expert GC191 - 1800W - GC191E26 - Mariages.io store","description":"Barbecue table \u00e9lectrique Tefal Toast Expert : plaques amovibles, position 180\u00b0, thermostat r\u00e9glable et puissance 1800W pour grillades saines et polyvalentes \u00e0 la maison.","robots":{"index":"index","follow":"follow","max-snippet":"max-snippet:-1","max-image-preview":"max-image-preview:large","max-video-preview":"max-video-preview:-1"},"canonical":"https:\/\/store.mariages.io\/ar\/product\/grille-pain-et-sandwich-maker-tefal-toast-expert-gc191-1800w-gc191e26\/","og_locale":"ar_AR","og_type":"article","og_title":"Grille-Pain et Sandwich Maker Tefal Toast Expert GC191 - 1800W - GC191E26 - Mariages.io store","og_description":"Barbecue table \u00e9lectrique Tefal Toast Expert : plaques amovibles, position 180\u00b0, thermostat r\u00e9glable et puissance 1800W pour grillades saines et polyvalentes \u00e0 la maison.","og_url":"https:\/\/store.mariages.io\/ar\/product\/grille-pain-et-sandwich-maker-tefal-toast-expert-gc191-1800w-gc191e26\/","og_site_name":"Mariages.io store","article_modified_time":"2025-10-17T21:53:35+00:00","og_image":[{"width":800,"height":800,"url":"https:\/\/store.mariages.io\/wp-content\/uploads\/2025\/03\/Design_sans_titre_34.webp","type":"image\/webp"}],"twitter_card":"summary_large_image","twitter_misc":{"\u0648\u0642\u062a \u0627\u0644\u0642\u0631\u0627\u0621\u0629 \u0627\u0644\u0645\u064f\u0642\u062f\u0651\u0631":"\u062f\u0642\u064a\u0642\u062a\u0627\u0646"},"schema":{"@context":"https:\/\/schema.org","@graph":[{"@type":"WebPage","@id":"https:\/\/store.mariages.io\/product\/grille-pain-et-sandwich-maker-tefal-toast-expert-gc191-1800w-gc191e26\/","url":"https:\/\/store.mariages.io\/product\/grille-pain-et-sandwich-maker-tefal-toast-expert-gc191-1800w-gc191e26\/","name":"Grille-Pain et Sandwich Maker Tefal Toast Expert GC191 - 1800W - GC191E26 - Mariages.io store","isPartOf":{"@id":"https:\/\/darkviolet-ram-161551.hostingersite.com\/#website"},"primaryImageOfPage":{"@id":"https:\/\/store.mariages.io\/product\/grille-pain-et-sandwich-maker-tefal-toast-expert-gc191-1800w-gc191e26\/#primaryimage"},"image":{"@id":"https:\/\/store.mariages.io\/product\/grille-pain-et-sandwich-maker-tefal-toast-expert-gc191-1800w-gc191e26\/#primaryimage"},"thumbnailUrl":"https:\/\/store.mariages.io\/wp-content\/uploads\/2025\/03\/Design_sans_titre_34.webp","datePublished":"2025-03-01T12:22:01+00:00","dateModified":"2025-10-17T21:53:35+00:00","description":"Barbecue table \u00e9lectrique Tefal Toast Expert : plaques amovibles, position 180\u00b0, thermostat r\u00e9glable et puissance 1800W pour grillades saines et polyvalentes \u00e0 la maison.","breadcrumb":{"@id":"https:\/\/store.mariages.io\/product\/grille-pain-et-sandwich-maker-tefal-toast-expert-gc191-1800w-gc191e26\/#breadcrumb"},"inLanguage":"ar","potentialAction":[{"@type":"ReadAction","target":["https:\/\/store.mariages.io\/product\/grille-pain-et-sandwich-maker-tefal-toast-expert-gc191-1800w-gc191e26\/"]}]},{"@type":"ImageObject","inLanguage":"ar","@id":"https:\/\/store.mariages.io\/product\/grille-pain-et-sandwich-maker-tefal-toast-expert-gc191-1800w-gc191e26\/#primaryimage","url":"https:\/\/store.mariages.io\/wp-content\/uploads\/2025\/03\/Design_sans_titre_34.webp","contentUrl":"https:\/\/store.mariages.io\/wp-content\/uploads\/2025\/03\/Design_sans_titre_34.webp","width":800,"height":800},{"@type":"BreadcrumbList","@id":"https:\/\/store.mariages.io\/product\/grille-pain-et-sandwich-maker-tefal-toast-expert-gc191-1800w-gc191e26\/#breadcrumb","itemListElement":[{"@type":"ListItem","position":1,"name":"Home","item":"https:\/\/darkviolet-ram-161551.hostingersite.com\/"},{"@type":"ListItem","position":2,"name":"Shop","item":"https:\/\/store.mariages.io\/shop\/"},{"@type":"ListItem","position":3,"name":"Grille-Pain et Sandwich Maker Tefal Toast Expert GC191 &#8211; 1800W &#8211; GC191E26"}]},{"@type":"WebSite","@id":"https:\/\/darkviolet-ram-161551.hostingersite.com\/#website","url":"https:\/\/darkviolet-ram-161551.hostingersite.com\/","name":"Mariages.io store","description":"STORE Mariages.IO","potentialAction":[{"@type":"SearchAction","target":{"@type":"EntryPoint","urlTemplate":"https:\/\/darkviolet-ram-161551.hostingersite.com\/?s={search_term_string}"},"query-input":{"@type":"PropertyValueSpecification","valueRequired":true,"valueName":"search_term_string"}}],"inLanguage":"ar"}]}},"_links":{"self":[{"href":"https:\/\/store.mariages.io\/ar\/wp-json\/wp\/v2\/product\/12409","targetHints":{"allow":["GET"]}}],"collection":[{"href":"https:\/\/store.mariages.io\/ar\/wp-json\/wp\/v2\/product"}],"about":[{"href":"https:\/\/store.mariages.io\/ar\/wp-json\/wp\/v2\/types\/product"}],"replies":[{"embeddable":true,"href":"https:\/\/store.mariages.io\/ar\/wp-json\/wp\/v2\/comments?post=12409"}],"version-history":[{"count":1,"href":"https:\/\/store.mariages.io\/ar\/wp-json\/wp\/v2\/product\/12409\/revisions"}],"predecessor-version":[{"id":12413,"href":"https:\/\/store.mariages.io\/ar\/wp-json\/wp\/v2\/product\/12409\/revisions\/12413"}],"wp:featuredmedia":[{"embeddable":true,"href":"https:\/\/store.mariages.io\/ar\/wp-json\/wp\/v2\/media\/12412"}],"wp:attachment":[{"href":"https:\/\/store.mariages.io\/ar\/wp-json\/wp\/v2\/media?parent=12409"}],"wp:term":[{"taxonomy":"product_brand","embeddable":true,"href":"https:\/\/store.mariages.io\/ar\/wp-json\/wp\/v2\/product_brand?post=12409"},{"taxonomy":"product_cat","embeddable":true,"href":"https:\/\/store.mariages.io\/ar\/wp-json\/wp\/v2\/product_cat?post=12409"},{"taxonomy":"product_tag","embeddable":true,"href":"https:\/\/store.mariages.io\/ar\/wp-json\/wp\/v2\/product_tag?post=12409"}],"curies":[{"name":"wp","href":"https:\/\/api.w.org\/{rel}","templated":true}]}}