{"id":12402,"date":"2025-03-01T12:11:03","date_gmt":"2025-03-01T12:11:03","guid":{"rendered":"https:\/\/darkviolet-ram-161551.hostingersite.com\/?post_type=product&#038;p=12402"},"modified":"2025-10-17T21:54:43","modified_gmt":"2025-10-17T21:54:43","slug":"grille-pain-equinox-inox-2-fentes-tl330d11","status":"publish","type":"product","link":"https:\/\/store.mariages.io\/ar\/product\/grille-pain-equinox-inox-2-fentes-tl330d11\/","title":{"rendered":"\u0645\u062d\u0645\u0635\u0629 \u0625\u0643\u0648\u064a\u0646\u0648\u0643\u0633 \u0645\u0646 \u0627\u0644\u0641\u0648\u0644\u0627\u0630 \u0627\u0644\u0645\u0642\u0627\u0648\u0645 \u0644\u0644\u0635\u062f\u0623\u060c \u0634\u0631\u064a\u062d\u062a\u0627\u0646 - TL330D11"},"content":{"rendered":"<p>Le grille-pain Equinox en inox, avec ses deux longues fentes, est l&rsquo;outil parfait pour vos petits d\u00e9jeuners. Compact et facile \u00e0 ranger, il allie fonctionnalit\u00e9 et design moderne gr\u00e2ce \u00e0 son rev\u00eatement en inox. Profitez de toasts parfaitement dor\u00e9s selon vos pr\u00e9f\u00e9rences avec les 6 niveaux de dorage, et retirez facilement vos tranches de pain, m\u00eame les plus petites, gr\u00e2ce \u00e0 la remont\u00e9e extra-haute. Avec la fonction stop pour interrompre imm\u00e9diatement le grillage et le tiroir ramasse-miettes amovible, le nettoyage et l&rsquo;utilisation de ce grille-pain sont simplifi\u00e9s.<\/p>\n<p>\u0645\u0645\u064a\u0632\u0627\u062a \u0627\u0644\u0645\u0646\u062a\u062c<br \/>\nPuissance : 1400 W<br \/>\nThermostat : 6 niveaux de dorage<br \/>\nFentes : 2 longues fentes id\u00e9ales pour griller les toasts<br \/>\nRemont\u00e9e extra-haute : Pour retirer vos toasts, m\u00eame les plus petites tranches<br \/>\nFonction Stop : Interrompt imm\u00e9diatement le grillage<br \/>\nTiroir ramasse-miettes amovible : Pour un nettoyage facile<br \/>\nRev\u00eatement : Inox, pour un design moderne et \u00e9l\u00e9gant<br \/>\nCentrage automatique du pain : Pour griller uniform\u00e9ment<br \/>\nRange cordon : Oui<br \/>\nColoris : Inox<br \/>\nGarantie : 2 ans<br \/>\nDisponibilit\u00e9 des pi\u00e8ces d\u00e9tach\u00e9es : 15 ans<br \/>\n\u0641\u0648\u0627\u0626\u062f \u0627\u0644\u0645\u0646\u062a\u062c<br \/>\nForme compacte, facile \u00e0 ranger<br \/>\nCe grille-pain est con\u00e7u pour ne pas encombrer votre plan de travail et se ranger facilement dans vos placards.<\/p>\n<p>Design moderne et \u00e9l\u00e9gant<br \/>\nSon rev\u00eatement en inox apporte une touche d&rsquo;\u00e9l\u00e9gance \u00e0 votre cuisine.<\/p>\n<p>Utilisation simple et efficace<br \/>\nAvec 6 niveaux de dorage, un centrage automatique du pain, et une fonction de remont\u00e9e extra-haute, ce grille-pain vous permet de pr\u00e9parer vos toasts exactement comme vous les aimez.<\/p>\n<p>Nettoyage facile<br \/>\nLe tiroir ramasse-miettes amovible facilite le nettoyage de votre appareil apr\u00e8s chaque utilisation.<\/p>\n<p>\u0642\u0627\u0628\u0644\u0629 \u0644\u0644\u0625\u0635\u0644\u0627\u062d \u0628\u0633\u0639\u0631 \u0639\u0627\u062f\u0644 - 15 \u0639\u0627\u0645\u064b\u0627<br \/>\nCon\u00e7u pour \u00eatre r\u00e9par\u00e9 avec une mise \u00e0 disposition rapide des pi\u00e8ces \u00e0 co\u00fbt limit\u00e9 pendant 15 ans et plus, avec 6200 r\u00e9parateurs agr\u00e9\u00e9s dans le monde.<\/p>\n<p>\u0645\u0639\u0644\u0648\u0645\u0627\u062a \u0644\u0648\u062c\u0633\u062a\u064a\u0629<br \/>\nDimensions du produit nu : 380 x 156 x 184 mm<br \/>\nDimensions du produit emball\u00e9 : 410 x 193 x 205 mm<br \/>\nPoids du produit nu : 1,25 kg<br \/>\nPoids du produit emball\u00e9 : 1,798 kg<\/p>","protected":false},"excerpt":{"rendered":"<p>Un grille-pain double fente compact pour des petits d\u00e9jeuners r\u00e9ussis !<br \/>\nAvec son rev\u00eatement inox moderne et \u00e9l\u00e9gant, le grille-pain Equinox compact est facile \u00e0 ranger, pour un faible encombrement de votre plan de travail.<\/p>","protected":false},"featured_media":12406,"comment_status":"open","ping_status":"closed","template":"","meta":{"_joinchat":[]},"product_brand":[],"product_cat":[184,198],"product_tag":[],"class_list":{"0":"post-12402","1":"product","2":"type-product","3":"status-publish","4":"has-post-thumbnail","6":"product_cat-electromenager","7":"product_cat-petit-electromenager","9":"first","10":"instock","11":"shipping-taxable","12":"purchasable","13":"product-type-simple"},"yoast_head":"<!-- This site is optimized with the Yoast SEO plugin v26.7 - https:\/\/yoast.com\/wordpress\/plugins\/seo\/ -->\n<title>Grille-Pain Equinox Inox 2 Fentes - TL330D11 - Mariages.io store<\/title>\n<meta name=\"description\" content=\"Grille pain Tefal inox Equinox : design compact, 2 fentes longues, 6 niveaux de dorage, remont\u00e9e extra-haute et tiroir ramasse-miettes. \u00c9l\u00e9gant, moderne et facile \u00e0 ranger.\" \/>\n<meta name=\"robots\" content=\"index, follow, max-snippet:-1, max-image-preview:large, max-video-preview:-1\" \/>\n<link rel=\"canonical\" href=\"https:\/\/store.mariages.io\/ar\/product\/grille-pain-equinox-inox-2-fentes-tl330d11\/\" \/>\n<meta property=\"og:locale\" content=\"ar_AR\" \/>\n<meta property=\"og:type\" content=\"article\" \/>\n<meta property=\"og:title\" content=\"Grille-Pain Equinox Inox 2 Fentes - TL330D11 - Mariages.io store\" \/>\n<meta property=\"og:description\" content=\"Grille pain Tefal inox Equinox : design compact, 2 fentes longues, 6 niveaux de dorage, remont\u00e9e extra-haute et tiroir ramasse-miettes. \u00c9l\u00e9gant, moderne et facile \u00e0 ranger.\" \/>\n<meta property=\"og:url\" content=\"https:\/\/store.mariages.io\/ar\/product\/grille-pain-equinox-inox-2-fentes-tl330d11\/\" \/>\n<meta property=\"og:site_name\" content=\"Mariages.io store\" \/>\n<meta property=\"article:modified_time\" content=\"2025-10-17T21:54:43+00:00\" \/>\n<meta property=\"og:image\" content=\"https:\/\/store.mariages.io\/wp-content\/uploads\/2025\/03\/Designsanstitre_73.webp\" \/>\n\t<meta property=\"og:image:width\" content=\"800\" \/>\n\t<meta property=\"og:image:height\" content=\"800\" \/>\n\t<meta property=\"og:image:type\" content=\"image\/webp\" \/>\n<meta name=\"twitter:card\" content=\"summary_large_image\" \/>\n<meta name=\"twitter:label1\" content=\"\u0648\u0642\u062a \u0627\u0644\u0642\u0631\u0627\u0621\u0629 \u0627\u0644\u0645\u064f\u0642\u062f\u0651\u0631\" \/>\n\t<meta name=\"twitter:data1\" content=\"\u062f\u0642\u064a\u0642\u062a\u0627\u0646\" \/>\n<script type=\"application\/ld+json\" class=\"yoast-schema-graph\">{\"@context\":\"https:\/\/schema.org\",\"@graph\":[{\"@type\":\"WebPage\",\"@id\":\"https:\/\/store.mariages.io\/product\/grille-pain-equinox-inox-2-fentes-tl330d11\/\",\"url\":\"https:\/\/store.mariages.io\/product\/grille-pain-equinox-inox-2-fentes-tl330d11\/\",\"name\":\"Grille-Pain Equinox Inox 2 Fentes - TL330D11 - Mariages.io store\",\"isPartOf\":{\"@id\":\"https:\/\/darkviolet-ram-161551.hostingersite.com\/#website\"},\"primaryImageOfPage\":{\"@id\":\"https:\/\/store.mariages.io\/product\/grille-pain-equinox-inox-2-fentes-tl330d11\/#primaryimage\"},\"image\":{\"@id\":\"https:\/\/store.mariages.io\/product\/grille-pain-equinox-inox-2-fentes-tl330d11\/#primaryimage\"},\"thumbnailUrl\":\"https:\/\/store.mariages.io\/wp-content\/uploads\/2025\/03\/Designsanstitre_73.webp\",\"datePublished\":\"2025-03-01T12:11:03+00:00\",\"dateModified\":\"2025-10-17T21:54:43+00:00\",\"description\":\"Grille pain Tefal inox Equinox : design compact, 2 fentes longues, 6 niveaux de dorage, remont\u00e9e extra-haute et tiroir ramasse-miettes. \u00c9l\u00e9gant, moderne et facile \u00e0 ranger.\",\"breadcrumb\":{\"@id\":\"https:\/\/store.mariages.io\/product\/grille-pain-equinox-inox-2-fentes-tl330d11\/#breadcrumb\"},\"inLanguage\":\"ar\",\"potentialAction\":[{\"@type\":\"ReadAction\",\"target\":[\"https:\/\/store.mariages.io\/product\/grille-pain-equinox-inox-2-fentes-tl330d11\/\"]}]},{\"@type\":\"ImageObject\",\"inLanguage\":\"ar\",\"@id\":\"https:\/\/store.mariages.io\/product\/grille-pain-equinox-inox-2-fentes-tl330d11\/#primaryimage\",\"url\":\"https:\/\/store.mariages.io\/wp-content\/uploads\/2025\/03\/Designsanstitre_73.webp\",\"contentUrl\":\"https:\/\/store.mariages.io\/wp-content\/uploads\/2025\/03\/Designsanstitre_73.webp\",\"width\":800,\"height\":800},{\"@type\":\"BreadcrumbList\",\"@id\":\"https:\/\/store.mariages.io\/product\/grille-pain-equinox-inox-2-fentes-tl330d11\/#breadcrumb\",\"itemListElement\":[{\"@type\":\"ListItem\",\"position\":1,\"name\":\"Home\",\"item\":\"https:\/\/darkviolet-ram-161551.hostingersite.com\/\"},{\"@type\":\"ListItem\",\"position\":2,\"name\":\"Shop\",\"item\":\"https:\/\/store.mariages.io\/shop\/\"},{\"@type\":\"ListItem\",\"position\":3,\"name\":\"Grille-Pain Equinox Inox 2 Fentes &#8211; TL330D11\"}]},{\"@type\":\"WebSite\",\"@id\":\"https:\/\/darkviolet-ram-161551.hostingersite.com\/#website\",\"url\":\"https:\/\/darkviolet-ram-161551.hostingersite.com\/\",\"name\":\"Mariages.io store\",\"description\":\"STORE Mariages.IO\",\"potentialAction\":[{\"@type\":\"SearchAction\",\"target\":{\"@type\":\"EntryPoint\",\"urlTemplate\":\"https:\/\/darkviolet-ram-161551.hostingersite.com\/?s={search_term_string}\"},\"query-input\":{\"@type\":\"PropertyValueSpecification\",\"valueRequired\":true,\"valueName\":\"search_term_string\"}}],\"inLanguage\":\"ar\"}]}<\/script>\n<!-- \/ Yoast SEO plugin. -->","yoast_head_json":{"title":"Grille-Pain Equinox Inox 2 Fentes - TL330D11 - Mariages.io store","description":"Grille pain Tefal inox Equinox : design compact, 2 fentes longues, 6 niveaux de dorage, remont\u00e9e extra-haute et tiroir ramasse-miettes. \u00c9l\u00e9gant, moderne et facile \u00e0 ranger.","robots":{"index":"index","follow":"follow","max-snippet":"max-snippet:-1","max-image-preview":"max-image-preview:large","max-video-preview":"max-video-preview:-1"},"canonical":"https:\/\/store.mariages.io\/ar\/product\/grille-pain-equinox-inox-2-fentes-tl330d11\/","og_locale":"ar_AR","og_type":"article","og_title":"Grille-Pain Equinox Inox 2 Fentes - TL330D11 - Mariages.io store","og_description":"Grille pain Tefal inox Equinox : design compact, 2 fentes longues, 6 niveaux de dorage, remont\u00e9e extra-haute et tiroir ramasse-miettes. \u00c9l\u00e9gant, moderne et facile \u00e0 ranger.","og_url":"https:\/\/store.mariages.io\/ar\/product\/grille-pain-equinox-inox-2-fentes-tl330d11\/","og_site_name":"Mariages.io store","article_modified_time":"2025-10-17T21:54:43+00:00","og_image":[{"width":800,"height":800,"url":"https:\/\/store.mariages.io\/wp-content\/uploads\/2025\/03\/Designsanstitre_73.webp","type":"image\/webp"}],"twitter_card":"summary_large_image","twitter_misc":{"\u0648\u0642\u062a \u0627\u0644\u0642\u0631\u0627\u0621\u0629 \u0627\u0644\u0645\u064f\u0642\u062f\u0651\u0631":"\u062f\u0642\u064a\u0642\u062a\u0627\u0646"},"schema":{"@context":"https:\/\/schema.org","@graph":[{"@type":"WebPage","@id":"https:\/\/store.mariages.io\/product\/grille-pain-equinox-inox-2-fentes-tl330d11\/","url":"https:\/\/store.mariages.io\/product\/grille-pain-equinox-inox-2-fentes-tl330d11\/","name":"Grille-Pain Equinox Inox 2 Fentes - TL330D11 - Mariages.io store","isPartOf":{"@id":"https:\/\/darkviolet-ram-161551.hostingersite.com\/#website"},"primaryImageOfPage":{"@id":"https:\/\/store.mariages.io\/product\/grille-pain-equinox-inox-2-fentes-tl330d11\/#primaryimage"},"image":{"@id":"https:\/\/store.mariages.io\/product\/grille-pain-equinox-inox-2-fentes-tl330d11\/#primaryimage"},"thumbnailUrl":"https:\/\/store.mariages.io\/wp-content\/uploads\/2025\/03\/Designsanstitre_73.webp","datePublished":"2025-03-01T12:11:03+00:00","dateModified":"2025-10-17T21:54:43+00:00","description":"Grille pain Tefal inox Equinox : design compact, 2 fentes longues, 6 niveaux de dorage, remont\u00e9e extra-haute et tiroir ramasse-miettes. \u00c9l\u00e9gant, moderne et facile \u00e0 ranger.","breadcrumb":{"@id":"https:\/\/store.mariages.io\/product\/grille-pain-equinox-inox-2-fentes-tl330d11\/#breadcrumb"},"inLanguage":"ar","potentialAction":[{"@type":"ReadAction","target":["https:\/\/store.mariages.io\/product\/grille-pain-equinox-inox-2-fentes-tl330d11\/"]}]},{"@type":"ImageObject","inLanguage":"ar","@id":"https:\/\/store.mariages.io\/product\/grille-pain-equinox-inox-2-fentes-tl330d11\/#primaryimage","url":"https:\/\/store.mariages.io\/wp-content\/uploads\/2025\/03\/Designsanstitre_73.webp","contentUrl":"https:\/\/store.mariages.io\/wp-content\/uploads\/2025\/03\/Designsanstitre_73.webp","width":800,"height":800},{"@type":"BreadcrumbList","@id":"https:\/\/store.mariages.io\/product\/grille-pain-equinox-inox-2-fentes-tl330d11\/#breadcrumb","itemListElement":[{"@type":"ListItem","position":1,"name":"Home","item":"https:\/\/darkviolet-ram-161551.hostingersite.com\/"},{"@type":"ListItem","position":2,"name":"Shop","item":"https:\/\/store.mariages.io\/shop\/"},{"@type":"ListItem","position":3,"name":"Grille-Pain Equinox Inox 2 Fentes &#8211; TL330D11"}]},{"@type":"WebSite","@id":"https:\/\/darkviolet-ram-161551.hostingersite.com\/#website","url":"https:\/\/darkviolet-ram-161551.hostingersite.com\/","name":"Mariages.io store","description":"STORE Mariages.IO","potentialAction":[{"@type":"SearchAction","target":{"@type":"EntryPoint","urlTemplate":"https:\/\/darkviolet-ram-161551.hostingersite.com\/?s={search_term_string}"},"query-input":{"@type":"PropertyValueSpecification","valueRequired":true,"valueName":"search_term_string"}}],"inLanguage":"ar"}]}},"_links":{"self":[{"href":"https:\/\/store.mariages.io\/ar\/wp-json\/wp\/v2\/product\/12402","targetHints":{"allow":["GET"]}}],"collection":[{"href":"https:\/\/store.mariages.io\/ar\/wp-json\/wp\/v2\/product"}],"about":[{"href":"https:\/\/store.mariages.io\/ar\/wp-json\/wp\/v2\/types\/product"}],"replies":[{"embeddable":true,"href":"https:\/\/store.mariages.io\/ar\/wp-json\/wp\/v2\/comments?post=12402"}],"version-history":[{"count":2,"href":"https:\/\/store.mariages.io\/ar\/wp-json\/wp\/v2\/product\/12402\/revisions"}],"predecessor-version":[{"id":12738,"href":"https:\/\/store.mariages.io\/ar\/wp-json\/wp\/v2\/product\/12402\/revisions\/12738"}],"wp:featuredmedia":[{"embeddable":true,"href":"https:\/\/store.mariages.io\/ar\/wp-json\/wp\/v2\/media\/12406"}],"wp:attachment":[{"href":"https:\/\/store.mariages.io\/ar\/wp-json\/wp\/v2\/media?parent=12402"}],"wp:term":[{"taxonomy":"product_brand","embeddable":true,"href":"https:\/\/store.mariages.io\/ar\/wp-json\/wp\/v2\/product_brand?post=12402"},{"taxonomy":"product_cat","embeddable":true,"href":"https:\/\/store.mariages.io\/ar\/wp-json\/wp\/v2\/product_cat?post=12402"},{"taxonomy":"product_tag","embeddable":true,"href":"https:\/\/store.mariages.io\/ar\/wp-json\/wp\/v2\/product_tag?post=12402"}],"curies":[{"name":"wp","href":"https:\/\/api.w.org\/{rel}","templated":true}]}}