{"id":12393,"date":"2025-03-01T12:08:54","date_gmt":"2025-03-01T12:08:54","guid":{"rendered":"https:\/\/darkviolet-ram-161551.hostingersite.com\/?post_type=product&#038;p=12393"},"modified":"2025-10-17T21:55:50","modified_gmt":"2025-10-17T21:55:50","slug":"hachoir-choppeo-3-en-1-tefal-dj603110","status":"publish","type":"product","link":"https:\/\/store.mariages.io\/ar\/product\/hachoir-choppeo-3-en-1-tefal-dj603110\/","title":{"rendered":"\u0645\u0641\u0631\u0645\u0629 \u062a\u0634\u0648\u0628\u064a\u0648 3 \u0641\u064a 1 \u2013 \u062a\u064a\u0641\u0627\u0644 \u2013 DJ603110"},"content":{"rendered":"<p>\u0645\u0645\u064a\u0632\u0627\u062a \u0627\u0644\u0645\u0646\u062a\u062c<br \/>\nPuissance :500 W<br \/>\nNombre de vitesses: 2 vitesses<br \/>\nNombre de lames : 4<br \/>\nType de lames : Acier inoxydable<br \/>\nCapacit\u00e9 de la cuve : 2L<br \/>\nMat\u00e9riau du bol : Verre<br \/>\n\u0622\u0645\u0646\u0629 \u0644\u0644\u0627\u0633\u062a\u062e\u062f\u0627\u0645 \u0641\u064a \u063a\u0633\u0627\u0644\u0629 \u0627\u0644\u0623\u0637\u0628\u0627\u0642: \u0646\u0639\u0645<br \/>\nCouleur : Eycalyptus<br \/>\n\u0641\u0648\u0627\u0626\u062f \u0627\u0644\u0645\u0646\u062a\u062c<br \/>\nVerre borosilicate r\u00e9sistant<br \/>\nParfait pour une utilisation quotidienne avec un bol en verre borosilicate tr\u00e8s robuste offrant durabilit\u00e9 et r\u00e9sistance aux chocs<\/p>\n<p>Polyvalence<br \/>\nPolyvalence totale avec un contr\u00f4le parfait de la texture et de l&rsquo;onctuosit\u00e9 gr\u00e2ce aux deux r\u00e9glages de vitesse. Hachez des oignons, pr\u00e9parez du guacamole et bien plus !<\/p>\n<p>R\u00e9sultats parfaits et rapides<br \/>\nR\u00e9sultats parfaits et performances fiables gr\u00e2ce \u00e0 4 lames en acier inoxydable et \u00e0 un puissant moteur de 500 W pour hacher de la viande, des fruits \u00e0 coque, du fromage et bien plus.<\/p>\n<p>Technologie Safe Start Advanced<br \/>\nPour une s\u00e9curit\u00e9 et une durabilit\u00e9 optimales gr\u00e2ce \u00e0 une double d\u00e9tection du bol.<\/p>\n<p>Les ingr\u00e9dients restent frais<br \/>\nPr\u00e9servez la fra\u00eecheur et les saveurs naturelles de vos ingr\u00e9dients gr\u00e2ce au couvercle de conservation.<\/p>\n<p>Facile \u00e0 nettoyer<br \/>\nPi\u00e8ces amovibles compatibles lave-vaisselle, sauf la base du moteur, et lames d\u00e9tachables pour vous simplifier la vie apr\u00e8s chaque utilisation.<\/p>\n<p>Produit r\u00e9parable 15 ans au juste prix<br \/>\nCon\u00e7u pour \u00eatre facilement r\u00e9par\u00e9 pendant 15 ans gr\u00e2ce \u00e0 nos pi\u00e8ces d\u00e9tach\u00e9es disponibles \u00e0 un co\u00fbt raisonnable rapidement au travers de notre r\u00e9seau de 6 200 r\u00e9parateurs dans le monde.<br \/>\n\u0645\u0639\u0644\u0648\u0645\u0627\u062a \u0644\u0648\u062c\u0633\u062a\u064a\u0629<br \/>\nDimensions du produit nu : 217 x 184 x 254 mm<br \/>\nDimensions du produit emball\u00e9 : 354 x 224 x 208 mm<br \/>\nPoids du produit nu : 2,126 kg<br \/>\nPoids du produit emball\u00e9 : 2,95 kg<\/p>","protected":false},"excerpt":{"rendered":"<p>Une tr\u00e8s grande capacit\u00e9 pour r\u00e9pondre aux besoins de toute la famille<br \/>\nGagnez du temps en un seul geste !<\/p>","protected":false},"featured_media":12399,"comment_status":"open","ping_status":"closed","template":"","meta":{"_joinchat":[]},"product_brand":[],"product_cat":[184,198],"product_tag":[],"class_list":{"0":"post-12393","1":"product","2":"type-product","3":"status-publish","4":"has-post-thumbnail","6":"product_cat-electromenager","7":"product_cat-petit-electromenager","9":"first","10":"instock","11":"shipping-taxable","12":"purchasable","13":"product-type-simple"},"yoast_head":"<!-- This site is optimized with the Yoast SEO plugin v26.7 - https:\/\/yoast.com\/wordpress\/plugins\/seo\/ -->\n<title>Hachoir CHOPPEO 3 EN 1 - Tefal - DJ603110 - Mariages.io store<\/title>\n<meta name=\"description\" content=\"Hachoir Tefal 3 en 1 : bol en verre 2L, 500W, 2 vitesses, lames inox et couvercle de conservation. Polyvalent, puissant et facile \u00e0 nettoyer pour toute la famille.\" \/>\n<meta name=\"robots\" content=\"index, follow, max-snippet:-1, max-image-preview:large, max-video-preview:-1\" \/>\n<link rel=\"canonical\" href=\"https:\/\/store.mariages.io\/ar\/product\/hachoir-choppeo-3-en-1-tefal-dj603110\/\" \/>\n<meta property=\"og:locale\" content=\"ar_AR\" \/>\n<meta property=\"og:type\" content=\"article\" \/>\n<meta property=\"og:title\" content=\"Hachoir CHOPPEO 3 EN 1 - Tefal - DJ603110 - Mariages.io store\" \/>\n<meta property=\"og:description\" content=\"Hachoir Tefal 3 en 1 : bol en verre 2L, 500W, 2 vitesses, lames inox et couvercle de conservation. Polyvalent, puissant et facile \u00e0 nettoyer pour toute la famille.\" \/>\n<meta property=\"og:url\" content=\"https:\/\/store.mariages.io\/ar\/product\/hachoir-choppeo-3-en-1-tefal-dj603110\/\" \/>\n<meta property=\"og:site_name\" content=\"Mariages.io store\" \/>\n<meta property=\"article:modified_time\" content=\"2025-10-17T21:55:50+00:00\" \/>\n<meta property=\"og:image\" content=\"https:\/\/store.mariages.io\/wp-content\/uploads\/2025\/03\/Digital-MLX_DJ6031_CHOPPEO_H2.webp\" \/>\n\t<meta property=\"og:image:width\" content=\"1600\" \/>\n\t<meta property=\"og:image:height\" content=\"1600\" \/>\n\t<meta property=\"og:image:type\" content=\"image\/webp\" \/>\n<meta name=\"twitter:card\" content=\"summary_large_image\" \/>\n<meta name=\"twitter:label1\" content=\"\u0648\u0642\u062a \u0627\u0644\u0642\u0631\u0627\u0621\u0629 \u0627\u0644\u0645\u064f\u0642\u062f\u0651\u0631\" \/>\n\t<meta name=\"twitter:data1\" content=\"\u062f\u0642\u064a\u0642\u062a\u0627\u0646\" \/>\n<script type=\"application\/ld+json\" class=\"yoast-schema-graph\">{\"@context\":\"https:\/\/schema.org\",\"@graph\":[{\"@type\":\"WebPage\",\"@id\":\"https:\/\/store.mariages.io\/product\/hachoir-choppeo-3-en-1-tefal-dj603110\/\",\"url\":\"https:\/\/store.mariages.io\/product\/hachoir-choppeo-3-en-1-tefal-dj603110\/\",\"name\":\"Hachoir CHOPPEO 3 EN 1 - Tefal - DJ603110 - Mariages.io store\",\"isPartOf\":{\"@id\":\"https:\/\/darkviolet-ram-161551.hostingersite.com\/#website\"},\"primaryImageOfPage\":{\"@id\":\"https:\/\/store.mariages.io\/product\/hachoir-choppeo-3-en-1-tefal-dj603110\/#primaryimage\"},\"image\":{\"@id\":\"https:\/\/store.mariages.io\/product\/hachoir-choppeo-3-en-1-tefal-dj603110\/#primaryimage\"},\"thumbnailUrl\":\"https:\/\/store.mariages.io\/wp-content\/uploads\/2025\/03\/Digital-MLX_DJ6031_CHOPPEO_H2.webp\",\"datePublished\":\"2025-03-01T12:08:54+00:00\",\"dateModified\":\"2025-10-17T21:55:50+00:00\",\"description\":\"Hachoir Tefal 3 en 1 : bol en verre 2L, 500W, 2 vitesses, lames inox et couvercle de conservation. Polyvalent, puissant et facile \u00e0 nettoyer pour toute la famille.\",\"breadcrumb\":{\"@id\":\"https:\/\/store.mariages.io\/product\/hachoir-choppeo-3-en-1-tefal-dj603110\/#breadcrumb\"},\"inLanguage\":\"ar\",\"potentialAction\":[{\"@type\":\"ReadAction\",\"target\":[\"https:\/\/store.mariages.io\/product\/hachoir-choppeo-3-en-1-tefal-dj603110\/\"]}]},{\"@type\":\"ImageObject\",\"inLanguage\":\"ar\",\"@id\":\"https:\/\/store.mariages.io\/product\/hachoir-choppeo-3-en-1-tefal-dj603110\/#primaryimage\",\"url\":\"https:\/\/store.mariages.io\/wp-content\/uploads\/2025\/03\/Digital-MLX_DJ6031_CHOPPEO_H2.webp\",\"contentUrl\":\"https:\/\/store.mariages.io\/wp-content\/uploads\/2025\/03\/Digital-MLX_DJ6031_CHOPPEO_H2.webp\",\"width\":1600,\"height\":1600},{\"@type\":\"BreadcrumbList\",\"@id\":\"https:\/\/store.mariages.io\/product\/hachoir-choppeo-3-en-1-tefal-dj603110\/#breadcrumb\",\"itemListElement\":[{\"@type\":\"ListItem\",\"position\":1,\"name\":\"Home\",\"item\":\"https:\/\/darkviolet-ram-161551.hostingersite.com\/\"},{\"@type\":\"ListItem\",\"position\":2,\"name\":\"Shop\",\"item\":\"https:\/\/store.mariages.io\/shop\/\"},{\"@type\":\"ListItem\",\"position\":3,\"name\":\"Hachoir CHOPPEO 3 EN 1 &#8211; Tefal &#8211; DJ603110\"}]},{\"@type\":\"WebSite\",\"@id\":\"https:\/\/darkviolet-ram-161551.hostingersite.com\/#website\",\"url\":\"https:\/\/darkviolet-ram-161551.hostingersite.com\/\",\"name\":\"Mariages.io store\",\"description\":\"STORE Mariages.IO\",\"potentialAction\":[{\"@type\":\"SearchAction\",\"target\":{\"@type\":\"EntryPoint\",\"urlTemplate\":\"https:\/\/darkviolet-ram-161551.hostingersite.com\/?s={search_term_string}\"},\"query-input\":{\"@type\":\"PropertyValueSpecification\",\"valueRequired\":true,\"valueName\":\"search_term_string\"}}],\"inLanguage\":\"ar\"}]}<\/script>\n<!-- \/ Yoast SEO plugin. -->","yoast_head_json":{"title":"Hachoir CHOPPEO 3 EN 1 - Tefal - DJ603110 - Mariages.io store","description":"Hachoir Tefal 3 en 1 : bol en verre 2L, 500W, 2 vitesses, lames inox et couvercle de conservation. Polyvalent, puissant et facile \u00e0 nettoyer pour toute la famille.","robots":{"index":"index","follow":"follow","max-snippet":"max-snippet:-1","max-image-preview":"max-image-preview:large","max-video-preview":"max-video-preview:-1"},"canonical":"https:\/\/store.mariages.io\/ar\/product\/hachoir-choppeo-3-en-1-tefal-dj603110\/","og_locale":"ar_AR","og_type":"article","og_title":"Hachoir CHOPPEO 3 EN 1 - Tefal - DJ603110 - Mariages.io store","og_description":"Hachoir Tefal 3 en 1 : bol en verre 2L, 500W, 2 vitesses, lames inox et couvercle de conservation. Polyvalent, puissant et facile \u00e0 nettoyer pour toute la famille.","og_url":"https:\/\/store.mariages.io\/ar\/product\/hachoir-choppeo-3-en-1-tefal-dj603110\/","og_site_name":"Mariages.io store","article_modified_time":"2025-10-17T21:55:50+00:00","og_image":[{"width":1600,"height":1600,"url":"https:\/\/store.mariages.io\/wp-content\/uploads\/2025\/03\/Digital-MLX_DJ6031_CHOPPEO_H2.webp","type":"image\/webp"}],"twitter_card":"summary_large_image","twitter_misc":{"\u0648\u0642\u062a \u0627\u0644\u0642\u0631\u0627\u0621\u0629 \u0627\u0644\u0645\u064f\u0642\u062f\u0651\u0631":"\u062f\u0642\u064a\u0642\u062a\u0627\u0646"},"schema":{"@context":"https:\/\/schema.org","@graph":[{"@type":"WebPage","@id":"https:\/\/store.mariages.io\/product\/hachoir-choppeo-3-en-1-tefal-dj603110\/","url":"https:\/\/store.mariages.io\/product\/hachoir-choppeo-3-en-1-tefal-dj603110\/","name":"Hachoir CHOPPEO 3 EN 1 - Tefal - DJ603110 - Mariages.io store","isPartOf":{"@id":"https:\/\/darkviolet-ram-161551.hostingersite.com\/#website"},"primaryImageOfPage":{"@id":"https:\/\/store.mariages.io\/product\/hachoir-choppeo-3-en-1-tefal-dj603110\/#primaryimage"},"image":{"@id":"https:\/\/store.mariages.io\/product\/hachoir-choppeo-3-en-1-tefal-dj603110\/#primaryimage"},"thumbnailUrl":"https:\/\/store.mariages.io\/wp-content\/uploads\/2025\/03\/Digital-MLX_DJ6031_CHOPPEO_H2.webp","datePublished":"2025-03-01T12:08:54+00:00","dateModified":"2025-10-17T21:55:50+00:00","description":"Hachoir Tefal 3 en 1 : bol en verre 2L, 500W, 2 vitesses, lames inox et couvercle de conservation. Polyvalent, puissant et facile \u00e0 nettoyer pour toute la famille.","breadcrumb":{"@id":"https:\/\/store.mariages.io\/product\/hachoir-choppeo-3-en-1-tefal-dj603110\/#breadcrumb"},"inLanguage":"ar","potentialAction":[{"@type":"ReadAction","target":["https:\/\/store.mariages.io\/product\/hachoir-choppeo-3-en-1-tefal-dj603110\/"]}]},{"@type":"ImageObject","inLanguage":"ar","@id":"https:\/\/store.mariages.io\/product\/hachoir-choppeo-3-en-1-tefal-dj603110\/#primaryimage","url":"https:\/\/store.mariages.io\/wp-content\/uploads\/2025\/03\/Digital-MLX_DJ6031_CHOPPEO_H2.webp","contentUrl":"https:\/\/store.mariages.io\/wp-content\/uploads\/2025\/03\/Digital-MLX_DJ6031_CHOPPEO_H2.webp","width":1600,"height":1600},{"@type":"BreadcrumbList","@id":"https:\/\/store.mariages.io\/product\/hachoir-choppeo-3-en-1-tefal-dj603110\/#breadcrumb","itemListElement":[{"@type":"ListItem","position":1,"name":"Home","item":"https:\/\/darkviolet-ram-161551.hostingersite.com\/"},{"@type":"ListItem","position":2,"name":"Shop","item":"https:\/\/store.mariages.io\/shop\/"},{"@type":"ListItem","position":3,"name":"Hachoir CHOPPEO 3 EN 1 &#8211; Tefal &#8211; DJ603110"}]},{"@type":"WebSite","@id":"https:\/\/darkviolet-ram-161551.hostingersite.com\/#website","url":"https:\/\/darkviolet-ram-161551.hostingersite.com\/","name":"Mariages.io store","description":"STORE Mariages.IO","potentialAction":[{"@type":"SearchAction","target":{"@type":"EntryPoint","urlTemplate":"https:\/\/darkviolet-ram-161551.hostingersite.com\/?s={search_term_string}"},"query-input":{"@type":"PropertyValueSpecification","valueRequired":true,"valueName":"search_term_string"}}],"inLanguage":"ar"}]}},"_links":{"self":[{"href":"https:\/\/store.mariages.io\/ar\/wp-json\/wp\/v2\/product\/12393","targetHints":{"allow":["GET"]}}],"collection":[{"href":"https:\/\/store.mariages.io\/ar\/wp-json\/wp\/v2\/product"}],"about":[{"href":"https:\/\/store.mariages.io\/ar\/wp-json\/wp\/v2\/types\/product"}],"replies":[{"embeddable":true,"href":"https:\/\/store.mariages.io\/ar\/wp-json\/wp\/v2\/comments?post=12393"}],"version-history":[{"count":2,"href":"https:\/\/store.mariages.io\/ar\/wp-json\/wp\/v2\/product\/12393\/revisions"}],"predecessor-version":[{"id":12739,"href":"https:\/\/store.mariages.io\/ar\/wp-json\/wp\/v2\/product\/12393\/revisions\/12739"}],"wp:featuredmedia":[{"embeddable":true,"href":"https:\/\/store.mariages.io\/ar\/wp-json\/wp\/v2\/media\/12399"}],"wp:attachment":[{"href":"https:\/\/store.mariages.io\/ar\/wp-json\/wp\/v2\/media?parent=12393"}],"wp:term":[{"taxonomy":"product_brand","embeddable":true,"href":"https:\/\/store.mariages.io\/ar\/wp-json\/wp\/v2\/product_brand?post=12393"},{"taxonomy":"product_cat","embeddable":true,"href":"https:\/\/store.mariages.io\/ar\/wp-json\/wp\/v2\/product_cat?post=12393"},{"taxonomy":"product_tag","embeddable":true,"href":"https:\/\/store.mariages.io\/ar\/wp-json\/wp\/v2\/product_tag?post=12393"}],"curies":[{"name":"wp","href":"https:\/\/api.w.org\/{rel}","templated":true}]}}