{"id":12388,"date":"2025-03-01T12:03:11","date_gmt":"2025-03-01T12:03:11","guid":{"rendered":"https:\/\/darkviolet-ram-161551.hostingersite.com\/?post_type=product&#038;p=12388"},"modified":"2025-10-17T21:57:26","modified_gmt":"2025-10-17T21:57:26","slug":"mixeur-plongeant-moulinex-easychef-450w-dd451810","status":"publish","type":"product","link":"https:\/\/store.mariages.io\/ar\/product\/mixeur-plongeant-moulinex-easychef-450w-dd451810\/","title":{"rendered":"\u062e\u0644\u0627\u0637 \u064a\u062f\u0648\u064a \u0645\u0648\u0644\u064a\u0646\u0643\u0633 \u0625\u064a\u0632\u064a \u0634\u064a\u0641 - 450 \u0648\u0627\u0637 - DD451810"},"content":{"rendered":"<p>Le mixeur plongeant Moulinex Easychef vous permet de pr\u00e9parer une grande vari\u00e9t\u00e9 de d\u00e9licieuses recettes et garantit des r\u00e9sultats parfaits. Avec une puissance de 450W, ce mixeur assure une performance optimale et rapide. Le pied mixeur dispose de deux lames inox de haute qualit\u00e9 (Technologie Zelkrom) pour des r\u00e9sultats onctueux et homog\u00e8nes, et de deux vitesses pour r\u00e9pondre \u00e0 tous vos besoins en cuisine.<\/p>\n<p>\u0645\u0645\u064a\u0632\u0627\u062a \u0627\u0644\u0645\u0646\u062a\u062c<br \/>\n\u0627\u0644\u0637\u0627\u0642\u0629: 450 \u0648\u0627\u0637<br \/>\nFonction turbo : Oui<br \/>\nNombre de vitesses : 2<br \/>\nMat\u00e9riau du pied : M\u00e9tallique<br \/>\nPied d\u00e9tachable : Oui<br \/>\nGobelet : Oui<br \/>\nCapacit\u00e9 du gobelet : 800 ml<br \/>\nColoris : Noir \/ Gris fonc\u00e9<br \/>\n\u0641\u0648\u0627\u0626\u062f \u0627\u0644\u0645\u0646\u062a\u062c<br \/>\nR\u00e9sultats efficaces<br \/>\nGr\u00e2ce \u00e0 sa puissance de 450W et ses deux lames inox de haute qualit\u00e9, ce mixeur garantit des r\u00e9sultats rapides et homog\u00e8nes pour toutes vos recettes.<\/p>\n<p>Facile \u00e0 utiliser au quotidien<br \/>\nSa poign\u00e9e ergonomique avec rev\u00eatement textur\u00e9 antid\u00e9rapant offre une prise en main confortable.<\/p>\n<p>Design robuste et longue dur\u00e9e<br \/>\nLe pied mixeur est con\u00e7u pour des performances durables dans le temps.<\/p>\n<p>Facile \u00e0 nettoyer<br \/>\nLes pi\u00e8ces amovibles sont compatibles au lave-vaisselle pour un nettoyage sans effort.<\/p>\n<p>Design pratique<br \/>\nLe pied anti-\u00e9claboussures \u00e9vite les projections et les salissures sur le plan de travail.<\/p>\n<p>Verre doseur de 800 ml<br \/>\nInclus avec un bec verseur de grande capacit\u00e9 pour mixer toutes vos pr\u00e9parations facilement.<\/p>\n<p>\u0642\u0627\u0628\u0644\u0629 \u0644\u0644\u0625\u0635\u0644\u0627\u062d \u0628\u0633\u0639\u0631 \u0639\u0627\u062f\u0644 - 15 \u0639\u0627\u0645\u064b\u0627<br \/>\nCon\u00e7u pour \u00eatre r\u00e9par\u00e9 avec une mise \u00e0 disposition rapide des pi\u00e8ces \u00e0 co\u00fbt limit\u00e9 pendant 15 ans et plus, avec 6200 r\u00e9parateurs agr\u00e9\u00e9s dans le monde.<\/p>\n<p>\u0645\u0639\u0644\u0648\u0645\u0627\u062a \u0644\u0648\u062c\u0633\u062a\u064a\u0629<br \/>\nDimensions du produit nu : 410 x 70 x 100 mm<br \/>\nDimensions du produit emball\u00e9 : 153 x 108 x 272 mm<br \/>\nPoids du produit nu : 0,8 kg<br \/>\nPoids du produit emball\u00e9 : 1,066 kg<\/p>","protected":false},"excerpt":{"rendered":"<p>R\u00e9alisez vos pr\u00e9parations quotidiennes en toute simplicit\u00e9 !<br \/>\nCe mixeur \u00e0 main d&rsquo;une puissance de 450W assure des r\u00e9sultats rapides, ultra-performants et parfaitement adapt\u00e9s \u00e0 une grande vari\u00e9t\u00e9 de recettes.<\/p>","protected":false},"featured_media":12391,"comment_status":"open","ping_status":"closed","template":"","meta":{"_joinchat":[]},"product_brand":[],"product_cat":[184,198],"product_tag":[],"class_list":{"0":"post-12388","1":"product","2":"type-product","3":"status-publish","4":"has-post-thumbnail","6":"product_cat-electromenager","7":"product_cat-petit-electromenager","9":"first","10":"instock","11":"shipping-taxable","12":"purchasable","13":"product-type-simple"},"yoast_head":"<!-- This site is optimized with the Yoast SEO plugin v26.7 - https:\/\/yoast.com\/wordpress\/plugins\/seo\/ -->\n<title>Mixeur Plongeant Moulinex Easychef - 450W - DD451810 - Mariages.io store<\/title>\n<meta name=\"description\" content=\"Mixeur plongeant Moulinex Easychef : 450W, pied m\u00e9tallique, lames Zelkrom inox, turbo, 2 vitesses et gobelet 800ml. R\u00e9sultats rapides, homog\u00e8nes et anti-\u00e9claboussures.\" \/>\n<meta name=\"robots\" content=\"index, follow, max-snippet:-1, max-image-preview:large, max-video-preview:-1\" \/>\n<link rel=\"canonical\" href=\"https:\/\/store.mariages.io\/ar\/product\/mixeur-plongeant-moulinex-easychef-450w-dd451810\/\" \/>\n<meta property=\"og:locale\" content=\"ar_AR\" \/>\n<meta property=\"og:type\" content=\"article\" \/>\n<meta property=\"og:title\" content=\"Mixeur Plongeant Moulinex Easychef - 450W - DD451810 - Mariages.io store\" \/>\n<meta property=\"og:description\" content=\"Mixeur plongeant Moulinex Easychef : 450W, pied m\u00e9tallique, lames Zelkrom inox, turbo, 2 vitesses et gobelet 800ml. R\u00e9sultats rapides, homog\u00e8nes et anti-\u00e9claboussures.\" \/>\n<meta property=\"og:url\" content=\"https:\/\/store.mariages.io\/ar\/product\/mixeur-plongeant-moulinex-easychef-450w-dd451810\/\" \/>\n<meta property=\"og:site_name\" content=\"Mariages.io store\" \/>\n<meta property=\"article:modified_time\" content=\"2025-10-17T21:57:26+00:00\" \/>\n<meta property=\"og:image\" content=\"https:\/\/store.mariages.io\/wp-content\/uploads\/2025\/03\/Designsanstitre_23.webp\" \/>\n\t<meta property=\"og:image:width\" content=\"800\" \/>\n\t<meta property=\"og:image:height\" content=\"800\" \/>\n\t<meta property=\"og:image:type\" content=\"image\/webp\" \/>\n<meta name=\"twitter:card\" content=\"summary_large_image\" \/>\n<meta name=\"twitter:label1\" content=\"\u0648\u0642\u062a \u0627\u0644\u0642\u0631\u0627\u0621\u0629 \u0627\u0644\u0645\u064f\u0642\u062f\u0651\u0631\" \/>\n\t<meta name=\"twitter:data1\" content=\"\u062f\u0642\u064a\u0642\u062a\u0627\u0646\" \/>\n<script type=\"application\/ld+json\" class=\"yoast-schema-graph\">{\"@context\":\"https:\/\/schema.org\",\"@graph\":[{\"@type\":\"WebPage\",\"@id\":\"https:\/\/store.mariages.io\/product\/mixeur-plongeant-moulinex-easychef-450w-dd451810\/\",\"url\":\"https:\/\/store.mariages.io\/product\/mixeur-plongeant-moulinex-easychef-450w-dd451810\/\",\"name\":\"Mixeur Plongeant Moulinex Easychef - 450W - DD451810 - Mariages.io store\",\"isPartOf\":{\"@id\":\"https:\/\/darkviolet-ram-161551.hostingersite.com\/#website\"},\"primaryImageOfPage\":{\"@id\":\"https:\/\/store.mariages.io\/product\/mixeur-plongeant-moulinex-easychef-450w-dd451810\/#primaryimage\"},\"image\":{\"@id\":\"https:\/\/store.mariages.io\/product\/mixeur-plongeant-moulinex-easychef-450w-dd451810\/#primaryimage\"},\"thumbnailUrl\":\"https:\/\/store.mariages.io\/wp-content\/uploads\/2025\/03\/Designsanstitre_23.webp\",\"datePublished\":\"2025-03-01T12:03:11+00:00\",\"dateModified\":\"2025-10-17T21:57:26+00:00\",\"description\":\"Mixeur plongeant Moulinex Easychef : 450W, pied m\u00e9tallique, lames Zelkrom inox, turbo, 2 vitesses et gobelet 800ml. R\u00e9sultats rapides, homog\u00e8nes et anti-\u00e9claboussures.\",\"breadcrumb\":{\"@id\":\"https:\/\/store.mariages.io\/product\/mixeur-plongeant-moulinex-easychef-450w-dd451810\/#breadcrumb\"},\"inLanguage\":\"ar\",\"potentialAction\":[{\"@type\":\"ReadAction\",\"target\":[\"https:\/\/store.mariages.io\/product\/mixeur-plongeant-moulinex-easychef-450w-dd451810\/\"]}]},{\"@type\":\"ImageObject\",\"inLanguage\":\"ar\",\"@id\":\"https:\/\/store.mariages.io\/product\/mixeur-plongeant-moulinex-easychef-450w-dd451810\/#primaryimage\",\"url\":\"https:\/\/store.mariages.io\/wp-content\/uploads\/2025\/03\/Designsanstitre_23.webp\",\"contentUrl\":\"https:\/\/store.mariages.io\/wp-content\/uploads\/2025\/03\/Designsanstitre_23.webp\",\"width\":800,\"height\":800},{\"@type\":\"BreadcrumbList\",\"@id\":\"https:\/\/store.mariages.io\/product\/mixeur-plongeant-moulinex-easychef-450w-dd451810\/#breadcrumb\",\"itemListElement\":[{\"@type\":\"ListItem\",\"position\":1,\"name\":\"Home\",\"item\":\"https:\/\/darkviolet-ram-161551.hostingersite.com\/\"},{\"@type\":\"ListItem\",\"position\":2,\"name\":\"Shop\",\"item\":\"https:\/\/store.mariages.io\/shop\/\"},{\"@type\":\"ListItem\",\"position\":3,\"name\":\"Mixeur Plongeant Moulinex Easychef &#8211; 450W &#8211; DD451810\"}]},{\"@type\":\"WebSite\",\"@id\":\"https:\/\/darkviolet-ram-161551.hostingersite.com\/#website\",\"url\":\"https:\/\/darkviolet-ram-161551.hostingersite.com\/\",\"name\":\"Mariages.io store\",\"description\":\"STORE Mariages.IO\",\"potentialAction\":[{\"@type\":\"SearchAction\",\"target\":{\"@type\":\"EntryPoint\",\"urlTemplate\":\"https:\/\/darkviolet-ram-161551.hostingersite.com\/?s={search_term_string}\"},\"query-input\":{\"@type\":\"PropertyValueSpecification\",\"valueRequired\":true,\"valueName\":\"search_term_string\"}}],\"inLanguage\":\"ar\"}]}<\/script>\n<!-- \/ Yoast SEO plugin. -->","yoast_head_json":{"title":"Mixeur Plongeant Moulinex Easychef - 450W - DD451810 - Mariages.io store","description":"Mixeur plongeant Moulinex Easychef : 450W, pied m\u00e9tallique, lames Zelkrom inox, turbo, 2 vitesses et gobelet 800ml. R\u00e9sultats rapides, homog\u00e8nes et anti-\u00e9claboussures.","robots":{"index":"index","follow":"follow","max-snippet":"max-snippet:-1","max-image-preview":"max-image-preview:large","max-video-preview":"max-video-preview:-1"},"canonical":"https:\/\/store.mariages.io\/ar\/product\/mixeur-plongeant-moulinex-easychef-450w-dd451810\/","og_locale":"ar_AR","og_type":"article","og_title":"Mixeur Plongeant Moulinex Easychef - 450W - DD451810 - Mariages.io store","og_description":"Mixeur plongeant Moulinex Easychef : 450W, pied m\u00e9tallique, lames Zelkrom inox, turbo, 2 vitesses et gobelet 800ml. R\u00e9sultats rapides, homog\u00e8nes et anti-\u00e9claboussures.","og_url":"https:\/\/store.mariages.io\/ar\/product\/mixeur-plongeant-moulinex-easychef-450w-dd451810\/","og_site_name":"Mariages.io store","article_modified_time":"2025-10-17T21:57:26+00:00","og_image":[{"width":800,"height":800,"url":"https:\/\/store.mariages.io\/wp-content\/uploads\/2025\/03\/Designsanstitre_23.webp","type":"image\/webp"}],"twitter_card":"summary_large_image","twitter_misc":{"\u0648\u0642\u062a \u0627\u0644\u0642\u0631\u0627\u0621\u0629 \u0627\u0644\u0645\u064f\u0642\u062f\u0651\u0631":"\u062f\u0642\u064a\u0642\u062a\u0627\u0646"},"schema":{"@context":"https:\/\/schema.org","@graph":[{"@type":"WebPage","@id":"https:\/\/store.mariages.io\/product\/mixeur-plongeant-moulinex-easychef-450w-dd451810\/","url":"https:\/\/store.mariages.io\/product\/mixeur-plongeant-moulinex-easychef-450w-dd451810\/","name":"Mixeur Plongeant Moulinex Easychef - 450W - DD451810 - Mariages.io store","isPartOf":{"@id":"https:\/\/darkviolet-ram-161551.hostingersite.com\/#website"},"primaryImageOfPage":{"@id":"https:\/\/store.mariages.io\/product\/mixeur-plongeant-moulinex-easychef-450w-dd451810\/#primaryimage"},"image":{"@id":"https:\/\/store.mariages.io\/product\/mixeur-plongeant-moulinex-easychef-450w-dd451810\/#primaryimage"},"thumbnailUrl":"https:\/\/store.mariages.io\/wp-content\/uploads\/2025\/03\/Designsanstitre_23.webp","datePublished":"2025-03-01T12:03:11+00:00","dateModified":"2025-10-17T21:57:26+00:00","description":"Mixeur plongeant Moulinex Easychef : 450W, pied m\u00e9tallique, lames Zelkrom inox, turbo, 2 vitesses et gobelet 800ml. R\u00e9sultats rapides, homog\u00e8nes et anti-\u00e9claboussures.","breadcrumb":{"@id":"https:\/\/store.mariages.io\/product\/mixeur-plongeant-moulinex-easychef-450w-dd451810\/#breadcrumb"},"inLanguage":"ar","potentialAction":[{"@type":"ReadAction","target":["https:\/\/store.mariages.io\/product\/mixeur-plongeant-moulinex-easychef-450w-dd451810\/"]}]},{"@type":"ImageObject","inLanguage":"ar","@id":"https:\/\/store.mariages.io\/product\/mixeur-plongeant-moulinex-easychef-450w-dd451810\/#primaryimage","url":"https:\/\/store.mariages.io\/wp-content\/uploads\/2025\/03\/Designsanstitre_23.webp","contentUrl":"https:\/\/store.mariages.io\/wp-content\/uploads\/2025\/03\/Designsanstitre_23.webp","width":800,"height":800},{"@type":"BreadcrumbList","@id":"https:\/\/store.mariages.io\/product\/mixeur-plongeant-moulinex-easychef-450w-dd451810\/#breadcrumb","itemListElement":[{"@type":"ListItem","position":1,"name":"Home","item":"https:\/\/darkviolet-ram-161551.hostingersite.com\/"},{"@type":"ListItem","position":2,"name":"Shop","item":"https:\/\/store.mariages.io\/shop\/"},{"@type":"ListItem","position":3,"name":"Mixeur Plongeant Moulinex Easychef &#8211; 450W &#8211; DD451810"}]},{"@type":"WebSite","@id":"https:\/\/darkviolet-ram-161551.hostingersite.com\/#website","url":"https:\/\/darkviolet-ram-161551.hostingersite.com\/","name":"Mariages.io store","description":"STORE Mariages.IO","potentialAction":[{"@type":"SearchAction","target":{"@type":"EntryPoint","urlTemplate":"https:\/\/darkviolet-ram-161551.hostingersite.com\/?s={search_term_string}"},"query-input":{"@type":"PropertyValueSpecification","valueRequired":true,"valueName":"search_term_string"}}],"inLanguage":"ar"}]}},"_links":{"self":[{"href":"https:\/\/store.mariages.io\/ar\/wp-json\/wp\/v2\/product\/12388","targetHints":{"allow":["GET"]}}],"collection":[{"href":"https:\/\/store.mariages.io\/ar\/wp-json\/wp\/v2\/product"}],"about":[{"href":"https:\/\/store.mariages.io\/ar\/wp-json\/wp\/v2\/types\/product"}],"replies":[{"embeddable":true,"href":"https:\/\/store.mariages.io\/ar\/wp-json\/wp\/v2\/comments?post=12388"}],"version-history":[{"count":2,"href":"https:\/\/store.mariages.io\/ar\/wp-json\/wp\/v2\/product\/12388\/revisions"}],"predecessor-version":[{"id":12740,"href":"https:\/\/store.mariages.io\/ar\/wp-json\/wp\/v2\/product\/12388\/revisions\/12740"}],"wp:featuredmedia":[{"embeddable":true,"href":"https:\/\/store.mariages.io\/ar\/wp-json\/wp\/v2\/media\/12391"}],"wp:attachment":[{"href":"https:\/\/store.mariages.io\/ar\/wp-json\/wp\/v2\/media?parent=12388"}],"wp:term":[{"taxonomy":"product_brand","embeddable":true,"href":"https:\/\/store.mariages.io\/ar\/wp-json\/wp\/v2\/product_brand?post=12388"},{"taxonomy":"product_cat","embeddable":true,"href":"https:\/\/store.mariages.io\/ar\/wp-json\/wp\/v2\/product_cat?post=12388"},{"taxonomy":"product_tag","embeddable":true,"href":"https:\/\/store.mariages.io\/ar\/wp-json\/wp\/v2\/product_tag?post=12388"}],"curies":[{"name":"wp","href":"https:\/\/api.w.org\/{rel}","templated":true}]}}