{"id":12384,"date":"2025-02-28T13:36:30","date_gmt":"2025-02-28T13:36:30","guid":{"rendered":"https:\/\/darkviolet-ram-161551.hostingersite.com\/?post_type=product&#038;p=12384"},"modified":"2025-10-17T21:58:13","modified_gmt":"2025-10-17T21:58:13","slug":"mixeur-plongeant-moulinex-easychef-450w-dd45a110","status":"publish","type":"product","link":"https:\/\/store.mariages.io\/ar\/product\/mixeur-plongeant-moulinex-easychef-450w-dd45a110\/","title":{"rendered":"\u062e\u0644\u0627\u0637 \u064a\u062f\u0648\u064a \u0645\u0648\u0644\u064a\u0646\u0643\u0633 \u0625\u064a\u0632\u064a \u0634\u064a\u0641 - 450 \u0648\u0627\u0637 - DD45A110"},"content":{"rendered":"<h4>\u0645\u0645\u064a\u0632\u0627\u062a \u0627\u0644\u0645\u0646\u062a\u062c<\/h4>\n<ul>\n<li><strong>\u0642\u0648\u0629<\/strong>\u00a0: 450 W<\/li>\n<li><strong>Fonction turbo<\/strong>\u00a0: Oui<\/li>\n<li><strong>Nombre de vitesses<\/strong>\u00a0: 2<\/li>\n<li><strong>Mat\u00e9riau du pied<\/strong>\u00a0: Plastique<\/li>\n<li><strong>Pied d\u00e9tachable<\/strong>\u00a0: Oui<\/li>\n<li><strong>Gobelet<\/strong>\u00a0: Oui<\/li>\n<li><strong>Capacit\u00e9 du gobelet<\/strong>\u00a0: 800 ml<\/li>\n<li><strong>\u0627\u0644\u0623\u0644\u0648\u0627\u0646<\/strong>\u00a0: Blanc<\/li>\n<\/ul>\n<hr \/>\n<h4>\u0641\u0648\u0627\u0626\u062f \u0627\u0644\u0645\u0646\u062a\u062c<\/h4>\n<ul>\n<li><strong>R\u00e9sultats efficaces<\/strong><br \/>\nGr\u00e2ce \u00e0 sa puissance de 450W et ses deux lames inox de haute qualit\u00e9, ce mixeur garantit des r\u00e9sultats rapides et homog\u00e8nes pour toutes vos recettes.<\/li>\n<li><strong>Facile \u00e0 utiliser au quotidien<\/strong><br \/>\nSa poign\u00e9e ergonomique avec rev\u00eatement textur\u00e9 antid\u00e9rapant offre une prise en main confortable.<\/li>\n<li><strong>Design robuste et longue dur\u00e9e<\/strong><br \/>\nLe pied mixeur est con\u00e7u pour des performances durables dans le temps.<\/li>\n<li><strong>Facile \u00e0 nettoyer<\/strong><br \/>\nLes pi\u00e8ces amovibles sont compatibles au lave-vaisselle pour un nettoyage sans effort.<\/li>\n<li><strong>Design pratique<\/strong><br \/>\nLe pied anti-\u00e9claboussures \u00e9vite les projections et les salissures sur le plan de travail.<\/li>\n<li><strong>Verre doseur de 800 ml<\/strong><br \/>\nInclus avec un bec verseur de grande capacit\u00e9 pour mixer toutes vos pr\u00e9parations facilement.<\/li>\n<li><strong>\u0642\u0627\u0628\u0644\u0629 \u0644\u0644\u0625\u0635\u0644\u0627\u062d \u0628\u0633\u0639\u0631 \u0639\u0627\u062f\u0644 - 15 \u0639\u0627\u0645\u064b\u0627<\/strong><br \/>\nCon\u00e7u pour \u00eatre r\u00e9par\u00e9 avec une mise \u00e0 disposition rapide des pi\u00e8ces \u00e0 co\u00fbt limit\u00e9 pendant 15 ans et plus, avec 6200 r\u00e9parateurs agr\u00e9\u00e9s dans le monde.<\/li>\n<\/ul>","protected":false},"excerpt":{"rendered":"<p>R\u00e9alisez vos pr\u00e9parations quotidiennes en toute simplicit\u00e9 !<br \/>\nCe mixeur \u00e0 main d&rsquo;une puissance de 450W assure des r\u00e9sultats rapides, ultra-performants et parfaitement adapt\u00e9s \u00e0 une grande vari\u00e9t\u00e9 de recettes.<\/p>","protected":false},"featured_media":12385,"comment_status":"open","ping_status":"closed","template":"","meta":{"_joinchat":[]},"product_brand":[],"product_cat":[184,198],"product_tag":[],"class_list":{"0":"post-12384","1":"product","2":"type-product","3":"status-publish","4":"has-post-thumbnail","6":"product_cat-electromenager","7":"product_cat-petit-electromenager","9":"first","10":"instock","11":"shipping-taxable","12":"purchasable","13":"product-type-simple"},"yoast_head":"<!-- This site is optimized with the Yoast SEO plugin v26.7 - https:\/\/yoast.com\/wordpress\/plugins\/seo\/ -->\n<title>Mixeur Plongeant Moulinex Easychef - 450W - DD45A110 - Mariages.io store<\/title>\n<meta name=\"description\" content=\"Mixeur plongeant 450W Moulinex Easychef : l\u00e9ger, ergonomique, 2 vitesses + turbo, pied d\u00e9tachable et gobelet doseur. Id\u00e9al pour soupes, smoothies et pr\u00e9parations quotidiennes.\" \/>\n<meta name=\"robots\" content=\"index, follow, max-snippet:-1, max-image-preview:large, max-video-preview:-1\" \/>\n<link rel=\"canonical\" href=\"https:\/\/store.mariages.io\/ar\/product\/mixeur-plongeant-moulinex-easychef-450w-dd45a110\/\" \/>\n<meta property=\"og:locale\" content=\"ar_AR\" \/>\n<meta property=\"og:type\" content=\"article\" \/>\n<meta property=\"og:title\" content=\"Mixeur Plongeant Moulinex Easychef - 450W - DD45A110 - Mariages.io store\" \/>\n<meta property=\"og:description\" content=\"Mixeur plongeant 450W Moulinex Easychef : l\u00e9ger, ergonomique, 2 vitesses + turbo, pied d\u00e9tachable et gobelet doseur. Id\u00e9al pour soupes, smoothies et pr\u00e9parations quotidiennes.\" \/>\n<meta property=\"og:url\" content=\"https:\/\/store.mariages.io\/ar\/product\/mixeur-plongeant-moulinex-easychef-450w-dd45a110\/\" \/>\n<meta property=\"og:site_name\" content=\"Mariages.io store\" \/>\n<meta property=\"article:modified_time\" content=\"2025-10-17T21:58:13+00:00\" \/>\n<meta property=\"og:image\" content=\"https:\/\/store.mariages.io\/wp-content\/uploads\/2025\/02\/moulinex-mixeur-plongeant-easychef-02-vitesses-verre-doseur-refdd45a110-hadiia-1-2_b5639fe6-3fb8-4b50-9877-613a5ff04a33.webp\" \/>\n\t<meta property=\"og:image:width\" content=\"800\" \/>\n\t<meta property=\"og:image:height\" content=\"800\" \/>\n\t<meta property=\"og:image:type\" content=\"image\/webp\" \/>\n<meta name=\"twitter:card\" content=\"summary_large_image\" \/>\n<meta name=\"twitter:label1\" content=\"\u0648\u0642\u062a \u0627\u0644\u0642\u0631\u0627\u0621\u0629 \u0627\u0644\u0645\u064f\u0642\u062f\u0651\u0631\" \/>\n\t<meta name=\"twitter:data1\" content=\"\u062f\u0642\u064a\u0642\u0629 \u0648\u0627\u062d\u062f\u0629\" \/>\n<script type=\"application\/ld+json\" class=\"yoast-schema-graph\">{\"@context\":\"https:\/\/schema.org\",\"@graph\":[{\"@type\":\"WebPage\",\"@id\":\"https:\/\/store.mariages.io\/product\/mixeur-plongeant-moulinex-easychef-450w-dd45a110\/\",\"url\":\"https:\/\/store.mariages.io\/product\/mixeur-plongeant-moulinex-easychef-450w-dd45a110\/\",\"name\":\"Mixeur Plongeant Moulinex Easychef - 450W - DD45A110 - Mariages.io store\",\"isPartOf\":{\"@id\":\"https:\/\/darkviolet-ram-161551.hostingersite.com\/#website\"},\"primaryImageOfPage\":{\"@id\":\"https:\/\/store.mariages.io\/product\/mixeur-plongeant-moulinex-easychef-450w-dd45a110\/#primaryimage\"},\"image\":{\"@id\":\"https:\/\/store.mariages.io\/product\/mixeur-plongeant-moulinex-easychef-450w-dd45a110\/#primaryimage\"},\"thumbnailUrl\":\"https:\/\/store.mariages.io\/wp-content\/uploads\/2025\/02\/moulinex-mixeur-plongeant-easychef-02-vitesses-verre-doseur-refdd45a110-hadiia-1-2_b5639fe6-3fb8-4b50-9877-613a5ff04a33.webp\",\"datePublished\":\"2025-02-28T13:36:30+00:00\",\"dateModified\":\"2025-10-17T21:58:13+00:00\",\"description\":\"Mixeur plongeant 450W Moulinex Easychef : l\u00e9ger, ergonomique, 2 vitesses + turbo, pied d\u00e9tachable et gobelet doseur. Id\u00e9al pour soupes, smoothies et pr\u00e9parations quotidiennes.\",\"breadcrumb\":{\"@id\":\"https:\/\/store.mariages.io\/product\/mixeur-plongeant-moulinex-easychef-450w-dd45a110\/#breadcrumb\"},\"inLanguage\":\"ar\",\"potentialAction\":[{\"@type\":\"ReadAction\",\"target\":[\"https:\/\/store.mariages.io\/product\/mixeur-plongeant-moulinex-easychef-450w-dd45a110\/\"]}]},{\"@type\":\"ImageObject\",\"inLanguage\":\"ar\",\"@id\":\"https:\/\/store.mariages.io\/product\/mixeur-plongeant-moulinex-easychef-450w-dd45a110\/#primaryimage\",\"url\":\"https:\/\/store.mariages.io\/wp-content\/uploads\/2025\/02\/moulinex-mixeur-plongeant-easychef-02-vitesses-verre-doseur-refdd45a110-hadiia-1-2_b5639fe6-3fb8-4b50-9877-613a5ff04a33.webp\",\"contentUrl\":\"https:\/\/store.mariages.io\/wp-content\/uploads\/2025\/02\/moulinex-mixeur-plongeant-easychef-02-vitesses-verre-doseur-refdd45a110-hadiia-1-2_b5639fe6-3fb8-4b50-9877-613a5ff04a33.webp\",\"width\":800,\"height\":800},{\"@type\":\"BreadcrumbList\",\"@id\":\"https:\/\/store.mariages.io\/product\/mixeur-plongeant-moulinex-easychef-450w-dd45a110\/#breadcrumb\",\"itemListElement\":[{\"@type\":\"ListItem\",\"position\":1,\"name\":\"Home\",\"item\":\"https:\/\/darkviolet-ram-161551.hostingersite.com\/\"},{\"@type\":\"ListItem\",\"position\":2,\"name\":\"Shop\",\"item\":\"https:\/\/store.mariages.io\/shop\/\"},{\"@type\":\"ListItem\",\"position\":3,\"name\":\"Mixeur Plongeant Moulinex Easychef &#8211; 450W &#8211; DD45A110\"}]},{\"@type\":\"WebSite\",\"@id\":\"https:\/\/darkviolet-ram-161551.hostingersite.com\/#website\",\"url\":\"https:\/\/darkviolet-ram-161551.hostingersite.com\/\",\"name\":\"Mariages.io store\",\"description\":\"STORE Mariages.IO\",\"potentialAction\":[{\"@type\":\"SearchAction\",\"target\":{\"@type\":\"EntryPoint\",\"urlTemplate\":\"https:\/\/darkviolet-ram-161551.hostingersite.com\/?s={search_term_string}\"},\"query-input\":{\"@type\":\"PropertyValueSpecification\",\"valueRequired\":true,\"valueName\":\"search_term_string\"}}],\"inLanguage\":\"ar\"}]}<\/script>\n<!-- \/ Yoast SEO plugin. -->","yoast_head_json":{"title":"Mixeur Plongeant Moulinex Easychef - 450W - DD45A110 - Mariages.io store","description":"Mixeur plongeant 450W Moulinex Easychef : l\u00e9ger, ergonomique, 2 vitesses + turbo, pied d\u00e9tachable et gobelet doseur. Id\u00e9al pour soupes, smoothies et pr\u00e9parations quotidiennes.","robots":{"index":"index","follow":"follow","max-snippet":"max-snippet:-1","max-image-preview":"max-image-preview:large","max-video-preview":"max-video-preview:-1"},"canonical":"https:\/\/store.mariages.io\/ar\/product\/mixeur-plongeant-moulinex-easychef-450w-dd45a110\/","og_locale":"ar_AR","og_type":"article","og_title":"Mixeur Plongeant Moulinex Easychef - 450W - DD45A110 - Mariages.io store","og_description":"Mixeur plongeant 450W Moulinex Easychef : l\u00e9ger, ergonomique, 2 vitesses + turbo, pied d\u00e9tachable et gobelet doseur. Id\u00e9al pour soupes, smoothies et pr\u00e9parations quotidiennes.","og_url":"https:\/\/store.mariages.io\/ar\/product\/mixeur-plongeant-moulinex-easychef-450w-dd45a110\/","og_site_name":"Mariages.io store","article_modified_time":"2025-10-17T21:58:13+00:00","og_image":[{"width":800,"height":800,"url":"https:\/\/store.mariages.io\/wp-content\/uploads\/2025\/02\/moulinex-mixeur-plongeant-easychef-02-vitesses-verre-doseur-refdd45a110-hadiia-1-2_b5639fe6-3fb8-4b50-9877-613a5ff04a33.webp","type":"image\/webp"}],"twitter_card":"summary_large_image","twitter_misc":{"\u0648\u0642\u062a \u0627\u0644\u0642\u0631\u0627\u0621\u0629 \u0627\u0644\u0645\u064f\u0642\u062f\u0651\u0631":"\u062f\u0642\u064a\u0642\u0629 \u0648\u0627\u062d\u062f\u0629"},"schema":{"@context":"https:\/\/schema.org","@graph":[{"@type":"WebPage","@id":"https:\/\/store.mariages.io\/product\/mixeur-plongeant-moulinex-easychef-450w-dd45a110\/","url":"https:\/\/store.mariages.io\/product\/mixeur-plongeant-moulinex-easychef-450w-dd45a110\/","name":"Mixeur Plongeant Moulinex Easychef - 450W - DD45A110 - Mariages.io store","isPartOf":{"@id":"https:\/\/darkviolet-ram-161551.hostingersite.com\/#website"},"primaryImageOfPage":{"@id":"https:\/\/store.mariages.io\/product\/mixeur-plongeant-moulinex-easychef-450w-dd45a110\/#primaryimage"},"image":{"@id":"https:\/\/store.mariages.io\/product\/mixeur-plongeant-moulinex-easychef-450w-dd45a110\/#primaryimage"},"thumbnailUrl":"https:\/\/store.mariages.io\/wp-content\/uploads\/2025\/02\/moulinex-mixeur-plongeant-easychef-02-vitesses-verre-doseur-refdd45a110-hadiia-1-2_b5639fe6-3fb8-4b50-9877-613a5ff04a33.webp","datePublished":"2025-02-28T13:36:30+00:00","dateModified":"2025-10-17T21:58:13+00:00","description":"Mixeur plongeant 450W Moulinex Easychef : l\u00e9ger, ergonomique, 2 vitesses + turbo, pied d\u00e9tachable et gobelet doseur. Id\u00e9al pour soupes, smoothies et pr\u00e9parations quotidiennes.","breadcrumb":{"@id":"https:\/\/store.mariages.io\/product\/mixeur-plongeant-moulinex-easychef-450w-dd45a110\/#breadcrumb"},"inLanguage":"ar","potentialAction":[{"@type":"ReadAction","target":["https:\/\/store.mariages.io\/product\/mixeur-plongeant-moulinex-easychef-450w-dd45a110\/"]}]},{"@type":"ImageObject","inLanguage":"ar","@id":"https:\/\/store.mariages.io\/product\/mixeur-plongeant-moulinex-easychef-450w-dd45a110\/#primaryimage","url":"https:\/\/store.mariages.io\/wp-content\/uploads\/2025\/02\/moulinex-mixeur-plongeant-easychef-02-vitesses-verre-doseur-refdd45a110-hadiia-1-2_b5639fe6-3fb8-4b50-9877-613a5ff04a33.webp","contentUrl":"https:\/\/store.mariages.io\/wp-content\/uploads\/2025\/02\/moulinex-mixeur-plongeant-easychef-02-vitesses-verre-doseur-refdd45a110-hadiia-1-2_b5639fe6-3fb8-4b50-9877-613a5ff04a33.webp","width":800,"height":800},{"@type":"BreadcrumbList","@id":"https:\/\/store.mariages.io\/product\/mixeur-plongeant-moulinex-easychef-450w-dd45a110\/#breadcrumb","itemListElement":[{"@type":"ListItem","position":1,"name":"Home","item":"https:\/\/darkviolet-ram-161551.hostingersite.com\/"},{"@type":"ListItem","position":2,"name":"Shop","item":"https:\/\/store.mariages.io\/shop\/"},{"@type":"ListItem","position":3,"name":"Mixeur Plongeant Moulinex Easychef &#8211; 450W &#8211; DD45A110"}]},{"@type":"WebSite","@id":"https:\/\/darkviolet-ram-161551.hostingersite.com\/#website","url":"https:\/\/darkviolet-ram-161551.hostingersite.com\/","name":"Mariages.io store","description":"STORE Mariages.IO","potentialAction":[{"@type":"SearchAction","target":{"@type":"EntryPoint","urlTemplate":"https:\/\/darkviolet-ram-161551.hostingersite.com\/?s={search_term_string}"},"query-input":{"@type":"PropertyValueSpecification","valueRequired":true,"valueName":"search_term_string"}}],"inLanguage":"ar"}]}},"_links":{"self":[{"href":"https:\/\/store.mariages.io\/ar\/wp-json\/wp\/v2\/product\/12384","targetHints":{"allow":["GET"]}}],"collection":[{"href":"https:\/\/store.mariages.io\/ar\/wp-json\/wp\/v2\/product"}],"about":[{"href":"https:\/\/store.mariages.io\/ar\/wp-json\/wp\/v2\/types\/product"}],"replies":[{"embeddable":true,"href":"https:\/\/store.mariages.io\/ar\/wp-json\/wp\/v2\/comments?post=12384"}],"version-history":[{"count":1,"href":"https:\/\/store.mariages.io\/ar\/wp-json\/wp\/v2\/product\/12384\/revisions"}],"predecessor-version":[{"id":12387,"href":"https:\/\/store.mariages.io\/ar\/wp-json\/wp\/v2\/product\/12384\/revisions\/12387"}],"wp:featuredmedia":[{"embeddable":true,"href":"https:\/\/store.mariages.io\/ar\/wp-json\/wp\/v2\/media\/12385"}],"wp:attachment":[{"href":"https:\/\/store.mariages.io\/ar\/wp-json\/wp\/v2\/media?parent=12384"}],"wp:term":[{"taxonomy":"product_brand","embeddable":true,"href":"https:\/\/store.mariages.io\/ar\/wp-json\/wp\/v2\/product_brand?post=12384"},{"taxonomy":"product_cat","embeddable":true,"href":"https:\/\/store.mariages.io\/ar\/wp-json\/wp\/v2\/product_cat?post=12384"},{"taxonomy":"product_tag","embeddable":true,"href":"https:\/\/store.mariages.io\/ar\/wp-json\/wp\/v2\/product_tag?post=12384"}],"curies":[{"name":"wp","href":"https:\/\/api.w.org\/{rel}","templated":true}]}}