{"id":12378,"date":"2025-02-28T13:34:36","date_gmt":"2025-02-28T13:34:36","guid":{"rendered":"https:\/\/darkviolet-ram-161551.hostingersite.com\/?post_type=product&#038;p=12378"},"modified":"2025-10-17T21:59:14","modified_gmt":"2025-10-17T21:59:14","slug":"presse-agrumes-vitapress-direct-serve-150w-noir-et-gris-pc603d10","status":"publish","type":"product","link":"https:\/\/store.mariages.io\/ar\/product\/presse-agrumes-vitapress-direct-serve-150w-noir-et-gris-pc603d10\/","title":{"rendered":"\u0639\u0635\u0627\u0631\u0629 \u0627\u0644\u062d\u0645\u0636\u064a\u0627\u062a VitaPress Direct Serve - 150 \u0648\u0627\u0637 - \u0623\u0633\u0648\u062f \u0648\u0631\u0645\u0627\u062f\u064a - PC603D10"},"content":{"rendered":"<p>\u062a\u062a\u0645\u064a\u0632 \u0639\u0635\u0627\u0631\u0629 VitaPress Direct Serve \u0627\u0644\u062c\u062f\u064a\u062f\u0629 \u0628\u063a\u0644\u0627\u0641 \u0645\u0639\u062f\u0646\u064a \u0648\u062a\u0635\u0645\u064a\u0645 \u0641\u0627\u062e\u0631 \u0648\u062a\u0634\u0637\u064a\u0628\u0627\u062a \u0641\u0627\u062e\u0631\u0629. \u0643\u0645\u0627 \u062a\u062a\u0645\u064a\u0632 \u0628\u062d\u0627\u0645\u0644 \u0632\u062c\u0627\u062c\u064a \u0645\u0631\u064a\u062d\u060c \u0648\u0646\u0638\u0627\u0645 \u0645\u0646\u0639 \u0627\u0644\u062a\u0646\u0642\u064a\u0637\u060c \u0648\u0648\u0627\u0642\u064a \u063a\u0637\u0627\u0621\u060c \u0648\u0646\u0638\u0627\u0645 \u062a\u062e\u0632\u064a\u0646 \u0644\u0644\u0633\u0644\u0643. \u062a\u062a\u0645\u064a\u0632 \u0628\u062b\u0644\u0627\u062b\u0629 \u0645\u062e\u0627\u0631\u064a\u0637 \u0645\u0644\u0648\u0646\u0629 \u0644\u0623\u062d\u062c\u0627\u0645 \u0645\u062e\u062a\u0644\u0641\u0629 \u0645\u0646 \u0627\u0644\u062d\u0645\u0636\u064a\u0627\u062a\u060c \u0645\u0645\u0627 \u064a\u062c\u0639\u0644\u0647\u0627 \u0645\u062b\u0627\u0644\u064a\u0629 \u0644\u0639\u0635\u0631 \u0627\u0644\u0644\u064a\u0645\u0648\u0646 \u0648\u0627\u0644\u064a\u0648\u0633\u0641\u064a \u0648\u0627\u0644\u0643\u0644\u0645\u0646\u062a\u064a\u0646\u0627 \u0648\u0627\u0644\u0628\u0631\u062a\u0642\u0627\u0644 \u0648\u0627\u0644\u062c\u0631\u064a\u0628 \u0641\u0631\u0648\u062a.<\/p>\n<hr \/>\n<h4>\u0645\u0645\u064a\u0632\u0627\u062a \u0627\u0644\u0645\u0646\u062a\u062c<\/h4>\n<ul>\n<li><strong>\u0642\u0648\u0629<\/strong>\u00a0: 150 \u0648\u0627\u0637<\/li>\n<li><strong>\u0639\u062f\u062f \u0627\u0644\u0645\u062e\u0627\u0631\u064a\u0637<\/strong>\u00a0:3 (\u0627\u0644\u0623\u0635\u0641\u0631 \u0644\u0644\u0644\u064a\u0645\u0648\u0646\u060c \u0627\u0644\u0628\u0631\u062a\u0642\u0627\u0644\u064a \u0644\u0644\u064a\u0648\u0633\u0641\u064a \u0648\u0627\u0644\u064a\u0648\u0633\u0641\u064a \u0648\u0627\u0644\u0628\u0631\u062a\u0642\u0627\u0644\u060c \u0627\u0644\u0648\u0631\u062f\u064a \u0644\u0644\u062c\u0631\u064a\u0628 \u0641\u0631\u0648\u062a)<\/li>\n<li><strong>\u0645\u0648\u0627\u062f<\/strong>\u00a0: \u0628\u0644\u0627\u0633\u062a\u064a\u0643\/\u0641\u0648\u0644\u0627\u0630 \u0645\u0642\u0627\u0648\u0645 \u0644\u0644\u0635\u062f\u0623<\/li>\n<li><strong>\u0627\u0644\u0623\u0644\u0648\u0627\u0646<\/strong>\u00a0:\u0627\u0644\u0623\u0628\u064a\u0636 \u0648\u0627\u0644\u0631\u0645\u0627\u062f\u064a<\/li>\n<li><strong>\u064a\u0636\u0645\u0646<\/strong>\u00a0: \u0633\u0646\u062a\u0627\u0646<\/li>\n<li><strong>\u062a\u0648\u0641\u0631 \u0642\u0637\u0639 \u0627\u0644\u063a\u064a\u0627\u0631<\/strong>\u00a0: 15 \u0633\u0646\u0629<\/li>\n<\/ul>\n<hr \/>\n<h4>\u0641\u0648\u0627\u0626\u062f \u0627\u0644\u0645\u0646\u062a\u062c<\/h4>\n<ul>\n<li><strong>3 \u0645\u062e\u0627\u0631\u064a\u0637 \u0645\u0644\u0648\u0646\u0629 \u0644\u062c\u0645\u064a\u0639 \u0623\u0646\u0648\u0627\u0639 \u0627\u0644\u062d\u0645\u0636\u064a\u0627\u062a<\/strong><br \/>\n\u064a\u062a\u0643\u064a\u0641 \u0643\u0644 \u0645\u062e\u0631\u0648\u0637 \u0645\u0639 \u062d\u062c\u0645 \u0645\u0639\u064a\u0646 \u0645\u0646 \u0641\u0627\u0643\u0647\u0629 \u0627\u0644\u062d\u0645\u0636\u064a\u0627\u062a: \u0627\u0644\u0644\u064a\u0645\u0648\u0646\u060c \u0627\u0644\u064a\u0648\u0633\u0641\u064a\u060c \u0627\u0644\u064a\u0648\u0633\u0641\u064a\u060c \u0627\u0644\u0628\u0631\u062a\u0642\u0627\u0644 \u0648\u0627\u0644\u062c\u0631\u064a\u0628 \u0641\u0631\u0648\u062a.<\/li>\n<li><strong>\u0642\u0648\u0629 150 \u0648\u0627\u0637<\/strong><br \/>\n\u0644\u0627\u0633\u062a\u062e\u0631\u0627\u062c \u0643\u0627\u0641\u0629 \u0623\u0646\u0648\u0627\u0639 \u0627\u0644\u062d\u0645\u0636\u064a\u0627\u062a \u0628\u0643\u0645\u064a\u0627\u062a \u0643\u0628\u064a\u0631\u0629 \u0648\u0628\u0643\u0641\u0627\u0621\u0629.<\/li>\n<li><strong>\u0646\u0638\u0627\u0645 \u0627\u0644\u062e\u062f\u0645\u0629 \u0627\u0644\u0645\u0628\u0627\u0634\u0631\u0629<\/strong><br \/>\n\u064a\u0633\u0643\u0628 \u0627\u0644\u0639\u0635\u064a\u0631 \u0645\u0628\u0627\u0634\u0631\u0629 \u0641\u064a \u0627\u0644\u0643\u0623\u0633\u060c \u062c\u0627\u0647\u0632\u064b\u0627 \u0644\u0644\u0634\u0631\u0628\u060c \u062f\u0648\u0646 \u0627\u0644\u062d\u0627\u062c\u0629 \u0625\u0644\u0649 \u063a\u0633\u0644 \u0623\u0648\u0639\u064a\u0629 \u0625\u0636\u0627\u0641\u064a\u0629.<\/li>\n<li><strong>\u0645\u0631\u0634\u062d \u0627\u0644\u0644\u0628<\/strong><br \/>\n\u0644\u0644\u062d\u0635\u0648\u0644 \u0639\u0644\u0649 \u0639\u0635\u0627\u0626\u0631 \u062d\u0645\u0636\u064a\u0627\u062a \u062e\u0627\u0644\u064a\u0629 \u0645\u0646 \u0627\u0644\u0644\u0628\u060c \u0648\u0641\u0642\u064b\u0627 \u0644\u062a\u0641\u0636\u064a\u0644\u0627\u062a\u0643.<\/li>\n<li><strong>\u0646\u0638\u0627\u0645 \u0645\u0636\u0627\u062f \u0644\u0644\u062a\u0646\u0642\u064a\u0637 \u0627\u0644\u0645\u0639\u062f\u0646\u064a<\/strong><br \/>\n\u0644\u0644\u062d\u0641\u0627\u0638 \u0639\u0644\u0649 \u0633\u0637\u062d \u0627\u0644\u0639\u0645\u0644 \u0646\u0638\u064a\u0641\u064b\u0627 \u0648\u062a\u062c\u0646\u0628 \u062a\u0646\u0627\u062b\u0631 \u0627\u0644\u0633\u0648\u0627\u0626\u0644.<\/li>\n<li><strong>\u0627\u0644\u062a\u0634\u063a\u064a\u0644\/\u0627\u0644\u0625\u064a\u0642\u0627\u0641 \u0627\u0644\u062a\u0644\u0642\u0627\u0626\u064a<\/strong><br \/>\n\u064a\u0643\u062a\u0634\u0641 \u0636\u063a\u0637 \u0627\u0644\u0641\u0627\u0643\u0647\u0629 \u062a\u0644\u0642\u0627\u0626\u064a\u064b\u0627 \u0644\u062a\u0634\u063a\u064a\u0644 \u0633\u0647\u0644.<\/li>\n<li><strong>\u0633\u0647\u0648\u0644\u0629 \u062a\u062e\u0632\u064a\u0646 \u0627\u0644\u0645\u062e\u0627\u0631\u064a\u0637<\/strong><br \/>\n\u062a\u0635\u0645\u064a\u0645 \u0639\u0645\u0644\u064a \u0644\u0644\u062a\u062e\u0632\u064a\u0646 \u0627\u0644\u0645\u062f\u0645\u062c \u0648\u0627\u0644\u0645\u0631\u062a\u0628.<\/li>\n<li><strong>\u0642\u0627\u0628\u0644\u0629 \u0644\u0644\u0625\u0635\u0644\u0627\u062d \u0628\u0633\u0639\u0631 \u0639\u0627\u062f\u0644 - 15 \u0639\u0627\u0645\u064b\u0627<\/strong><br \/>\n\u062a\u0645 \u062a\u0635\u0645\u064a\u0645\u0647\u0627 \u0628\u062d\u064a\u062b \u064a\u0645\u0643\u0646 \u0625\u0635\u0644\u0627\u062d\u0647\u0627 \u0628\u0633\u0647\u0648\u0644\u0629\u060c \u0645\u0639 \u062a\u0648\u0641\u0631 \u0633\u0631\u064a\u0639 \u0644\u0644\u0623\u062c\u0632\u0627\u0621 \u0628\u062a\u0643\u0644\u0641\u0629 \u0645\u062d\u062f\u0648\u062f\u0629 \u0644\u0645\u062f\u0629 15 \u0639\u0627\u0645\u064b\u0627 \u0648\u0623\u0643\u062b\u0631\u060c \u0648\u0630\u0644\u0643 \u0628\u0641\u0636\u0644 \u0623\u0643\u062b\u0631 \u0645\u0646 6200 \u0645\u0635\u0644\u062d \u0645\u0639\u062a\u0645\u062f \u0641\u064a \u062c\u0645\u064a\u0639 \u0623\u0646\u062d\u0627\u0621 \u0627\u0644\u0639\u0627\u0644\u0645.<\/li>\n<\/ul>\n<hr \/>\n<h4>\u0645\u0639\u0644\u0648\u0645\u0627\u062a \u0644\u0648\u062c\u0633\u062a\u064a\u0629<\/h4>\n<ul>\n<li><strong>\u0623\u0628\u0639\u0627\u062f \u0627\u0644\u0645\u0646\u062a\u062c \u0627\u0644\u0639\u0627\u0631\u064a\u0629<\/strong>\u00a0: 203 \u00d7 167 \u00d7 280 \u0645\u0644\u0645<\/li>\n<li><strong>\u0623\u0628\u0639\u0627\u062f \u0627\u0644\u0645\u0646\u062a\u062c \u0627\u0644\u0645\u0639\u0628\u0623<\/strong>\u00a0: 223 \u00d7 213 \u00d7 285 \u0645\u0644\u0645<\/li>\n<li><strong>\u0648\u0632\u0646 \u0627\u0644\u0645\u0646\u062a\u062c \u0627\u0644\u0639\u0627\u0631\u064a<\/strong>\u00a0: 2.1 \u0643\u062c\u0645<\/li>\n<li><strong>\u0648\u0632\u0646 \u0627\u0644\u0645\u0646\u062a\u062c \u0627\u0644\u0645\u0639\u0628\u0623<\/strong>\u00a0: 2,783 \u0643\u062c\u0645<\/li>\n<\/ul>","protected":false},"excerpt":{"rendered":"<p>3 \u0645\u062e\u0627\u0631\u064a\u0637 \u0644\u062c\u0645\u064a\u0639 \u0623\u0646\u0648\u0627\u0639 \u0627\u0644\u062d\u0645\u0636\u064a\u0627\u062a!<br \/>\n\u062e\u062f\u0645\u0629 \u0645\u0628\u0627\u0634\u0631\u0629 \u0645\u0639 \u0627\u0644\u0643\u0633\u0648\u0629 \u0627\u0644\u0645\u0639\u062f\u0646\u064a\u0629 \u0648\u0627\u0644\u062a\u0635\u0645\u064a\u0645 \u0648\u0627\u0644\u062a\u0634\u0637\u064a\u0628\u0627\u062a \u0627\u0644\u0645\u062a\u0645\u064a\u0632\u0629.<\/p>","protected":false},"featured_media":12382,"comment_status":"open","ping_status":"closed","template":"","meta":{"_joinchat":[]},"product_brand":[],"product_cat":[184,198],"product_tag":[],"class_list":{"0":"post-12378","1":"product","2":"type-product","3":"status-publish","4":"has-post-thumbnail","6":"product_cat-electromenager","7":"product_cat-petit-electromenager","9":"first","10":"instock","11":"shipping-taxable","12":"purchasable","13":"product-type-simple"},"yoast_head":"<!-- This site is optimized with the Yoast SEO plugin v26.7 - https:\/\/yoast.com\/wordpress\/plugins\/seo\/ -->\n<title>Presse-Agrumes VitaPress Direct Serve - 150W - Noir et Gris - PC603D10 - Mariages.io store<\/title>\n<meta name=\"description\" content=\"Presse agrumes VitaPress Direct Serve : 3 c\u00f4nes color\u00e9s, syst\u00e8me anti-goutte, extraction directe dans le verre et habillage m\u00e9tal premium. Pratique, \u00e9l\u00e9gant et facile \u00e0 nettoyer.\" \/>\n<meta name=\"robots\" content=\"index, follow, max-snippet:-1, max-image-preview:large, max-video-preview:-1\" \/>\n<link rel=\"canonical\" href=\"https:\/\/store.mariages.io\/ar\/product\/presse-agrumes-vitapress-direct-serve-150w-noir-et-gris-pc603d10\/\" \/>\n<meta property=\"og:locale\" content=\"ar_AR\" \/>\n<meta property=\"og:type\" content=\"article\" \/>\n<meta property=\"og:title\" content=\"Presse-Agrumes VitaPress Direct Serve - 150W - Noir et Gris - PC603D10 - Mariages.io store\" \/>\n<meta property=\"og:description\" content=\"Presse agrumes VitaPress Direct Serve : 3 c\u00f4nes color\u00e9s, syst\u00e8me anti-goutte, extraction directe dans le verre et habillage m\u00e9tal premium. Pratique, \u00e9l\u00e9gant et facile \u00e0 nettoyer.\" \/>\n<meta property=\"og:url\" content=\"https:\/\/store.mariages.io\/ar\/product\/presse-agrumes-vitapress-direct-serve-150w-noir-et-gris-pc603d10\/\" \/>\n<meta property=\"og:site_name\" content=\"Mariages.io store\" \/>\n<meta property=\"article:modified_time\" content=\"2025-10-17T21:59:14+00:00\" \/>\n<meta property=\"og:image\" content=\"https:\/\/store.mariages.io\/wp-content\/uploads\/2025\/02\/Designsanstitre_67.webp\" \/>\n\t<meta property=\"og:image:width\" content=\"800\" \/>\n\t<meta property=\"og:image:height\" content=\"800\" \/>\n\t<meta property=\"og:image:type\" content=\"image\/webp\" \/>\n<meta name=\"twitter:card\" content=\"summary_large_image\" \/>\n<meta name=\"twitter:label1\" content=\"\u0648\u0642\u062a \u0627\u0644\u0642\u0631\u0627\u0621\u0629 \u0627\u0644\u0645\u064f\u0642\u062f\u0651\u0631\" \/>\n\t<meta name=\"twitter:data1\" content=\"\u062f\u0642\u064a\u0642\u062a\u0627\u0646\" \/>\n<script type=\"application\/ld+json\" class=\"yoast-schema-graph\">{\"@context\":\"https:\/\/schema.org\",\"@graph\":[{\"@type\":\"WebPage\",\"@id\":\"https:\/\/store.mariages.io\/product\/presse-agrumes-vitapress-direct-serve-150w-noir-et-gris-pc603d10\/\",\"url\":\"https:\/\/store.mariages.io\/product\/presse-agrumes-vitapress-direct-serve-150w-noir-et-gris-pc603d10\/\",\"name\":\"Presse-Agrumes VitaPress Direct Serve - 150W - Noir et Gris - PC603D10 - Mariages.io store\",\"isPartOf\":{\"@id\":\"https:\/\/darkviolet-ram-161551.hostingersite.com\/#website\"},\"primaryImageOfPage\":{\"@id\":\"https:\/\/store.mariages.io\/product\/presse-agrumes-vitapress-direct-serve-150w-noir-et-gris-pc603d10\/#primaryimage\"},\"image\":{\"@id\":\"https:\/\/store.mariages.io\/product\/presse-agrumes-vitapress-direct-serve-150w-noir-et-gris-pc603d10\/#primaryimage\"},\"thumbnailUrl\":\"https:\/\/store.mariages.io\/wp-content\/uploads\/2025\/02\/Designsanstitre_67.webp\",\"datePublished\":\"2025-02-28T13:34:36+00:00\",\"dateModified\":\"2025-10-17T21:59:14+00:00\",\"description\":\"Presse agrumes VitaPress Direct Serve : 3 c\u00f4nes color\u00e9s, syst\u00e8me anti-goutte, extraction directe dans le verre et habillage m\u00e9tal premium. Pratique, \u00e9l\u00e9gant et facile \u00e0 nettoyer.\",\"breadcrumb\":{\"@id\":\"https:\/\/store.mariages.io\/product\/presse-agrumes-vitapress-direct-serve-150w-noir-et-gris-pc603d10\/#breadcrumb\"},\"inLanguage\":\"ar\",\"potentialAction\":[{\"@type\":\"ReadAction\",\"target\":[\"https:\/\/store.mariages.io\/product\/presse-agrumes-vitapress-direct-serve-150w-noir-et-gris-pc603d10\/\"]}]},{\"@type\":\"ImageObject\",\"inLanguage\":\"ar\",\"@id\":\"https:\/\/store.mariages.io\/product\/presse-agrumes-vitapress-direct-serve-150w-noir-et-gris-pc603d10\/#primaryimage\",\"url\":\"https:\/\/store.mariages.io\/wp-content\/uploads\/2025\/02\/Designsanstitre_67.webp\",\"contentUrl\":\"https:\/\/store.mariages.io\/wp-content\/uploads\/2025\/02\/Designsanstitre_67.webp\",\"width\":800,\"height\":800},{\"@type\":\"BreadcrumbList\",\"@id\":\"https:\/\/store.mariages.io\/product\/presse-agrumes-vitapress-direct-serve-150w-noir-et-gris-pc603d10\/#breadcrumb\",\"itemListElement\":[{\"@type\":\"ListItem\",\"position\":1,\"name\":\"Home\",\"item\":\"https:\/\/darkviolet-ram-161551.hostingersite.com\/\"},{\"@type\":\"ListItem\",\"position\":2,\"name\":\"Shop\",\"item\":\"https:\/\/store.mariages.io\/shop\/\"},{\"@type\":\"ListItem\",\"position\":3,\"name\":\"Presse-Agrumes VitaPress Direct Serve &#8211; 150W &#8211; Noir et Gris &#8211; PC603D10\"}]},{\"@type\":\"WebSite\",\"@id\":\"https:\/\/darkviolet-ram-161551.hostingersite.com\/#website\",\"url\":\"https:\/\/darkviolet-ram-161551.hostingersite.com\/\",\"name\":\"Mariages.io store\",\"description\":\"STORE Mariages.IO\",\"potentialAction\":[{\"@type\":\"SearchAction\",\"target\":{\"@type\":\"EntryPoint\",\"urlTemplate\":\"https:\/\/darkviolet-ram-161551.hostingersite.com\/?s={search_term_string}\"},\"query-input\":{\"@type\":\"PropertyValueSpecification\",\"valueRequired\":true,\"valueName\":\"search_term_string\"}}],\"inLanguage\":\"ar\"}]}<\/script>\n<!-- \/ Yoast SEO plugin. -->","yoast_head_json":{"title":"Presse-Agrumes VitaPress Direct Serve - 150W - Noir et Gris - PC603D10 - Mariages.io store","description":"Presse agrumes VitaPress Direct Serve : 3 c\u00f4nes color\u00e9s, syst\u00e8me anti-goutte, extraction directe dans le verre et habillage m\u00e9tal premium. Pratique, \u00e9l\u00e9gant et facile \u00e0 nettoyer.","robots":{"index":"index","follow":"follow","max-snippet":"max-snippet:-1","max-image-preview":"max-image-preview:large","max-video-preview":"max-video-preview:-1"},"canonical":"https:\/\/store.mariages.io\/ar\/product\/presse-agrumes-vitapress-direct-serve-150w-noir-et-gris-pc603d10\/","og_locale":"ar_AR","og_type":"article","og_title":"Presse-Agrumes VitaPress Direct Serve - 150W - Noir et Gris - PC603D10 - Mariages.io store","og_description":"Presse agrumes VitaPress Direct Serve : 3 c\u00f4nes color\u00e9s, syst\u00e8me anti-goutte, extraction directe dans le verre et habillage m\u00e9tal premium. Pratique, \u00e9l\u00e9gant et facile \u00e0 nettoyer.","og_url":"https:\/\/store.mariages.io\/ar\/product\/presse-agrumes-vitapress-direct-serve-150w-noir-et-gris-pc603d10\/","og_site_name":"Mariages.io store","article_modified_time":"2025-10-17T21:59:14+00:00","og_image":[{"width":800,"height":800,"url":"https:\/\/store.mariages.io\/wp-content\/uploads\/2025\/02\/Designsanstitre_67.webp","type":"image\/webp"}],"twitter_card":"summary_large_image","twitter_misc":{"\u0648\u0642\u062a \u0627\u0644\u0642\u0631\u0627\u0621\u0629 \u0627\u0644\u0645\u064f\u0642\u062f\u0651\u0631":"\u062f\u0642\u064a\u0642\u062a\u0627\u0646"},"schema":{"@context":"https:\/\/schema.org","@graph":[{"@type":"WebPage","@id":"https:\/\/store.mariages.io\/product\/presse-agrumes-vitapress-direct-serve-150w-noir-et-gris-pc603d10\/","url":"https:\/\/store.mariages.io\/product\/presse-agrumes-vitapress-direct-serve-150w-noir-et-gris-pc603d10\/","name":"Presse-Agrumes VitaPress Direct Serve - 150W - Noir et Gris - PC603D10 - Mariages.io store","isPartOf":{"@id":"https:\/\/darkviolet-ram-161551.hostingersite.com\/#website"},"primaryImageOfPage":{"@id":"https:\/\/store.mariages.io\/product\/presse-agrumes-vitapress-direct-serve-150w-noir-et-gris-pc603d10\/#primaryimage"},"image":{"@id":"https:\/\/store.mariages.io\/product\/presse-agrumes-vitapress-direct-serve-150w-noir-et-gris-pc603d10\/#primaryimage"},"thumbnailUrl":"https:\/\/store.mariages.io\/wp-content\/uploads\/2025\/02\/Designsanstitre_67.webp","datePublished":"2025-02-28T13:34:36+00:00","dateModified":"2025-10-17T21:59:14+00:00","description":"Presse agrumes VitaPress Direct Serve : 3 c\u00f4nes color\u00e9s, syst\u00e8me anti-goutte, extraction directe dans le verre et habillage m\u00e9tal premium. Pratique, \u00e9l\u00e9gant et facile \u00e0 nettoyer.","breadcrumb":{"@id":"https:\/\/store.mariages.io\/product\/presse-agrumes-vitapress-direct-serve-150w-noir-et-gris-pc603d10\/#breadcrumb"},"inLanguage":"ar","potentialAction":[{"@type":"ReadAction","target":["https:\/\/store.mariages.io\/product\/presse-agrumes-vitapress-direct-serve-150w-noir-et-gris-pc603d10\/"]}]},{"@type":"ImageObject","inLanguage":"ar","@id":"https:\/\/store.mariages.io\/product\/presse-agrumes-vitapress-direct-serve-150w-noir-et-gris-pc603d10\/#primaryimage","url":"https:\/\/store.mariages.io\/wp-content\/uploads\/2025\/02\/Designsanstitre_67.webp","contentUrl":"https:\/\/store.mariages.io\/wp-content\/uploads\/2025\/02\/Designsanstitre_67.webp","width":800,"height":800},{"@type":"BreadcrumbList","@id":"https:\/\/store.mariages.io\/product\/presse-agrumes-vitapress-direct-serve-150w-noir-et-gris-pc603d10\/#breadcrumb","itemListElement":[{"@type":"ListItem","position":1,"name":"Home","item":"https:\/\/darkviolet-ram-161551.hostingersite.com\/"},{"@type":"ListItem","position":2,"name":"Shop","item":"https:\/\/store.mariages.io\/shop\/"},{"@type":"ListItem","position":3,"name":"Presse-Agrumes VitaPress Direct Serve &#8211; 150W &#8211; Noir et Gris &#8211; PC603D10"}]},{"@type":"WebSite","@id":"https:\/\/darkviolet-ram-161551.hostingersite.com\/#website","url":"https:\/\/darkviolet-ram-161551.hostingersite.com\/","name":"Mariages.io store","description":"STORE Mariages.IO","potentialAction":[{"@type":"SearchAction","target":{"@type":"EntryPoint","urlTemplate":"https:\/\/darkviolet-ram-161551.hostingersite.com\/?s={search_term_string}"},"query-input":{"@type":"PropertyValueSpecification","valueRequired":true,"valueName":"search_term_string"}}],"inLanguage":"ar"}]}},"_links":{"self":[{"href":"https:\/\/store.mariages.io\/ar\/wp-json\/wp\/v2\/product\/12378","targetHints":{"allow":["GET"]}}],"collection":[{"href":"https:\/\/store.mariages.io\/ar\/wp-json\/wp\/v2\/product"}],"about":[{"href":"https:\/\/store.mariages.io\/ar\/wp-json\/wp\/v2\/types\/product"}],"replies":[{"embeddable":true,"href":"https:\/\/store.mariages.io\/ar\/wp-json\/wp\/v2\/comments?post=12378"}],"version-history":[{"count":1,"href":"https:\/\/store.mariages.io\/ar\/wp-json\/wp\/v2\/product\/12378\/revisions"}],"predecessor-version":[{"id":12383,"href":"https:\/\/store.mariages.io\/ar\/wp-json\/wp\/v2\/product\/12378\/revisions\/12383"}],"wp:featuredmedia":[{"embeddable":true,"href":"https:\/\/store.mariages.io\/ar\/wp-json\/wp\/v2\/media\/12382"}],"wp:attachment":[{"href":"https:\/\/store.mariages.io\/ar\/wp-json\/wp\/v2\/media?parent=12378"}],"wp:term":[{"taxonomy":"product_brand","embeddable":true,"href":"https:\/\/store.mariages.io\/ar\/wp-json\/wp\/v2\/product_brand?post=12378"},{"taxonomy":"product_cat","embeddable":true,"href":"https:\/\/store.mariages.io\/ar\/wp-json\/wp\/v2\/product_cat?post=12378"},{"taxonomy":"product_tag","embeddable":true,"href":"https:\/\/store.mariages.io\/ar\/wp-json\/wp\/v2\/product_tag?post=12378"}],"curies":[{"name":"wp","href":"https:\/\/api.w.org\/{rel}","templated":true}]}}