{"id":12225,"date":"2024-03-28T16:16:22","date_gmt":"2024-03-28T16:16:22","guid":{"rendered":"https:\/\/darkviolet-ram-161551.hostingersite.com\/?post_type=product&#038;p=12225"},"modified":"2025-10-17T21:59:51","modified_gmt":"2025-10-17T21:59:51","slug":"creme-coiffante-leave-in-paraben-free","status":"publish","type":"product","link":"https:\/\/store.mariages.io\/ar\/product\/creme-coiffante-leave-in-paraben-free\/","title":{"rendered":"\u0643\u0631\u064a\u0645 \u062a\u0635\u0641\u064a\u0641 \u0627\u0644\u0634\u0639\u0631 - \u064a\u064f\u062a\u0631\u0643 \u0639\u0644\u0649 \u0627\u0644\u0634\u0639\u0631 \u062e\u0627\u0644\u064a\u064b\u0627 \u0645\u0646 \u0627\u0644\u0628\u0627\u0631\u0627\u0628\u064a\u0646"},"content":{"rendered":"<p>\u0643\u0631\u064a\u0645 \u062a\u0631\u0637\u064a\u0628 \u0648\u062a\u0635\u0641\u064a\u0641 \u0627\u0644\u0634\u0639\u0631 \u0628\u0632\u064a\u062a \u0627\u0644\u0623\u0631\u063a\u0627\u0646 \u0648\u0632\u064a\u062a \u0627\u0644\u062c\u0648\u062c\u0648\u0628\u0627\u060c \u0645\u0635\u0645\u0645 \u0644\u062c\u0645\u064a\u0639 \u0623\u0646\u0648\u0627\u0639 \u0627\u0644\u0634\u0639\u0631 \u0644\u062a\u0631\u0637\u064a\u0628 \u0648\u062d\u0645\u0627\u064a\u0629 \u0648\u062a\u062d\u062f\u064a\u062f \u062e\u0635\u0644\u0627\u062a \u0627\u0644\u0634\u0639\u0631.<\/p>\n<p>250 \u0645\u0644<\/p>\n<p>\u0645\u062b\u0627\u0644\u064a \u0644\u0644\u0634\u0639\u0631 \u0627\u0644\u0645\u062c\u0639\u062f\u060c<br \/>\n\u0643\u0631\u064a\u0645 \u062a\u0635\u0641\u064a\u0641 \u064a\u064f\u062a\u0631\u0643 \u0639\u0644\u0649 \u0627\u0644\u0634\u0639\u0631 \u0645\u064f\u0635\u0645\u0645 \u0644\u062a\u0631\u0637\u064a\u0628 \u0634\u0639\u0631\u0643\u0650 \u0628\u0634\u0643\u0644 \u0625\u0636\u0627\u0641\u064a. \u064a\u0645\u0643\u0646\u0643\u0650 \u0627\u0633\u062a\u062e\u062f\u0627\u0645 \u0643\u0645\u064a\u0629 \u0635\u063a\u064a\u0631\u0629 \u064a\u0648\u0645\u064a\u064b\u0627 \u0644\u062a\u0631\u0637\u064a\u0628 \u0627\u0644\u0634\u0639\u0631 \u0648\u062a\u062d\u062f\u064a\u062f \u062a\u062c\u0639\u064a\u062f\u0627\u062a\u0647.<\/p>\n<p>\u0637\u0631\u064a\u0642\u0629 \u0627\u0644\u0627\u0633\u062a\u062e\u062f\u0627\u0645: \u0636\u0639\u064a\u0647 \u062d\u0633\u0628 \u0627\u0644\u062d\u0627\u062c\u0629 \u0627\u0639\u062a\u0645\u0627\u062f\u064b\u0627 \u0639\u0644\u0649 \u0637\u0648\u0644 \u0634\u0639\u0631\u0643 \u0648\u0643\u062b\u0627\u0641\u062a\u0647 \u0648\u0645\u0633\u0627\u0645\u064a\u062a\u0647.<br \/>\n\u0627\u0633\u062a\u062e\u062f\u0645\u064a\u0647 \u0639\u0644\u0649 \u0627\u0644\u0634\u0639\u0631 \u0627\u0644\u0631\u0637\u0628 \u0644\u0644\u062d\u0641\u0627\u0638 \u0639\u0644\u0649 \u0627\u0644\u0631\u0637\u0648\u0628\u0629\u060c \u0623\u0648 \u0639\u0644\u0649 \u0627\u0644\u0634\u0639\u0631 \u0627\u0644\u062c\u0627\u0641 \u0644\u062a\u0646\u0634\u064a\u0637\u0647 \u0648\u0625\u0636\u0627\u0641\u0629 \u0627\u0644\u0644\u0645\u0639\u0627\u0646 \u0625\u0644\u064a\u0647.<\/p>\n<p>\u0627\u0644\u0645\u0643\u0648\u0646\u0627\u062a: \u0645\u0627\u0621\u060c \u0645\u064a\u0631\u064a\u0633\u062a\u0627\u062a \u0625\u064a\u0632\u0648\u0628\u0631\u0648\u0628\u064a\u0644\u060c \u0643\u062d\u0648\u0644 \u0628\u0646\u0632\u064a\u0644\u060c \u0628\u0646\u0632\u0648\u0627\u062a \u0627\u0644\u0635\u0648\u062f\u064a\u0648\u0645\u060c \u0633\u0648\u0631\u0628\u0627\u062a \u0627\u0644\u0628\u0648\u062a\u0627\u0633\u064a\u0648\u0645\u060c \u0643\u0644\u0648\u0631\u064a\u062f \u0623\u0643\u0631\u064a\u0644\u0627\u0645\u064a\u062f\u0648\u0628\u0631\u0648\u0628\u064a\u0644 \u062a\u0631\u064a\u0645\u0648\u0646\u064a\u0648\u0645 \/ \u0643\u0648\u0628\u0648\u0644\u064a\u0645\u0631 \u0623\u0643\u0631\u064a\u0644\u0627\u0645\u064a\u062f\u060c \u062d\u0645\u0636 \u062f\u064a\u0647\u064a\u062f\u0631\u0648\u0623\u0633\u064a\u062a\u064a\u0643\u060c \u0647\u064a\u0643\u0633\u064a\u0644 \u0633\u064a\u0646\u0627\u0645\u0627\u0644\u060c \u0633\u0627\u0644\u064a\u0633\u064a\u0644\u0627\u062a \u0627\u0644\u0628\u0646\u0632\u064a\u0644\u060c \u0647\u064a\u062f\u0631\u0648\u0643\u0633\u064a \u0633\u064a\u062a\u0631\u0648\u0646\u064a\u0644\u0627\u0644\u060c \u0644\u064a\u0646\u0627\u0644\u0648\u0644.<\/p>","protected":false},"excerpt":{"rendered":"<p>Une cr\u00e8me hydratante et coiffante sans rin\u00e7age (Leave In) \u00e0 base d&rsquo;huile d&rsquo;Argan et d&rsquo;huile de Jojoba, con\u00e7ue pour tous<\/p>","protected":false},"featured_media":12226,"comment_status":"open","ping_status":"closed","template":"","meta":{"_joinchat":[]},"product_brand":[],"product_cat":[27],"product_tag":[],"class_list":{"0":"post-12225","1":"product","2":"type-product","3":"status-publish","4":"has-post-thumbnail","6":"product_cat-sante-et-bien-etre-style-de-vie","8":"first","9":"instock","10":"shipping-taxable","11":"purchasable","12":"product-type-simple"},"yoast_head":"<!-- This site is optimized with the Yoast SEO plugin v26.7 - https:\/\/yoast.com\/wordpress\/plugins\/seo\/ -->\n<title>Cr\u00e8me coiffante - Leave In Paraben Free - Mariages.io store<\/title>\n<meta name=\"description\" content=\"Soin cheveux sans rin\u00e7age \u00e0 l\u2019huile d\u2019argan et de jojoba : hydrate, d\u00e9finit les boucles et apporte brillance. Sans paraben, id\u00e9al pour cheveux boucl\u00e9s, secs ou fris\u00e9s.\" \/>\n<meta name=\"robots\" content=\"index, follow, max-snippet:-1, max-image-preview:large, max-video-preview:-1\" \/>\n<link rel=\"canonical\" href=\"https:\/\/store.mariages.io\/ar\/product\/creme-coiffante-leave-in-paraben-free\/\" \/>\n<meta property=\"og:locale\" content=\"ar_AR\" \/>\n<meta property=\"og:type\" content=\"article\" \/>\n<meta property=\"og:title\" content=\"Cr\u00e8me coiffante - Leave In Paraben Free - Mariages.io store\" \/>\n<meta property=\"og:description\" content=\"Soin cheveux sans rin\u00e7age \u00e0 l\u2019huile d\u2019argan et de jojoba : hydrate, d\u00e9finit les boucles et apporte brillance. Sans paraben, id\u00e9al pour cheveux boucl\u00e9s, secs ou fris\u00e9s.\" \/>\n<meta property=\"og:url\" content=\"https:\/\/store.mariages.io\/ar\/product\/creme-coiffante-leave-in-paraben-free\/\" \/>\n<meta property=\"og:site_name\" content=\"Mariages.io store\" \/>\n<meta property=\"article:modified_time\" content=\"2025-10-17T21:59:51+00:00\" \/>\n<meta property=\"og:image\" content=\"https:\/\/store.mariages.io\/wp-content\/uploads\/2024\/03\/Creme-coiffante-.png\" \/>\n\t<meta property=\"og:image:width\" content=\"702\" \/>\n\t<meta property=\"og:image:height\" content=\"976\" \/>\n\t<meta property=\"og:image:type\" content=\"image\/png\" \/>\n<meta name=\"twitter:card\" content=\"summary_large_image\" \/>\n<meta name=\"twitter:label1\" content=\"\u0648\u0642\u062a \u0627\u0644\u0642\u0631\u0627\u0621\u0629 \u0627\u0644\u0645\u064f\u0642\u062f\u0651\u0631\" \/>\n\t<meta name=\"twitter:data1\" content=\"\u062f\u0642\u064a\u0642\u0629 \u0648\u0627\u062d\u062f\u0629\" \/>\n<script type=\"application\/ld+json\" class=\"yoast-schema-graph\">{\"@context\":\"https:\/\/schema.org\",\"@graph\":[{\"@type\":\"WebPage\",\"@id\":\"https:\/\/store.mariages.io\/product\/creme-coiffante-leave-in-paraben-free\/\",\"url\":\"https:\/\/store.mariages.io\/product\/creme-coiffante-leave-in-paraben-free\/\",\"name\":\"Cr\u00e8me coiffante - Leave In Paraben Free - Mariages.io store\",\"isPartOf\":{\"@id\":\"https:\/\/darkviolet-ram-161551.hostingersite.com\/#website\"},\"primaryImageOfPage\":{\"@id\":\"https:\/\/store.mariages.io\/product\/creme-coiffante-leave-in-paraben-free\/#primaryimage\"},\"image\":{\"@id\":\"https:\/\/store.mariages.io\/product\/creme-coiffante-leave-in-paraben-free\/#primaryimage\"},\"thumbnailUrl\":\"https:\/\/store.mariages.io\/wp-content\/uploads\/2024\/03\/Creme-coiffante-.png\",\"datePublished\":\"2024-03-28T16:16:22+00:00\",\"dateModified\":\"2025-10-17T21:59:51+00:00\",\"description\":\"Soin cheveux sans rin\u00e7age \u00e0 l\u2019huile d\u2019argan et de jojoba : hydrate, d\u00e9finit les boucles et apporte brillance. Sans paraben, id\u00e9al pour cheveux boucl\u00e9s, secs ou fris\u00e9s.\",\"breadcrumb\":{\"@id\":\"https:\/\/store.mariages.io\/product\/creme-coiffante-leave-in-paraben-free\/#breadcrumb\"},\"inLanguage\":\"ar\",\"potentialAction\":[{\"@type\":\"ReadAction\",\"target\":[\"https:\/\/store.mariages.io\/product\/creme-coiffante-leave-in-paraben-free\/\"]}]},{\"@type\":\"ImageObject\",\"inLanguage\":\"ar\",\"@id\":\"https:\/\/store.mariages.io\/product\/creme-coiffante-leave-in-paraben-free\/#primaryimage\",\"url\":\"https:\/\/store.mariages.io\/wp-content\/uploads\/2024\/03\/Creme-coiffante-.png\",\"contentUrl\":\"https:\/\/store.mariages.io\/wp-content\/uploads\/2024\/03\/Creme-coiffante-.png\",\"width\":702,\"height\":976},{\"@type\":\"BreadcrumbList\",\"@id\":\"https:\/\/store.mariages.io\/product\/creme-coiffante-leave-in-paraben-free\/#breadcrumb\",\"itemListElement\":[{\"@type\":\"ListItem\",\"position\":1,\"name\":\"Home\",\"item\":\"https:\/\/darkviolet-ram-161551.hostingersite.com\/\"},{\"@type\":\"ListItem\",\"position\":2,\"name\":\"Shop\",\"item\":\"https:\/\/store.mariages.io\/shop\/\"},{\"@type\":\"ListItem\",\"position\":3,\"name\":\"Cr\u00e8me coiffante &#8211; Leave In Paraben Free\"}]},{\"@type\":\"WebSite\",\"@id\":\"https:\/\/darkviolet-ram-161551.hostingersite.com\/#website\",\"url\":\"https:\/\/darkviolet-ram-161551.hostingersite.com\/\",\"name\":\"Mariages.io store\",\"description\":\"STORE Mariages.IO\",\"potentialAction\":[{\"@type\":\"SearchAction\",\"target\":{\"@type\":\"EntryPoint\",\"urlTemplate\":\"https:\/\/darkviolet-ram-161551.hostingersite.com\/?s={search_term_string}\"},\"query-input\":{\"@type\":\"PropertyValueSpecification\",\"valueRequired\":true,\"valueName\":\"search_term_string\"}}],\"inLanguage\":\"ar\"}]}<\/script>\n<!-- \/ Yoast SEO plugin. -->","yoast_head_json":{"title":"Cr\u00e8me coiffante - Leave In Paraben Free - Mariages.io store","description":"Soin cheveux sans rin\u00e7age \u00e0 l\u2019huile d\u2019argan et de jojoba : hydrate, d\u00e9finit les boucles et apporte brillance. Sans paraben, id\u00e9al pour cheveux boucl\u00e9s, secs ou fris\u00e9s.","robots":{"index":"index","follow":"follow","max-snippet":"max-snippet:-1","max-image-preview":"max-image-preview:large","max-video-preview":"max-video-preview:-1"},"canonical":"https:\/\/store.mariages.io\/ar\/product\/creme-coiffante-leave-in-paraben-free\/","og_locale":"ar_AR","og_type":"article","og_title":"Cr\u00e8me coiffante - Leave In Paraben Free - Mariages.io store","og_description":"Soin cheveux sans rin\u00e7age \u00e0 l\u2019huile d\u2019argan et de jojoba : hydrate, d\u00e9finit les boucles et apporte brillance. Sans paraben, id\u00e9al pour cheveux boucl\u00e9s, secs ou fris\u00e9s.","og_url":"https:\/\/store.mariages.io\/ar\/product\/creme-coiffante-leave-in-paraben-free\/","og_site_name":"Mariages.io store","article_modified_time":"2025-10-17T21:59:51+00:00","og_image":[{"width":702,"height":976,"url":"https:\/\/store.mariages.io\/wp-content\/uploads\/2024\/03\/Creme-coiffante-.png","type":"image\/png"}],"twitter_card":"summary_large_image","twitter_misc":{"\u0648\u0642\u062a \u0627\u0644\u0642\u0631\u0627\u0621\u0629 \u0627\u0644\u0645\u064f\u0642\u062f\u0651\u0631":"\u062f\u0642\u064a\u0642\u0629 \u0648\u0627\u062d\u062f\u0629"},"schema":{"@context":"https:\/\/schema.org","@graph":[{"@type":"WebPage","@id":"https:\/\/store.mariages.io\/product\/creme-coiffante-leave-in-paraben-free\/","url":"https:\/\/store.mariages.io\/product\/creme-coiffante-leave-in-paraben-free\/","name":"Cr\u00e8me coiffante - Leave In Paraben Free - Mariages.io store","isPartOf":{"@id":"https:\/\/darkviolet-ram-161551.hostingersite.com\/#website"},"primaryImageOfPage":{"@id":"https:\/\/store.mariages.io\/product\/creme-coiffante-leave-in-paraben-free\/#primaryimage"},"image":{"@id":"https:\/\/store.mariages.io\/product\/creme-coiffante-leave-in-paraben-free\/#primaryimage"},"thumbnailUrl":"https:\/\/store.mariages.io\/wp-content\/uploads\/2024\/03\/Creme-coiffante-.png","datePublished":"2024-03-28T16:16:22+00:00","dateModified":"2025-10-17T21:59:51+00:00","description":"Soin cheveux sans rin\u00e7age \u00e0 l\u2019huile d\u2019argan et de jojoba : hydrate, d\u00e9finit les boucles et apporte brillance. Sans paraben, id\u00e9al pour cheveux boucl\u00e9s, secs ou fris\u00e9s.","breadcrumb":{"@id":"https:\/\/store.mariages.io\/product\/creme-coiffante-leave-in-paraben-free\/#breadcrumb"},"inLanguage":"ar","potentialAction":[{"@type":"ReadAction","target":["https:\/\/store.mariages.io\/product\/creme-coiffante-leave-in-paraben-free\/"]}]},{"@type":"ImageObject","inLanguage":"ar","@id":"https:\/\/store.mariages.io\/product\/creme-coiffante-leave-in-paraben-free\/#primaryimage","url":"https:\/\/store.mariages.io\/wp-content\/uploads\/2024\/03\/Creme-coiffante-.png","contentUrl":"https:\/\/store.mariages.io\/wp-content\/uploads\/2024\/03\/Creme-coiffante-.png","width":702,"height":976},{"@type":"BreadcrumbList","@id":"https:\/\/store.mariages.io\/product\/creme-coiffante-leave-in-paraben-free\/#breadcrumb","itemListElement":[{"@type":"ListItem","position":1,"name":"Home","item":"https:\/\/darkviolet-ram-161551.hostingersite.com\/"},{"@type":"ListItem","position":2,"name":"Shop","item":"https:\/\/store.mariages.io\/shop\/"},{"@type":"ListItem","position":3,"name":"Cr\u00e8me coiffante &#8211; Leave In Paraben Free"}]},{"@type":"WebSite","@id":"https:\/\/darkviolet-ram-161551.hostingersite.com\/#website","url":"https:\/\/darkviolet-ram-161551.hostingersite.com\/","name":"Mariages.io store","description":"STORE Mariages.IO","potentialAction":[{"@type":"SearchAction","target":{"@type":"EntryPoint","urlTemplate":"https:\/\/darkviolet-ram-161551.hostingersite.com\/?s={search_term_string}"},"query-input":{"@type":"PropertyValueSpecification","valueRequired":true,"valueName":"search_term_string"}}],"inLanguage":"ar"}]}},"_links":{"self":[{"href":"https:\/\/store.mariages.io\/ar\/wp-json\/wp\/v2\/product\/12225","targetHints":{"allow":["GET"]}}],"collection":[{"href":"https:\/\/store.mariages.io\/ar\/wp-json\/wp\/v2\/product"}],"about":[{"href":"https:\/\/store.mariages.io\/ar\/wp-json\/wp\/v2\/types\/product"}],"replies":[{"embeddable":true,"href":"https:\/\/store.mariages.io\/ar\/wp-json\/wp\/v2\/comments?post=12225"}],"version-history":[{"count":3,"href":"https:\/\/store.mariages.io\/ar\/wp-json\/wp\/v2\/product\/12225\/revisions"}],"predecessor-version":[{"id":12741,"href":"https:\/\/store.mariages.io\/ar\/wp-json\/wp\/v2\/product\/12225\/revisions\/12741"}],"wp:featuredmedia":[{"embeddable":true,"href":"https:\/\/store.mariages.io\/ar\/wp-json\/wp\/v2\/media\/12226"}],"wp:attachment":[{"href":"https:\/\/store.mariages.io\/ar\/wp-json\/wp\/v2\/media?parent=12225"}],"wp:term":[{"taxonomy":"product_brand","embeddable":true,"href":"https:\/\/store.mariages.io\/ar\/wp-json\/wp\/v2\/product_brand?post=12225"},{"taxonomy":"product_cat","embeddable":true,"href":"https:\/\/store.mariages.io\/ar\/wp-json\/wp\/v2\/product_cat?post=12225"},{"taxonomy":"product_tag","embeddable":true,"href":"https:\/\/store.mariages.io\/ar\/wp-json\/wp\/v2\/product_tag?post=12225"}],"curies":[{"name":"wp","href":"https:\/\/api.w.org\/{rel}","templated":true}]}}