{"id":12218,"date":"2024-03-28T15:49:38","date_gmt":"2024-03-28T15:49:38","guid":{"rendered":"https:\/\/darkviolet-ram-161551.hostingersite.com\/?post_type=product&#038;p=12218"},"modified":"2025-10-19T11:50:06","modified_gmt":"2025-10-19T11:50:06","slug":"pot-de-creme-mains-regenerante-a-lhuile-dargan","status":"publish","type":"product","link":"https:\/\/store.mariages.io\/ar\/product\/pot-de-creme-mains-regenerante-a-lhuile-dargan\/","title":{"rendered":"\u0628\u0631\u0637\u0645\u0627\u0646 \u0643\u0631\u064a\u0645 \u062a\u062c\u062f\u064a\u062f \u0627\u0644\u064a\u062f\u064a\u0646 \u0628\u0632\u064a\u062a \u0627\u0644\u0623\u0631\u063a\u0627\u0646"},"content":{"rendered":"<p>\u0645\u064f\u062f\u0639\u0651\u0645 \u0628\u0632\u064a\u062a \u0627\u0644\u0623\u0631\u063a\u0627\u0646 \u0648\u0632\u0628\u062f\u0629 \u0627\u0644\u0634\u064a\u0627\u060c \u0645\u0639 \u062e\u0635\u0627\u0626\u0635 \u0645\u063a\u0630\u064a\u0629 \u0648\u062d\u0627\u0645\u064a\u0629\u060c \u0647\u0630\u0627 \u0627\u0644\u0643\u0631\u064a\u0645 \u0627\u0644\u0645\u0639\u0637\u0631 \u0628\u0632\u064a\u062a \u0627\u0644\u0628\u0631\u062a\u0642\u0627\u0644 \u0627\u0644\u0639\u0637\u0631\u064a \u0645\u062b\u0627\u0644\u064a \u0644\u0644\u0639\u0646\u0627\u064a\u0629 \u0627\u0644\u064a\u0648\u0645\u064a\u0629 \u0628\u0627\u0644\u064a\u062f\u064a\u0646 \u0644\u0644\u062d\u0635\u0648\u0644 \u0639\u0644\u0649 \u0644\u0645\u0633\u0629 \u0646\u0627\u0639\u0645\u0629 \u0648\u062d\u0631\u064a\u0631\u064a\u0629.<\/p>\n<p>\u0645\u062a\u0648\u0641\u0631 \u0628\u062d\u062c\u0645 \u062c\u0631\u0629 150 \u0645\u0644<\/p>\n<p>\u0627\u0644\u0627\u0633\u062a\u062e\u062f\u0627\u0645: \u0636\u0639\u064a \u0627\u0644\u0643\u0631\u064a\u0645 \u0635\u0628\u0627\u062d\u064b\u0627 \u0648\u0645\u0633\u0627\u0621\u064b \u0639\u0644\u0649 \u0627\u0644\u064a\u062f\u064a\u0646 \u0648\u062f\u0644\u0643\u064a \u062d\u062a\u0649 \u064a\u062a\u0645 \u0627\u0645\u062a\u0635\u0627\u0635\u0647.<\/p>\n<p>\u0627\u0644\u0645\u0643\u0648\u0646\u0627\u062a: \u0645\u0627\u0621\u060c \u0645\u064a\u0631\u064a\u0633\u062a\u0627\u062a \u0625\u064a\u0632\u0648\u0628\u0631\u0648\u0628\u064a\u0644\u060c \u062d\u0645\u0636 \u062f\u0647\u0646\u064a\u060c \u062c\u0644\u0633\u0631\u064a\u0646\u060c \u0632\u064a\u062a \u0642\u0634\u0631 \u0627\u0644\u0628\u0631\u062a\u0642\u0627\u0644\u060c \u0633\u062a\u064a\u0631\u0627\u062a \u0627\u0644\u062c\u0644\u0633\u0631\u064a\u0644\u060c \u0643\u062d\u0648\u0644 \u0633\u064a\u062a\u064a\u0644\u064a\u060c \u0632\u064a\u062a \u0646\u0648\u0627\u0629 \u0627\u0644\u0623\u0631\u062c\u0627\u0646\u064a\u0627 \u0633\u0628\u064a\u0646\u0648\u0632\u0627\u060c \u0634\u0645\u0639 \u0623\u0628\u064a\u0636\u060c \u0632\u064a\u062a \u0628\u0630\u0648\u0631 \u0627\u0644\u0639\u0646\u0628\u060c \u0632\u064a\u062a \u062c\u0648\u0632 \u0627\u0644\u0647\u0646\u062f\u060c \u0633\u064a\u062a\u0631\u064a\u062b-20\u060c \u0643\u062d\u0648\u0644 \u0628\u0646\u0632\u064a\u0644\u064a\u060c \u0632\u0628\u062f\u0629 \u0628\u0648\u062a\u064a\u0631\u0648\u0633\u0628\u064a\u0631\u0645\u0648\u0645 \u0628\u0627\u0631\u0643\u064a\u060c \u0628\u0646\u0632\u0648\u0627\u062a \u0627\u0644\u0635\u0648\u062f\u064a\u0648\u0645\u060c \u0633\u0648\u0631\u0628\u0627\u062a \u0627\u0644\u0628\u0648\u062a\u0627\u0633\u064a\u0648\u0645\u060c \u062d\u0645\u0636 \u0627\u0644\u062f\u064a\u0647\u064a\u062f\u0631\u0648\u0623\u0633\u064a\u062a\u064a\u0643. \u0627\u062d\u062a\u064a\u0627\u0637\u0627\u062a: \u0644\u0644\u0627\u0633\u062a\u062e\u062f\u0627\u0645 \u0627\u0644\u0631\u0648\u062a\u064a\u0646\u064a.<\/p>","protected":false},"excerpt":{"rendered":"<p>Enrichie en huile d&rsquo;argan et en beurre de karit\u00e9, aux propri\u00e9t\u00e9s nourrissantes et protectrices, cette cr\u00e8me parfum\u00e9e \u00e0 l&rsquo;huile essentielle<\/p>","protected":false},"featured_media":12219,"comment_status":"open","ping_status":"closed","template":"","meta":{"_joinchat":[]},"product_brand":[],"product_cat":[27],"product_tag":[],"class_list":{"0":"post-12218","1":"product","2":"type-product","3":"status-publish","4":"has-post-thumbnail","6":"product_cat-sante-et-bien-etre-style-de-vie","8":"first","9":"instock","10":"shipping-taxable","11":"purchasable","12":"product-type-simple"},"yoast_head":"<!-- This site is optimized with the Yoast SEO plugin v26.7 - https:\/\/yoast.com\/wordpress\/plugins\/seo\/ -->\n<title>Pot de Cr\u00e8me mains r\u00e9g\u00e9n\u00e9rante \u00e0 l&#039;huile d&#039;Argan - Mariages.io store<\/title>\n<meta name=\"description\" content=\"Pot de cr\u00e8me mains s\u00e8ches \u00e0 l\u2019huile d\u2019argan et au karit\u00e9 nourrit, prot\u00e8ge et adoucit la peau pour des mains douces et soyeuses au quotidien.\" \/>\n<meta name=\"robots\" content=\"index, follow, max-snippet:-1, max-image-preview:large, max-video-preview:-1\" \/>\n<link rel=\"canonical\" href=\"https:\/\/store.mariages.io\/ar\/product\/pot-de-creme-mains-regenerante-a-lhuile-dargan\/\" \/>\n<meta property=\"og:locale\" content=\"ar_AR\" \/>\n<meta property=\"og:type\" content=\"article\" \/>\n<meta property=\"og:title\" content=\"Pot de Cr\u00e8me mains r\u00e9g\u00e9n\u00e9rante \u00e0 l&#039;huile d&#039;Argan - Mariages.io store\" \/>\n<meta property=\"og:description\" content=\"Pot de cr\u00e8me mains s\u00e8ches \u00e0 l\u2019huile d\u2019argan et au karit\u00e9 nourrit, prot\u00e8ge et adoucit la peau pour des mains douces et soyeuses au quotidien.\" \/>\n<meta property=\"og:url\" content=\"https:\/\/store.mariages.io\/ar\/product\/pot-de-creme-mains-regenerante-a-lhuile-dargan\/\" \/>\n<meta property=\"og:site_name\" content=\"Mariages.io store\" \/>\n<meta property=\"article:modified_time\" content=\"2025-10-19T11:50:06+00:00\" \/>\n<meta property=\"og:image\" content=\"https:\/\/store.mariages.io\/wp-content\/uploads\/2024\/03\/POT-DE-CREME-MAINS-REGENERANTE-A-LHUILE-DARGAN.png\" \/>\n\t<meta property=\"og:image:width\" content=\"1000\" \/>\n\t<meta property=\"og:image:height\" content=\"1068\" \/>\n\t<meta property=\"og:image:type\" content=\"image\/png\" \/>\n<meta name=\"twitter:card\" content=\"summary_large_image\" \/>\n<meta name=\"twitter:label1\" content=\"\u0648\u0642\u062a \u0627\u0644\u0642\u0631\u0627\u0621\u0629 \u0627\u0644\u0645\u064f\u0642\u062f\u0651\u0631\" \/>\n\t<meta name=\"twitter:data1\" content=\"\u062f\u0642\u064a\u0642\u0629 \u0648\u0627\u062d\u062f\u0629\" \/>\n<script type=\"application\/ld+json\" class=\"yoast-schema-graph\">{\"@context\":\"https:\/\/schema.org\",\"@graph\":[{\"@type\":\"WebPage\",\"@id\":\"https:\/\/store.mariages.io\/product\/pot-de-creme-mains-regenerante-a-lhuile-dargan\/\",\"url\":\"https:\/\/store.mariages.io\/product\/pot-de-creme-mains-regenerante-a-lhuile-dargan\/\",\"name\":\"Pot de Cr\u00e8me mains r\u00e9g\u00e9n\u00e9rante \u00e0 l'huile d'Argan - Mariages.io store\",\"isPartOf\":{\"@id\":\"https:\/\/darkviolet-ram-161551.hostingersite.com\/#website\"},\"primaryImageOfPage\":{\"@id\":\"https:\/\/store.mariages.io\/product\/pot-de-creme-mains-regenerante-a-lhuile-dargan\/#primaryimage\"},\"image\":{\"@id\":\"https:\/\/store.mariages.io\/product\/pot-de-creme-mains-regenerante-a-lhuile-dargan\/#primaryimage\"},\"thumbnailUrl\":\"https:\/\/store.mariages.io\/wp-content\/uploads\/2024\/03\/POT-DE-CREME-MAINS-REGENERANTE-A-LHUILE-DARGAN.png\",\"datePublished\":\"2024-03-28T15:49:38+00:00\",\"dateModified\":\"2025-10-19T11:50:06+00:00\",\"description\":\"Pot de cr\u00e8me mains s\u00e8ches \u00e0 l\u2019huile d\u2019argan et au karit\u00e9 nourrit, prot\u00e8ge et adoucit la peau pour des mains douces et soyeuses au quotidien.\",\"breadcrumb\":{\"@id\":\"https:\/\/store.mariages.io\/product\/pot-de-creme-mains-regenerante-a-lhuile-dargan\/#breadcrumb\"},\"inLanguage\":\"ar\",\"potentialAction\":[{\"@type\":\"ReadAction\",\"target\":[\"https:\/\/store.mariages.io\/product\/pot-de-creme-mains-regenerante-a-lhuile-dargan\/\"]}]},{\"@type\":\"ImageObject\",\"inLanguage\":\"ar\",\"@id\":\"https:\/\/store.mariages.io\/product\/pot-de-creme-mains-regenerante-a-lhuile-dargan\/#primaryimage\",\"url\":\"https:\/\/store.mariages.io\/wp-content\/uploads\/2024\/03\/POT-DE-CREME-MAINS-REGENERANTE-A-LHUILE-DARGAN.png\",\"contentUrl\":\"https:\/\/store.mariages.io\/wp-content\/uploads\/2024\/03\/POT-DE-CREME-MAINS-REGENERANTE-A-LHUILE-DARGAN.png\",\"width\":1000,\"height\":1068},{\"@type\":\"BreadcrumbList\",\"@id\":\"https:\/\/store.mariages.io\/product\/pot-de-creme-mains-regenerante-a-lhuile-dargan\/#breadcrumb\",\"itemListElement\":[{\"@type\":\"ListItem\",\"position\":1,\"name\":\"Home\",\"item\":\"https:\/\/darkviolet-ram-161551.hostingersite.com\/\"},{\"@type\":\"ListItem\",\"position\":2,\"name\":\"Shop\",\"item\":\"https:\/\/store.mariages.io\/shop\/\"},{\"@type\":\"ListItem\",\"position\":3,\"name\":\"Pot de Cr\u00e8me mains r\u00e9g\u00e9n\u00e9rante \u00e0 l&rsquo;huile d&rsquo;Argan\"}]},{\"@type\":\"WebSite\",\"@id\":\"https:\/\/darkviolet-ram-161551.hostingersite.com\/#website\",\"url\":\"https:\/\/darkviolet-ram-161551.hostingersite.com\/\",\"name\":\"Mariages.io store\",\"description\":\"STORE Mariages.IO\",\"potentialAction\":[{\"@type\":\"SearchAction\",\"target\":{\"@type\":\"EntryPoint\",\"urlTemplate\":\"https:\/\/darkviolet-ram-161551.hostingersite.com\/?s={search_term_string}\"},\"query-input\":{\"@type\":\"PropertyValueSpecification\",\"valueRequired\":true,\"valueName\":\"search_term_string\"}}],\"inLanguage\":\"ar\"}]}<\/script>\n<!-- \/ Yoast SEO plugin. -->","yoast_head_json":{"title":"Pot de Cr\u00e8me mains r\u00e9g\u00e9n\u00e9rante \u00e0 l'huile d'Argan - Mariages.io store","description":"Pot de cr\u00e8me mains s\u00e8ches \u00e0 l\u2019huile d\u2019argan et au karit\u00e9 nourrit, prot\u00e8ge et adoucit la peau pour des mains douces et soyeuses au quotidien.","robots":{"index":"index","follow":"follow","max-snippet":"max-snippet:-1","max-image-preview":"max-image-preview:large","max-video-preview":"max-video-preview:-1"},"canonical":"https:\/\/store.mariages.io\/ar\/product\/pot-de-creme-mains-regenerante-a-lhuile-dargan\/","og_locale":"ar_AR","og_type":"article","og_title":"Pot de Cr\u00e8me mains r\u00e9g\u00e9n\u00e9rante \u00e0 l'huile d'Argan - Mariages.io store","og_description":"Pot de cr\u00e8me mains s\u00e8ches \u00e0 l\u2019huile d\u2019argan et au karit\u00e9 nourrit, prot\u00e8ge et adoucit la peau pour des mains douces et soyeuses au quotidien.","og_url":"https:\/\/store.mariages.io\/ar\/product\/pot-de-creme-mains-regenerante-a-lhuile-dargan\/","og_site_name":"Mariages.io store","article_modified_time":"2025-10-19T11:50:06+00:00","og_image":[{"width":1000,"height":1068,"url":"https:\/\/store.mariages.io\/wp-content\/uploads\/2024\/03\/POT-DE-CREME-MAINS-REGENERANTE-A-LHUILE-DARGAN.png","type":"image\/png"}],"twitter_card":"summary_large_image","twitter_misc":{"\u0648\u0642\u062a \u0627\u0644\u0642\u0631\u0627\u0621\u0629 \u0627\u0644\u0645\u064f\u0642\u062f\u0651\u0631":"\u062f\u0642\u064a\u0642\u0629 \u0648\u0627\u062d\u062f\u0629"},"schema":{"@context":"https:\/\/schema.org","@graph":[{"@type":"WebPage","@id":"https:\/\/store.mariages.io\/product\/pot-de-creme-mains-regenerante-a-lhuile-dargan\/","url":"https:\/\/store.mariages.io\/product\/pot-de-creme-mains-regenerante-a-lhuile-dargan\/","name":"Pot de Cr\u00e8me mains r\u00e9g\u00e9n\u00e9rante \u00e0 l'huile d'Argan - Mariages.io store","isPartOf":{"@id":"https:\/\/darkviolet-ram-161551.hostingersite.com\/#website"},"primaryImageOfPage":{"@id":"https:\/\/store.mariages.io\/product\/pot-de-creme-mains-regenerante-a-lhuile-dargan\/#primaryimage"},"image":{"@id":"https:\/\/store.mariages.io\/product\/pot-de-creme-mains-regenerante-a-lhuile-dargan\/#primaryimage"},"thumbnailUrl":"https:\/\/store.mariages.io\/wp-content\/uploads\/2024\/03\/POT-DE-CREME-MAINS-REGENERANTE-A-LHUILE-DARGAN.png","datePublished":"2024-03-28T15:49:38+00:00","dateModified":"2025-10-19T11:50:06+00:00","description":"Pot de cr\u00e8me mains s\u00e8ches \u00e0 l\u2019huile d\u2019argan et au karit\u00e9 nourrit, prot\u00e8ge et adoucit la peau pour des mains douces et soyeuses au quotidien.","breadcrumb":{"@id":"https:\/\/store.mariages.io\/product\/pot-de-creme-mains-regenerante-a-lhuile-dargan\/#breadcrumb"},"inLanguage":"ar","potentialAction":[{"@type":"ReadAction","target":["https:\/\/store.mariages.io\/product\/pot-de-creme-mains-regenerante-a-lhuile-dargan\/"]}]},{"@type":"ImageObject","inLanguage":"ar","@id":"https:\/\/store.mariages.io\/product\/pot-de-creme-mains-regenerante-a-lhuile-dargan\/#primaryimage","url":"https:\/\/store.mariages.io\/wp-content\/uploads\/2024\/03\/POT-DE-CREME-MAINS-REGENERANTE-A-LHUILE-DARGAN.png","contentUrl":"https:\/\/store.mariages.io\/wp-content\/uploads\/2024\/03\/POT-DE-CREME-MAINS-REGENERANTE-A-LHUILE-DARGAN.png","width":1000,"height":1068},{"@type":"BreadcrumbList","@id":"https:\/\/store.mariages.io\/product\/pot-de-creme-mains-regenerante-a-lhuile-dargan\/#breadcrumb","itemListElement":[{"@type":"ListItem","position":1,"name":"Home","item":"https:\/\/darkviolet-ram-161551.hostingersite.com\/"},{"@type":"ListItem","position":2,"name":"Shop","item":"https:\/\/store.mariages.io\/shop\/"},{"@type":"ListItem","position":3,"name":"Pot de Cr\u00e8me mains r\u00e9g\u00e9n\u00e9rante \u00e0 l&rsquo;huile d&rsquo;Argan"}]},{"@type":"WebSite","@id":"https:\/\/darkviolet-ram-161551.hostingersite.com\/#website","url":"https:\/\/darkviolet-ram-161551.hostingersite.com\/","name":"Mariages.io store","description":"STORE Mariages.IO","potentialAction":[{"@type":"SearchAction","target":{"@type":"EntryPoint","urlTemplate":"https:\/\/darkviolet-ram-161551.hostingersite.com\/?s={search_term_string}"},"query-input":{"@type":"PropertyValueSpecification","valueRequired":true,"valueName":"search_term_string"}}],"inLanguage":"ar"}]}},"_links":{"self":[{"href":"https:\/\/store.mariages.io\/ar\/wp-json\/wp\/v2\/product\/12218","targetHints":{"allow":["GET"]}}],"collection":[{"href":"https:\/\/store.mariages.io\/ar\/wp-json\/wp\/v2\/product"}],"about":[{"href":"https:\/\/store.mariages.io\/ar\/wp-json\/wp\/v2\/types\/product"}],"replies":[{"embeddable":true,"href":"https:\/\/store.mariages.io\/ar\/wp-json\/wp\/v2\/comments?post=12218"}],"version-history":[{"count":1,"href":"https:\/\/store.mariages.io\/ar\/wp-json\/wp\/v2\/product\/12218\/revisions"}],"predecessor-version":[{"id":12220,"href":"https:\/\/store.mariages.io\/ar\/wp-json\/wp\/v2\/product\/12218\/revisions\/12220"}],"wp:featuredmedia":[{"embeddable":true,"href":"https:\/\/store.mariages.io\/ar\/wp-json\/wp\/v2\/media\/12219"}],"wp:attachment":[{"href":"https:\/\/store.mariages.io\/ar\/wp-json\/wp\/v2\/media?parent=12218"}],"wp:term":[{"taxonomy":"product_brand","embeddable":true,"href":"https:\/\/store.mariages.io\/ar\/wp-json\/wp\/v2\/product_brand?post=12218"},{"taxonomy":"product_cat","embeddable":true,"href":"https:\/\/store.mariages.io\/ar\/wp-json\/wp\/v2\/product_cat?post=12218"},{"taxonomy":"product_tag","embeddable":true,"href":"https:\/\/store.mariages.io\/ar\/wp-json\/wp\/v2\/product_tag?post=12218"}],"curies":[{"name":"wp","href":"https:\/\/api.w.org\/{rel}","templated":true}]}}