{"id":12202,"date":"2024-03-28T15:12:39","date_gmt":"2024-03-28T15:12:39","guid":{"rendered":"https:\/\/darkviolet-ram-161551.hostingersite.com\/?post_type=product&#038;p=12202"},"modified":"2025-10-19T11:53:28","modified_gmt":"2025-10-19T11:53:28","slug":"creme-yeux-anti-cernes-et-anti-poches","status":"publish","type":"product","link":"https:\/\/store.mariages.io\/ar\/product\/creme-yeux-anti-cernes-et-anti-poches\/","title":{"rendered":"\u0643\u0631\u064a\u0645 \u0645\u0636\u0627\u062f \u0644\u0644\u0647\u0627\u0644\u0627\u062a \u0627\u0644\u0633\u0648\u062f\u0627\u0621 \u0648\u0627\u0644\u0627\u0646\u062a\u0641\u0627\u062e\u0627\u062a \u062d\u0648\u0644 \u0627\u0644\u0639\u064a\u0646"},"content":{"rendered":"<p>\u0643\u0631\u064a\u0645 \u0645\u0636\u0627\u062f \u0644\u0644\u0647\u0627\u0644\u0627\u062a \u0627\u0644\u0633\u0648\u062f\u0627\u0621 \u0648\u0627\u0644\u0627\u0646\u062a\u0641\u0627\u062e\u0627\u062a \u062d\u0648\u0644 \u0627\u0644\u0639\u064a\u0646 15 \u0645\u0644:<\/p>\n<p>\u0639\u0644\u0627\u062c \u0634\u0627\u0645\u0644 \u0644\u0645\u062d\u064a\u0637 \u0627\u0644\u0639\u064a\u0646\u060c \u062e\u0641\u064a\u0641 \u0648\u0645\u0646\u0639\u0634\u060c \u0645\u0635\u0645\u0645 \u062e\u0635\u064a\u0635\u064b\u0627 \u0644\u062a\u0642\u0644\u064a\u0644 \u0627\u0644\u0647\u0627\u0644\u0627\u062a \u0627\u0644\u0633\u0648\u062f\u0627\u0621 \u0648\u062a\u062e\u0641\u064a\u0641 \u0627\u062d\u062a\u0642\u0627\u0646 \u0627\u0644\u0639\u064a\u0646\u064a\u0646. \u0644\u0625\u0637\u0644\u0627\u0644\u0629 \u0623\u0643\u062b\u0631 \u0625\u0634\u0631\u0627\u0642\u064b\u0627 \u0648\u0645\u062d\u064a\u0637 \u0639\u064a\u0646 \u0623\u0643\u062b\u0631 \u062a\u0646\u0627\u0633\u0642\u064b\u0627.<\/p>\n<p>\u0627\u0644\u0627\u0633\u062a\u062e\u062f\u0627\u0645: \u0642\u0628\u0644 \u0648\u0636\u0639 \u0643\u0631\u064a\u0645 \u0627\u0644\u0648\u062c\u0647 \u0646\u0627\u062a\u0648\u0633\u060c \u0636\u0639\u064a \u0643\u0645\u064a\u0629 \u0635\u063a\u064a\u0631\u0629 \u0645\u0646 \u0627\u0644\u0645\u0646\u062a\u062c \u0639\u0644\u0649 \u0645\u0646\u0637\u0642\u0629 \u0627\u0644\u0639\u064a\u0646\u060c \u0648\u0631\u0628\u062a\u064a \u0628\u0644\u0637\u0641 \u0644\u0645\u0646\u0639 \u0638\u0647\u0648\u0631 \u0627\u0644\u0647\u0627\u0644\u0627\u062a \u0627\u0644\u0633\u0648\u062f\u0627\u0621 \u0648\u0627\u0644\u062a\u062c\u0627\u0639\u064a\u062f.<\/p>\n<p>\u0627\u0644\u0645\u0643\u0648\u0646\u0627\u062a: \u0645\u0627\u0621\u060c \u0645\u064a\u0631\u064a\u0633\u062a\u0627\u062a \u0625\u064a\u0632\u0648\u0628\u0631\u0648\u0628\u064a\u0644\u060c \u0643\u062d\u0648\u0644 \u0633\u064a\u062a\u064a\u0644\u060c \u0633\u064a\u062a\u0631\u064a\u062b-20\u060c \u062c\u0644\u0633\u0631\u064a\u0646\u060c \u0632\u064a\u062a \u062c\u0646\u064a\u0646 \u0627\u0644\u0642\u0645\u062d\u060c \u0632\u064a\u062a \u0628\u0630\u0648\u0631 \u0627\u0644\u0639\u0646\u0628\u060c \u0641\u064a\u0646\u064a\u0644 \u0625\u064a\u062b\u064a\u0644 \u0631\u064a\u0633\u0648\u0631\u0633\u064a\u0646\u0648\u0644\u060c \u0632\u064a\u062a \u0627\u0644\u0623\u0631\u062c\u0627\u0646 \u0633\u0628\u064a\u0646\u0648\u0632\u0627\u060c \u0634\u0645\u0639 \u0623\u0628\u064a\u0636\u060c \u0633\u062a\u064a\u0631\u0627\u062a \u0627\u0644\u062c\u0644\u0633\u0631\u064a\u0644\u060c \u0645\u0633\u062a\u062e\u0644\u0635 \u0627\u0644\u0643\u0631\u0643\u062f\u064a\u0647.<\/p>\n<p>\u0643\u062d\u0648\u0644 \u0627\u0644\u0628\u0646\u0632\u064a\u0644\u060c \u0632\u0628\u062f\u0629 \u0628\u0648\u062a\u064a\u0631\u0648\u0633\u0628\u064a\u0631\u0645\u0648\u0645 \u0628\u0627\u0631\u0643\u064a\u060c \u0628\u0646\u0632\u0648\u0627\u062a \u0627\u0644\u0635\u0648\u062f\u064a\u0648\u0645\u060c \u0633\u0648\u0631\u0628\u0627\u062a \u0627\u0644\u0628\u0648\u062a\u0627\u0633\u064a\u0648\u0645\u060c \u062d\u0645\u0636 \u0627\u0644\u062f\u064a\u0647\u064a\u062f\u0631\u0648\u0623\u0633\u064a\u062a\u064a\u0643. 15 \u0645\u0644<\/p>\n<p>\u0627\u062d\u062a\u064a\u0627\u0637\u0627\u062a: \u0627\u0644\u0627\u0633\u062a\u062e\u062f\u0627\u0645 \u0627\u0644\u062e\u0627\u0631\u062c\u064a.<\/p>","protected":false},"excerpt":{"rendered":"<p>Cr\u00e8me yeux anti cernes et anti poches 15ML : Soin Complet Contour des Yeux, l\u00e9ger et frais, sp\u00e9cialement con\u00e7u pour<\/p>","protected":false},"featured_media":12203,"comment_status":"open","ping_status":"closed","template":"","meta":{"_joinchat":[]},"product_brand":[],"product_cat":[27],"product_tag":[],"class_list":{"0":"post-12202","1":"product","2":"type-product","3":"status-publish","4":"has-post-thumbnail","6":"product_cat-sante-et-bien-etre-style-de-vie","8":"first","9":"instock","10":"shipping-taxable","11":"purchasable","12":"product-type-simple"},"yoast_head":"<!-- This site is optimized with the Yoast SEO plugin v26.7 - https:\/\/yoast.com\/wordpress\/plugins\/seo\/ -->\n<title>Cr\u00e8me yeux anti cernes et anti poches - Mariages.io store<\/title>\n<meta name=\"description\" content=\"Cr\u00e8me anti cernes l\u00e9g\u00e8re et rafra\u00eechissante. R\u00e9duit les poches, illumine le regard et hydrate le contour des yeux pour un regard repos\u00e9.\" \/>\n<meta name=\"robots\" content=\"index, follow, max-snippet:-1, max-image-preview:large, max-video-preview:-1\" \/>\n<link rel=\"canonical\" href=\"https:\/\/store.mariages.io\/ar\/product\/creme-yeux-anti-cernes-et-anti-poches\/\" \/>\n<meta property=\"og:locale\" content=\"ar_AR\" \/>\n<meta property=\"og:type\" content=\"article\" \/>\n<meta property=\"og:title\" content=\"Cr\u00e8me yeux anti cernes et anti poches - Mariages.io store\" \/>\n<meta property=\"og:description\" content=\"Cr\u00e8me anti cernes l\u00e9g\u00e8re et rafra\u00eechissante. R\u00e9duit les poches, illumine le regard et hydrate le contour des yeux pour un regard repos\u00e9.\" \/>\n<meta property=\"og:url\" content=\"https:\/\/store.mariages.io\/ar\/product\/creme-yeux-anti-cernes-et-anti-poches\/\" \/>\n<meta property=\"og:site_name\" content=\"Mariages.io store\" \/>\n<meta property=\"article:modified_time\" content=\"2025-10-19T11:53:28+00:00\" \/>\n<meta property=\"og:image\" content=\"https:\/\/store.mariages.io\/wp-content\/uploads\/2024\/03\/Creme-yeux-anti-cernes-et-anti-poches-15ml.png\" \/>\n\t<meta property=\"og:image:width\" content=\"1006\" \/>\n\t<meta property=\"og:image:height\" content=\"1128\" \/>\n\t<meta property=\"og:image:type\" content=\"image\/png\" \/>\n<meta name=\"twitter:card\" content=\"summary_large_image\" \/>\n<meta name=\"twitter:label1\" content=\"\u0648\u0642\u062a \u0627\u0644\u0642\u0631\u0627\u0621\u0629 \u0627\u0644\u0645\u064f\u0642\u062f\u0651\u0631\" \/>\n\t<meta name=\"twitter:data1\" content=\"\u062f\u0642\u064a\u0642\u0629 \u0648\u0627\u062d\u062f\u0629\" \/>\n<script type=\"application\/ld+json\" class=\"yoast-schema-graph\">{\"@context\":\"https:\/\/schema.org\",\"@graph\":[{\"@type\":\"WebPage\",\"@id\":\"https:\/\/store.mariages.io\/ar\/product\/creme-yeux-anti-cernes-et-anti-poches\/\",\"url\":\"https:\/\/store.mariages.io\/ar\/product\/creme-yeux-anti-cernes-et-anti-poches\/\",\"name\":\"Cr\u00e8me yeux anti cernes et anti poches - Mariages.io store\",\"isPartOf\":{\"@id\":\"https:\/\/darkviolet-ram-161551.hostingersite.com\/#website\"},\"primaryImageOfPage\":{\"@id\":\"https:\/\/store.mariages.io\/ar\/product\/creme-yeux-anti-cernes-et-anti-poches\/#primaryimage\"},\"image\":{\"@id\":\"https:\/\/store.mariages.io\/ar\/product\/creme-yeux-anti-cernes-et-anti-poches\/#primaryimage\"},\"thumbnailUrl\":\"https:\/\/store.mariages.io\/wp-content\/uploads\/2024\/03\/Creme-yeux-anti-cernes-et-anti-poches-15ml.png\",\"datePublished\":\"2024-03-28T15:12:39+00:00\",\"dateModified\":\"2025-10-19T11:53:28+00:00\",\"description\":\"Cr\u00e8me anti cernes l\u00e9g\u00e8re et rafra\u00eechissante. R\u00e9duit les poches, illumine le regard et hydrate le contour des yeux pour un regard repos\u00e9.\",\"breadcrumb\":{\"@id\":\"https:\/\/store.mariages.io\/ar\/product\/creme-yeux-anti-cernes-et-anti-poches\/#breadcrumb\"},\"inLanguage\":\"ar\",\"potentialAction\":[{\"@type\":\"ReadAction\",\"target\":[\"https:\/\/store.mariages.io\/ar\/product\/creme-yeux-anti-cernes-et-anti-poches\/\"]}]},{\"@type\":\"ImageObject\",\"inLanguage\":\"ar\",\"@id\":\"https:\/\/store.mariages.io\/ar\/product\/creme-yeux-anti-cernes-et-anti-poches\/#primaryimage\",\"url\":\"https:\/\/store.mariages.io\/wp-content\/uploads\/2024\/03\/Creme-yeux-anti-cernes-et-anti-poches-15ml.png\",\"contentUrl\":\"https:\/\/store.mariages.io\/wp-content\/uploads\/2024\/03\/Creme-yeux-anti-cernes-et-anti-poches-15ml.png\",\"width\":1006,\"height\":1128},{\"@type\":\"BreadcrumbList\",\"@id\":\"https:\/\/store.mariages.io\/ar\/product\/creme-yeux-anti-cernes-et-anti-poches\/#breadcrumb\",\"itemListElement\":[{\"@type\":\"ListItem\",\"position\":1,\"name\":\"Home\",\"item\":\"https:\/\/darkviolet-ram-161551.hostingersite.com\/\"},{\"@type\":\"ListItem\",\"position\":2,\"name\":\"Shop\",\"item\":\"https:\/\/store.mariages.io\/shop\/\"},{\"@type\":\"ListItem\",\"position\":3,\"name\":\"Cr\u00e8me yeux anti cernes et anti poches\"}]},{\"@type\":\"WebSite\",\"@id\":\"https:\/\/darkviolet-ram-161551.hostingersite.com\/#website\",\"url\":\"https:\/\/darkviolet-ram-161551.hostingersite.com\/\",\"name\":\"Mariages.io store\",\"description\":\"STORE Mariages.IO\",\"potentialAction\":[{\"@type\":\"SearchAction\",\"target\":{\"@type\":\"EntryPoint\",\"urlTemplate\":\"https:\/\/darkviolet-ram-161551.hostingersite.com\/?s={search_term_string}\"},\"query-input\":{\"@type\":\"PropertyValueSpecification\",\"valueRequired\":true,\"valueName\":\"search_term_string\"}}],\"inLanguage\":\"ar\"}]}<\/script>\n<!-- \/ Yoast SEO plugin. -->","yoast_head_json":{"title":"Cr\u00e8me yeux anti cernes et anti poches - Mariages.io store","description":"Cr\u00e8me anti cernes l\u00e9g\u00e8re et rafra\u00eechissante. R\u00e9duit les poches, illumine le regard et hydrate le contour des yeux pour un regard repos\u00e9.","robots":{"index":"index","follow":"follow","max-snippet":"max-snippet:-1","max-image-preview":"max-image-preview:large","max-video-preview":"max-video-preview:-1"},"canonical":"https:\/\/store.mariages.io\/ar\/product\/creme-yeux-anti-cernes-et-anti-poches\/","og_locale":"ar_AR","og_type":"article","og_title":"Cr\u00e8me yeux anti cernes et anti poches - Mariages.io store","og_description":"Cr\u00e8me anti cernes l\u00e9g\u00e8re et rafra\u00eechissante. R\u00e9duit les poches, illumine le regard et hydrate le contour des yeux pour un regard repos\u00e9.","og_url":"https:\/\/store.mariages.io\/ar\/product\/creme-yeux-anti-cernes-et-anti-poches\/","og_site_name":"Mariages.io store","article_modified_time":"2025-10-19T11:53:28+00:00","og_image":[{"width":1006,"height":1128,"url":"https:\/\/store.mariages.io\/wp-content\/uploads\/2024\/03\/Creme-yeux-anti-cernes-et-anti-poches-15ml.png","type":"image\/png"}],"twitter_card":"summary_large_image","twitter_misc":{"\u0648\u0642\u062a \u0627\u0644\u0642\u0631\u0627\u0621\u0629 \u0627\u0644\u0645\u064f\u0642\u062f\u0651\u0631":"\u062f\u0642\u064a\u0642\u0629 \u0648\u0627\u062d\u062f\u0629"},"schema":{"@context":"https:\/\/schema.org","@graph":[{"@type":"WebPage","@id":"https:\/\/store.mariages.io\/ar\/product\/creme-yeux-anti-cernes-et-anti-poches\/","url":"https:\/\/store.mariages.io\/ar\/product\/creme-yeux-anti-cernes-et-anti-poches\/","name":"Cr\u00e8me yeux anti cernes et anti poches - Mariages.io store","isPartOf":{"@id":"https:\/\/darkviolet-ram-161551.hostingersite.com\/#website"},"primaryImageOfPage":{"@id":"https:\/\/store.mariages.io\/ar\/product\/creme-yeux-anti-cernes-et-anti-poches\/#primaryimage"},"image":{"@id":"https:\/\/store.mariages.io\/ar\/product\/creme-yeux-anti-cernes-et-anti-poches\/#primaryimage"},"thumbnailUrl":"https:\/\/store.mariages.io\/wp-content\/uploads\/2024\/03\/Creme-yeux-anti-cernes-et-anti-poches-15ml.png","datePublished":"2024-03-28T15:12:39+00:00","dateModified":"2025-10-19T11:53:28+00:00","description":"Cr\u00e8me anti cernes l\u00e9g\u00e8re et rafra\u00eechissante. R\u00e9duit les poches, illumine le regard et hydrate le contour des yeux pour un regard repos\u00e9.","breadcrumb":{"@id":"https:\/\/store.mariages.io\/ar\/product\/creme-yeux-anti-cernes-et-anti-poches\/#breadcrumb"},"inLanguage":"ar","potentialAction":[{"@type":"ReadAction","target":["https:\/\/store.mariages.io\/ar\/product\/creme-yeux-anti-cernes-et-anti-poches\/"]}]},{"@type":"ImageObject","inLanguage":"ar","@id":"https:\/\/store.mariages.io\/ar\/product\/creme-yeux-anti-cernes-et-anti-poches\/#primaryimage","url":"https:\/\/store.mariages.io\/wp-content\/uploads\/2024\/03\/Creme-yeux-anti-cernes-et-anti-poches-15ml.png","contentUrl":"https:\/\/store.mariages.io\/wp-content\/uploads\/2024\/03\/Creme-yeux-anti-cernes-et-anti-poches-15ml.png","width":1006,"height":1128},{"@type":"BreadcrumbList","@id":"https:\/\/store.mariages.io\/ar\/product\/creme-yeux-anti-cernes-et-anti-poches\/#breadcrumb","itemListElement":[{"@type":"ListItem","position":1,"name":"Home","item":"https:\/\/darkviolet-ram-161551.hostingersite.com\/"},{"@type":"ListItem","position":2,"name":"Shop","item":"https:\/\/store.mariages.io\/shop\/"},{"@type":"ListItem","position":3,"name":"Cr\u00e8me yeux anti cernes et anti poches"}]},{"@type":"WebSite","@id":"https:\/\/darkviolet-ram-161551.hostingersite.com\/#website","url":"https:\/\/darkviolet-ram-161551.hostingersite.com\/","name":"Mariages.io store","description":"STORE Mariages.IO","potentialAction":[{"@type":"SearchAction","target":{"@type":"EntryPoint","urlTemplate":"https:\/\/darkviolet-ram-161551.hostingersite.com\/?s={search_term_string}"},"query-input":{"@type":"PropertyValueSpecification","valueRequired":true,"valueName":"search_term_string"}}],"inLanguage":"ar"}]}},"_links":{"self":[{"href":"https:\/\/store.mariages.io\/ar\/wp-json\/wp\/v2\/product\/12202","targetHints":{"allow":["GET"]}}],"collection":[{"href":"https:\/\/store.mariages.io\/ar\/wp-json\/wp\/v2\/product"}],"about":[{"href":"https:\/\/store.mariages.io\/ar\/wp-json\/wp\/v2\/types\/product"}],"replies":[{"embeddable":true,"href":"https:\/\/store.mariages.io\/ar\/wp-json\/wp\/v2\/comments?post=12202"}],"version-history":[{"count":2,"href":"https:\/\/store.mariages.io\/ar\/wp-json\/wp\/v2\/product\/12202\/revisions"}],"predecessor-version":[{"id":12208,"href":"https:\/\/store.mariages.io\/ar\/wp-json\/wp\/v2\/product\/12202\/revisions\/12208"}],"wp:featuredmedia":[{"embeddable":true,"href":"https:\/\/store.mariages.io\/ar\/wp-json\/wp\/v2\/media\/12203"}],"wp:attachment":[{"href":"https:\/\/store.mariages.io\/ar\/wp-json\/wp\/v2\/media?parent=12202"}],"wp:term":[{"taxonomy":"product_brand","embeddable":true,"href":"https:\/\/store.mariages.io\/ar\/wp-json\/wp\/v2\/product_brand?post=12202"},{"taxonomy":"product_cat","embeddable":true,"href":"https:\/\/store.mariages.io\/ar\/wp-json\/wp\/v2\/product_cat?post=12202"},{"taxonomy":"product_tag","embeddable":true,"href":"https:\/\/store.mariages.io\/ar\/wp-json\/wp\/v2\/product_tag?post=12202"}],"curies":[{"name":"wp","href":"https:\/\/api.w.org\/{rel}","templated":true}]}}