{"id":12161,"date":"2024-03-27T13:23:56","date_gmt":"2024-03-27T13:23:56","guid":{"rendered":"https:\/\/darkviolet-ram-161551.hostingersite.com\/?post_type=product&#038;p=12161"},"modified":"2025-10-24T14:59:52","modified_gmt":"2025-10-24T14:59:52","slug":"serviette-de-bain-a-capuche","status":"publish","type":"product","link":"https:\/\/store.mariages.io\/ar\/product\/serviette-de-bain-a-capuche\/","title":{"rendered":"\u0645\u0646\u0634\u0641\u0629 \u062d\u0645\u0627\u0645 \u0628\u063a\u0637\u0627\u0621 \u0644\u0644\u0631\u0623\u0633"},"content":{"rendered":"<p>\u0627\u0644\u0644\u0648\u0646: \u0623\u0628\u064a\u0636<br \/>\n\u0627\u0644\u0642\u0645\u0627\u0634\/\u0627\u0644\u0645\u0627\u062f\u0629: \u0628\u0648\u0644\u064a\u0633\u062a\u0631<br \/>\n\u0627\u0644\u0642\u0645\u0627\u0634: \u0645\u062a\u0648\u0633\u0637 \u0627\u0644\u062a\u0645\u062f\u062f<br \/>\nSexe: Femme<br \/>\n\u0627\u0644\u062a\u0631\u0643\u064a\u0628: \u0628\u0648\u0644\u064a\u0633\u062a\u0631 90%\u060c \u0628\u0648\u0644\u064a \u0623\u0645\u064a\u062f 10%<\/p>\n<p>Taille Unique<\/p>","protected":false},"excerpt":{"rendered":"<p>Couleur: Blanc Tissu\/mat\u00e9riel: Polyester Tissu: \u00c9lasticit\u00e9 moyenne Sexe: Femme Composition: 90% Polyester, 10% Polyamide Taille Unique<\/p>","protected":false},"featured_media":12162,"comment_status":"open","ping_status":"closed","template":"","meta":{"_joinchat":[]},"product_brand":[],"product_cat":[191,193],"product_tag":[],"class_list":{"0":"post-12161","1":"product","2":"type-product","3":"status-publish","4":"has-post-thumbnail","6":"product_cat-chambre-et-salle-de-bain","7":"product_cat-bain","9":"first","10":"instock","11":"shipping-taxable","12":"purchasable","13":"product-type-simple"},"yoast_head":"<!-- This site is optimized with the Yoast SEO plugin v26.7 - https:\/\/yoast.com\/wordpress\/plugins\/seo\/ -->\n<title>Serviette de Bain \u00e0 Capuche - Mariages.io store<\/title>\n<meta name=\"description\" content=\"Serviette douce \u00e0 capuche pour femme, l\u00e9g\u00e8re et absorbante. Id\u00e9ale pour vos sorties de bain, spa ou plage. chez store.mariages.io\" \/>\n<meta name=\"robots\" content=\"index, follow, max-snippet:-1, max-image-preview:large, max-video-preview:-1\" \/>\n<link rel=\"canonical\" href=\"https:\/\/store.mariages.io\/ar\/product\/serviette-de-bain-a-capuche\/\" \/>\n<meta property=\"og:locale\" content=\"ar_AR\" \/>\n<meta property=\"og:type\" content=\"article\" \/>\n<meta property=\"og:title\" content=\"Serviette de Bain \u00e0 Capuche - Mariages.io store\" \/>\n<meta property=\"og:description\" content=\"Serviette douce \u00e0 capuche pour femme, l\u00e9g\u00e8re et absorbante. Id\u00e9ale pour vos sorties de bain, spa ou plage. chez store.mariages.io\" \/>\n<meta property=\"og:url\" content=\"https:\/\/store.mariages.io\/ar\/product\/serviette-de-bain-a-capuche\/\" \/>\n<meta property=\"og:site_name\" content=\"Mariages.io store\" \/>\n<meta property=\"article:modified_time\" content=\"2025-10-24T14:59:52+00:00\" \/>\n<meta property=\"og:image\" content=\"https:\/\/store.mariages.io\/wp-content\/uploads\/2024\/03\/peignoir-femme-.png\" \/>\n\t<meta property=\"og:image:width\" content=\"958\" \/>\n\t<meta property=\"og:image:height\" content=\"1258\" \/>\n\t<meta property=\"og:image:type\" content=\"image\/png\" \/>\n<meta name=\"twitter:card\" content=\"summary_large_image\" \/>\n<meta name=\"twitter:label1\" content=\"\u0648\u0642\u062a \u0627\u0644\u0642\u0631\u0627\u0621\u0629 \u0627\u0644\u0645\u064f\u0642\u062f\u0651\u0631\" \/>\n\t<meta name=\"twitter:data1\" content=\"\u062f\u0642\u064a\u0642\u0629 \u0648\u0627\u062d\u062f\u0629\" \/>\n<script type=\"application\/ld+json\" class=\"yoast-schema-graph\">{\"@context\":\"https:\/\/schema.org\",\"@graph\":[{\"@type\":\"WebPage\",\"@id\":\"https:\/\/store.mariages.io\/product\/serviette-de-bain-a-capuche\/\",\"url\":\"https:\/\/store.mariages.io\/product\/serviette-de-bain-a-capuche\/\",\"name\":\"Serviette de Bain \u00e0 Capuche - Mariages.io store\",\"isPartOf\":{\"@id\":\"https:\/\/darkviolet-ram-161551.hostingersite.com\/#website\"},\"primaryImageOfPage\":{\"@id\":\"https:\/\/store.mariages.io\/product\/serviette-de-bain-a-capuche\/#primaryimage\"},\"image\":{\"@id\":\"https:\/\/store.mariages.io\/product\/serviette-de-bain-a-capuche\/#primaryimage\"},\"thumbnailUrl\":\"https:\/\/store.mariages.io\/wp-content\/uploads\/2024\/03\/peignoir-femme-.png\",\"datePublished\":\"2024-03-27T13:23:56+00:00\",\"dateModified\":\"2025-10-24T14:59:52+00:00\",\"description\":\"Serviette douce \u00e0 capuche pour femme, l\u00e9g\u00e8re et absorbante. Id\u00e9ale pour vos sorties de bain, spa ou plage. chez store.mariages.io\",\"breadcrumb\":{\"@id\":\"https:\/\/store.mariages.io\/product\/serviette-de-bain-a-capuche\/#breadcrumb\"},\"inLanguage\":\"ar\",\"potentialAction\":[{\"@type\":\"ReadAction\",\"target\":[\"https:\/\/store.mariages.io\/product\/serviette-de-bain-a-capuche\/\"]}]},{\"@type\":\"ImageObject\",\"inLanguage\":\"ar\",\"@id\":\"https:\/\/store.mariages.io\/product\/serviette-de-bain-a-capuche\/#primaryimage\",\"url\":\"https:\/\/store.mariages.io\/wp-content\/uploads\/2024\/03\/peignoir-femme-.png\",\"contentUrl\":\"https:\/\/store.mariages.io\/wp-content\/uploads\/2024\/03\/peignoir-femme-.png\",\"width\":958,\"height\":1258},{\"@type\":\"BreadcrumbList\",\"@id\":\"https:\/\/store.mariages.io\/product\/serviette-de-bain-a-capuche\/#breadcrumb\",\"itemListElement\":[{\"@type\":\"ListItem\",\"position\":1,\"name\":\"Home\",\"item\":\"https:\/\/darkviolet-ram-161551.hostingersite.com\/\"},{\"@type\":\"ListItem\",\"position\":2,\"name\":\"Shop\",\"item\":\"https:\/\/store.mariages.io\/shop\/\"},{\"@type\":\"ListItem\",\"position\":3,\"name\":\"Serviette de Bain \u00e0 Capuche\"}]},{\"@type\":\"WebSite\",\"@id\":\"https:\/\/darkviolet-ram-161551.hostingersite.com\/#website\",\"url\":\"https:\/\/darkviolet-ram-161551.hostingersite.com\/\",\"name\":\"Mariages.io store\",\"description\":\"STORE Mariages.IO\",\"potentialAction\":[{\"@type\":\"SearchAction\",\"target\":{\"@type\":\"EntryPoint\",\"urlTemplate\":\"https:\/\/darkviolet-ram-161551.hostingersite.com\/?s={search_term_string}\"},\"query-input\":{\"@type\":\"PropertyValueSpecification\",\"valueRequired\":true,\"valueName\":\"search_term_string\"}}],\"inLanguage\":\"ar\"}]}<\/script>\n<!-- \/ Yoast SEO plugin. -->","yoast_head_json":{"title":"Serviette de Bain \u00e0 Capuche - Mariages.io store","description":"Serviette douce \u00e0 capuche pour femme, l\u00e9g\u00e8re et absorbante. Id\u00e9ale pour vos sorties de bain, spa ou plage. chez store.mariages.io","robots":{"index":"index","follow":"follow","max-snippet":"max-snippet:-1","max-image-preview":"max-image-preview:large","max-video-preview":"max-video-preview:-1"},"canonical":"https:\/\/store.mariages.io\/ar\/product\/serviette-de-bain-a-capuche\/","og_locale":"ar_AR","og_type":"article","og_title":"Serviette de Bain \u00e0 Capuche - Mariages.io store","og_description":"Serviette douce \u00e0 capuche pour femme, l\u00e9g\u00e8re et absorbante. Id\u00e9ale pour vos sorties de bain, spa ou plage. chez store.mariages.io","og_url":"https:\/\/store.mariages.io\/ar\/product\/serviette-de-bain-a-capuche\/","og_site_name":"Mariages.io store","article_modified_time":"2025-10-24T14:59:52+00:00","og_image":[{"width":958,"height":1258,"url":"https:\/\/store.mariages.io\/wp-content\/uploads\/2024\/03\/peignoir-femme-.png","type":"image\/png"}],"twitter_card":"summary_large_image","twitter_misc":{"\u0648\u0642\u062a \u0627\u0644\u0642\u0631\u0627\u0621\u0629 \u0627\u0644\u0645\u064f\u0642\u062f\u0651\u0631":"\u062f\u0642\u064a\u0642\u0629 \u0648\u0627\u062d\u062f\u0629"},"schema":{"@context":"https:\/\/schema.org","@graph":[{"@type":"WebPage","@id":"https:\/\/store.mariages.io\/product\/serviette-de-bain-a-capuche\/","url":"https:\/\/store.mariages.io\/product\/serviette-de-bain-a-capuche\/","name":"Serviette de Bain \u00e0 Capuche - Mariages.io store","isPartOf":{"@id":"https:\/\/darkviolet-ram-161551.hostingersite.com\/#website"},"primaryImageOfPage":{"@id":"https:\/\/store.mariages.io\/product\/serviette-de-bain-a-capuche\/#primaryimage"},"image":{"@id":"https:\/\/store.mariages.io\/product\/serviette-de-bain-a-capuche\/#primaryimage"},"thumbnailUrl":"https:\/\/store.mariages.io\/wp-content\/uploads\/2024\/03\/peignoir-femme-.png","datePublished":"2024-03-27T13:23:56+00:00","dateModified":"2025-10-24T14:59:52+00:00","description":"Serviette douce \u00e0 capuche pour femme, l\u00e9g\u00e8re et absorbante. Id\u00e9ale pour vos sorties de bain, spa ou plage. chez store.mariages.io","breadcrumb":{"@id":"https:\/\/store.mariages.io\/product\/serviette-de-bain-a-capuche\/#breadcrumb"},"inLanguage":"ar","potentialAction":[{"@type":"ReadAction","target":["https:\/\/store.mariages.io\/product\/serviette-de-bain-a-capuche\/"]}]},{"@type":"ImageObject","inLanguage":"ar","@id":"https:\/\/store.mariages.io\/product\/serviette-de-bain-a-capuche\/#primaryimage","url":"https:\/\/store.mariages.io\/wp-content\/uploads\/2024\/03\/peignoir-femme-.png","contentUrl":"https:\/\/store.mariages.io\/wp-content\/uploads\/2024\/03\/peignoir-femme-.png","width":958,"height":1258},{"@type":"BreadcrumbList","@id":"https:\/\/store.mariages.io\/product\/serviette-de-bain-a-capuche\/#breadcrumb","itemListElement":[{"@type":"ListItem","position":1,"name":"Home","item":"https:\/\/darkviolet-ram-161551.hostingersite.com\/"},{"@type":"ListItem","position":2,"name":"Shop","item":"https:\/\/store.mariages.io\/shop\/"},{"@type":"ListItem","position":3,"name":"Serviette de Bain \u00e0 Capuche"}]},{"@type":"WebSite","@id":"https:\/\/darkviolet-ram-161551.hostingersite.com\/#website","url":"https:\/\/darkviolet-ram-161551.hostingersite.com\/","name":"Mariages.io store","description":"STORE Mariages.IO","potentialAction":[{"@type":"SearchAction","target":{"@type":"EntryPoint","urlTemplate":"https:\/\/darkviolet-ram-161551.hostingersite.com\/?s={search_term_string}"},"query-input":{"@type":"PropertyValueSpecification","valueRequired":true,"valueName":"search_term_string"}}],"inLanguage":"ar"}]}},"_links":{"self":[{"href":"https:\/\/store.mariages.io\/ar\/wp-json\/wp\/v2\/product\/12161","targetHints":{"allow":["GET"]}}],"collection":[{"href":"https:\/\/store.mariages.io\/ar\/wp-json\/wp\/v2\/product"}],"about":[{"href":"https:\/\/store.mariages.io\/ar\/wp-json\/wp\/v2\/types\/product"}],"replies":[{"embeddable":true,"href":"https:\/\/store.mariages.io\/ar\/wp-json\/wp\/v2\/comments?post=12161"}],"version-history":[{"count":1,"href":"https:\/\/store.mariages.io\/ar\/wp-json\/wp\/v2\/product\/12161\/revisions"}],"predecessor-version":[{"id":12167,"href":"https:\/\/store.mariages.io\/ar\/wp-json\/wp\/v2\/product\/12161\/revisions\/12167"}],"wp:featuredmedia":[{"embeddable":true,"href":"https:\/\/store.mariages.io\/ar\/wp-json\/wp\/v2\/media\/12162"}],"wp:attachment":[{"href":"https:\/\/store.mariages.io\/ar\/wp-json\/wp\/v2\/media?parent=12161"}],"wp:term":[{"taxonomy":"product_brand","embeddable":true,"href":"https:\/\/store.mariages.io\/ar\/wp-json\/wp\/v2\/product_brand?post=12161"},{"taxonomy":"product_cat","embeddable":true,"href":"https:\/\/store.mariages.io\/ar\/wp-json\/wp\/v2\/product_cat?post=12161"},{"taxonomy":"product_tag","embeddable":true,"href":"https:\/\/store.mariages.io\/ar\/wp-json\/wp\/v2\/product_tag?post=12161"}],"curies":[{"name":"wp","href":"https:\/\/api.w.org\/{rel}","templated":true}]}}