{"id":12127,"date":"2024-03-23T15:15:04","date_gmt":"2024-03-23T15:15:04","guid":{"rendered":"https:\/\/darkviolet-ram-161551.hostingersite.com\/?post_type=product&#038;p=12127"},"modified":"2025-10-24T15:18:39","modified_gmt":"2025-10-24T15:18:39","slug":"2-pieces-serviettes-en-broderie","status":"publish","type":"product","link":"https:\/\/store.mariages.io\/ar\/product\/2-pieces-serviettes-en-broderie\/","title":{"rendered":"\u0642\u0637\u0639\u062a\u064a\u0646 \u0645\u0646 \u0627\u0644\u0645\u0646\u0627\u062f\u064a\u0644 \u0627\u0644\u0645\u0637\u0631\u0632\u0629"},"content":{"rendered":"<p>\u0627\u0644\u0644\u0648\u0646: \u0623\u0628\u064a\u0636<br \/>\nType de motif: graphique<br \/>\n\u0627\u0644\u0642\u0645\u0627\u0634\/\u0627\u0644\u0645\u0627\u062f\u0629: \u0642\u0645\u0627\u0634<br \/>\nComposition: 100% Coton<\/p>","protected":false},"excerpt":{"rendered":"<p>Couleur: Blanc Type de motif: graphique Tissu\/mat\u00e9riel: \u00c9toffe Composition: 100% Coton<\/p>","protected":false},"featured_media":12132,"comment_status":"open","ping_status":"closed","template":"","meta":{"_joinchat":[]},"product_brand":[],"product_cat":[191,193],"product_tag":[],"class_list":{"0":"post-12127","1":"product","2":"type-product","3":"status-publish","4":"has-post-thumbnail","6":"product_cat-chambre-et-salle-de-bain","7":"product_cat-bain","9":"first","10":"instock","11":"shipping-taxable","12":"purchasable","13":"product-type-simple"},"yoast_head":"<!-- This site is optimized with the Yoast SEO plugin v26.7 - https:\/\/yoast.com\/wordpress\/plugins\/seo\/ -->\n<title>2 pi\u00e8ces Serviettes en broderie - Mariages.io store<\/title>\n<meta name=\"description\" content=\"Ensemble de serviettes coton blanc brod\u00e9es. Offrez-vous des serviettes luxe douces, \u00e9l\u00e9gantes et hautement absorbantes. Chez mariages.io\" \/>\n<meta name=\"robots\" content=\"index, follow, max-snippet:-1, max-image-preview:large, max-video-preview:-1\" \/>\n<link rel=\"canonical\" href=\"https:\/\/store.mariages.io\/ar\/product\/2-pieces-serviettes-en-broderie\/\" \/>\n<meta property=\"og:locale\" content=\"ar_AR\" \/>\n<meta property=\"og:type\" content=\"article\" \/>\n<meta property=\"og:title\" content=\"2 pi\u00e8ces Serviettes en broderie - Mariages.io store\" \/>\n<meta property=\"og:description\" content=\"Ensemble de serviettes coton blanc brod\u00e9es. Offrez-vous des serviettes luxe douces, \u00e9l\u00e9gantes et hautement absorbantes. Chez mariages.io\" \/>\n<meta property=\"og:url\" content=\"https:\/\/store.mariages.io\/ar\/product\/2-pieces-serviettes-en-broderie\/\" \/>\n<meta property=\"og:site_name\" content=\"Mariages.io store\" \/>\n<meta property=\"article:modified_time\" content=\"2025-10-24T15:18:39+00:00\" \/>\n<meta property=\"og:image\" content=\"https:\/\/store.mariages.io\/wp-content\/uploads\/2024\/03\/Serviettes-de-bain-en-broderie-2.png\" \/>\n\t<meta property=\"og:image:width\" content=\"946\" \/>\n\t<meta property=\"og:image:height\" content=\"1260\" \/>\n\t<meta property=\"og:image:type\" content=\"image\/png\" \/>\n<meta name=\"twitter:card\" content=\"summary_large_image\" \/>\n<meta name=\"twitter:label1\" content=\"\u0648\u0642\u062a \u0627\u0644\u0642\u0631\u0627\u0621\u0629 \u0627\u0644\u0645\u064f\u0642\u062f\u0651\u0631\" \/>\n\t<meta name=\"twitter:data1\" content=\"\u062f\u0642\u064a\u0642\u0629 \u0648\u0627\u062d\u062f\u0629\" \/>\n<script type=\"application\/ld+json\" class=\"yoast-schema-graph\">{\"@context\":\"https:\/\/schema.org\",\"@graph\":[{\"@type\":\"WebPage\",\"@id\":\"https:\/\/store.mariages.io\/product\/2-pieces-serviettes-en-broderie\/\",\"url\":\"https:\/\/store.mariages.io\/product\/2-pieces-serviettes-en-broderie\/\",\"name\":\"2 pi\u00e8ces Serviettes en broderie - Mariages.io store\",\"isPartOf\":{\"@id\":\"https:\/\/darkviolet-ram-161551.hostingersite.com\/#website\"},\"primaryImageOfPage\":{\"@id\":\"https:\/\/store.mariages.io\/product\/2-pieces-serviettes-en-broderie\/#primaryimage\"},\"image\":{\"@id\":\"https:\/\/store.mariages.io\/product\/2-pieces-serviettes-en-broderie\/#primaryimage\"},\"thumbnailUrl\":\"https:\/\/store.mariages.io\/wp-content\/uploads\/2024\/03\/Serviettes-de-bain-en-broderie-2.png\",\"datePublished\":\"2024-03-23T15:15:04+00:00\",\"dateModified\":\"2025-10-24T15:18:39+00:00\",\"description\":\"Ensemble de serviettes coton blanc brod\u00e9es. Offrez-vous des serviettes luxe douces, \u00e9l\u00e9gantes et hautement absorbantes. Chez mariages.io\",\"breadcrumb\":{\"@id\":\"https:\/\/store.mariages.io\/product\/2-pieces-serviettes-en-broderie\/#breadcrumb\"},\"inLanguage\":\"ar\",\"potentialAction\":[{\"@type\":\"ReadAction\",\"target\":[\"https:\/\/store.mariages.io\/product\/2-pieces-serviettes-en-broderie\/\"]}]},{\"@type\":\"ImageObject\",\"inLanguage\":\"ar\",\"@id\":\"https:\/\/store.mariages.io\/product\/2-pieces-serviettes-en-broderie\/#primaryimage\",\"url\":\"https:\/\/store.mariages.io\/wp-content\/uploads\/2024\/03\/Serviettes-de-bain-en-broderie-2.png\",\"contentUrl\":\"https:\/\/store.mariages.io\/wp-content\/uploads\/2024\/03\/Serviettes-de-bain-en-broderie-2.png\",\"width\":946,\"height\":1260},{\"@type\":\"BreadcrumbList\",\"@id\":\"https:\/\/store.mariages.io\/product\/2-pieces-serviettes-en-broderie\/#breadcrumb\",\"itemListElement\":[{\"@type\":\"ListItem\",\"position\":1,\"name\":\"Home\",\"item\":\"https:\/\/darkviolet-ram-161551.hostingersite.com\/\"},{\"@type\":\"ListItem\",\"position\":2,\"name\":\"Shop\",\"item\":\"https:\/\/store.mariages.io\/shop\/\"},{\"@type\":\"ListItem\",\"position\":3,\"name\":\"2 pi\u00e8ces Serviettes en broderie\"}]},{\"@type\":\"WebSite\",\"@id\":\"https:\/\/darkviolet-ram-161551.hostingersite.com\/#website\",\"url\":\"https:\/\/darkviolet-ram-161551.hostingersite.com\/\",\"name\":\"Mariages.io store\",\"description\":\"STORE Mariages.IO\",\"potentialAction\":[{\"@type\":\"SearchAction\",\"target\":{\"@type\":\"EntryPoint\",\"urlTemplate\":\"https:\/\/darkviolet-ram-161551.hostingersite.com\/?s={search_term_string}\"},\"query-input\":{\"@type\":\"PropertyValueSpecification\",\"valueRequired\":true,\"valueName\":\"search_term_string\"}}],\"inLanguage\":\"ar\"}]}<\/script>\n<!-- \/ Yoast SEO plugin. -->","yoast_head_json":{"title":"2 pi\u00e8ces Serviettes en broderie - Mariages.io store","description":"Ensemble de serviettes coton blanc brod\u00e9es. Offrez-vous des serviettes luxe douces, \u00e9l\u00e9gantes et hautement absorbantes. Chez mariages.io","robots":{"index":"index","follow":"follow","max-snippet":"max-snippet:-1","max-image-preview":"max-image-preview:large","max-video-preview":"max-video-preview:-1"},"canonical":"https:\/\/store.mariages.io\/ar\/product\/2-pieces-serviettes-en-broderie\/","og_locale":"ar_AR","og_type":"article","og_title":"2 pi\u00e8ces Serviettes en broderie - Mariages.io store","og_description":"Ensemble de serviettes coton blanc brod\u00e9es. Offrez-vous des serviettes luxe douces, \u00e9l\u00e9gantes et hautement absorbantes. Chez mariages.io","og_url":"https:\/\/store.mariages.io\/ar\/product\/2-pieces-serviettes-en-broderie\/","og_site_name":"Mariages.io store","article_modified_time":"2025-10-24T15:18:39+00:00","og_image":[{"width":946,"height":1260,"url":"https:\/\/store.mariages.io\/wp-content\/uploads\/2024\/03\/Serviettes-de-bain-en-broderie-2.png","type":"image\/png"}],"twitter_card":"summary_large_image","twitter_misc":{"\u0648\u0642\u062a \u0627\u0644\u0642\u0631\u0627\u0621\u0629 \u0627\u0644\u0645\u064f\u0642\u062f\u0651\u0631":"\u062f\u0642\u064a\u0642\u0629 \u0648\u0627\u062d\u062f\u0629"},"schema":{"@context":"https:\/\/schema.org","@graph":[{"@type":"WebPage","@id":"https:\/\/store.mariages.io\/product\/2-pieces-serviettes-en-broderie\/","url":"https:\/\/store.mariages.io\/product\/2-pieces-serviettes-en-broderie\/","name":"2 pi\u00e8ces Serviettes en broderie - Mariages.io store","isPartOf":{"@id":"https:\/\/darkviolet-ram-161551.hostingersite.com\/#website"},"primaryImageOfPage":{"@id":"https:\/\/store.mariages.io\/product\/2-pieces-serviettes-en-broderie\/#primaryimage"},"image":{"@id":"https:\/\/store.mariages.io\/product\/2-pieces-serviettes-en-broderie\/#primaryimage"},"thumbnailUrl":"https:\/\/store.mariages.io\/wp-content\/uploads\/2024\/03\/Serviettes-de-bain-en-broderie-2.png","datePublished":"2024-03-23T15:15:04+00:00","dateModified":"2025-10-24T15:18:39+00:00","description":"Ensemble de serviettes coton blanc brod\u00e9es. Offrez-vous des serviettes luxe douces, \u00e9l\u00e9gantes et hautement absorbantes. Chez mariages.io","breadcrumb":{"@id":"https:\/\/store.mariages.io\/product\/2-pieces-serviettes-en-broderie\/#breadcrumb"},"inLanguage":"ar","potentialAction":[{"@type":"ReadAction","target":["https:\/\/store.mariages.io\/product\/2-pieces-serviettes-en-broderie\/"]}]},{"@type":"ImageObject","inLanguage":"ar","@id":"https:\/\/store.mariages.io\/product\/2-pieces-serviettes-en-broderie\/#primaryimage","url":"https:\/\/store.mariages.io\/wp-content\/uploads\/2024\/03\/Serviettes-de-bain-en-broderie-2.png","contentUrl":"https:\/\/store.mariages.io\/wp-content\/uploads\/2024\/03\/Serviettes-de-bain-en-broderie-2.png","width":946,"height":1260},{"@type":"BreadcrumbList","@id":"https:\/\/store.mariages.io\/product\/2-pieces-serviettes-en-broderie\/#breadcrumb","itemListElement":[{"@type":"ListItem","position":1,"name":"Home","item":"https:\/\/darkviolet-ram-161551.hostingersite.com\/"},{"@type":"ListItem","position":2,"name":"Shop","item":"https:\/\/store.mariages.io\/shop\/"},{"@type":"ListItem","position":3,"name":"2 pi\u00e8ces Serviettes en broderie"}]},{"@type":"WebSite","@id":"https:\/\/darkviolet-ram-161551.hostingersite.com\/#website","url":"https:\/\/darkviolet-ram-161551.hostingersite.com\/","name":"Mariages.io store","description":"STORE Mariages.IO","potentialAction":[{"@type":"SearchAction","target":{"@type":"EntryPoint","urlTemplate":"https:\/\/darkviolet-ram-161551.hostingersite.com\/?s={search_term_string}"},"query-input":{"@type":"PropertyValueSpecification","valueRequired":true,"valueName":"search_term_string"}}],"inLanguage":"ar"}]}},"_links":{"self":[{"href":"https:\/\/store.mariages.io\/ar\/wp-json\/wp\/v2\/product\/12127","targetHints":{"allow":["GET"]}}],"collection":[{"href":"https:\/\/store.mariages.io\/ar\/wp-json\/wp\/v2\/product"}],"about":[{"href":"https:\/\/store.mariages.io\/ar\/wp-json\/wp\/v2\/types\/product"}],"replies":[{"embeddable":true,"href":"https:\/\/store.mariages.io\/ar\/wp-json\/wp\/v2\/comments?post=12127"}],"version-history":[{"count":1,"href":"https:\/\/store.mariages.io\/ar\/wp-json\/wp\/v2\/product\/12127\/revisions"}],"predecessor-version":[{"id":12133,"href":"https:\/\/store.mariages.io\/ar\/wp-json\/wp\/v2\/product\/12127\/revisions\/12133"}],"wp:featuredmedia":[{"embeddable":true,"href":"https:\/\/store.mariages.io\/ar\/wp-json\/wp\/v2\/media\/12132"}],"wp:attachment":[{"href":"https:\/\/store.mariages.io\/ar\/wp-json\/wp\/v2\/media?parent=12127"}],"wp:term":[{"taxonomy":"product_brand","embeddable":true,"href":"https:\/\/store.mariages.io\/ar\/wp-json\/wp\/v2\/product_brand?post=12127"},{"taxonomy":"product_cat","embeddable":true,"href":"https:\/\/store.mariages.io\/ar\/wp-json\/wp\/v2\/product_cat?post=12127"},{"taxonomy":"product_tag","embeddable":true,"href":"https:\/\/store.mariages.io\/ar\/wp-json\/wp\/v2\/product_tag?post=12127"}],"curies":[{"name":"wp","href":"https:\/\/api.w.org\/{rel}","templated":true}]}}