{"id":11936,"date":"2024-03-19T15:45:53","date_gmt":"2024-03-19T15:45:53","guid":{"rendered":"https:\/\/darkviolet-ram-161551.hostingersite.com\/?post_type=product&#038;p=11936"},"modified":"2025-03-02T12:05:40","modified_gmt":"2025-03-02T12:05:40","slug":"coffret-huile-essentielle","status":"publish","type":"product","link":"https:\/\/store.mariages.io\/ar\/product\/coffret-huile-essentielle\/","title":{"rendered":"\u0635\u0646\u062f\u0648\u0642 \u0627\u0644\u0632\u064a\u0648\u062a \u0627\u0644\u0639\u0637\u0631\u064a\u0629"},"content":{"rendered":"","protected":false},"excerpt":{"rendered":"<p>\u0627\u0646\u063a\u0645\u0633 \u0641\u064a \u0639\u0627\u0644\u0645 \u0627\u0644\u0639\u0644\u0627\u062c \u0628\u0627\u0644\u0631\u0648\u0627\u0626\u062d \u0627\u0644\u0622\u0633\u0631 \u0645\u0639 \u0645\u062c\u0645\u0648\u0639\u0629 \u0647\u062f\u0627\u064a\u0627 \u0627\u0644\u0632\u064a\u0648\u062a \u0627\u0644\u0639\u0637\u0631\u064a\u0629\u060c \u0648\u0647\u064a \u0645\u062c\u0645\u0648\u0639\u0629 \u0645\u062e\u062a\u0627\u0631\u0629 \u0628\u0639\u0646\u0627\u064a\u0629 \u0645\u0646 \u0627\u0644\u0632\u064a\u0648\u062a \u0627\u0644\u0639\u0637\u0631\u064a\u0629 \u0644\u0639\u0644\u0627\u062c \u0645\u0634\u0627\u0643\u0644\u0643 \u0627\u0644\u064a\u0648\u0645\u064a\u0629 \u0623\u0648 \u0644\u0625\u0647\u062f\u0627\u0626\u0647\u0627 \u0644\u0623\u062d\u0628\u0627\u0626\u0643. \u062a\u062d\u062a\u0648\u064a \u0643\u0644 \u0632\u062c\u0627\u062c\u0629 \u0639\u0644\u0649 \u062e\u0644\u0627\u0635\u0629 \u062b\u0645\u064a\u0646\u0629\u060c \u0645\u064f\u0642\u0637\u0651\u0631\u0629 \u0628\u0639\u0646\u0627\u064a\u0629 \u0645\u0646 \u0646\u0628\u0627\u062a\u0627\u062a \u0639\u0637\u0631\u064a\u0629\u060c \u062a\u064f\u0642\u062f\u0651\u0645 \u062d\u0644\u0627\u064b \u0637\u0628\u064a\u0639\u064a\u064b\u0627 \u064a\u064f\u0639\u0632\u0632 \u0635\u062d\u0629 \u0627\u0644\u062c\u0633\u0645 \u0648\u0627\u0644\u0639\u0642\u0644.<\/p>\n<p>\u0645\u062c\u0645\u0648\u0639\u0629 \u0627\u0644\u0647\u062f\u0627\u064a\u0627 \u0647\u0630\u0647 \u062f\u0639\u0648\u0629 \u062d\u0642\u064a\u0642\u064a\u0629 \u0644\u0644\u062a\u0648\u0627\u0632\u0646 \u0648\u0627\u0644\u0627\u0633\u062a\u0631\u062e\u0627\u0621\u060c \u0625\u0630 \u062a\u0642\u062f\u0645 \u0645\u062c\u0645\u0648\u0639\u0629 \u0645\u062a\u0646\u0648\u0639\u0629 \u0645\u0646 \u0627\u0644\u0632\u064a\u0648\u062a \u0627\u0644\u0639\u0637\u0631\u064a\u0629 \u0630\u0627\u062a \u062e\u0635\u0627\u0626\u0635 \u0639\u0644\u0627\u062c\u064a\u0629 \u0645\u062b\u0628\u062a\u0629. \u0633\u0648\u0627\u0621\u064b \u0643\u0646\u062a \u062a\u0631\u063a\u0628 \u0641\u064a \u062a\u0647\u062f\u0626\u0629 \u0627\u0644\u062a\u0648\u062a\u0631\u060c \u0623\u0648 \u062a\u062e\u0641\u064a\u0641 \u0627\u0644\u0635\u062f\u0627\u0639\u060c \u0623\u0648 \u062a\u062d\u0633\u064a\u0646 \u0627\u0644\u0646\u0648\u0645\u060c \u0623\u0648 \u062a\u0639\u0632\u064a\u0632 \u0627\u0644\u062a\u0631\u0643\u064a\u0632\u060c \u0633\u062a\u062c\u062f \u0641\u064a \u0647\u0630\u0647 \u0627\u0644\u0645\u062c\u0645\u0648\u0639\u0629 \u0627\u0644\u0632\u064a\u062a \u0627\u0644\u0639\u0637\u0631\u064a \u0627\u0644\u0630\u064a \u064a\u0646\u0627\u0633\u0628 \u0627\u062d\u062a\u064a\u0627\u062c\u0627\u062a\u0643.<\/p>\n<p>\u062a\u064f\u0639\u062f\u0651 \u0647\u0630\u0647 \u0627\u0644\u0632\u064a\u0648\u062a \u0627\u0644\u0639\u0637\u0631\u064a\u0629 \u0630\u0627\u062a \u0642\u064a\u0645\u0629 \u0639\u0627\u0644\u064a\u0629 \u0641\u064a \u0627\u0644\u0639\u0644\u0627\u062c \u0628\u0627\u0644\u0631\u0648\u0627\u0626\u062d\u060c \u0644\u0630\u0627 \u064a\u064f\u0646\u0635\u062d \u0628\u0627\u0633\u062a\u062e\u062f\u0627\u0645\u0647\u0627 \u0628\u0627\u0639\u062a\u062f\u0627\u0644 \u0648\u0627\u062a\u0628\u0627\u0639 \u0625\u0631\u0634\u0627\u062f\u0627\u062a \u0623\u062e\u0635\u0627\u0626\u064a \u0627\u0644\u0631\u0639\u0627\u064a\u0629 \u0627\u0644\u0635\u062d\u064a\u0629. \u064a\u064f\u0645\u0643\u0646 \u0627\u0633\u062a\u062e\u062f\u0627\u0645\u0647\u0627 \u0639\u0646 \u0637\u0631\u064a\u0642 \u0627\u0644\u0627\u0633\u062a\u0646\u0634\u0627\u0642\u060c \u0623\u0648 \u0627\u0644\u062a\u0648\u0632\u064a\u0639\u060c \u0623\u0648 \u0627\u0644\u062a\u062f\u0644\u064a\u0643\u060c \u0623\u0648 \u0625\u0636\u0627\u0641\u0629 \u0628\u0636\u0639 \u0642\u0637\u0631\u0627\u062a \u0625\u0644\u0649 \u062d\u0648\u0636 \u0627\u0644\u0627\u0633\u062a\u062d\u0645\u0627\u0645 \u0644\u0644\u0627\u0633\u062a\u0645\u062a\u0627\u0639 \u0628\u0644\u062d\u0638\u0629 \u0627\u0633\u062a\u0631\u062e\u0627\u0621 \u0644\u0627 \u062a\u064f\u0646\u0633\u0649.<\/p>\n<p>\u062f\u0644\u0644 \u0646\u0641\u0633\u0643 \u0623\u0648 \u0623\u062d\u0628\u0627\u0621\u0643 \u0628\u0647\u062f\u064a\u0629 \u0627\u0644\u0637\u0628\u064a\u0639\u0629 \u0645\u0639 \u0645\u062c\u0645\u0648\u0639\u0629 \u0647\u062f\u0627\u064a\u0627 \u0627\u0644\u0632\u064a\u0648\u062a \u0627\u0644\u0639\u0637\u0631\u064a\u0629\u060c \u0627\u0644\u0645\u062a\u0648\u0641\u0631\u0629 \u0641\u064a \u0645\u062a\u062c\u0631 Terre et Terroir \u0627\u0644\u0625\u0644\u0643\u062a\u0631\u0648\u0646\u064a. \u0628\u0641\u0636\u0644 \u062a\u0648\u0635\u064a\u0644\u0647\u0627 \u0628\u0639\u0646\u0627\u064a\u0629\u060c \u0633\u062a\u062a\u064a\u062d \u0644\u0643 \u0647\u0630\u0647 \u0627\u0644\u0645\u062c\u0645\u0648\u0639\u0629 \u0627\u0643\u062a\u0634\u0627\u0641 \u0623\u0648 \u0645\u0634\u0627\u0631\u0643\u0629 \u0627\u0644\u0641\u0648\u0627\u0626\u062f \u0627\u0644\u0627\u0633\u062a\u062b\u0646\u0627\u0626\u064a\u0629 \u0644\u0644\u0632\u064a\u0648\u062a \u0627\u0644\u0639\u0637\u0631\u064a\u0629\u060c \u0644\u062a\u062c\u0631\u0628\u0629 \u062d\u0633\u064a\u0629 \u0648\u0639\u0644\u0627\u062c\u064a\u0629 \u0644\u0627 \u0645\u062b\u064a\u0644 \u0644\u0647\u0627.<\/p>\n<p>1. \u0642\u0645 \u062f\u0627\u0626\u0645\u064b\u0627 \u0628\u062a\u062e\u0641\u064a\u0641 \u0627\u0644\u0632\u064a\u0648\u062a \u0627\u0644\u0639\u0637\u0631\u064a\u0629 \u0641\u064a \u0632\u064a\u062a \u0646\u0627\u0642\u0644 \u0642\u0628\u0644 \u0648\u0636\u0639\u0647\u0627 \u0639\u0644\u0649 \u0627\u0644\u062c\u0644\u062f.<br \/>\n2. \u0642\u0645 \u0628\u0625\u062c\u0631\u0627\u0621 \u0627\u062e\u062a\u0628\u0627\u0631 \u062d\u0633\u0627\u0633\u064a\u0629 \u0627\u0644\u062c\u0644\u062f \u0642\u0628\u0644 \u0627\u0644\u0627\u0633\u062a\u062e\u062f\u0627\u0645.<br \/>\n3. \u0627\u0633\u062a\u062e\u062f\u0645 \u0627\u0644\u0632\u064a\u0648\u062a \u0627\u0644\u0639\u0637\u0631\u064a\u0629 \u0628\u0627\u0639\u062a\u062f\u0627\u0644\u060c \u0628\u0636\u0639 \u0642\u0637\u0631\u0627\u062a \u062a\u0643\u0641\u064a.<br \/>\n4. \u062a\u062c\u0646\u0628 \u0645\u0644\u0627\u0645\u0633\u0629 \u0627\u0644\u0639\u064a\u0646\u064a\u0646 \u0648\u0627\u0644\u0623\u063a\u0634\u064a\u0629 \u0627\u0644\u0645\u062e\u0627\u0637\u064a\u0629.<br \/>\n5. \u0642\u0645 \u0628\u062a\u062e\u0632\u064a\u0646 \u0627\u0644\u0632\u064a\u0648\u062a \u0627\u0644\u0639\u0637\u0631\u064a\u0629 \u0628\u0639\u064a\u062f\u064b\u0627 \u0639\u0646 \u0627\u0644\u0636\u0648\u0621 \u0648\u0627\u0644\u062d\u0631\u0627\u0631\u0629.<br \/>\n6. \u0627\u0633\u062a\u0634\u064a\u0631\u064a \u0623\u062e\u0635\u0627\u0626\u064a \u0631\u0639\u0627\u064a\u0629 \u0635\u062d\u064a\u0629 \u0625\u0630\u0627 \u0643\u0646\u062a\u0650 \u062d\u0627\u0645\u0644\u0627\u064b \u0623\u0648 \u0645\u0631\u0636\u0639\u0629 \u0623\u0648 \u062a\u0639\u0627\u0646\u064a\u0646 \u0645\u0646 \u062d\u0627\u0644\u0627\u062a \u0637\u0628\u064a\u0629 \u0645\u0639\u064a\u0646\u0629.<\/p>","protected":false},"featured_media":11937,"comment_status":"open","ping_status":"closed","template":"","meta":{"_joinchat":[]},"product_brand":[],"product_cat":[27],"product_tag":[],"class_list":{"0":"post-11936","1":"product","2":"type-product","3":"status-publish","4":"has-post-thumbnail","6":"product_cat-sante-et-bien-etre-style-de-vie","8":"first","9":"instock","10":"shipping-taxable","11":"purchasable","12":"product-type-simple"},"yoast_head":"<!-- This site is optimized with the Yoast SEO plugin v26.7 - https:\/\/yoast.com\/wordpress\/plugins\/seo\/ -->\n<title>Coffret Huile essentielle - Mariages.io store<\/title>\n<meta name=\"robots\" content=\"index, follow, max-snippet:-1, max-image-preview:large, max-video-preview:-1\" \/>\n<link rel=\"canonical\" href=\"https:\/\/store.mariages.io\/ar\/product\/coffret-huile-essentielle\/\" \/>\n<meta property=\"og:locale\" content=\"ar_AR\" \/>\n<meta property=\"og:type\" content=\"article\" \/>\n<meta property=\"og:title\" content=\"Coffret Huile essentielle - Mariages.io store\" \/>\n<meta property=\"og:description\" content=\"Plongez dans l&#039;univers captivant de l&#039;aromath\u00e9rapie avec notre Coffret Huiles Essentielles, une collection soigneusement s\u00e9lectionn\u00e9e des incontournables pour r\u00e9pondre aux petits maux du quotidien ou pour offrir \u00e0 vos proches. Chaque flacon renferme une essence pr\u00e9cieuse, distill\u00e9e avec soin \u00e0 partir de plantes aromatiques, offrant une solution naturelle pour favoriser le bien-\u00eatre du corps et de l&#039;esprit.  Ce coffret est une v\u00e9ritable invitation \u00e0 l&#039;\u00e9quilibre et \u00e0 la d\u00e9tente, offrant une palette vari\u00e9e d&#039;huiles essentielles aux propri\u00e9t\u00e9s th\u00e9rapeutiques \u00e9prouv\u00e9es. Que ce soit pour apaiser le stress, soulager les maux de t\u00eate, favoriser le sommeil ou stimuler la concentration, vous trouverez dans ce coffret l&#039;huile essentielle adapt\u00e9e \u00e0 vos besoins.  Tr\u00e8s appr\u00e9ci\u00e9es en aromath\u00e9rapie, ces huiles essentielles sont \u00e0 utiliser avec mod\u00e9ration et en suivant les recommandations d&#039;un professionnel de sant\u00e9. Leur utilisation peut se faire par inhalation, diffusion, massage ou encore en ajoutant quelques gouttes dans votre bain pour un moment de relaxation ultime.  Offrez-vous ou offrez \u00e0 vos proches le cadeau de la nature avec notre Coffret Huiles Essentielles, disponible sur la boutique en ligne Terre et Terroir. Livr\u00e9 avec soin, ce coffret vous permettra de d\u00e9couvrir ou de partager les bienfaits exceptionnels des huiles essentielles, pour une exp\u00e9rience sensorielle et th\u00e9rapeutique incomparable.  1. Diluez toujours les huiles essentielles dans une huile porteuse avant application sur la peau. 2. Effectuez un test de sensibilit\u00e9 cutan\u00e9e avant utilisation. 3. Utilisez les huiles essentielles avec mod\u00e9ration, quelques gouttes suffisent. 4. \u00c9vitez le contact avec les yeux et les muqueuses. 5. Conservez les huiles essentielles \u00e0 l&#039;abri de la lumi\u00e8re et de la chaleur. 6. Consultez un professionnel de sant\u00e9 en cas de grossesse, d&#039;allaitement ou de conditions m\u00e9dicales sp\u00e9cifiques.\" \/>\n<meta property=\"og:url\" content=\"https:\/\/store.mariages.io\/ar\/product\/coffret-huile-essentielle\/\" \/>\n<meta property=\"og:site_name\" content=\"Mariages.io store\" \/>\n<meta property=\"article:modified_time\" content=\"2025-03-02T12:05:40+00:00\" \/>\n<meta property=\"og:image\" content=\"https:\/\/store.mariages.io\/wp-content\/uploads\/2024\/03\/DSC_1960.webp\" \/>\n\t<meta property=\"og:image:width\" content=\"1080\" \/>\n\t<meta property=\"og:image:height\" content=\"810\" \/>\n\t<meta property=\"og:image:type\" content=\"image\/webp\" \/>\n<meta name=\"twitter:card\" content=\"summary_large_image\" \/>\n<script type=\"application\/ld+json\" class=\"yoast-schema-graph\">{\"@context\":\"https:\/\/schema.org\",\"@graph\":[{\"@type\":\"WebPage\",\"@id\":\"https:\/\/store.mariages.io\/product\/coffret-huile-essentielle\/\",\"url\":\"https:\/\/store.mariages.io\/product\/coffret-huile-essentielle\/\",\"name\":\"Coffret Huile essentielle - Mariages.io store\",\"isPartOf\":{\"@id\":\"https:\/\/darkviolet-ram-161551.hostingersite.com\/#website\"},\"primaryImageOfPage\":{\"@id\":\"https:\/\/store.mariages.io\/product\/coffret-huile-essentielle\/#primaryimage\"},\"image\":{\"@id\":\"https:\/\/store.mariages.io\/product\/coffret-huile-essentielle\/#primaryimage\"},\"thumbnailUrl\":\"https:\/\/store.mariages.io\/wp-content\/uploads\/2024\/03\/DSC_1960.webp\",\"datePublished\":\"2024-03-19T15:45:53+00:00\",\"dateModified\":\"2025-03-02T12:05:40+00:00\",\"breadcrumb\":{\"@id\":\"https:\/\/store.mariages.io\/product\/coffret-huile-essentielle\/#breadcrumb\"},\"inLanguage\":\"ar\",\"potentialAction\":[{\"@type\":\"ReadAction\",\"target\":[\"https:\/\/store.mariages.io\/product\/coffret-huile-essentielle\/\"]}]},{\"@type\":\"ImageObject\",\"inLanguage\":\"ar\",\"@id\":\"https:\/\/store.mariages.io\/product\/coffret-huile-essentielle\/#primaryimage\",\"url\":\"https:\/\/store.mariages.io\/wp-content\/uploads\/2024\/03\/DSC_1960.webp\",\"contentUrl\":\"https:\/\/store.mariages.io\/wp-content\/uploads\/2024\/03\/DSC_1960.webp\",\"width\":1080,\"height\":810},{\"@type\":\"BreadcrumbList\",\"@id\":\"https:\/\/store.mariages.io\/product\/coffret-huile-essentielle\/#breadcrumb\",\"itemListElement\":[{\"@type\":\"ListItem\",\"position\":1,\"name\":\"Home\",\"item\":\"https:\/\/darkviolet-ram-161551.hostingersite.com\/\"},{\"@type\":\"ListItem\",\"position\":2,\"name\":\"Shop\",\"item\":\"https:\/\/store.mariages.io\/shop\/\"},{\"@type\":\"ListItem\",\"position\":3,\"name\":\"Coffret Huile essentielle\"}]},{\"@type\":\"WebSite\",\"@id\":\"https:\/\/darkviolet-ram-161551.hostingersite.com\/#website\",\"url\":\"https:\/\/darkviolet-ram-161551.hostingersite.com\/\",\"name\":\"Mariages.io store\",\"description\":\"STORE Mariages.IO\",\"potentialAction\":[{\"@type\":\"SearchAction\",\"target\":{\"@type\":\"EntryPoint\",\"urlTemplate\":\"https:\/\/darkviolet-ram-161551.hostingersite.com\/?s={search_term_string}\"},\"query-input\":{\"@type\":\"PropertyValueSpecification\",\"valueRequired\":true,\"valueName\":\"search_term_string\"}}],\"inLanguage\":\"ar\"}]}<\/script>\n<!-- \/ Yoast SEO plugin. -->","yoast_head_json":{"title":"Coffret Huile essentielle - Mariages.io store","robots":{"index":"index","follow":"follow","max-snippet":"max-snippet:-1","max-image-preview":"max-image-preview:large","max-video-preview":"max-video-preview:-1"},"canonical":"https:\/\/store.mariages.io\/ar\/product\/coffret-huile-essentielle\/","og_locale":"ar_AR","og_type":"article","og_title":"Coffret Huile essentielle - Mariages.io store","og_description":"Plongez dans l'univers captivant de l'aromath\u00e9rapie avec notre Coffret Huiles Essentielles, une collection soigneusement s\u00e9lectionn\u00e9e des incontournables pour r\u00e9pondre aux petits maux du quotidien ou pour offrir \u00e0 vos proches. Chaque flacon renferme une essence pr\u00e9cieuse, distill\u00e9e avec soin \u00e0 partir de plantes aromatiques, offrant une solution naturelle pour favoriser le bien-\u00eatre du corps et de l'esprit.  Ce coffret est une v\u00e9ritable invitation \u00e0 l'\u00e9quilibre et \u00e0 la d\u00e9tente, offrant une palette vari\u00e9e d'huiles essentielles aux propri\u00e9t\u00e9s th\u00e9rapeutiques \u00e9prouv\u00e9es. Que ce soit pour apaiser le stress, soulager les maux de t\u00eate, favoriser le sommeil ou stimuler la concentration, vous trouverez dans ce coffret l'huile essentielle adapt\u00e9e \u00e0 vos besoins.  Tr\u00e8s appr\u00e9ci\u00e9es en aromath\u00e9rapie, ces huiles essentielles sont \u00e0 utiliser avec mod\u00e9ration et en suivant les recommandations d'un professionnel de sant\u00e9. Leur utilisation peut se faire par inhalation, diffusion, massage ou encore en ajoutant quelques gouttes dans votre bain pour un moment de relaxation ultime.  Offrez-vous ou offrez \u00e0 vos proches le cadeau de la nature avec notre Coffret Huiles Essentielles, disponible sur la boutique en ligne Terre et Terroir. Livr\u00e9 avec soin, ce coffret vous permettra de d\u00e9couvrir ou de partager les bienfaits exceptionnels des huiles essentielles, pour une exp\u00e9rience sensorielle et th\u00e9rapeutique incomparable.  1. Diluez toujours les huiles essentielles dans une huile porteuse avant application sur la peau. 2. Effectuez un test de sensibilit\u00e9 cutan\u00e9e avant utilisation. 3. Utilisez les huiles essentielles avec mod\u00e9ration, quelques gouttes suffisent. 4. \u00c9vitez le contact avec les yeux et les muqueuses. 5. Conservez les huiles essentielles \u00e0 l'abri de la lumi\u00e8re et de la chaleur. 6. Consultez un professionnel de sant\u00e9 en cas de grossesse, d'allaitement ou de conditions m\u00e9dicales sp\u00e9cifiques.","og_url":"https:\/\/store.mariages.io\/ar\/product\/coffret-huile-essentielle\/","og_site_name":"Mariages.io store","article_modified_time":"2025-03-02T12:05:40+00:00","og_image":[{"width":1080,"height":810,"url":"https:\/\/store.mariages.io\/wp-content\/uploads\/2024\/03\/DSC_1960.webp","type":"image\/webp"}],"twitter_card":"summary_large_image","schema":{"@context":"https:\/\/schema.org","@graph":[{"@type":"WebPage","@id":"https:\/\/store.mariages.io\/product\/coffret-huile-essentielle\/","url":"https:\/\/store.mariages.io\/product\/coffret-huile-essentielle\/","name":"Coffret Huile essentielle - Mariages.io store","isPartOf":{"@id":"https:\/\/darkviolet-ram-161551.hostingersite.com\/#website"},"primaryImageOfPage":{"@id":"https:\/\/store.mariages.io\/product\/coffret-huile-essentielle\/#primaryimage"},"image":{"@id":"https:\/\/store.mariages.io\/product\/coffret-huile-essentielle\/#primaryimage"},"thumbnailUrl":"https:\/\/store.mariages.io\/wp-content\/uploads\/2024\/03\/DSC_1960.webp","datePublished":"2024-03-19T15:45:53+00:00","dateModified":"2025-03-02T12:05:40+00:00","breadcrumb":{"@id":"https:\/\/store.mariages.io\/product\/coffret-huile-essentielle\/#breadcrumb"},"inLanguage":"ar","potentialAction":[{"@type":"ReadAction","target":["https:\/\/store.mariages.io\/product\/coffret-huile-essentielle\/"]}]},{"@type":"ImageObject","inLanguage":"ar","@id":"https:\/\/store.mariages.io\/product\/coffret-huile-essentielle\/#primaryimage","url":"https:\/\/store.mariages.io\/wp-content\/uploads\/2024\/03\/DSC_1960.webp","contentUrl":"https:\/\/store.mariages.io\/wp-content\/uploads\/2024\/03\/DSC_1960.webp","width":1080,"height":810},{"@type":"BreadcrumbList","@id":"https:\/\/store.mariages.io\/product\/coffret-huile-essentielle\/#breadcrumb","itemListElement":[{"@type":"ListItem","position":1,"name":"Home","item":"https:\/\/darkviolet-ram-161551.hostingersite.com\/"},{"@type":"ListItem","position":2,"name":"Shop","item":"https:\/\/store.mariages.io\/shop\/"},{"@type":"ListItem","position":3,"name":"Coffret Huile essentielle"}]},{"@type":"WebSite","@id":"https:\/\/darkviolet-ram-161551.hostingersite.com\/#website","url":"https:\/\/darkviolet-ram-161551.hostingersite.com\/","name":"Mariages.io store","description":"STORE Mariages.IO","potentialAction":[{"@type":"SearchAction","target":{"@type":"EntryPoint","urlTemplate":"https:\/\/darkviolet-ram-161551.hostingersite.com\/?s={search_term_string}"},"query-input":{"@type":"PropertyValueSpecification","valueRequired":true,"valueName":"search_term_string"}}],"inLanguage":"ar"}]}},"_links":{"self":[{"href":"https:\/\/store.mariages.io\/ar\/wp-json\/wp\/v2\/product\/11936","targetHints":{"allow":["GET"]}}],"collection":[{"href":"https:\/\/store.mariages.io\/ar\/wp-json\/wp\/v2\/product"}],"about":[{"href":"https:\/\/store.mariages.io\/ar\/wp-json\/wp\/v2\/types\/product"}],"replies":[{"embeddable":true,"href":"https:\/\/store.mariages.io\/ar\/wp-json\/wp\/v2\/comments?post=11936"}],"version-history":[{"count":1,"href":"https:\/\/store.mariages.io\/ar\/wp-json\/wp\/v2\/product\/11936\/revisions"}],"predecessor-version":[{"id":11938,"href":"https:\/\/store.mariages.io\/ar\/wp-json\/wp\/v2\/product\/11936\/revisions\/11938"}],"wp:featuredmedia":[{"embeddable":true,"href":"https:\/\/store.mariages.io\/ar\/wp-json\/wp\/v2\/media\/11937"}],"wp:attachment":[{"href":"https:\/\/store.mariages.io\/ar\/wp-json\/wp\/v2\/media?parent=11936"}],"wp:term":[{"taxonomy":"product_brand","embeddable":true,"href":"https:\/\/store.mariages.io\/ar\/wp-json\/wp\/v2\/product_brand?post=11936"},{"taxonomy":"product_cat","embeddable":true,"href":"https:\/\/store.mariages.io\/ar\/wp-json\/wp\/v2\/product_cat?post=11936"},{"taxonomy":"product_tag","embeddable":true,"href":"https:\/\/store.mariages.io\/ar\/wp-json\/wp\/v2\/product_tag?post=11936"}],"curies":[{"name":"wp","href":"https:\/\/api.w.org\/{rel}","templated":true}]}}