{"id":11926,"date":"2024-03-19T15:36:55","date_gmt":"2024-03-19T15:36:55","guid":{"rendered":"https:\/\/darkviolet-ram-161551.hostingersite.com\/?post_type=product&#038;p=11926"},"modified":"2025-02-25T17:20:29","modified_gmt":"2025-02-25T17:20:29","slug":"diffuseur-dambiance-avec-tiges-200ml-musc","status":"publish","type":"product","link":"https:\/\/store.mariages.io\/ar\/product\/diffuseur-dambiance-avec-tiges-200ml-musc\/","title":{"rendered":"\u0645\u0639\u0637\u0631 \u062c\u0648 \u0645\u0639 \u0633\u064a\u0642\u0627\u0646 200 \u0645\u0644 \u0645\u0633\u0643"},"content":{"rendered":"<p>Les diffuseurs d\u2019ambiance de Natus Marrakech sont l\u2019id\u00e9al pour d\u00e9corer votre maison avec \u00e9l\u00e9gance et discr\u00e9tion, en offrant un parfum agr\u00e9able.<br \/>\nLe parfum est r\u00e9pandu \u00e0 travers les tiges qui, immerg\u00e9es dans le liquide, l\u2019absorbent et la diffusent dans l\u2019environnement.<\/p>\n<p>Natus Marrakech vous propose une s\u00e9lection de parfums sophistiqu\u00e9s et diff\u00e9rents, pour mieux s\u2019adapter \u00e0 votre personnalit\u00e9 ou \u00e0 l\u2019environnement auquel il sera d\u00e9di\u00e9.<\/p>\n<p>Pr\u00e9cautions<\/p>\n<p>Ne pas avaler. Tenir hors de port\u00e9e des enfants.<\/p>\n<p>\u00c9viter le contact avec les yeux.<\/p>\n<p>Inflammable Tenir loin de toute source de chaleur et d&rsquo;ignition.<\/p>\n<p>Ingr\u00e9dients actifs<\/p>\n<p>Se r\u00e9f\u00e9rencer aux fiches IFRA de chaque parfum<\/p>","protected":false},"excerpt":{"rendered":"<p>\u0645\u0639\u0637\u0631\u0627\u062a \u0627\u0644\u062c\u0648 \u0646\u0627\u062a\u0648\u0633 \u0645\u0631\u0627\u0643\u0634 \u0645\u062b\u0627\u0644\u064a\u0629 \u0644\u062a\u0632\u064a\u064a\u0646 \u0645\u0646\u0632\u0644\u0643 \u0628\u0623\u0646\u0627\u0642\u0629 \u0648\u0647\u062f\u0648\u0621\u060c \u062d\u064a\u062b \u062a\u064f\u0636\u0641\u064a \u0631\u0627\u0626\u062d\u0629 \u0632\u0643\u064a\u0629. \u064a\u0646\u062a\u0634\u0631 \u0627\u0644\u0639\u0637\u0631 \u0639\u0628\u0631 \u0633\u064a\u0642\u0627\u0646 \u0645\u063a\u0645\u0648\u0631\u0629 \u0641\u064a \u0627\u0644\u0633\u0627\u0626\u0644\u060c \u0641\u062a\u0645\u062a\u0635\u0647...<\/p>","protected":false},"featured_media":11930,"comment_status":"open","ping_status":"closed","template":"","meta":{"_joinchat":[]},"product_brand":[],"product_cat":[185],"product_tag":[],"class_list":{"0":"post-11926","1":"product","2":"type-product","3":"status-publish","4":"has-post-thumbnail","6":"product_cat-maison","8":"first","9":"instock","10":"shipping-taxable","11":"purchasable","12":"product-type-simple"},"yoast_head":"<!-- This site is optimized with the Yoast SEO plugin v26.7 - https:\/\/yoast.com\/wordpress\/plugins\/seo\/ -->\n<title>DIFFUSEUR D&#039;AMBIANCE AVEC TIGES 200ML Musc - Mariages.io store<\/title>\n<meta name=\"robots\" content=\"index, follow, max-snippet:-1, max-image-preview:large, max-video-preview:-1\" \/>\n<link rel=\"canonical\" href=\"https:\/\/store.mariages.io\/ar\/product\/diffuseur-dambiance-avec-tiges-200ml-musc\/\" \/>\n<meta property=\"og:locale\" content=\"ar_AR\" \/>\n<meta property=\"og:type\" content=\"article\" \/>\n<meta property=\"og:title\" content=\"DIFFUSEUR D&#039;AMBIANCE AVEC TIGES 200ML Musc - Mariages.io store\" \/>\n<meta property=\"og:description\" content=\"Les diffuseurs d\u2019ambiance de Natus Marrakech sont l\u2019id\u00e9al pour d\u00e9corer votre maison avec \u00e9l\u00e9gance et discr\u00e9tion, en offrant un parfum agr\u00e9able.Le parfum est r\u00e9pandu \u00e0 travers les tiges qui, immerg\u00e9es dans le liquide, l\u2019absorbent et...\" \/>\n<meta property=\"og:url\" content=\"https:\/\/store.mariages.io\/ar\/product\/diffuseur-dambiance-avec-tiges-200ml-musc\/\" \/>\n<meta property=\"og:site_name\" content=\"Mariages.io store\" \/>\n<meta property=\"article:modified_time\" content=\"2025-02-25T17:20:29+00:00\" \/>\n<meta property=\"og:image\" content=\"https:\/\/store.mariages.io\/wp-content\/uploads\/2024\/03\/diffuseurambianceambretigesweb_1024x1024.webp\" \/>\n\t<meta property=\"og:image:width\" content=\"900\" \/>\n\t<meta property=\"og:image:height\" content=\"900\" \/>\n\t<meta property=\"og:image:type\" content=\"image\/webp\" \/>\n<meta name=\"twitter:card\" content=\"summary_large_image\" \/>\n<meta name=\"twitter:label1\" content=\"\u0648\u0642\u062a \u0627\u0644\u0642\u0631\u0627\u0621\u0629 \u0627\u0644\u0645\u064f\u0642\u062f\u0651\u0631\" \/>\n\t<meta name=\"twitter:data1\" content=\"\u062f\u0642\u064a\u0642\u0629 \u0648\u0627\u062d\u062f\u0629\" \/>\n<script type=\"application\/ld+json\" class=\"yoast-schema-graph\">{\"@context\":\"https:\/\/schema.org\",\"@graph\":[{\"@type\":\"WebPage\",\"@id\":\"https:\/\/store.mariages.io\/product\/diffuseur-dambiance-avec-tiges-200ml-musc\/\",\"url\":\"https:\/\/store.mariages.io\/product\/diffuseur-dambiance-avec-tiges-200ml-musc\/\",\"name\":\"DIFFUSEUR D'AMBIANCE AVEC TIGES 200ML Musc - Mariages.io store\",\"isPartOf\":{\"@id\":\"https:\/\/darkviolet-ram-161551.hostingersite.com\/#website\"},\"primaryImageOfPage\":{\"@id\":\"https:\/\/store.mariages.io\/product\/diffuseur-dambiance-avec-tiges-200ml-musc\/#primaryimage\"},\"image\":{\"@id\":\"https:\/\/store.mariages.io\/product\/diffuseur-dambiance-avec-tiges-200ml-musc\/#primaryimage\"},\"thumbnailUrl\":\"https:\/\/store.mariages.io\/wp-content\/uploads\/2024\/03\/diffuseurambianceambretigesweb_1024x1024.webp\",\"datePublished\":\"2024-03-19T15:36:55+00:00\",\"dateModified\":\"2025-02-25T17:20:29+00:00\",\"breadcrumb\":{\"@id\":\"https:\/\/store.mariages.io\/product\/diffuseur-dambiance-avec-tiges-200ml-musc\/#breadcrumb\"},\"inLanguage\":\"ar\",\"potentialAction\":[{\"@type\":\"ReadAction\",\"target\":[\"https:\/\/store.mariages.io\/product\/diffuseur-dambiance-avec-tiges-200ml-musc\/\"]}]},{\"@type\":\"ImageObject\",\"inLanguage\":\"ar\",\"@id\":\"https:\/\/store.mariages.io\/product\/diffuseur-dambiance-avec-tiges-200ml-musc\/#primaryimage\",\"url\":\"https:\/\/store.mariages.io\/wp-content\/uploads\/2024\/03\/diffuseurambianceambretigesweb_1024x1024.webp\",\"contentUrl\":\"https:\/\/store.mariages.io\/wp-content\/uploads\/2024\/03\/diffuseurambianceambretigesweb_1024x1024.webp\",\"width\":900,\"height\":900},{\"@type\":\"BreadcrumbList\",\"@id\":\"https:\/\/store.mariages.io\/product\/diffuseur-dambiance-avec-tiges-200ml-musc\/#breadcrumb\",\"itemListElement\":[{\"@type\":\"ListItem\",\"position\":1,\"name\":\"Home\",\"item\":\"https:\/\/darkviolet-ram-161551.hostingersite.com\/\"},{\"@type\":\"ListItem\",\"position\":2,\"name\":\"Shop\",\"item\":\"https:\/\/store.mariages.io\/shop\/\"},{\"@type\":\"ListItem\",\"position\":3,\"name\":\"DIFFUSEUR D&rsquo;AMBIANCE AVEC TIGES 200ML Musc\"}]},{\"@type\":\"WebSite\",\"@id\":\"https:\/\/darkviolet-ram-161551.hostingersite.com\/#website\",\"url\":\"https:\/\/darkviolet-ram-161551.hostingersite.com\/\",\"name\":\"Mariages.io store\",\"description\":\"STORE Mariages.IO\",\"potentialAction\":[{\"@type\":\"SearchAction\",\"target\":{\"@type\":\"EntryPoint\",\"urlTemplate\":\"https:\/\/darkviolet-ram-161551.hostingersite.com\/?s={search_term_string}\"},\"query-input\":{\"@type\":\"PropertyValueSpecification\",\"valueRequired\":true,\"valueName\":\"search_term_string\"}}],\"inLanguage\":\"ar\"}]}<\/script>\n<!-- \/ Yoast SEO plugin. -->","yoast_head_json":{"title":"DIFFUSEUR D'AMBIANCE AVEC TIGES 200ML Musc - Mariages.io store","robots":{"index":"index","follow":"follow","max-snippet":"max-snippet:-1","max-image-preview":"max-image-preview:large","max-video-preview":"max-video-preview:-1"},"canonical":"https:\/\/store.mariages.io\/ar\/product\/diffuseur-dambiance-avec-tiges-200ml-musc\/","og_locale":"ar_AR","og_type":"article","og_title":"DIFFUSEUR D'AMBIANCE AVEC TIGES 200ML Musc - Mariages.io store","og_description":"Les diffuseurs d\u2019ambiance de Natus Marrakech sont l\u2019id\u00e9al pour d\u00e9corer votre maison avec \u00e9l\u00e9gance et discr\u00e9tion, en offrant un parfum agr\u00e9able.Le parfum est r\u00e9pandu \u00e0 travers les tiges qui, immerg\u00e9es dans le liquide, l\u2019absorbent et...","og_url":"https:\/\/store.mariages.io\/ar\/product\/diffuseur-dambiance-avec-tiges-200ml-musc\/","og_site_name":"Mariages.io store","article_modified_time":"2025-02-25T17:20:29+00:00","og_image":[{"width":900,"height":900,"url":"https:\/\/store.mariages.io\/wp-content\/uploads\/2024\/03\/diffuseurambianceambretigesweb_1024x1024.webp","type":"image\/webp"}],"twitter_card":"summary_large_image","twitter_misc":{"\u0648\u0642\u062a \u0627\u0644\u0642\u0631\u0627\u0621\u0629 \u0627\u0644\u0645\u064f\u0642\u062f\u0651\u0631":"\u062f\u0642\u064a\u0642\u0629 \u0648\u0627\u062d\u062f\u0629"},"schema":{"@context":"https:\/\/schema.org","@graph":[{"@type":"WebPage","@id":"https:\/\/store.mariages.io\/product\/diffuseur-dambiance-avec-tiges-200ml-musc\/","url":"https:\/\/store.mariages.io\/product\/diffuseur-dambiance-avec-tiges-200ml-musc\/","name":"DIFFUSEUR D'AMBIANCE AVEC TIGES 200ML Musc - Mariages.io store","isPartOf":{"@id":"https:\/\/darkviolet-ram-161551.hostingersite.com\/#website"},"primaryImageOfPage":{"@id":"https:\/\/store.mariages.io\/product\/diffuseur-dambiance-avec-tiges-200ml-musc\/#primaryimage"},"image":{"@id":"https:\/\/store.mariages.io\/product\/diffuseur-dambiance-avec-tiges-200ml-musc\/#primaryimage"},"thumbnailUrl":"https:\/\/store.mariages.io\/wp-content\/uploads\/2024\/03\/diffuseurambianceambretigesweb_1024x1024.webp","datePublished":"2024-03-19T15:36:55+00:00","dateModified":"2025-02-25T17:20:29+00:00","breadcrumb":{"@id":"https:\/\/store.mariages.io\/product\/diffuseur-dambiance-avec-tiges-200ml-musc\/#breadcrumb"},"inLanguage":"ar","potentialAction":[{"@type":"ReadAction","target":["https:\/\/store.mariages.io\/product\/diffuseur-dambiance-avec-tiges-200ml-musc\/"]}]},{"@type":"ImageObject","inLanguage":"ar","@id":"https:\/\/store.mariages.io\/product\/diffuseur-dambiance-avec-tiges-200ml-musc\/#primaryimage","url":"https:\/\/store.mariages.io\/wp-content\/uploads\/2024\/03\/diffuseurambianceambretigesweb_1024x1024.webp","contentUrl":"https:\/\/store.mariages.io\/wp-content\/uploads\/2024\/03\/diffuseurambianceambretigesweb_1024x1024.webp","width":900,"height":900},{"@type":"BreadcrumbList","@id":"https:\/\/store.mariages.io\/product\/diffuseur-dambiance-avec-tiges-200ml-musc\/#breadcrumb","itemListElement":[{"@type":"ListItem","position":1,"name":"Home","item":"https:\/\/darkviolet-ram-161551.hostingersite.com\/"},{"@type":"ListItem","position":2,"name":"Shop","item":"https:\/\/store.mariages.io\/shop\/"},{"@type":"ListItem","position":3,"name":"DIFFUSEUR D&rsquo;AMBIANCE AVEC TIGES 200ML Musc"}]},{"@type":"WebSite","@id":"https:\/\/darkviolet-ram-161551.hostingersite.com\/#website","url":"https:\/\/darkviolet-ram-161551.hostingersite.com\/","name":"Mariages.io store","description":"STORE Mariages.IO","potentialAction":[{"@type":"SearchAction","target":{"@type":"EntryPoint","urlTemplate":"https:\/\/darkviolet-ram-161551.hostingersite.com\/?s={search_term_string}"},"query-input":{"@type":"PropertyValueSpecification","valueRequired":true,"valueName":"search_term_string"}}],"inLanguage":"ar"}]}},"_links":{"self":[{"href":"https:\/\/store.mariages.io\/ar\/wp-json\/wp\/v2\/product\/11926","targetHints":{"allow":["GET"]}}],"collection":[{"href":"https:\/\/store.mariages.io\/ar\/wp-json\/wp\/v2\/product"}],"about":[{"href":"https:\/\/store.mariages.io\/ar\/wp-json\/wp\/v2\/types\/product"}],"replies":[{"embeddable":true,"href":"https:\/\/store.mariages.io\/ar\/wp-json\/wp\/v2\/comments?post=11926"}],"version-history":[{"count":1,"href":"https:\/\/store.mariages.io\/ar\/wp-json\/wp\/v2\/product\/11926\/revisions"}],"predecessor-version":[{"id":11931,"href":"https:\/\/store.mariages.io\/ar\/wp-json\/wp\/v2\/product\/11926\/revisions\/11931"}],"wp:featuredmedia":[{"embeddable":true,"href":"https:\/\/store.mariages.io\/ar\/wp-json\/wp\/v2\/media\/11930"}],"wp:attachment":[{"href":"https:\/\/store.mariages.io\/ar\/wp-json\/wp\/v2\/media?parent=11926"}],"wp:term":[{"taxonomy":"product_brand","embeddable":true,"href":"https:\/\/store.mariages.io\/ar\/wp-json\/wp\/v2\/product_brand?post=11926"},{"taxonomy":"product_cat","embeddable":true,"href":"https:\/\/store.mariages.io\/ar\/wp-json\/wp\/v2\/product_cat?post=11926"},{"taxonomy":"product_tag","embeddable":true,"href":"https:\/\/store.mariages.io\/ar\/wp-json\/wp\/v2\/product_tag?post=11926"}],"curies":[{"name":"wp","href":"https:\/\/api.w.org\/{rel}","templated":true}]}}