{"id":11923,"date":"2024-03-19T12:44:17","date_gmt":"2024-03-19T12:44:17","guid":{"rendered":"https:\/\/darkviolet-ram-161551.hostingersite.com\/?post_type=product&#038;p=11923"},"modified":"2025-03-31T19:48:57","modified_gmt":"2025-03-31T19:48:57","slug":"serghina-oud-pack-pochette-velour-avec-taifur","status":"publish","type":"product","link":"https:\/\/store.mariages.io\/ar\/product\/serghina-oud-pack-pochette-velour-avec-taifur\/","title":{"rendered":"\u0633\u064a\u0631\u062c\u064a\u0646\u0627 \u0639\u0648\u062f \u0641\u064a\u0644\u0641\u062a \u0639\u0628\u0648\u0629 \u0623\u0643\u064a\u0627\u0633 \u0645\u0639 \u0637\u064a\u0641\u0648\u0631"},"content":{"rendered":"<p>\u0628\u0645\u0632\u064a\u062c\u0647 \u0627\u0644\u0641\u0627\u062e\u0631 \u0645\u0646 \u0627\u0644\u0645\u0643\u0648\u0646\u0627\u062a \u0648\u0631\u0627\u0626\u062d\u062a\u0647 \u0627\u0644\u0622\u0633\u0631\u0629\u060c \u064a\u064f\u062c\u0633\u0651\u062f \u0639\u0637\u0631 \u0639\u0648\u062f \u0633\u0631\u063a\u064a\u0646\u0627 \u062c\u0648\u0647\u0631 \u0627\u0644\u062f\u0644\u0627\u0644 \u0648\u0627\u0644\u0631\u0642\u064a\u060c \u0645\u0627 \u064a\u062c\u0639\u0644\u0647 \u0625\u0636\u0627\u0641\u0629\u064b \u0644\u0627 \u063a\u0646\u0649 \u0639\u0646\u0647\u0627 \u0644\u0623\u064a \u0645\u062c\u0645\u0648\u0639\u0629 \u0639\u0637\u0631\u064a\u0629. \u062a\u062d\u062a\u0648\u064a \u0627\u0644\u0639\u0628\u0648\u0629 \u0627\u0644\u0645\u062e\u0645\u0644\u064a\u0629 \u0639\u0644\u0649: \u0633\u0631\u063a\u064a\u0646\u0627...<\/p>","protected":false},"excerpt":{"rendered":"<p>\u0628\u0645\u0632\u064a\u062c\u0647 \u0627\u0644\u0641\u0627\u062e\u0631 \u0645\u0646 \u0627\u0644\u0645\u0643\u0648\u0646\u0627\u062a \u0648\u0631\u0627\u0626\u062d\u062a\u0647 \u0627\u0644\u0622\u0633\u0631\u0629\u060c \u064a\u064f\u062c\u0633\u0651\u062f \u0639\u0637\u0631 \u0639\u0648\u062f \u0633\u0631\u063a\u064a\u0646\u0627 \u062c\u0648\u0647\u0631 \u0627\u0644\u062f\u0644\u0627\u0644 \u0648\u0627\u0644\u0631\u0642\u064a\u060c \u0645\u0627 \u064a\u062c\u0639\u0644\u0647 \u0625\u0636\u0627\u0641\u0629\u064b \u0644\u0627 \u063a\u0646\u0649 \u0639\u0646\u0647\u0627 \u0644\u0623\u064a \u0645\u062c\u0645\u0648\u0639\u0629 \u0639\u0637\u0631\u064a\u0629. \u062a\u062d\u062a\u0648\u064a \u0627\u0644\u0639\u0628\u0648\u0629 \u0627\u0644\u0645\u062e\u0645\u0644\u064a\u0629 \u0639\u0644\u0649: \u0633\u0631\u063a\u064a\u0646\u0627...<\/p>","protected":false},"featured_media":11924,"comment_status":"open","ping_status":"closed","template":"","meta":{"_joinchat":[]},"product_brand":[],"product_cat":[185],"product_tag":[],"class_list":{"0":"post-11923","1":"product","2":"type-product","3":"status-publish","4":"has-post-thumbnail","6":"product_cat-maison","8":"first","9":"instock","10":"shipping-taxable","11":"purchasable","12":"product-type-simple"},"yoast_head":"<!-- This site is optimized with the Yoast SEO plugin v26.7 - https:\/\/yoast.com\/wordpress\/plugins\/seo\/ -->\n<title>SERGHINA OUD PACK POCHETTE VELOUR AVEC TAIFUR - Mariages.io store<\/title>\n<meta name=\"robots\" content=\"index, follow, max-snippet:-1, max-image-preview:large, max-video-preview:-1\" \/>\n<link rel=\"canonical\" href=\"https:\/\/store.mariages.io\/ar\/product\/serghina-oud-pack-pochette-velour-avec-taifur\/\" \/>\n<meta property=\"og:locale\" content=\"ar_AR\" \/>\n<meta property=\"og:type\" content=\"article\" \/>\n<meta property=\"og:title\" content=\"SERGHINA OUD PACK POCHETTE VELOUR AVEC TAIFUR - Mariages.io store\" \/>\n<meta property=\"og:description\" content=\"Avec son m\u00e9lange luxueux d&#039;ingr\u00e9dients et son ar\u00f4me captivant, Serghina Oud incarne l&#039;essence de l&#039;indulgence et de la sophistication, en faisant un ajout indispensable \u00e0 toute collection de parfums. La pochette en velour contient: Serghina...\" \/>\n<meta property=\"og:url\" content=\"https:\/\/store.mariages.io\/ar\/product\/serghina-oud-pack-pochette-velour-avec-taifur\/\" \/>\n<meta property=\"og:site_name\" content=\"Mariages.io store\" \/>\n<meta property=\"article:modified_time\" content=\"2025-03-31T19:48:57+00:00\" \/>\n<meta property=\"og:image\" content=\"https:\/\/store.mariages.io\/wp-content\/uploads\/2024\/03\/serghina-taifur-pochette-web_1024x1024.webp\" \/>\n\t<meta property=\"og:image:width\" content=\"900\" \/>\n\t<meta property=\"og:image:height\" content=\"900\" \/>\n\t<meta property=\"og:image:type\" content=\"image\/webp\" \/>\n<meta name=\"twitter:card\" content=\"summary_large_image\" \/>\n<meta name=\"twitter:label1\" content=\"\u0648\u0642\u062a \u0627\u0644\u0642\u0631\u0627\u0621\u0629 \u0627\u0644\u0645\u064f\u0642\u062f\u0651\u0631\" \/>\n\t<meta name=\"twitter:data1\" content=\"\u062f\u0642\u064a\u0642\u0629 \u0648\u0627\u062d\u062f\u0629\" \/>\n<script type=\"application\/ld+json\" class=\"yoast-schema-graph\">{\"@context\":\"https:\/\/schema.org\",\"@graph\":[{\"@type\":\"WebPage\",\"@id\":\"https:\/\/store.mariages.io\/product\/serghina-oud-pack-pochette-velour-avec-taifur\/\",\"url\":\"https:\/\/store.mariages.io\/product\/serghina-oud-pack-pochette-velour-avec-taifur\/\",\"name\":\"SERGHINA OUD PACK POCHETTE VELOUR AVEC TAIFUR - Mariages.io store\",\"isPartOf\":{\"@id\":\"https:\/\/darkviolet-ram-161551.hostingersite.com\/#website\"},\"primaryImageOfPage\":{\"@id\":\"https:\/\/store.mariages.io\/product\/serghina-oud-pack-pochette-velour-avec-taifur\/#primaryimage\"},\"image\":{\"@id\":\"https:\/\/store.mariages.io\/product\/serghina-oud-pack-pochette-velour-avec-taifur\/#primaryimage\"},\"thumbnailUrl\":\"https:\/\/store.mariages.io\/wp-content\/uploads\/2024\/03\/serghina-taifur-pochette-web_1024x1024.webp\",\"datePublished\":\"2024-03-19T12:44:17+00:00\",\"dateModified\":\"2025-03-31T19:48:57+00:00\",\"breadcrumb\":{\"@id\":\"https:\/\/store.mariages.io\/product\/serghina-oud-pack-pochette-velour-avec-taifur\/#breadcrumb\"},\"inLanguage\":\"ar\",\"potentialAction\":[{\"@type\":\"ReadAction\",\"target\":[\"https:\/\/store.mariages.io\/product\/serghina-oud-pack-pochette-velour-avec-taifur\/\"]}]},{\"@type\":\"ImageObject\",\"inLanguage\":\"ar\",\"@id\":\"https:\/\/store.mariages.io\/product\/serghina-oud-pack-pochette-velour-avec-taifur\/#primaryimage\",\"url\":\"https:\/\/store.mariages.io\/wp-content\/uploads\/2024\/03\/serghina-taifur-pochette-web_1024x1024.webp\",\"contentUrl\":\"https:\/\/store.mariages.io\/wp-content\/uploads\/2024\/03\/serghina-taifur-pochette-web_1024x1024.webp\",\"width\":900,\"height\":900},{\"@type\":\"BreadcrumbList\",\"@id\":\"https:\/\/store.mariages.io\/product\/serghina-oud-pack-pochette-velour-avec-taifur\/#breadcrumb\",\"itemListElement\":[{\"@type\":\"ListItem\",\"position\":1,\"name\":\"Home\",\"item\":\"https:\/\/darkviolet-ram-161551.hostingersite.com\/\"},{\"@type\":\"ListItem\",\"position\":2,\"name\":\"Shop\",\"item\":\"https:\/\/store.mariages.io\/shop\/\"},{\"@type\":\"ListItem\",\"position\":3,\"name\":\"SERGHINA OUD PACK POCHETTE VELOUR AVEC TAIFUR\"}]},{\"@type\":\"WebSite\",\"@id\":\"https:\/\/darkviolet-ram-161551.hostingersite.com\/#website\",\"url\":\"https:\/\/darkviolet-ram-161551.hostingersite.com\/\",\"name\":\"Mariages.io store\",\"description\":\"STORE Mariages.IO\",\"potentialAction\":[{\"@type\":\"SearchAction\",\"target\":{\"@type\":\"EntryPoint\",\"urlTemplate\":\"https:\/\/darkviolet-ram-161551.hostingersite.com\/?s={search_term_string}\"},\"query-input\":{\"@type\":\"PropertyValueSpecification\",\"valueRequired\":true,\"valueName\":\"search_term_string\"}}],\"inLanguage\":\"ar\"}]}<\/script>\n<!-- \/ Yoast SEO plugin. -->","yoast_head_json":{"title":"SERGHINA OUD PACK POCHETTE VELOUR AVEC TAIFUR - Mariages.io store","robots":{"index":"index","follow":"follow","max-snippet":"max-snippet:-1","max-image-preview":"max-image-preview:large","max-video-preview":"max-video-preview:-1"},"canonical":"https:\/\/store.mariages.io\/ar\/product\/serghina-oud-pack-pochette-velour-avec-taifur\/","og_locale":"ar_AR","og_type":"article","og_title":"SERGHINA OUD PACK POCHETTE VELOUR AVEC TAIFUR - Mariages.io store","og_description":"Avec son m\u00e9lange luxueux d'ingr\u00e9dients et son ar\u00f4me captivant, Serghina Oud incarne l'essence de l'indulgence et de la sophistication, en faisant un ajout indispensable \u00e0 toute collection de parfums. La pochette en velour contient: Serghina...","og_url":"https:\/\/store.mariages.io\/ar\/product\/serghina-oud-pack-pochette-velour-avec-taifur\/","og_site_name":"Mariages.io store","article_modified_time":"2025-03-31T19:48:57+00:00","og_image":[{"width":900,"height":900,"url":"https:\/\/store.mariages.io\/wp-content\/uploads\/2024\/03\/serghina-taifur-pochette-web_1024x1024.webp","type":"image\/webp"}],"twitter_card":"summary_large_image","twitter_misc":{"\u0648\u0642\u062a \u0627\u0644\u0642\u0631\u0627\u0621\u0629 \u0627\u0644\u0645\u064f\u0642\u062f\u0651\u0631":"\u062f\u0642\u064a\u0642\u0629 \u0648\u0627\u062d\u062f\u0629"},"schema":{"@context":"https:\/\/schema.org","@graph":[{"@type":"WebPage","@id":"https:\/\/store.mariages.io\/product\/serghina-oud-pack-pochette-velour-avec-taifur\/","url":"https:\/\/store.mariages.io\/product\/serghina-oud-pack-pochette-velour-avec-taifur\/","name":"SERGHINA OUD PACK POCHETTE VELOUR AVEC TAIFUR - Mariages.io store","isPartOf":{"@id":"https:\/\/darkviolet-ram-161551.hostingersite.com\/#website"},"primaryImageOfPage":{"@id":"https:\/\/store.mariages.io\/product\/serghina-oud-pack-pochette-velour-avec-taifur\/#primaryimage"},"image":{"@id":"https:\/\/store.mariages.io\/product\/serghina-oud-pack-pochette-velour-avec-taifur\/#primaryimage"},"thumbnailUrl":"https:\/\/store.mariages.io\/wp-content\/uploads\/2024\/03\/serghina-taifur-pochette-web_1024x1024.webp","datePublished":"2024-03-19T12:44:17+00:00","dateModified":"2025-03-31T19:48:57+00:00","breadcrumb":{"@id":"https:\/\/store.mariages.io\/product\/serghina-oud-pack-pochette-velour-avec-taifur\/#breadcrumb"},"inLanguage":"ar","potentialAction":[{"@type":"ReadAction","target":["https:\/\/store.mariages.io\/product\/serghina-oud-pack-pochette-velour-avec-taifur\/"]}]},{"@type":"ImageObject","inLanguage":"ar","@id":"https:\/\/store.mariages.io\/product\/serghina-oud-pack-pochette-velour-avec-taifur\/#primaryimage","url":"https:\/\/store.mariages.io\/wp-content\/uploads\/2024\/03\/serghina-taifur-pochette-web_1024x1024.webp","contentUrl":"https:\/\/store.mariages.io\/wp-content\/uploads\/2024\/03\/serghina-taifur-pochette-web_1024x1024.webp","width":900,"height":900},{"@type":"BreadcrumbList","@id":"https:\/\/store.mariages.io\/product\/serghina-oud-pack-pochette-velour-avec-taifur\/#breadcrumb","itemListElement":[{"@type":"ListItem","position":1,"name":"Home","item":"https:\/\/darkviolet-ram-161551.hostingersite.com\/"},{"@type":"ListItem","position":2,"name":"Shop","item":"https:\/\/store.mariages.io\/shop\/"},{"@type":"ListItem","position":3,"name":"SERGHINA OUD PACK POCHETTE VELOUR AVEC TAIFUR"}]},{"@type":"WebSite","@id":"https:\/\/darkviolet-ram-161551.hostingersite.com\/#website","url":"https:\/\/darkviolet-ram-161551.hostingersite.com\/","name":"Mariages.io store","description":"STORE Mariages.IO","potentialAction":[{"@type":"SearchAction","target":{"@type":"EntryPoint","urlTemplate":"https:\/\/darkviolet-ram-161551.hostingersite.com\/?s={search_term_string}"},"query-input":{"@type":"PropertyValueSpecification","valueRequired":true,"valueName":"search_term_string"}}],"inLanguage":"ar"}]}},"_links":{"self":[{"href":"https:\/\/store.mariages.io\/ar\/wp-json\/wp\/v2\/product\/11923","targetHints":{"allow":["GET"]}}],"collection":[{"href":"https:\/\/store.mariages.io\/ar\/wp-json\/wp\/v2\/product"}],"about":[{"href":"https:\/\/store.mariages.io\/ar\/wp-json\/wp\/v2\/types\/product"}],"replies":[{"embeddable":true,"href":"https:\/\/store.mariages.io\/ar\/wp-json\/wp\/v2\/comments?post=11923"}],"version-history":[{"count":1,"href":"https:\/\/store.mariages.io\/ar\/wp-json\/wp\/v2\/product\/11923\/revisions"}],"predecessor-version":[{"id":11925,"href":"https:\/\/store.mariages.io\/ar\/wp-json\/wp\/v2\/product\/11923\/revisions\/11925"}],"wp:featuredmedia":[{"embeddable":true,"href":"https:\/\/store.mariages.io\/ar\/wp-json\/wp\/v2\/media\/11924"}],"wp:attachment":[{"href":"https:\/\/store.mariages.io\/ar\/wp-json\/wp\/v2\/media?parent=11923"}],"wp:term":[{"taxonomy":"product_brand","embeddable":true,"href":"https:\/\/store.mariages.io\/ar\/wp-json\/wp\/v2\/product_brand?post=11923"},{"taxonomy":"product_cat","embeddable":true,"href":"https:\/\/store.mariages.io\/ar\/wp-json\/wp\/v2\/product_cat?post=11923"},{"taxonomy":"product_tag","embeddable":true,"href":"https:\/\/store.mariages.io\/ar\/wp-json\/wp\/v2\/product_tag?post=11923"}],"curies":[{"name":"wp","href":"https:\/\/api.w.org\/{rel}","templated":true}]}}