{"id":11915,"date":"2024-03-19T12:41:37","date_gmt":"2024-03-19T12:41:37","guid":{"rendered":"https:\/\/darkviolet-ram-161551.hostingersite.com\/?post_type=product&#038;p=11915"},"modified":"2025-03-02T12:11:28","modified_gmt":"2025-03-02T12:11:28","slug":"set-3-bougies-parfumees-calligraphie","status":"publish","type":"product","link":"https:\/\/store.mariages.io\/ar\/product\/set-3-bougies-parfumees-calligraphie\/","title":{"rendered":"\u0645\u062c\u0645\u0648\u0639\u0629 \u0645\u0646 3 \u0634\u0645\u0648\u0639 \u0645\u0639\u0637\u0631\u0629 \u2013 \u0627\u0644\u062e\u0637 \u0627\u0644\u0639\u0631\u0628\u064a"},"content":{"rendered":"<p>\u062f\u0644\u0644 \u0646\u0641\u0633\u0643 \u0628\u0646\u0641\u062d\u0627\u062a \u0627\u0644\u0639\u0648\u062f \u0627\u0644\u062f\u0627\u0641\u0626\u0629. \u0634\u0645\u0648\u0639\u0646\u0627 \u0627\u0644\u0645\u0639\u0637\u0631\u0629 \u0627\u0644\u062c\u062f\u064a\u062f\u0629 \u0647\u064a \u0627\u0644\u0647\u062f\u064a\u0629 \u0627\u0644\u0645\u062b\u0627\u0644\u064a\u0629 \u0644\u0643\u0644 \u0645\u0646\u0627\u0633\u0628\u0629. \u0623\u0643\u0648\u0627\u0628 \u0627\u0644\u0633\u064a\u0631\u0627\u0645\u064a\u0643 \u0645\u0635\u0646\u0648\u0639\u0629 \u064a\u062f\u0648\u064a\u064b\u0627 \u0628\u0627\u0644\u0643\u0627\u0645\u0644. \u0637\u0642\u0645 \u0645\u0646 3 \u0642\u0637\u0639. \u0627\u0644\u0639\u0637\u0631: \u0648\u0632\u0646 \u0643\u0644 \u0642\u0637\u0639\u0629: 50 \u063a\/80 \u063a\/150 \u063a<\/p>","protected":false},"excerpt":{"rendered":"<p>\u062f\u0644\u0644 \u0646\u0641\u0633\u0643 \u0628\u0646\u0641\u062d\u0627\u062a \u0627\u0644\u0639\u0648\u062f \u0627\u0644\u062f\u0627\u0641\u0626\u0629. \u0634\u0645\u0648\u0639\u0646\u0627 \u0627\u0644\u0645\u0639\u0637\u0631\u0629 \u0627\u0644\u062c\u062f\u064a\u062f\u0629 \u0647\u064a \u0627\u0644\u0647\u062f\u064a\u0629 \u0627\u0644\u0645\u062b\u0627\u0644\u064a\u0629 \u0644\u0643\u0644 \u0645\u0646\u0627\u0633\u0628\u0629. \u0623\u0643\u0648\u0627\u0628 \u0627\u0644\u0633\u064a\u0631\u0627\u0645\u064a\u0643 \u0645\u0635\u0646\u0648\u0639\u0629 \u064a\u062f\u0648\u064a\u064b\u0627 \u0628\u0627\u0644\u0643\u0627\u0645\u0644. \u0637\u0642\u0645 \u0645\u0646 3 \u0642\u0637\u0639. \u0627\u0644\u0639\u0637\u0631: \u0648\u0632\u0646 \u0643\u0644 \u0642\u0637\u0639\u0629: 50 \u063a\/80 \u063a\/150 \u063a<\/p>","protected":false},"featured_media":11917,"comment_status":"open","ping_status":"closed","template":"","meta":{"_joinchat":[]},"product_brand":[],"product_cat":[185,186],"product_tag":[],"class_list":{"0":"post-11915","1":"product","2":"type-product","3":"status-publish","4":"has-post-thumbnail","6":"product_cat-maison","7":"product_cat-decor","9":"first","10":"instock","11":"shipping-taxable","12":"purchasable","13":"product-type-simple"},"yoast_head":"<!-- This site is optimized with the Yoast SEO plugin v26.7 - https:\/\/yoast.com\/wordpress\/plugins\/seo\/ -->\n<title>SET 3 BOUGIES PARFUM\u00c9ES - CALLIGRAPHIE - Mariages.io store<\/title>\n<meta name=\"robots\" content=\"index, follow, max-snippet:-1, max-image-preview:large, max-video-preview:-1\" \/>\n<link rel=\"canonical\" href=\"https:\/\/store.mariages.io\/ar\/product\/set-3-bougies-parfumees-calligraphie\/\" \/>\n<meta property=\"og:locale\" content=\"ar_AR\" \/>\n<meta property=\"og:type\" content=\"article\" \/>\n<meta property=\"og:title\" content=\"SET 3 BOUGIES PARFUM\u00c9ES - CALLIGRAPHIE - Mariages.io store\" \/>\n<meta property=\"og:description\" content=\"Laissez-vous envahir par les notes chaudes de l\u2019oud. Nos nouvelles bougies parfum\u00e9es sont le cadeau parfait pour chaque occasion. Les verres en c\u00e9ramique sont enti\u00e8rement faits \u00e0 la main. Set 3 pi\u00e8cesParfum:Poids de chaque : 50g\/80g\/150g\" \/>\n<meta property=\"og:url\" content=\"https:\/\/store.mariages.io\/ar\/product\/set-3-bougies-parfumees-calligraphie\/\" \/>\n<meta property=\"og:site_name\" content=\"Mariages.io store\" \/>\n<meta property=\"article:modified_time\" content=\"2025-03-02T12:11:28+00:00\" \/>\n<meta property=\"og:image\" content=\"https:\/\/store.mariages.io\/wp-content\/uploads\/2024\/03\/setbougieparfumecalligraphie_1024x1024.webp\" \/>\n\t<meta property=\"og:image:width\" content=\"900\" \/>\n\t<meta property=\"og:image:height\" content=\"900\" \/>\n\t<meta property=\"og:image:type\" content=\"image\/webp\" \/>\n<meta name=\"twitter:card\" content=\"summary_large_image\" \/>\n<meta name=\"twitter:label1\" content=\"\u0648\u0642\u062a \u0627\u0644\u0642\u0631\u0627\u0621\u0629 \u0627\u0644\u0645\u064f\u0642\u062f\u0651\u0631\" \/>\n\t<meta name=\"twitter:data1\" content=\"\u062f\u0642\u064a\u0642\u0629 \u0648\u0627\u062d\u062f\u0629\" \/>\n<script type=\"application\/ld+json\" class=\"yoast-schema-graph\">{\"@context\":\"https:\/\/schema.org\",\"@graph\":[{\"@type\":\"WebPage\",\"@id\":\"https:\/\/store.mariages.io\/product\/set-3-bougies-parfumees-calligraphie\/\",\"url\":\"https:\/\/store.mariages.io\/product\/set-3-bougies-parfumees-calligraphie\/\",\"name\":\"SET 3 BOUGIES PARFUM\u00c9ES - CALLIGRAPHIE - Mariages.io store\",\"isPartOf\":{\"@id\":\"https:\/\/darkviolet-ram-161551.hostingersite.com\/#website\"},\"primaryImageOfPage\":{\"@id\":\"https:\/\/store.mariages.io\/product\/set-3-bougies-parfumees-calligraphie\/#primaryimage\"},\"image\":{\"@id\":\"https:\/\/store.mariages.io\/product\/set-3-bougies-parfumees-calligraphie\/#primaryimage\"},\"thumbnailUrl\":\"https:\/\/store.mariages.io\/wp-content\/uploads\/2024\/03\/setbougieparfumecalligraphie_1024x1024.webp\",\"datePublished\":\"2024-03-19T12:41:37+00:00\",\"dateModified\":\"2025-03-02T12:11:28+00:00\",\"breadcrumb\":{\"@id\":\"https:\/\/store.mariages.io\/product\/set-3-bougies-parfumees-calligraphie\/#breadcrumb\"},\"inLanguage\":\"ar\",\"potentialAction\":[{\"@type\":\"ReadAction\",\"target\":[\"https:\/\/store.mariages.io\/product\/set-3-bougies-parfumees-calligraphie\/\"]}]},{\"@type\":\"ImageObject\",\"inLanguage\":\"ar\",\"@id\":\"https:\/\/store.mariages.io\/product\/set-3-bougies-parfumees-calligraphie\/#primaryimage\",\"url\":\"https:\/\/store.mariages.io\/wp-content\/uploads\/2024\/03\/setbougieparfumecalligraphie_1024x1024.webp\",\"contentUrl\":\"https:\/\/store.mariages.io\/wp-content\/uploads\/2024\/03\/setbougieparfumecalligraphie_1024x1024.webp\",\"width\":900,\"height\":900},{\"@type\":\"BreadcrumbList\",\"@id\":\"https:\/\/store.mariages.io\/product\/set-3-bougies-parfumees-calligraphie\/#breadcrumb\",\"itemListElement\":[{\"@type\":\"ListItem\",\"position\":1,\"name\":\"Home\",\"item\":\"https:\/\/darkviolet-ram-161551.hostingersite.com\/\"},{\"@type\":\"ListItem\",\"position\":2,\"name\":\"Shop\",\"item\":\"https:\/\/store.mariages.io\/shop\/\"},{\"@type\":\"ListItem\",\"position\":3,\"name\":\"SET 3 BOUGIES PARFUM\u00c9ES &#8211; CALLIGRAPHIE\"}]},{\"@type\":\"WebSite\",\"@id\":\"https:\/\/darkviolet-ram-161551.hostingersite.com\/#website\",\"url\":\"https:\/\/darkviolet-ram-161551.hostingersite.com\/\",\"name\":\"Mariages.io store\",\"description\":\"STORE Mariages.IO\",\"potentialAction\":[{\"@type\":\"SearchAction\",\"target\":{\"@type\":\"EntryPoint\",\"urlTemplate\":\"https:\/\/darkviolet-ram-161551.hostingersite.com\/?s={search_term_string}\"},\"query-input\":{\"@type\":\"PropertyValueSpecification\",\"valueRequired\":true,\"valueName\":\"search_term_string\"}}],\"inLanguage\":\"ar\"}]}<\/script>\n<!-- \/ Yoast SEO plugin. -->","yoast_head_json":{"title":"SET 3 BOUGIES PARFUM\u00c9ES - CALLIGRAPHIE - Mariages.io store","robots":{"index":"index","follow":"follow","max-snippet":"max-snippet:-1","max-image-preview":"max-image-preview:large","max-video-preview":"max-video-preview:-1"},"canonical":"https:\/\/store.mariages.io\/ar\/product\/set-3-bougies-parfumees-calligraphie\/","og_locale":"ar_AR","og_type":"article","og_title":"SET 3 BOUGIES PARFUM\u00c9ES - CALLIGRAPHIE - Mariages.io store","og_description":"Laissez-vous envahir par les notes chaudes de l\u2019oud. Nos nouvelles bougies parfum\u00e9es sont le cadeau parfait pour chaque occasion. Les verres en c\u00e9ramique sont enti\u00e8rement faits \u00e0 la main. Set 3 pi\u00e8cesParfum:Poids de chaque : 50g\/80g\/150g","og_url":"https:\/\/store.mariages.io\/ar\/product\/set-3-bougies-parfumees-calligraphie\/","og_site_name":"Mariages.io store","article_modified_time":"2025-03-02T12:11:28+00:00","og_image":[{"width":900,"height":900,"url":"https:\/\/store.mariages.io\/wp-content\/uploads\/2024\/03\/setbougieparfumecalligraphie_1024x1024.webp","type":"image\/webp"}],"twitter_card":"summary_large_image","twitter_misc":{"\u0648\u0642\u062a \u0627\u0644\u0642\u0631\u0627\u0621\u0629 \u0627\u0644\u0645\u064f\u0642\u062f\u0651\u0631":"\u062f\u0642\u064a\u0642\u0629 \u0648\u0627\u062d\u062f\u0629"},"schema":{"@context":"https:\/\/schema.org","@graph":[{"@type":"WebPage","@id":"https:\/\/store.mariages.io\/product\/set-3-bougies-parfumees-calligraphie\/","url":"https:\/\/store.mariages.io\/product\/set-3-bougies-parfumees-calligraphie\/","name":"SET 3 BOUGIES PARFUM\u00c9ES - CALLIGRAPHIE - Mariages.io store","isPartOf":{"@id":"https:\/\/darkviolet-ram-161551.hostingersite.com\/#website"},"primaryImageOfPage":{"@id":"https:\/\/store.mariages.io\/product\/set-3-bougies-parfumees-calligraphie\/#primaryimage"},"image":{"@id":"https:\/\/store.mariages.io\/product\/set-3-bougies-parfumees-calligraphie\/#primaryimage"},"thumbnailUrl":"https:\/\/store.mariages.io\/wp-content\/uploads\/2024\/03\/setbougieparfumecalligraphie_1024x1024.webp","datePublished":"2024-03-19T12:41:37+00:00","dateModified":"2025-03-02T12:11:28+00:00","breadcrumb":{"@id":"https:\/\/store.mariages.io\/product\/set-3-bougies-parfumees-calligraphie\/#breadcrumb"},"inLanguage":"ar","potentialAction":[{"@type":"ReadAction","target":["https:\/\/store.mariages.io\/product\/set-3-bougies-parfumees-calligraphie\/"]}]},{"@type":"ImageObject","inLanguage":"ar","@id":"https:\/\/store.mariages.io\/product\/set-3-bougies-parfumees-calligraphie\/#primaryimage","url":"https:\/\/store.mariages.io\/wp-content\/uploads\/2024\/03\/setbougieparfumecalligraphie_1024x1024.webp","contentUrl":"https:\/\/store.mariages.io\/wp-content\/uploads\/2024\/03\/setbougieparfumecalligraphie_1024x1024.webp","width":900,"height":900},{"@type":"BreadcrumbList","@id":"https:\/\/store.mariages.io\/product\/set-3-bougies-parfumees-calligraphie\/#breadcrumb","itemListElement":[{"@type":"ListItem","position":1,"name":"Home","item":"https:\/\/darkviolet-ram-161551.hostingersite.com\/"},{"@type":"ListItem","position":2,"name":"Shop","item":"https:\/\/store.mariages.io\/shop\/"},{"@type":"ListItem","position":3,"name":"SET 3 BOUGIES PARFUM\u00c9ES &#8211; CALLIGRAPHIE"}]},{"@type":"WebSite","@id":"https:\/\/darkviolet-ram-161551.hostingersite.com\/#website","url":"https:\/\/darkviolet-ram-161551.hostingersite.com\/","name":"Mariages.io store","description":"STORE Mariages.IO","potentialAction":[{"@type":"SearchAction","target":{"@type":"EntryPoint","urlTemplate":"https:\/\/darkviolet-ram-161551.hostingersite.com\/?s={search_term_string}"},"query-input":{"@type":"PropertyValueSpecification","valueRequired":true,"valueName":"search_term_string"}}],"inLanguage":"ar"}]}},"_links":{"self":[{"href":"https:\/\/store.mariages.io\/ar\/wp-json\/wp\/v2\/product\/11915","targetHints":{"allow":["GET"]}}],"collection":[{"href":"https:\/\/store.mariages.io\/ar\/wp-json\/wp\/v2\/product"}],"about":[{"href":"https:\/\/store.mariages.io\/ar\/wp-json\/wp\/v2\/types\/product"}],"replies":[{"embeddable":true,"href":"https:\/\/store.mariages.io\/ar\/wp-json\/wp\/v2\/comments?post=11915"}],"version-history":[{"count":1,"href":"https:\/\/store.mariages.io\/ar\/wp-json\/wp\/v2\/product\/11915\/revisions"}],"predecessor-version":[{"id":11918,"href":"https:\/\/store.mariages.io\/ar\/wp-json\/wp\/v2\/product\/11915\/revisions\/11918"}],"wp:featuredmedia":[{"embeddable":true,"href":"https:\/\/store.mariages.io\/ar\/wp-json\/wp\/v2\/media\/11917"}],"wp:attachment":[{"href":"https:\/\/store.mariages.io\/ar\/wp-json\/wp\/v2\/media?parent=11915"}],"wp:term":[{"taxonomy":"product_brand","embeddable":true,"href":"https:\/\/store.mariages.io\/ar\/wp-json\/wp\/v2\/product_brand?post=11915"},{"taxonomy":"product_cat","embeddable":true,"href":"https:\/\/store.mariages.io\/ar\/wp-json\/wp\/v2\/product_cat?post=11915"},{"taxonomy":"product_tag","embeddable":true,"href":"https:\/\/store.mariages.io\/ar\/wp-json\/wp\/v2\/product_tag?post=11915"}],"curies":[{"name":"wp","href":"https:\/\/api.w.org\/{rel}","templated":true}]}}