{"id":11554,"date":"2024-02-26T15:58:52","date_gmt":"2024-02-26T15:58:52","guid":{"rendered":"https:\/\/darkviolet-ram-161551.hostingersite.com\/?post_type=product&#038;p=11554"},"modified":"2025-03-02T11:06:21","modified_gmt":"2025-03-02T11:06:21","slug":"pochette-marron-pour-hommes","status":"publish","type":"product","link":"https:\/\/store.mariages.io\/ar\/product\/pochette-marron-pour-hommes\/","title":{"rendered":"\u062d\u0642\u064a\u0628\u0629 \u0643\u0644\u0627\u062a\u0634 \u0631\u062c\u0627\u0644\u064a\u0629 \u0628\u0646\u064a\u0629 \u0627\u0644\u0644\u0648\u0646"},"content":{"rendered":"<p>\u0627\u0644\u0644\u0648\u0646: \u062a\u0628\u063a<br \/>\n\u0646\u0648\u0639 \u0627\u0644\u0646\u0645\u0637: \u0644\u0648\u0646 \u0633\u0627\u062f\u0629<br \/>\n\u0627\u0644\u0642\u0645\u0627\u0634\/\u0627\u0644\u0645\u0627\u062f\u0629: \u0627\u0644\u0628\u0648\u0644\u064a \u064a\u0648\u0631\u064a\u062b\u064a\u0646<br \/>\n\u0646\u0648\u0639 \u0627\u0644\u0625\u063a\u0644\u0627\u0642: \u0633\u062d\u0627\u0628<br \/>\n\u062d\u062c\u0645 \u0627\u0644\u062d\u0642\u064a\u0628\u0629: \u0635\u063a\u064a\u0631<\/p>","protected":false},"excerpt":{"rendered":"<p>Couleur: Tabac Type de motif: Unicolore Tissu\/mat\u00e9riel: Polyur\u00e9thane Type de fermeture: Fermeture \u00e9clair Taille du sac: Petit<\/p>","protected":false},"featured_media":11557,"comment_status":"open","ping_status":"closed","template":"","meta":{"_joinchat":[]},"product_brand":[],"product_cat":[194,195,76],"product_tag":[],"class_list":{"0":"post-11554","1":"product","2":"type-product","3":"status-publish","4":"has-post-thumbnail","6":"product_cat-style-de-vie","7":"product_cat-bagages-et-voyages","8":"product_cat-sacs","10":"first","11":"outofstock","12":"shipping-taxable","13":"purchasable","14":"product-type-simple"},"yoast_head":"<!-- This site is optimized with the Yoast SEO plugin v26.7 - https:\/\/yoast.com\/wordpress\/plugins\/seo\/ -->\n<title>Pochette marron pour hommes - Mariages.io store<\/title>\n<meta name=\"robots\" content=\"index, follow, max-snippet:-1, max-image-preview:large, max-video-preview:-1\" \/>\n<link rel=\"canonical\" href=\"https:\/\/store.mariages.io\/ar\/product\/pochette-marron-pour-hommes\/\" \/>\n<meta property=\"og:locale\" content=\"ar_AR\" \/>\n<meta property=\"og:type\" content=\"article\" \/>\n<meta property=\"og:title\" content=\"Pochette marron pour hommes - Mariages.io store\" \/>\n<meta property=\"og:description\" content=\"Couleur: Tabac Type de motif: Unicolore Tissu\/mat\u00e9riel: Polyur\u00e9thane Type de fermeture: Fermeture \u00e9clair Taille du sac: Petit\" \/>\n<meta property=\"og:url\" content=\"https:\/\/store.mariages.io\/ar\/product\/pochette-marron-pour-hommes\/\" \/>\n<meta property=\"og:site_name\" content=\"Mariages.io store\" \/>\n<meta property=\"article:modified_time\" content=\"2025-03-02T11:06:21+00:00\" \/>\n<meta property=\"og:image\" content=\"https:\/\/store.mariages.io\/wp-content\/uploads\/2024\/02\/Pochette-marron-pour-homme-.png\" \/>\n\t<meta property=\"og:image:width\" content=\"952\" \/>\n\t<meta property=\"og:image:height\" content=\"1264\" \/>\n\t<meta property=\"og:image:type\" content=\"image\/png\" \/>\n<meta name=\"twitter:card\" content=\"summary_large_image\" \/>\n<meta name=\"twitter:label1\" content=\"\u0648\u0642\u062a \u0627\u0644\u0642\u0631\u0627\u0621\u0629 \u0627\u0644\u0645\u064f\u0642\u062f\u0651\u0631\" \/>\n\t<meta name=\"twitter:data1\" content=\"\u062f\u0642\u064a\u0642\u0629 \u0648\u0627\u062d\u062f\u0629\" \/>\n<script type=\"application\/ld+json\" class=\"yoast-schema-graph\">{\"@context\":\"https:\/\/schema.org\",\"@graph\":[{\"@type\":\"WebPage\",\"@id\":\"https:\/\/store.mariages.io\/product\/pochette-marron-pour-hommes\/\",\"url\":\"https:\/\/store.mariages.io\/product\/pochette-marron-pour-hommes\/\",\"name\":\"Pochette marron pour hommes - Mariages.io store\",\"isPartOf\":{\"@id\":\"https:\/\/darkviolet-ram-161551.hostingersite.com\/#website\"},\"primaryImageOfPage\":{\"@id\":\"https:\/\/store.mariages.io\/product\/pochette-marron-pour-hommes\/#primaryimage\"},\"image\":{\"@id\":\"https:\/\/store.mariages.io\/product\/pochette-marron-pour-hommes\/#primaryimage\"},\"thumbnailUrl\":\"https:\/\/store.mariages.io\/wp-content\/uploads\/2024\/02\/Pochette-marron-pour-homme-.png\",\"datePublished\":\"2024-02-26T15:58:52+00:00\",\"dateModified\":\"2025-03-02T11:06:21+00:00\",\"breadcrumb\":{\"@id\":\"https:\/\/store.mariages.io\/product\/pochette-marron-pour-hommes\/#breadcrumb\"},\"inLanguage\":\"ar\",\"potentialAction\":[{\"@type\":\"ReadAction\",\"target\":[\"https:\/\/store.mariages.io\/product\/pochette-marron-pour-hommes\/\"]}]},{\"@type\":\"ImageObject\",\"inLanguage\":\"ar\",\"@id\":\"https:\/\/store.mariages.io\/product\/pochette-marron-pour-hommes\/#primaryimage\",\"url\":\"https:\/\/store.mariages.io\/wp-content\/uploads\/2024\/02\/Pochette-marron-pour-homme-.png\",\"contentUrl\":\"https:\/\/store.mariages.io\/wp-content\/uploads\/2024\/02\/Pochette-marron-pour-homme-.png\",\"width\":952,\"height\":1264},{\"@type\":\"BreadcrumbList\",\"@id\":\"https:\/\/store.mariages.io\/product\/pochette-marron-pour-hommes\/#breadcrumb\",\"itemListElement\":[{\"@type\":\"ListItem\",\"position\":1,\"name\":\"Home\",\"item\":\"https:\/\/darkviolet-ram-161551.hostingersite.com\/\"},{\"@type\":\"ListItem\",\"position\":2,\"name\":\"Shop\",\"item\":\"https:\/\/store.mariages.io\/shop\/\"},{\"@type\":\"ListItem\",\"position\":3,\"name\":\"Pochette marron pour hommes\"}]},{\"@type\":\"WebSite\",\"@id\":\"https:\/\/darkviolet-ram-161551.hostingersite.com\/#website\",\"url\":\"https:\/\/darkviolet-ram-161551.hostingersite.com\/\",\"name\":\"Mariages.io store\",\"description\":\"STORE Mariages.IO\",\"potentialAction\":[{\"@type\":\"SearchAction\",\"target\":{\"@type\":\"EntryPoint\",\"urlTemplate\":\"https:\/\/darkviolet-ram-161551.hostingersite.com\/?s={search_term_string}\"},\"query-input\":{\"@type\":\"PropertyValueSpecification\",\"valueRequired\":true,\"valueName\":\"search_term_string\"}}],\"inLanguage\":\"ar\"}]}<\/script>\n<!-- \/ Yoast SEO plugin. -->","yoast_head_json":{"title":"Pochette marron pour hommes - Mariages.io store","robots":{"index":"index","follow":"follow","max-snippet":"max-snippet:-1","max-image-preview":"max-image-preview:large","max-video-preview":"max-video-preview:-1"},"canonical":"https:\/\/store.mariages.io\/ar\/product\/pochette-marron-pour-hommes\/","og_locale":"ar_AR","og_type":"article","og_title":"Pochette marron pour hommes - Mariages.io store","og_description":"Couleur: Tabac Type de motif: Unicolore Tissu\/mat\u00e9riel: Polyur\u00e9thane Type de fermeture: Fermeture \u00e9clair Taille du sac: Petit","og_url":"https:\/\/store.mariages.io\/ar\/product\/pochette-marron-pour-hommes\/","og_site_name":"Mariages.io store","article_modified_time":"2025-03-02T11:06:21+00:00","og_image":[{"width":952,"height":1264,"url":"https:\/\/store.mariages.io\/wp-content\/uploads\/2024\/02\/Pochette-marron-pour-homme-.png","type":"image\/png"}],"twitter_card":"summary_large_image","twitter_misc":{"\u0648\u0642\u062a \u0627\u0644\u0642\u0631\u0627\u0621\u0629 \u0627\u0644\u0645\u064f\u0642\u062f\u0651\u0631":"\u062f\u0642\u064a\u0642\u0629 \u0648\u0627\u062d\u062f\u0629"},"schema":{"@context":"https:\/\/schema.org","@graph":[{"@type":"WebPage","@id":"https:\/\/store.mariages.io\/product\/pochette-marron-pour-hommes\/","url":"https:\/\/store.mariages.io\/product\/pochette-marron-pour-hommes\/","name":"Pochette marron pour hommes - Mariages.io store","isPartOf":{"@id":"https:\/\/darkviolet-ram-161551.hostingersite.com\/#website"},"primaryImageOfPage":{"@id":"https:\/\/store.mariages.io\/product\/pochette-marron-pour-hommes\/#primaryimage"},"image":{"@id":"https:\/\/store.mariages.io\/product\/pochette-marron-pour-hommes\/#primaryimage"},"thumbnailUrl":"https:\/\/store.mariages.io\/wp-content\/uploads\/2024\/02\/Pochette-marron-pour-homme-.png","datePublished":"2024-02-26T15:58:52+00:00","dateModified":"2025-03-02T11:06:21+00:00","breadcrumb":{"@id":"https:\/\/store.mariages.io\/product\/pochette-marron-pour-hommes\/#breadcrumb"},"inLanguage":"ar","potentialAction":[{"@type":"ReadAction","target":["https:\/\/store.mariages.io\/product\/pochette-marron-pour-hommes\/"]}]},{"@type":"ImageObject","inLanguage":"ar","@id":"https:\/\/store.mariages.io\/product\/pochette-marron-pour-hommes\/#primaryimage","url":"https:\/\/store.mariages.io\/wp-content\/uploads\/2024\/02\/Pochette-marron-pour-homme-.png","contentUrl":"https:\/\/store.mariages.io\/wp-content\/uploads\/2024\/02\/Pochette-marron-pour-homme-.png","width":952,"height":1264},{"@type":"BreadcrumbList","@id":"https:\/\/store.mariages.io\/product\/pochette-marron-pour-hommes\/#breadcrumb","itemListElement":[{"@type":"ListItem","position":1,"name":"Home","item":"https:\/\/darkviolet-ram-161551.hostingersite.com\/"},{"@type":"ListItem","position":2,"name":"Shop","item":"https:\/\/store.mariages.io\/shop\/"},{"@type":"ListItem","position":3,"name":"Pochette marron pour hommes"}]},{"@type":"WebSite","@id":"https:\/\/darkviolet-ram-161551.hostingersite.com\/#website","url":"https:\/\/darkviolet-ram-161551.hostingersite.com\/","name":"Mariages.io store","description":"STORE Mariages.IO","potentialAction":[{"@type":"SearchAction","target":{"@type":"EntryPoint","urlTemplate":"https:\/\/darkviolet-ram-161551.hostingersite.com\/?s={search_term_string}"},"query-input":{"@type":"PropertyValueSpecification","valueRequired":true,"valueName":"search_term_string"}}],"inLanguage":"ar"}]}},"_links":{"self":[{"href":"https:\/\/store.mariages.io\/ar\/wp-json\/wp\/v2\/product\/11554","targetHints":{"allow":["GET"]}}],"collection":[{"href":"https:\/\/store.mariages.io\/ar\/wp-json\/wp\/v2\/product"}],"about":[{"href":"https:\/\/store.mariages.io\/ar\/wp-json\/wp\/v2\/types\/product"}],"replies":[{"embeddable":true,"href":"https:\/\/store.mariages.io\/ar\/wp-json\/wp\/v2\/comments?post=11554"}],"version-history":[{"count":1,"href":"https:\/\/store.mariages.io\/ar\/wp-json\/wp\/v2\/product\/11554\/revisions"}],"predecessor-version":[{"id":11561,"href":"https:\/\/store.mariages.io\/ar\/wp-json\/wp\/v2\/product\/11554\/revisions\/11561"}],"wp:featuredmedia":[{"embeddable":true,"href":"https:\/\/store.mariages.io\/ar\/wp-json\/wp\/v2\/media\/11557"}],"wp:attachment":[{"href":"https:\/\/store.mariages.io\/ar\/wp-json\/wp\/v2\/media?parent=11554"}],"wp:term":[{"taxonomy":"product_brand","embeddable":true,"href":"https:\/\/store.mariages.io\/ar\/wp-json\/wp\/v2\/product_brand?post=11554"},{"taxonomy":"product_cat","embeddable":true,"href":"https:\/\/store.mariages.io\/ar\/wp-json\/wp\/v2\/product_cat?post=11554"},{"taxonomy":"product_tag","embeddable":true,"href":"https:\/\/store.mariages.io\/ar\/wp-json\/wp\/v2\/product_tag?post=11554"}],"curies":[{"name":"wp","href":"https:\/\/api.w.org\/{rel}","templated":true}]}}