{"id":11502,"date":"2024-02-26T12:16:18","date_gmt":"2024-02-26T12:16:18","guid":{"rendered":"https:\/\/darkviolet-ram-161551.hostingersite.com\/?post_type=product&#038;p=11502"},"modified":"2025-02-25T17:22:31","modified_gmt":"2025-02-25T17:22:31","slug":"ensemble-de-4-pieces-lingerie-en-dentelle","status":"publish","type":"product","link":"https:\/\/store.mariages.io\/ar\/product\/ensemble-de-4-pieces-lingerie-en-dentelle\/","title":{"rendered":"\u0645\u062c\u0645\u0648\u0639\u0629 \u0645\u0644\u0627\u0628\u0633 \u062f\u0627\u062e\u0644\u064a\u0629 \u062f\u0627\u0646\u062a\u064a\u0644 \u0645\u0643\u0648\u0646\u0629 \u0645\u0646 4 \u0642\u0637\u0639"},"content":{"rendered":"<p>\u0627\u0644\u0644\u0648\u0646: \u0648\u0631\u062f\u064a \u0628\u0627\u0647\u062a<br \/>\n\u0627\u0644\u0646\u0645\u0637: \u0631\u0648\u0645\u0627\u0646\u0633\u064a-\u0631\u0648\u0645\u0627\u0646\u0633\u064a<br \/>\n\u0627\u0644\u0646\u0648\u0639: \u0645\u062c\u0645\u0648\u0639\u0629 \u0645\u062b\u064a\u0631\u0629<br \/>\n\u0646\u0648\u0639 \u0627\u0644\u064a\u0627\u0642\u0629: \u0623\u0634\u0631\u0637\u0629 \u0631\u0641\u064a\u0639\u0629<br \/>\n\u0627\u0644\u062a\u0641\u0627\u0635\u064a\u0644: \u062f\u0627\u0646\u062a\u064a\u0644 \u0645\u062a\u0628\u0627\u064a\u0646\u060c \u0634\u0641\u0627\u0641<br \/>\n\u0639\u062f\u062f \u0627\u0644\u0642\u0637\u0639: \u0645\u062c\u0645\u0648\u0639\u0629 \u0645\u0646 4 \u0642\u0637\u0639<br \/>\n\u0646\u0648\u0639 \u062d\u0645\u0627\u0644\u0629 \u0627\u0644\u0635\u062f\u0631: \u062d\u0645\u0627\u0644\u0627\u062a \u0635\u062f\u0631 \u0646\u0635\u0641 \u0643\u0648\u0628<br \/>\n\u0646\u0648\u0639 \u0627\u0644\u0645\u0644\u0627\u0628\u0633 \u0627\u0644\u062f\u0627\u062e\u0644\u064a\u0629: \u062b\u0648\u0646\u063a<br \/>\n\u0625\u0643\u0633\u0633\u0648\u0627\u0631\u0627\u062a \u0627\u0644\u062c\u0633\u0645 \u0648\u0627\u0644\u0633\u0631\u0627\u0648\u064a\u0644 \u0627\u0644\u0642\u0645\u0627\u0634\/\u0627\u0644\u0645\u0627\u062f\u0629: \u0627\u0644\u062f\u0627\u0646\u062a\u064a\u0644<br \/>\n\u0627\u0644\u0642\u0645\u0627\u0634: \u0645\u062a\u0648\u0633\u0637 \u0627\u0644\u062a\u0645\u062f\u062f<br \/>\n\u062a\u0639\u0644\u064a\u0645\u0627\u062a \u0627\u0644\u0639\u0646\u0627\u064a\u0629: \u063a\u0633\u064a\u0644 \u0622\u0644\u064a \u0623\u0648 \u062a\u0646\u0638\u064a\u0641 \u062c\u0627\u0641 \u0627\u062d\u062a\u0631\u0627\u0641\u064a<br \/>\n\u0634\u0641\u0627\u0641: \u0646\u0639\u0645<br \/>\n\u0627\u0644\u062f\u0639\u0645: \u062f\u0639\u0645 \u0645\u062a\u0648\u0633\u0637<br \/>\n\u0625\u0643\u0633\u0633\u0648\u0627\u0631\u0627\u062a \u0627\u0644\u062c\u0633\u0645 \u0648\u0627\u0644\u0633\u0631\u0627\u0648\u064a\u0644 \u0627\u0644\u062a\u0631\u0643\u064a\u0628: 88% \u0628\u0648\u0644\u064a \u0623\u0645\u064a\u062f\u060c 12% \u0625\u064a\u0644\u0627\u0633\u062a\u0627\u0646<\/p>","protected":false},"excerpt":{"rendered":"<p>Couleur: Rose p\u00e2le Style: Romantique-Romantique Type: Ensemble sexy Type du col: Fines brides D\u00e9tails: Dentelle contrast\u00e9e, Transparent Nombre de pi\u00e8ces:<\/p>","protected":false},"featured_media":11504,"comment_status":"open","ping_status":"closed","template":"","meta":{"_joinchat":[]},"product_brand":[],"product_cat":[73,107],"product_tag":[],"class_list":{"0":"post-11502","1":"product","2":"type-product","3":"status-publish","4":"has-post-thumbnail","6":"product_cat-mode","7":"product_cat-mode-femme","9":"first","10":"instock","11":"shipping-taxable","12":"purchasable","13":"product-type-variable"},"yoast_head":"<!-- This site is optimized with the Yoast SEO plugin v26.7 - https:\/\/yoast.com\/wordpress\/plugins\/seo\/ -->\n<title>Ensemble de 4 pi\u00e8ces Lingerie en dentelle - Mariages.io store<\/title>\n<meta name=\"robots\" content=\"index, follow, max-snippet:-1, max-image-preview:large, max-video-preview:-1\" \/>\n<link rel=\"canonical\" href=\"https:\/\/store.mariages.io\/ar\/product\/ensemble-de-4-pieces-lingerie-en-dentelle\/\" \/>\n<meta property=\"og:locale\" content=\"ar_AR\" \/>\n<meta property=\"og:type\" content=\"article\" \/>\n<meta property=\"og:title\" content=\"Ensemble de 4 pi\u00e8ces Lingerie en dentelle - Mariages.io store\" \/>\n<meta property=\"og:description\" content=\"Couleur: Rose p\u00e2le Style: Romantique-Romantique Type: Ensemble sexy Type du col: Fines brides D\u00e9tails: Dentelle contrast\u00e9e, Transparent Nombre de pi\u00e8ces:\" \/>\n<meta property=\"og:url\" content=\"https:\/\/store.mariages.io\/ar\/product\/ensemble-de-4-pieces-lingerie-en-dentelle\/\" \/>\n<meta property=\"og:site_name\" content=\"Mariages.io store\" \/>\n<meta property=\"article:modified_time\" content=\"2025-02-25T17:22:31+00:00\" \/>\n<meta property=\"og:image\" content=\"https:\/\/store.mariages.io\/wp-content\/uploads\/2024\/02\/lingerie-en-dentelle-a-armature-jarretiere-en-rose-771x1024.png\" \/>\n\t<meta property=\"og:image:width\" content=\"771\" \/>\n\t<meta property=\"og:image:height\" content=\"1024\" \/>\n\t<meta property=\"og:image:type\" content=\"image\/png\" \/>\n<meta name=\"twitter:card\" content=\"summary_large_image\" \/>\n<meta name=\"twitter:label1\" content=\"\u0648\u0642\u062a \u0627\u0644\u0642\u0631\u0627\u0621\u0629 \u0627\u0644\u0645\u064f\u0642\u062f\u0651\u0631\" \/>\n\t<meta name=\"twitter:data1\" content=\"\u062f\u0642\u064a\u0642\u0629 \u0648\u0627\u062d\u062f\u0629\" \/>\n<script type=\"application\/ld+json\" class=\"yoast-schema-graph\">{\"@context\":\"https:\/\/schema.org\",\"@graph\":[{\"@type\":\"WebPage\",\"@id\":\"https:\/\/store.mariages.io\/product\/ensemble-de-4-pieces-lingerie-en-dentelle\/\",\"url\":\"https:\/\/store.mariages.io\/product\/ensemble-de-4-pieces-lingerie-en-dentelle\/\",\"name\":\"Ensemble de 4 pi\u00e8ces Lingerie en dentelle - Mariages.io store\",\"isPartOf\":{\"@id\":\"https:\/\/darkviolet-ram-161551.hostingersite.com\/#website\"},\"primaryImageOfPage\":{\"@id\":\"https:\/\/store.mariages.io\/product\/ensemble-de-4-pieces-lingerie-en-dentelle\/#primaryimage\"},\"image\":{\"@id\":\"https:\/\/store.mariages.io\/product\/ensemble-de-4-pieces-lingerie-en-dentelle\/#primaryimage\"},\"thumbnailUrl\":\"https:\/\/store.mariages.io\/wp-content\/uploads\/2024\/02\/lingerie-en-dentelle-a-armature-jarretiere-en-rose.png\",\"datePublished\":\"2024-02-26T12:16:18+00:00\",\"dateModified\":\"2025-02-25T17:22:31+00:00\",\"breadcrumb\":{\"@id\":\"https:\/\/store.mariages.io\/product\/ensemble-de-4-pieces-lingerie-en-dentelle\/#breadcrumb\"},\"inLanguage\":\"ar\",\"potentialAction\":[{\"@type\":\"ReadAction\",\"target\":[\"https:\/\/store.mariages.io\/product\/ensemble-de-4-pieces-lingerie-en-dentelle\/\"]}]},{\"@type\":\"ImageObject\",\"inLanguage\":\"ar\",\"@id\":\"https:\/\/store.mariages.io\/product\/ensemble-de-4-pieces-lingerie-en-dentelle\/#primaryimage\",\"url\":\"https:\/\/store.mariages.io\/wp-content\/uploads\/2024\/02\/lingerie-en-dentelle-a-armature-jarretiere-en-rose.png\",\"contentUrl\":\"https:\/\/store.mariages.io\/wp-content\/uploads\/2024\/02\/lingerie-en-dentelle-a-armature-jarretiere-en-rose.png\",\"width\":952,\"height\":1264},{\"@type\":\"BreadcrumbList\",\"@id\":\"https:\/\/store.mariages.io\/product\/ensemble-de-4-pieces-lingerie-en-dentelle\/#breadcrumb\",\"itemListElement\":[{\"@type\":\"ListItem\",\"position\":1,\"name\":\"Home\",\"item\":\"https:\/\/darkviolet-ram-161551.hostingersite.com\/\"},{\"@type\":\"ListItem\",\"position\":2,\"name\":\"Shop\",\"item\":\"https:\/\/store.mariages.io\/shop\/\"},{\"@type\":\"ListItem\",\"position\":3,\"name\":\"Ensemble de 4 pi\u00e8ces Lingerie en dentelle\"}]},{\"@type\":\"WebSite\",\"@id\":\"https:\/\/darkviolet-ram-161551.hostingersite.com\/#website\",\"url\":\"https:\/\/darkviolet-ram-161551.hostingersite.com\/\",\"name\":\"Mariages.io store\",\"description\":\"STORE Mariages.IO\",\"potentialAction\":[{\"@type\":\"SearchAction\",\"target\":{\"@type\":\"EntryPoint\",\"urlTemplate\":\"https:\/\/darkviolet-ram-161551.hostingersite.com\/?s={search_term_string}\"},\"query-input\":{\"@type\":\"PropertyValueSpecification\",\"valueRequired\":true,\"valueName\":\"search_term_string\"}}],\"inLanguage\":\"ar\"}]}<\/script>\n<!-- \/ Yoast SEO plugin. -->","yoast_head_json":{"title":"Ensemble de 4 pi\u00e8ces Lingerie en dentelle - Mariages.io store","robots":{"index":"index","follow":"follow","max-snippet":"max-snippet:-1","max-image-preview":"max-image-preview:large","max-video-preview":"max-video-preview:-1"},"canonical":"https:\/\/store.mariages.io\/ar\/product\/ensemble-de-4-pieces-lingerie-en-dentelle\/","og_locale":"ar_AR","og_type":"article","og_title":"Ensemble de 4 pi\u00e8ces Lingerie en dentelle - Mariages.io store","og_description":"Couleur: Rose p\u00e2le Style: Romantique-Romantique Type: Ensemble sexy Type du col: Fines brides D\u00e9tails: Dentelle contrast\u00e9e, Transparent Nombre de pi\u00e8ces:","og_url":"https:\/\/store.mariages.io\/ar\/product\/ensemble-de-4-pieces-lingerie-en-dentelle\/","og_site_name":"Mariages.io store","article_modified_time":"2025-02-25T17:22:31+00:00","og_image":[{"width":771,"height":1024,"url":"https:\/\/store.mariages.io\/wp-content\/uploads\/2024\/02\/lingerie-en-dentelle-a-armature-jarretiere-en-rose-771x1024.png","type":"image\/png"}],"twitter_card":"summary_large_image","twitter_misc":{"\u0648\u0642\u062a \u0627\u0644\u0642\u0631\u0627\u0621\u0629 \u0627\u0644\u0645\u064f\u0642\u062f\u0651\u0631":"\u062f\u0642\u064a\u0642\u0629 \u0648\u0627\u062d\u062f\u0629"},"schema":{"@context":"https:\/\/schema.org","@graph":[{"@type":"WebPage","@id":"https:\/\/store.mariages.io\/product\/ensemble-de-4-pieces-lingerie-en-dentelle\/","url":"https:\/\/store.mariages.io\/product\/ensemble-de-4-pieces-lingerie-en-dentelle\/","name":"Ensemble de 4 pi\u00e8ces Lingerie en dentelle - Mariages.io store","isPartOf":{"@id":"https:\/\/darkviolet-ram-161551.hostingersite.com\/#website"},"primaryImageOfPage":{"@id":"https:\/\/store.mariages.io\/product\/ensemble-de-4-pieces-lingerie-en-dentelle\/#primaryimage"},"image":{"@id":"https:\/\/store.mariages.io\/product\/ensemble-de-4-pieces-lingerie-en-dentelle\/#primaryimage"},"thumbnailUrl":"https:\/\/store.mariages.io\/wp-content\/uploads\/2024\/02\/lingerie-en-dentelle-a-armature-jarretiere-en-rose.png","datePublished":"2024-02-26T12:16:18+00:00","dateModified":"2025-02-25T17:22:31+00:00","breadcrumb":{"@id":"https:\/\/store.mariages.io\/product\/ensemble-de-4-pieces-lingerie-en-dentelle\/#breadcrumb"},"inLanguage":"ar","potentialAction":[{"@type":"ReadAction","target":["https:\/\/store.mariages.io\/product\/ensemble-de-4-pieces-lingerie-en-dentelle\/"]}]},{"@type":"ImageObject","inLanguage":"ar","@id":"https:\/\/store.mariages.io\/product\/ensemble-de-4-pieces-lingerie-en-dentelle\/#primaryimage","url":"https:\/\/store.mariages.io\/wp-content\/uploads\/2024\/02\/lingerie-en-dentelle-a-armature-jarretiere-en-rose.png","contentUrl":"https:\/\/store.mariages.io\/wp-content\/uploads\/2024\/02\/lingerie-en-dentelle-a-armature-jarretiere-en-rose.png","width":952,"height":1264},{"@type":"BreadcrumbList","@id":"https:\/\/store.mariages.io\/product\/ensemble-de-4-pieces-lingerie-en-dentelle\/#breadcrumb","itemListElement":[{"@type":"ListItem","position":1,"name":"Home","item":"https:\/\/darkviolet-ram-161551.hostingersite.com\/"},{"@type":"ListItem","position":2,"name":"Shop","item":"https:\/\/store.mariages.io\/shop\/"},{"@type":"ListItem","position":3,"name":"Ensemble de 4 pi\u00e8ces Lingerie en dentelle"}]},{"@type":"WebSite","@id":"https:\/\/darkviolet-ram-161551.hostingersite.com\/#website","url":"https:\/\/darkviolet-ram-161551.hostingersite.com\/","name":"Mariages.io store","description":"STORE Mariages.IO","potentialAction":[{"@type":"SearchAction","target":{"@type":"EntryPoint","urlTemplate":"https:\/\/darkviolet-ram-161551.hostingersite.com\/?s={search_term_string}"},"query-input":{"@type":"PropertyValueSpecification","valueRequired":true,"valueName":"search_term_string"}}],"inLanguage":"ar"}]}},"_links":{"self":[{"href":"https:\/\/store.mariages.io\/ar\/wp-json\/wp\/v2\/product\/11502","targetHints":{"allow":["GET"]}}],"collection":[{"href":"https:\/\/store.mariages.io\/ar\/wp-json\/wp\/v2\/product"}],"about":[{"href":"https:\/\/store.mariages.io\/ar\/wp-json\/wp\/v2\/types\/product"}],"replies":[{"embeddable":true,"href":"https:\/\/store.mariages.io\/ar\/wp-json\/wp\/v2\/comments?post=11502"}],"version-history":[{"count":2,"href":"https:\/\/store.mariages.io\/ar\/wp-json\/wp\/v2\/product\/11502\/revisions"}],"predecessor-version":[{"id":12328,"href":"https:\/\/store.mariages.io\/ar\/wp-json\/wp\/v2\/product\/11502\/revisions\/12328"}],"wp:featuredmedia":[{"embeddable":true,"href":"https:\/\/store.mariages.io\/ar\/wp-json\/wp\/v2\/media\/11504"}],"wp:attachment":[{"href":"https:\/\/store.mariages.io\/ar\/wp-json\/wp\/v2\/media?parent=11502"}],"wp:term":[{"taxonomy":"product_brand","embeddable":true,"href":"https:\/\/store.mariages.io\/ar\/wp-json\/wp\/v2\/product_brand?post=11502"},{"taxonomy":"product_cat","embeddable":true,"href":"https:\/\/store.mariages.io\/ar\/wp-json\/wp\/v2\/product_cat?post=11502"},{"taxonomy":"product_tag","embeddable":true,"href":"https:\/\/store.mariages.io\/ar\/wp-json\/wp\/v2\/product_tag?post=11502"}],"curies":[{"name":"wp","href":"https:\/\/api.w.org\/{rel}","templated":true}]}}