{"id":11410,"date":"2024-01-18T20:07:09","date_gmt":"2024-01-18T20:07:09","guid":{"rendered":"https:\/\/darkviolet-ram-161551.hostingersite.com\/?post_type=product&#038;p=11410"},"modified":"2025-03-02T12:09:01","modified_gmt":"2025-03-02T12:09:01","slug":"coffret-5-pieces-a-noeud-set-avec-pince-a-cravate-boutons-de-manchette-et-pochette-de-costume","status":"publish","type":"product","link":"https:\/\/store.mariages.io\/ar\/product\/coffret-5-pieces-a-noeud-set-avec-pince-a-cravate-boutons-de-manchette-et-pochette-de-costume\/","title":{"rendered":"\u0637\u0642\u0645 \u0631\u0628\u0637\u0629 \u0639\u0646\u0642 \u0639\u0644\u0649 \u0634\u0643\u0644 \u0641\u0631\u0627\u0634\u0629 \u0645\u0646 5 \u0642\u0637\u0639\u060c \u0645\u0639 \u0645\u0634\u0628\u0643 \u0631\u0628\u0637\u0629 \u0639\u0646\u0642\u060c \u0648\u0623\u0632\u0631\u0627\u0631 \u0623\u0643\u0645\u0627\u0645\u060c \u0648\u0645\u0646\u062f\u064a\u0644 \u062c\u064a\u0628"},"content":{"rendered":"<p>Couleur: Noir<br \/>\n\u0627\u0644\u0642\u0645\u0627\u0634\/\u0627\u0644\u0645\u0627\u062f\u0629: \u0628\u0648\u0644\u064a\u0633\u062a\u0631<br \/>\nComposition: 60% Polyester, 40% \u00c9lasthanne<\/p>","protected":false},"excerpt":{"rendered":"<p>\u0637\u0642\u0645 \u0631\u0628\u0637\u0629 \u0639\u0646\u0642 \u0639\u0644\u0649 \u0634\u0643\u0644 \u0641\u0631\u0627\u0634\u0629 \u0644\u0644\u0631\u062c\u0627\u0644 \u0645\u0643\u0648\u0646 \u0645\u0646 5 \u0642\u0637\u0639\u060c \u0631\u0628\u0637\u0629 \u0639\u0646\u0642 \u0628\u0639\u0631\u0636 8 \u0633\u0645 \u0645\u0639 \u0645\u0634\u0628\u0643 \u0631\u0628\u0637\u0629 \u0639\u0646\u0642 \u0648\u0623\u0632\u0631\u0627\u0631 \u0623\u0643\u0645\u0627\u0645 \u0648\u0645\u0646\u062f\u064a\u0644 \u062c\u064a\u0628<\/p>","protected":false},"featured_media":11411,"comment_status":"open","ping_status":"closed","template":"","meta":{"_joinchat":[]},"product_brand":[],"product_cat":[73,74],"product_tag":[],"class_list":{"0":"post-11410","1":"product","2":"type-product","3":"status-publish","4":"has-post-thumbnail","6":"product_cat-mode","7":"product_cat-mode-homme","9":"first","10":"instock","11":"shipping-taxable","12":"purchasable","13":"product-type-simple"},"yoast_head":"<!-- This site is optimized with the Yoast SEO plugin v26.7 - https:\/\/yoast.com\/wordpress\/plugins\/seo\/ -->\n<title>Coffret 5 pi\u00e8ces \u00c0 N\u0153ud Set , Avec Pince \u00c0 Cravate , Boutons De Manchette Et Pochette De Costume - Mariages.io store<\/title>\n<meta name=\"robots\" content=\"index, follow, max-snippet:-1, max-image-preview:large, max-video-preview:-1\" \/>\n<link rel=\"canonical\" href=\"https:\/\/store.mariages.io\/ar\/product\/coffret-5-pieces-a-noeud-set-avec-pince-a-cravate-boutons-de-manchette-et-pochette-de-costume\/\" \/>\n<meta property=\"og:locale\" content=\"ar_AR\" \/>\n<meta property=\"og:type\" content=\"article\" \/>\n<meta property=\"og:title\" content=\"Coffret 5 pi\u00e8ces \u00c0 N\u0153ud Set , Avec Pince \u00c0 Cravate , Boutons De Manchette Et Pochette De Costume - Mariages.io store\" \/>\n<meta property=\"og:description\" content=\"Pour Homme 5 pi\u00e8ces \u00c0 N\u0153ud Set , 8cm Ample Cravate Avec Pince \u00c0 Cravate , Boutons De Manchette Et Pochette De Costume\" \/>\n<meta property=\"og:url\" content=\"https:\/\/store.mariages.io\/ar\/product\/coffret-5-pieces-a-noeud-set-avec-pince-a-cravate-boutons-de-manchette-et-pochette-de-costume\/\" \/>\n<meta property=\"og:site_name\" content=\"Mariages.io store\" \/>\n<meta property=\"article:modified_time\" content=\"2025-03-02T12:09:01+00:00\" \/>\n<meta property=\"og:image\" content=\"https:\/\/store.mariages.io\/wp-content\/uploads\/2024\/01\/Capture-decran-2024-01-18-a-21.05.27.png\" \/>\n\t<meta property=\"og:image:width\" content=\"649\" \/>\n\t<meta property=\"og:image:height\" content=\"864\" \/>\n\t<meta property=\"og:image:type\" content=\"image\/png\" \/>\n<meta name=\"twitter:card\" content=\"summary_large_image\" \/>\n<meta name=\"twitter:label1\" content=\"\u0648\u0642\u062a \u0627\u0644\u0642\u0631\u0627\u0621\u0629 \u0627\u0644\u0645\u064f\u0642\u062f\u0651\u0631\" \/>\n\t<meta name=\"twitter:data1\" content=\"\u062f\u0642\u064a\u0642\u0629 \u0648\u0627\u062d\u062f\u0629\" \/>\n<script type=\"application\/ld+json\" class=\"yoast-schema-graph\">{\"@context\":\"https:\/\/schema.org\",\"@graph\":[{\"@type\":\"WebPage\",\"@id\":\"https:\/\/store.mariages.io\/product\/coffret-5-pieces-a-noeud-set-avec-pince-a-cravate-boutons-de-manchette-et-pochette-de-costume\/\",\"url\":\"https:\/\/store.mariages.io\/product\/coffret-5-pieces-a-noeud-set-avec-pince-a-cravate-boutons-de-manchette-et-pochette-de-costume\/\",\"name\":\"Coffret 5 pi\u00e8ces \u00c0 N\u0153ud Set , Avec Pince \u00c0 Cravate , Boutons De Manchette Et Pochette De Costume - Mariages.io store\",\"isPartOf\":{\"@id\":\"https:\/\/darkviolet-ram-161551.hostingersite.com\/#website\"},\"primaryImageOfPage\":{\"@id\":\"https:\/\/store.mariages.io\/product\/coffret-5-pieces-a-noeud-set-avec-pince-a-cravate-boutons-de-manchette-et-pochette-de-costume\/#primaryimage\"},\"image\":{\"@id\":\"https:\/\/store.mariages.io\/product\/coffret-5-pieces-a-noeud-set-avec-pince-a-cravate-boutons-de-manchette-et-pochette-de-costume\/#primaryimage\"},\"thumbnailUrl\":\"https:\/\/store.mariages.io\/wp-content\/uploads\/2024\/01\/Capture-decran-2024-01-18-a-21.05.27.png\",\"datePublished\":\"2024-01-18T20:07:09+00:00\",\"dateModified\":\"2025-03-02T12:09:01+00:00\",\"breadcrumb\":{\"@id\":\"https:\/\/store.mariages.io\/product\/coffret-5-pieces-a-noeud-set-avec-pince-a-cravate-boutons-de-manchette-et-pochette-de-costume\/#breadcrumb\"},\"inLanguage\":\"ar\",\"potentialAction\":[{\"@type\":\"ReadAction\",\"target\":[\"https:\/\/store.mariages.io\/product\/coffret-5-pieces-a-noeud-set-avec-pince-a-cravate-boutons-de-manchette-et-pochette-de-costume\/\"]}]},{\"@type\":\"ImageObject\",\"inLanguage\":\"ar\",\"@id\":\"https:\/\/store.mariages.io\/product\/coffret-5-pieces-a-noeud-set-avec-pince-a-cravate-boutons-de-manchette-et-pochette-de-costume\/#primaryimage\",\"url\":\"https:\/\/store.mariages.io\/wp-content\/uploads\/2024\/01\/Capture-decran-2024-01-18-a-21.05.27.png\",\"contentUrl\":\"https:\/\/store.mariages.io\/wp-content\/uploads\/2024\/01\/Capture-decran-2024-01-18-a-21.05.27.png\",\"width\":649,\"height\":864},{\"@type\":\"BreadcrumbList\",\"@id\":\"https:\/\/store.mariages.io\/product\/coffret-5-pieces-a-noeud-set-avec-pince-a-cravate-boutons-de-manchette-et-pochette-de-costume\/#breadcrumb\",\"itemListElement\":[{\"@type\":\"ListItem\",\"position\":1,\"name\":\"Home\",\"item\":\"https:\/\/darkviolet-ram-161551.hostingersite.com\/\"},{\"@type\":\"ListItem\",\"position\":2,\"name\":\"Shop\",\"item\":\"https:\/\/store.mariages.io\/shop\/\"},{\"@type\":\"ListItem\",\"position\":3,\"name\":\"Coffret 5 pi\u00e8ces \u00c0 N\u0153ud Set , Avec Pince \u00c0 Cravate , Boutons De Manchette Et Pochette De Costume\"}]},{\"@type\":\"WebSite\",\"@id\":\"https:\/\/darkviolet-ram-161551.hostingersite.com\/#website\",\"url\":\"https:\/\/darkviolet-ram-161551.hostingersite.com\/\",\"name\":\"Mariages.io store\",\"description\":\"STORE Mariages.IO\",\"potentialAction\":[{\"@type\":\"SearchAction\",\"target\":{\"@type\":\"EntryPoint\",\"urlTemplate\":\"https:\/\/darkviolet-ram-161551.hostingersite.com\/?s={search_term_string}\"},\"query-input\":{\"@type\":\"PropertyValueSpecification\",\"valueRequired\":true,\"valueName\":\"search_term_string\"}}],\"inLanguage\":\"ar\"}]}<\/script>\n<!-- \/ Yoast SEO plugin. -->","yoast_head_json":{"title":"Coffret 5 pi\u00e8ces \u00c0 N\u0153ud Set , Avec Pince \u00c0 Cravate , Boutons De Manchette Et Pochette De Costume - Mariages.io store","robots":{"index":"index","follow":"follow","max-snippet":"max-snippet:-1","max-image-preview":"max-image-preview:large","max-video-preview":"max-video-preview:-1"},"canonical":"https:\/\/store.mariages.io\/ar\/product\/coffret-5-pieces-a-noeud-set-avec-pince-a-cravate-boutons-de-manchette-et-pochette-de-costume\/","og_locale":"ar_AR","og_type":"article","og_title":"Coffret 5 pi\u00e8ces \u00c0 N\u0153ud Set , Avec Pince \u00c0 Cravate , Boutons De Manchette Et Pochette De Costume - Mariages.io store","og_description":"Pour Homme 5 pi\u00e8ces \u00c0 N\u0153ud Set , 8cm Ample Cravate Avec Pince \u00c0 Cravate , Boutons De Manchette Et Pochette De Costume","og_url":"https:\/\/store.mariages.io\/ar\/product\/coffret-5-pieces-a-noeud-set-avec-pince-a-cravate-boutons-de-manchette-et-pochette-de-costume\/","og_site_name":"Mariages.io store","article_modified_time":"2025-03-02T12:09:01+00:00","og_image":[{"width":649,"height":864,"url":"https:\/\/store.mariages.io\/wp-content\/uploads\/2024\/01\/Capture-decran-2024-01-18-a-21.05.27.png","type":"image\/png"}],"twitter_card":"summary_large_image","twitter_misc":{"\u0648\u0642\u062a \u0627\u0644\u0642\u0631\u0627\u0621\u0629 \u0627\u0644\u0645\u064f\u0642\u062f\u0651\u0631":"\u062f\u0642\u064a\u0642\u0629 \u0648\u0627\u062d\u062f\u0629"},"schema":{"@context":"https:\/\/schema.org","@graph":[{"@type":"WebPage","@id":"https:\/\/store.mariages.io\/product\/coffret-5-pieces-a-noeud-set-avec-pince-a-cravate-boutons-de-manchette-et-pochette-de-costume\/","url":"https:\/\/store.mariages.io\/product\/coffret-5-pieces-a-noeud-set-avec-pince-a-cravate-boutons-de-manchette-et-pochette-de-costume\/","name":"Coffret 5 pi\u00e8ces \u00c0 N\u0153ud Set , Avec Pince \u00c0 Cravate , Boutons De Manchette Et Pochette De Costume - Mariages.io store","isPartOf":{"@id":"https:\/\/darkviolet-ram-161551.hostingersite.com\/#website"},"primaryImageOfPage":{"@id":"https:\/\/store.mariages.io\/product\/coffret-5-pieces-a-noeud-set-avec-pince-a-cravate-boutons-de-manchette-et-pochette-de-costume\/#primaryimage"},"image":{"@id":"https:\/\/store.mariages.io\/product\/coffret-5-pieces-a-noeud-set-avec-pince-a-cravate-boutons-de-manchette-et-pochette-de-costume\/#primaryimage"},"thumbnailUrl":"https:\/\/store.mariages.io\/wp-content\/uploads\/2024\/01\/Capture-decran-2024-01-18-a-21.05.27.png","datePublished":"2024-01-18T20:07:09+00:00","dateModified":"2025-03-02T12:09:01+00:00","breadcrumb":{"@id":"https:\/\/store.mariages.io\/product\/coffret-5-pieces-a-noeud-set-avec-pince-a-cravate-boutons-de-manchette-et-pochette-de-costume\/#breadcrumb"},"inLanguage":"ar","potentialAction":[{"@type":"ReadAction","target":["https:\/\/store.mariages.io\/product\/coffret-5-pieces-a-noeud-set-avec-pince-a-cravate-boutons-de-manchette-et-pochette-de-costume\/"]}]},{"@type":"ImageObject","inLanguage":"ar","@id":"https:\/\/store.mariages.io\/product\/coffret-5-pieces-a-noeud-set-avec-pince-a-cravate-boutons-de-manchette-et-pochette-de-costume\/#primaryimage","url":"https:\/\/store.mariages.io\/wp-content\/uploads\/2024\/01\/Capture-decran-2024-01-18-a-21.05.27.png","contentUrl":"https:\/\/store.mariages.io\/wp-content\/uploads\/2024\/01\/Capture-decran-2024-01-18-a-21.05.27.png","width":649,"height":864},{"@type":"BreadcrumbList","@id":"https:\/\/store.mariages.io\/product\/coffret-5-pieces-a-noeud-set-avec-pince-a-cravate-boutons-de-manchette-et-pochette-de-costume\/#breadcrumb","itemListElement":[{"@type":"ListItem","position":1,"name":"Home","item":"https:\/\/darkviolet-ram-161551.hostingersite.com\/"},{"@type":"ListItem","position":2,"name":"Shop","item":"https:\/\/store.mariages.io\/shop\/"},{"@type":"ListItem","position":3,"name":"Coffret 5 pi\u00e8ces \u00c0 N\u0153ud Set , Avec Pince \u00c0 Cravate , Boutons De Manchette Et Pochette De Costume"}]},{"@type":"WebSite","@id":"https:\/\/darkviolet-ram-161551.hostingersite.com\/#website","url":"https:\/\/darkviolet-ram-161551.hostingersite.com\/","name":"Mariages.io store","description":"STORE Mariages.IO","potentialAction":[{"@type":"SearchAction","target":{"@type":"EntryPoint","urlTemplate":"https:\/\/darkviolet-ram-161551.hostingersite.com\/?s={search_term_string}"},"query-input":{"@type":"PropertyValueSpecification","valueRequired":true,"valueName":"search_term_string"}}],"inLanguage":"ar"}]}},"_links":{"self":[{"href":"https:\/\/store.mariages.io\/ar\/wp-json\/wp\/v2\/product\/11410","targetHints":{"allow":["GET"]}}],"collection":[{"href":"https:\/\/store.mariages.io\/ar\/wp-json\/wp\/v2\/product"}],"about":[{"href":"https:\/\/store.mariages.io\/ar\/wp-json\/wp\/v2\/types\/product"}],"replies":[{"embeddable":true,"href":"https:\/\/store.mariages.io\/ar\/wp-json\/wp\/v2\/comments?post=11410"}],"version-history":[{"count":1,"href":"https:\/\/store.mariages.io\/ar\/wp-json\/wp\/v2\/product\/11410\/revisions"}],"predecessor-version":[{"id":11415,"href":"https:\/\/store.mariages.io\/ar\/wp-json\/wp\/v2\/product\/11410\/revisions\/11415"}],"wp:featuredmedia":[{"embeddable":true,"href":"https:\/\/store.mariages.io\/ar\/wp-json\/wp\/v2\/media\/11411"}],"wp:attachment":[{"href":"https:\/\/store.mariages.io\/ar\/wp-json\/wp\/v2\/media?parent=11410"}],"wp:term":[{"taxonomy":"product_brand","embeddable":true,"href":"https:\/\/store.mariages.io\/ar\/wp-json\/wp\/v2\/product_brand?post=11410"},{"taxonomy":"product_cat","embeddable":true,"href":"https:\/\/store.mariages.io\/ar\/wp-json\/wp\/v2\/product_cat?post=11410"},{"taxonomy":"product_tag","embeddable":true,"href":"https:\/\/store.mariages.io\/ar\/wp-json\/wp\/v2\/product_tag?post=11410"}],"curies":[{"name":"wp","href":"https:\/\/api.w.org\/{rel}","templated":true}]}}