{"id":11390,"date":"2024-01-18T10:24:36","date_gmt":"2024-01-18T10:24:36","guid":{"rendered":"https:\/\/darkviolet-ram-161551.hostingersite.com\/?post_type=product&#038;p=11390"},"modified":"2025-03-02T12:06:06","modified_gmt":"2025-03-02T12:06:06","slug":"coffret-botanika-13","status":"publish","type":"product","link":"https:\/\/store.mariages.io\/ar\/product\/coffret-botanika-13\/","title":{"rendered":"\u0645\u062c\u0645\u0648\u0639\u0629 \u0628\u0648\u062a\u0627\u0646\u064a\u0643\u0627 \u0627\u0644\u0623\u0643\u062b\u0631 \u0645\u0628\u064a\u0639\u064b\u0627"},"content":{"rendered":"<p>\u0632\u064a\u062a \u0645\u0636\u0627\u062f \u0644\u062a\u0633\u0627\u0642\u0637 \u0627\u0644\u0634\u0639\u0631<br \/>\n\u0632\u064a\u062a \u0645\u0636\u0627\u062f \u0644\u062a\u0633\u0627\u0642\u0637 \u0627\u0644\u0634\u0639\u0631\u060c \u0645\u0635\u0646\u0648\u0639 \u0645\u0646 \u0632\u064a\u062a \u0645\u0646\u0642\u0648\u0639 \u0627\u0644\u062d\u0644\u0628\u0629 \u0648\u0632\u064a\u0648\u062a \u0639\u0637\u0631\u064a\u0629 \u0645\u0646 \u0627\u0644\u0642\u0631\u0646\u0641\u0644 \u0648\u0627\u0644\u0632\u0639\u062a\u0631 \u0648\u0625\u0643\u0644\u064a\u0644 \u0627\u0644\u062c\u0628\u0644 \u0648\u0627\u0644\u062e\u0632\u0627\u0645\u0649\u060c \u064a\u064f\u0639\u0632\u0632 \u0646\u0645\u0648 \u0627\u0644\u0634\u0639\u0631 \u0648\u064a\u0645\u0646\u0639 \u062a\u0633\u0627\u0642\u0637\u0647 \u0648\u064a\u064f\u0628\u0637\u0626\u0647. \u064a\u064f\u063a\u0630\u064a \u0632\u064a\u062a\u0646\u0627 \u0627\u0644\u0634\u0639\u0631 \u0648\u064a\u064f\u0633\u0627\u0639\u062f \u0639\u0644\u0649 \u0627\u0644\u062d\u0635\u0648\u0644 \u0639\u0644\u0649 \u0634\u0639\u0631 \u0644\u0627\u0645\u0639 \u0648\u0635\u062d\u064a.<\/p>\n<p>\u0632\u064a\u062a \u0627\u0644\u0623\u0631\u063a\u0627\u0646<br \/>\n\u0632\u064a\u062a \u0627\u0644\u0623\u0631\u063a\u0627\u0646 \u0625\u0644\u064a\u0643\u0633\u064a\u0631 \u0645\u0646 \u0645\u062c\u0645\u0648\u0639\u0629 \u0628\u0648\u062a\u0627\u0646\u064a\u0643\u0627 \u0645\u0631\u0627\u0643\u0634\u060c \u063a\u0646\u064a \u0628\u0641\u064a\u062a\u0627\u0645\u064a\u0646 \u0647\u0640 \u0648\u0627\u0644\u0623\u062d\u0645\u0627\u0636 \u0627\u0644\u062f\u0647\u0646\u064a\u0629\u060c \u0648\u0647\u0648 \u0632\u064a\u062a \u0623\u0631\u063a\u0627\u0646 \u0646\u0642\u064a 100% \u062b\u0645\u064a\u0646\u060c \u0645\u0646\u0627\u0633\u0628 \u0644\u0644\u0639\u0646\u0627\u064a\u0629 \u0627\u0644\u0645\u0631\u0643\u0632\u0629 \u0628\u0627\u0644\u0648\u062c\u0647 \u0648\u0627\u0644\u062c\u0633\u0645 \u0648\u0627\u0644\u0634\u0639\u0631. \u0647\u0630\u0627 \u0627\u0644\u0632\u064a\u062a \u0627\u0644\u0641\u0627\u062e\u0631 \u0645\u0636\u0627\u062f \u0623\u0643\u0633\u062f\u0629 \u0642\u0648\u064a \u0648\u0645\u064f\u0643\u0627\u0641\u062d \u0644\u0644\u062c\u0630\u0648\u0631 \u0627\u0644\u062d\u0631\u0629\u060c \u0633\u0647\u0644 \u0627\u0644\u0627\u0645\u062a\u0635\u0627\u0635\u060c \u0648\u064a\u0648\u0641\u0631 \u062a\u0631\u0637\u064a\u0628\u064b\u0627 \u0645\u0643\u062b\u0641\u064b\u0627 \u0645\u0646 \u0627\u0644\u0631\u0623\u0633 \u0625\u0644\u0649 \u0627\u0644\u0642\u062f\u0645\u064a\u0646\u060c \u0645\u062b\u0627\u0644\u064a \u0644\u0644\u0627\u0633\u062a\u062e\u062f\u0627\u0645 \u0627\u0644\u064a\u0648\u0645\u064a.<\/p>\n<p>\u0642\u0646\u0627\u0639 \u0627\u0644\u0648\u062c\u0647 \u0627\u0644\u0630\u064a \u064a\u064f\u062a\u0631\u0643 \u0639\u0644\u0649 \u0627\u0644\u0648\u062c\u0647<br \/>\n\u064a\u062c\u0645\u0639 \u0642\u0646\u0627\u0639 \u0627\u0644\u0648\u062c\u0647 \u0628\u0648\u062a\u0627\u0646\u064a\u0643\u0627 \u0645\u0631\u0627\u0643\u0634\u060c \u0627\u0644\u0630\u064a \u064a\u064f\u062a\u0631\u0643 \u0639\u0644\u0649 \u0627\u0644\u0628\u0634\u0631\u0629\u060c \u0628\u064a\u0646 \u0641\u0648\u0627\u0626\u062f \u0627\u0644\u0628\u0627\u0628\u0648\u0646\u062c \u0648\u0627\u0644\u0622\u0630\u0631\u064a\u0648\u0646 \u0648\u062e\u0644\u0627\u0635\u0629 \u0623\u0648\u0631\u0627\u0642 \u0627\u0644\u0623\u0631\u063a\u0627\u0646 \u0627\u0644\u0645\u062a\u0639\u062f\u062f\u0629\u060c \u0644\u064a\u0645\u0646\u062d\u0643\u0650 \u062a\u0623\u062b\u064a\u0631\u064b\u0627 \u0645\u0631\u0637\u0628\u064b\u0627 \u064a\u064f\u0639\u064a\u062f \u062a\u0648\u0627\u0632\u0646 \u062a\u062f\u0641\u0642 \u0627\u0644\u0645\u0627\u0621 \u0641\u064a \u0627\u0644\u0628\u0634\u0631\u0629. \u0633\u062a\u0634\u0639\u0631\u064a\u0646 \u0628\u062a\u0631\u0637\u064a\u0628 \u0648\u0646\u0636\u0627\u0631\u0629 \u0628\u0634\u0631\u062a\u0643\u0650\u060c \u0643\u0645\u0627 \u0633\u062a\u0644\u0627\u062d\u0638\u064a\u0646 \u0627\u0646\u062e\u0641\u0627\u0636\u064b\u0627 \u0641\u064a \u0639\u0644\u0627\u0645\u0627\u062a \u0627\u0644\u062a\u0639\u0628.<\/p>\n<p>\u062c\u0644 \u0627\u0644\u0627\u0633\u062a\u062d\u0645\u0627\u0645 \u0628\u0627\u0644\u0646\u064a\u0631\u0648\u0644\u064a<br \/>\n\u062c\u0644 \u0627\u0633\u062a\u062d\u0645\u0627\u0645 \u0628\u0631\u0627\u0626\u062d\u0629 \u0627\u0644\u0646\u064a\u0631\u0648\u0644\u064a \u0645\u0646 \u0645\u062c\u0645\u0648\u0639\u0629 \u0628\u0648\u062a\u0627\u0646\u064a\u0643\u0627 \u0645\u0631\u0627\u0643\u0634\u060c \u0645\u0635\u0646\u0648\u0639 \u0645\u0646 \u062e\u0644\u0627\u0635\u0629 \u0623\u0648\u0631\u0627\u0642 \u0627\u0644\u0623\u0631\u063a\u0627\u0646 \u0648\u0627\u0644\u0622\u0630\u0631\u064a\u0648\u0646\u060c \u0644\u064a\u062d\u0648\u0651\u0644 \u0627\u0633\u062a\u062d\u0645\u0627\u0645\u0643 \u0625\u0644\u0649 \u0644\u062d\u0638\u0629 \u0627\u0633\u062a\u0631\u062e\u0627\u0621 \u0648\u0631\u0627\u062d\u0629. \u0631\u063a\u0648\u062a\u0647 \u0627\u0644\u0643\u062b\u064a\u0641\u0629 \u0648\u0627\u0644\u0643\u0631\u064a\u0645\u064a\u0629 \u062a\u0646\u0638\u0641 \u0627\u0644\u0628\u0634\u0631\u0629 \u0628\u0644\u0637\u0641 \u0645\u0639 \u0627\u0644\u062d\u0641\u0627\u0638 \u0639\u0644\u0649 \u062a\u0648\u0627\u0632\u0646\u0647\u0627 \u0627\u0644\u0637\u0628\u064a\u0639\u064a. \u0628\u0639\u0637\u0631\u0647 \u0627\u0644\u0632\u0647\u0631\u064a \u0627\u0644\u0631\u0642\u064a\u0642 \u0645\u0646 \u0627\u0644\u0646\u064a\u0631\u0648\u0644\u064a\u060c \u064a\u0648\u0642\u0638 \u0647\u0630\u0627 \u0627\u0644\u062c\u0644 \u062d\u0648\u0627\u0633\u0643 \u0648\u064a\u0645\u0646\u062d\u0643 \u0631\u0627\u062d\u0629 \u0648\u0627\u0633\u062a\u0631\u062e\u0627\u0621 \u0639\u0645\u064a\u0642\u064a\u0646.<\/p>\n<p>\u0635\u0646\u062f\u0648\u0642 \u0645\u0639\u062f\u0646\u064a \u0643\u0628\u064a\u0631<\/p>","protected":false},"excerpt":{"rendered":"<p>\u0632\u064a\u062a \u0645\u0636\u0627\u062f \u0644\u062a\u0633\u0627\u0642\u0637 \u0627\u0644\u0634\u0639\u0631<br \/>\n\u0632\u064a\u062a \u0645\u0636\u0627\u062f \u0644\u062a\u0633\u0627\u0642\u0637 \u0627\u0644\u0634\u0639\u0631\u060c \u0645\u0635\u0646\u0648\u0639 \u0645\u0646 \u0632\u064a\u062a \u0645\u0646\u0642\u0648\u0639 \u0627\u0644\u062d\u0644\u0628\u0629 \u0648\u0632\u064a\u0648\u062a \u0639\u0637\u0631\u064a\u0629 \u0645\u0646 \u0627\u0644\u0642\u0631\u0646\u0641\u0644 \u0648\u0627\u0644\u0632\u0639\u062a\u0631 \u0648\u0625\u0643\u0644\u064a\u0644 \u0627\u0644\u062c\u0628\u0644 \u0648\u0627\u0644\u062e\u0632\u0627\u0645\u0649\u060c \u064a\u064f\u0639\u0632\u0632 \u0646\u0645\u0648 \u0627\u0644\u0634\u0639\u0631 \u0648\u064a\u0645\u0646\u0639 \u062a\u0633\u0627\u0642\u0637\u0647 \u0648\u064a\u064f\u0628\u0637\u0626\u0647. \u064a\u064f\u063a\u0630\u064a \u0632\u064a\u062a\u0646\u0627 \u0627\u0644\u0634\u0639\u0631 \u0648\u064a\u064f\u0633\u0627\u0639\u062f \u0639\u0644\u0649 \u0627\u0644\u062d\u0635\u0648\u0644 \u0639\u0644\u0649 \u0634\u0639\u0631 \u0644\u0627\u0645\u0639 \u0648\u0635\u062d\u064a.<\/p>\n<p>\u0632\u064a\u062a \u0627\u0644\u0623\u0631\u063a\u0627\u0646<br \/>\n\u0632\u064a\u062a \u0627\u0644\u0623\u0631\u063a\u0627\u0646 \u0625\u0644\u064a\u0643\u0633\u064a\u0631 \u0645\u0646 \u0645\u062c\u0645\u0648\u0639\u0629 \u0628\u0648\u062a\u0627\u0646\u064a\u0643\u0627 \u0645\u0631\u0627\u0643\u0634\u060c \u063a\u0646\u064a \u0628\u0641\u064a\u062a\u0627\u0645\u064a\u0646 \u0647\u0640 \u0648\u0627\u0644\u0623\u062d\u0645\u0627\u0636 \u0627\u0644\u062f\u0647\u0646\u064a\u0629\u060c \u0648\u0647\u0648 \u0632\u064a\u062a \u0623\u0631\u063a\u0627\u0646 \u0646\u0642\u064a 100% \u062b\u0645\u064a\u0646\u060c \u0645\u0646\u0627\u0633\u0628 \u0644\u0644\u0639\u0646\u0627\u064a\u0629 \u0627\u0644\u0645\u0631\u0643\u0632\u0629 \u0628\u0627\u0644\u0648\u062c\u0647 \u0648\u0627\u0644\u062c\u0633\u0645 \u0648\u0627\u0644\u0634\u0639\u0631. \u0647\u0630\u0627 \u0627\u0644\u0632\u064a\u062a \u0627\u0644\u0641\u0627\u062e\u0631 \u0645\u0636\u0627\u062f \u0623\u0643\u0633\u062f\u0629 \u0642\u0648\u064a \u0648\u0645\u064f\u0643\u0627\u0641\u062d \u0644\u0644\u062c\u0630\u0648\u0631 \u0627\u0644\u062d\u0631\u0629\u060c \u0633\u0647\u0644 \u0627\u0644\u0627\u0645\u062a\u0635\u0627\u0635\u060c \u0648\u064a\u0648\u0641\u0631 \u062a\u0631\u0637\u064a\u0628\u064b\u0627 \u0645\u0643\u062b\u0641\u064b\u0627 \u0645\u0646 \u0627\u0644\u0631\u0623\u0633 \u0625\u0644\u0649 \u0627\u0644\u0642\u062f\u0645\u064a\u0646\u060c \u0645\u062b\u0627\u0644\u064a \u0644\u0644\u0627\u0633\u062a\u062e\u062f\u0627\u0645 \u0627\u0644\u064a\u0648\u0645\u064a.<\/p>\n<p>\u0642\u0646\u0627\u0639 \u0627\u0644\u0648\u062c\u0647 \u0627\u0644\u0630\u064a \u064a\u064f\u062a\u0631\u0643 \u0639\u0644\u0649 \u0627\u0644\u0648\u062c\u0647<br \/>\n\u064a\u062c\u0645\u0639 \u0642\u0646\u0627\u0639 \u0627\u0644\u0648\u062c\u0647 \u0628\u0648\u062a\u0627\u0646\u064a\u0643\u0627 \u0645\u0631\u0627\u0643\u0634\u060c \u0627\u0644\u0630\u064a \u064a\u064f\u062a\u0631\u0643 \u0639\u0644\u0649 \u0627\u0644\u0628\u0634\u0631\u0629\u060c \u0628\u064a\u0646 \u0641\u0648\u0627\u0626\u062f \u0627\u0644\u0628\u0627\u0628\u0648\u0646\u062c \u0648\u0627\u0644\u0622\u0630\u0631\u064a\u0648\u0646 \u0648\u062e\u0644\u0627\u0635\u0629 \u0623\u0648\u0631\u0627\u0642 \u0627\u0644\u0623\u0631\u063a\u0627\u0646 \u0627\u0644\u0645\u062a\u0639\u062f\u062f\u0629\u060c \u0644\u064a\u0645\u0646\u062d\u0643\u0650 \u062a\u0623\u062b\u064a\u0631\u064b\u0627 \u0645\u0631\u0637\u0628\u064b\u0627 \u064a\u064f\u0639\u064a\u062f \u062a\u0648\u0627\u0632\u0646 \u062a\u062f\u0641\u0642 \u0627\u0644\u0645\u0627\u0621 \u0641\u064a \u0627\u0644\u0628\u0634\u0631\u0629. \u0633\u062a\u0634\u0639\u0631\u064a\u0646 \u0628\u062a\u0631\u0637\u064a\u0628 \u0648\u0646\u0636\u0627\u0631\u0629 \u0628\u0634\u0631\u062a\u0643\u0650\u060c \u0643\u0645\u0627 \u0633\u062a\u0644\u0627\u062d\u0638\u064a\u0646 \u0627\u0646\u062e\u0641\u0627\u0636\u064b\u0627 \u0641\u064a \u0639\u0644\u0627\u0645\u0627\u062a \u0627\u0644\u062a\u0639\u0628.<\/p>\n<p>\u062c\u0644 \u0627\u0644\u0627\u0633\u062a\u062d\u0645\u0627\u0645 \u0628\u0627\u0644\u0646\u064a\u0631\u0648\u0644\u064a<br \/>\n\u062c\u0644 \u0627\u0633\u062a\u062d\u0645\u0627\u0645 \u0628\u0631\u0627\u0626\u062d\u0629 \u0627\u0644\u0646\u064a\u0631\u0648\u0644\u064a \u0645\u0646 \u0645\u062c\u0645\u0648\u0639\u0629 \u0628\u0648\u062a\u0627\u0646\u064a\u0643\u0627 \u0645\u0631\u0627\u0643\u0634\u060c \u0645\u0635\u0646\u0648\u0639 \u0645\u0646 \u062e\u0644\u0627\u0635\u0629 \u0623\u0648\u0631\u0627\u0642 \u0627\u0644\u0623\u0631\u063a\u0627\u0646 \u0648\u0627\u0644\u0622\u0630\u0631\u064a\u0648\u0646\u060c \u0644\u064a\u062d\u0648\u0651\u0644 \u0627\u0633\u062a\u062d\u0645\u0627\u0645\u0643 \u0625\u0644\u0649 \u0644\u062d\u0638\u0629 \u0627\u0633\u062a\u0631\u062e\u0627\u0621 \u0648\u0631\u0627\u062d\u0629. \u0631\u063a\u0648\u062a\u0647 \u0627\u0644\u0643\u062b\u064a\u0641\u0629 \u0648\u0627\u0644\u0643\u0631\u064a\u0645\u064a\u0629 \u062a\u0646\u0638\u0641 \u0627\u0644\u0628\u0634\u0631\u0629 \u0628\u0644\u0637\u0641 \u0645\u0639 \u0627\u0644\u062d\u0641\u0627\u0638 \u0639\u0644\u0649 \u062a\u0648\u0627\u0632\u0646\u0647\u0627 \u0627\u0644\u0637\u0628\u064a\u0639\u064a. \u0628\u0639\u0637\u0631\u0647 \u0627\u0644\u0632\u0647\u0631\u064a \u0627\u0644\u0631\u0642\u064a\u0642 \u0645\u0646 \u0627\u0644\u0646\u064a\u0631\u0648\u0644\u064a\u060c \u064a\u0648\u0642\u0638 \u0647\u0630\u0627 \u0627\u0644\u062c\u0644 \u062d\u0648\u0627\u0633\u0643 \u0648\u064a\u0645\u0646\u062d\u0643 \u0631\u0627\u062d\u0629 \u0648\u0627\u0633\u062a\u0631\u062e\u0627\u0621 \u0639\u0645\u064a\u0642\u064a\u0646.<\/p>\n<p>\u0635\u0646\u062f\u0648\u0642 \u0645\u0639\u062f\u0646\u064a \u0643\u0628\u064a\u0631<\/p>","protected":false},"featured_media":11966,"comment_status":"open","ping_status":"closed","template":"","meta":{"_joinchat":[]},"product_brand":[],"product_cat":[27],"product_tag":[],"class_list":{"0":"post-11390","1":"product","2":"type-product","3":"status-publish","4":"has-post-thumbnail","6":"product_cat-sante-et-bien-etre-style-de-vie","8":"first","9":"instock","10":"shipping-taxable","11":"purchasable","12":"product-type-simple"},"yoast_head":"<!-- This site is optimized with the Yoast SEO plugin v26.7 - https:\/\/yoast.com\/wordpress\/plugins\/seo\/ -->\n<title>Coffret Botanika BEST-SELLER - Mariages.io store<\/title>\n<meta name=\"robots\" content=\"index, follow, max-snippet:-1, max-image-preview:large, max-video-preview:-1\" \/>\n<link rel=\"canonical\" href=\"https:\/\/store.mariages.io\/ar\/product\/coffret-botanika-13\/\" \/>\n<meta property=\"og:locale\" content=\"ar_AR\" \/>\n<meta property=\"og:type\" content=\"article\" \/>\n<meta property=\"og:title\" content=\"Coffret Botanika BEST-SELLER - Mariages.io store\" \/>\n<meta property=\"og:description\" content=\"Huile anti-chute L&#039;huile anti-chute \u00e0 base d&#039;huile mac\u00e9rat de fenugrec et des huiles essentielles de clou de girofle, thym, romarin et lavande , favorise la repousse, emp\u00eache et freine la chute des cheveux. Notre huile les nourrit et contribue \u00e0 d&#039;utilisation avec un r\u00e9sultat brillant et des cheveux en bonne sant\u00e9 .  Huile d&#039;argan Riche en vitamine E et acides gras, l&#039;huile d&#039;argan Elixir de la gamme Botanika Marrakech est une huile d\u2019argan pr\u00e9cieuse 100% pure adapt\u00e9e pour des soins intenses du visage, du corps et des cheveux. Cette huile luxueuse est un puissant antioxydant et antiradicalaire, elle p\u00e9n\u00e8tre ais\u00e9ment et procure une hydratation intense de la t\u00eate aux pieds, id\u00e9ale pour une utilisation quotidienne.  Masque visage sans rin\u00e7age Le masque visage sans rin\u00e7age de la gamme Botanika Marrakech allie les vertus multiples de la camomille, la calendula et l\u2019extrait de feuilles d&#039;arganier, pour un effet hydratant qui r\u00e9\u00e9quilibre les flux hydriques cutan\u00e9s. Votre peau est hydrat\u00e9e et ressourc\u00e9e. Les marques de fatigue sont att\u00e9nu\u00e9es.  Gel douche n\u00e9roli Le gel douche N\u00e9roli de la gamme Botanika Marrakech \u00e0 base d\u2019extraits de feuilles d\u2019arganier et de calendula, transforme votre douche en un moment de d\u00e9tente et bien-\u00eatre. Sa mousse dense et onctueuse nettoie la peau en douceur tout en respectant son \u00e9quilibre naturel. Au parfum subtil aux notes florales du N\u00e9roli, ce gel douche r\u00e9veille vos sens et vous offre confort et profonde relaxation.  Grande boite metal\" \/>\n<meta property=\"og:url\" content=\"https:\/\/store.mariages.io\/ar\/product\/coffret-botanika-13\/\" \/>\n<meta property=\"og:site_name\" content=\"Mariages.io store\" \/>\n<meta property=\"article:modified_time\" content=\"2025-03-02T12:06:06+00:00\" \/>\n<meta property=\"og:image\" content=\"https:\/\/store.mariages.io\/wp-content\/uploads\/2024\/01\/Coffret-Best-Sellerf.jpeg\" \/>\n\t<meta property=\"og:image:width\" content=\"800\" \/>\n\t<meta property=\"og:image:height\" content=\"800\" \/>\n\t<meta property=\"og:image:type\" content=\"image\/jpeg\" \/>\n<meta name=\"twitter:card\" content=\"summary_large_image\" \/>\n<meta name=\"twitter:label1\" content=\"\u0648\u0642\u062a \u0627\u0644\u0642\u0631\u0627\u0621\u0629 \u0627\u0644\u0645\u064f\u0642\u062f\u0651\u0631\" \/>\n\t<meta name=\"twitter:data1\" content=\"\u062f\u0642\u064a\u0642\u062a\u0627\u0646\" \/>\n<script type=\"application\/ld+json\" class=\"yoast-schema-graph\">{\"@context\":\"https:\/\/schema.org\",\"@graph\":[{\"@type\":\"WebPage\",\"@id\":\"https:\/\/store.mariages.io\/product\/coffret-botanika-13\/\",\"url\":\"https:\/\/store.mariages.io\/product\/coffret-botanika-13\/\",\"name\":\"Coffret Botanika BEST-SELLER - Mariages.io store\",\"isPartOf\":{\"@id\":\"https:\/\/darkviolet-ram-161551.hostingersite.com\/#website\"},\"primaryImageOfPage\":{\"@id\":\"https:\/\/store.mariages.io\/product\/coffret-botanika-13\/#primaryimage\"},\"image\":{\"@id\":\"https:\/\/store.mariages.io\/product\/coffret-botanika-13\/#primaryimage\"},\"thumbnailUrl\":\"https:\/\/store.mariages.io\/wp-content\/uploads\/2024\/01\/Coffret-Best-Sellerf.jpeg\",\"datePublished\":\"2024-01-18T10:24:36+00:00\",\"dateModified\":\"2025-03-02T12:06:06+00:00\",\"breadcrumb\":{\"@id\":\"https:\/\/store.mariages.io\/product\/coffret-botanika-13\/#breadcrumb\"},\"inLanguage\":\"ar\",\"potentialAction\":[{\"@type\":\"ReadAction\",\"target\":[\"https:\/\/store.mariages.io\/product\/coffret-botanika-13\/\"]}]},{\"@type\":\"ImageObject\",\"inLanguage\":\"ar\",\"@id\":\"https:\/\/store.mariages.io\/product\/coffret-botanika-13\/#primaryimage\",\"url\":\"https:\/\/store.mariages.io\/wp-content\/uploads\/2024\/01\/Coffret-Best-Sellerf.jpeg\",\"contentUrl\":\"https:\/\/store.mariages.io\/wp-content\/uploads\/2024\/01\/Coffret-Best-Sellerf.jpeg\",\"width\":800,\"height\":800},{\"@type\":\"BreadcrumbList\",\"@id\":\"https:\/\/store.mariages.io\/product\/coffret-botanika-13\/#breadcrumb\",\"itemListElement\":[{\"@type\":\"ListItem\",\"position\":1,\"name\":\"Home\",\"item\":\"https:\/\/darkviolet-ram-161551.hostingersite.com\/\"},{\"@type\":\"ListItem\",\"position\":2,\"name\":\"Shop\",\"item\":\"https:\/\/store.mariages.io\/shop\/\"},{\"@type\":\"ListItem\",\"position\":3,\"name\":\"Coffret Botanika BEST-SELLER\"}]},{\"@type\":\"WebSite\",\"@id\":\"https:\/\/darkviolet-ram-161551.hostingersite.com\/#website\",\"url\":\"https:\/\/darkviolet-ram-161551.hostingersite.com\/\",\"name\":\"Mariages.io store\",\"description\":\"STORE Mariages.IO\",\"potentialAction\":[{\"@type\":\"SearchAction\",\"target\":{\"@type\":\"EntryPoint\",\"urlTemplate\":\"https:\/\/darkviolet-ram-161551.hostingersite.com\/?s={search_term_string}\"},\"query-input\":{\"@type\":\"PropertyValueSpecification\",\"valueRequired\":true,\"valueName\":\"search_term_string\"}}],\"inLanguage\":\"ar\"}]}<\/script>\n<!-- \/ Yoast SEO plugin. -->","yoast_head_json":{"title":"Coffret Botanika BEST-SELLER - Mariages.io store","robots":{"index":"index","follow":"follow","max-snippet":"max-snippet:-1","max-image-preview":"max-image-preview:large","max-video-preview":"max-video-preview:-1"},"canonical":"https:\/\/store.mariages.io\/ar\/product\/coffret-botanika-13\/","og_locale":"ar_AR","og_type":"article","og_title":"Coffret Botanika BEST-SELLER - Mariages.io store","og_description":"Huile anti-chute L'huile anti-chute \u00e0 base d'huile mac\u00e9rat de fenugrec et des huiles essentielles de clou de girofle, thym, romarin et lavande , favorise la repousse, emp\u00eache et freine la chute des cheveux. Notre huile les nourrit et contribue \u00e0 d'utilisation avec un r\u00e9sultat brillant et des cheveux en bonne sant\u00e9 .  Huile d'argan Riche en vitamine E et acides gras, l'huile d'argan Elixir de la gamme Botanika Marrakech est une huile d\u2019argan pr\u00e9cieuse 100% pure adapt\u00e9e pour des soins intenses du visage, du corps et des cheveux. Cette huile luxueuse est un puissant antioxydant et antiradicalaire, elle p\u00e9n\u00e8tre ais\u00e9ment et procure une hydratation intense de la t\u00eate aux pieds, id\u00e9ale pour une utilisation quotidienne.  Masque visage sans rin\u00e7age Le masque visage sans rin\u00e7age de la gamme Botanika Marrakech allie les vertus multiples de la camomille, la calendula et l\u2019extrait de feuilles d'arganier, pour un effet hydratant qui r\u00e9\u00e9quilibre les flux hydriques cutan\u00e9s. Votre peau est hydrat\u00e9e et ressourc\u00e9e. Les marques de fatigue sont att\u00e9nu\u00e9es.  Gel douche n\u00e9roli Le gel douche N\u00e9roli de la gamme Botanika Marrakech \u00e0 base d\u2019extraits de feuilles d\u2019arganier et de calendula, transforme votre douche en un moment de d\u00e9tente et bien-\u00eatre. Sa mousse dense et onctueuse nettoie la peau en douceur tout en respectant son \u00e9quilibre naturel. Au parfum subtil aux notes florales du N\u00e9roli, ce gel douche r\u00e9veille vos sens et vous offre confort et profonde relaxation.  Grande boite metal","og_url":"https:\/\/store.mariages.io\/ar\/product\/coffret-botanika-13\/","og_site_name":"Mariages.io store","article_modified_time":"2025-03-02T12:06:06+00:00","og_image":[{"width":800,"height":800,"url":"https:\/\/store.mariages.io\/wp-content\/uploads\/2024\/01\/Coffret-Best-Sellerf.jpeg","type":"image\/jpeg"}],"twitter_card":"summary_large_image","twitter_misc":{"\u0648\u0642\u062a \u0627\u0644\u0642\u0631\u0627\u0621\u0629 \u0627\u0644\u0645\u064f\u0642\u062f\u0651\u0631":"\u062f\u0642\u064a\u0642\u062a\u0627\u0646"},"schema":{"@context":"https:\/\/schema.org","@graph":[{"@type":"WebPage","@id":"https:\/\/store.mariages.io\/product\/coffret-botanika-13\/","url":"https:\/\/store.mariages.io\/product\/coffret-botanika-13\/","name":"Coffret Botanika BEST-SELLER - Mariages.io store","isPartOf":{"@id":"https:\/\/darkviolet-ram-161551.hostingersite.com\/#website"},"primaryImageOfPage":{"@id":"https:\/\/store.mariages.io\/product\/coffret-botanika-13\/#primaryimage"},"image":{"@id":"https:\/\/store.mariages.io\/product\/coffret-botanika-13\/#primaryimage"},"thumbnailUrl":"https:\/\/store.mariages.io\/wp-content\/uploads\/2024\/01\/Coffret-Best-Sellerf.jpeg","datePublished":"2024-01-18T10:24:36+00:00","dateModified":"2025-03-02T12:06:06+00:00","breadcrumb":{"@id":"https:\/\/store.mariages.io\/product\/coffret-botanika-13\/#breadcrumb"},"inLanguage":"ar","potentialAction":[{"@type":"ReadAction","target":["https:\/\/store.mariages.io\/product\/coffret-botanika-13\/"]}]},{"@type":"ImageObject","inLanguage":"ar","@id":"https:\/\/store.mariages.io\/product\/coffret-botanika-13\/#primaryimage","url":"https:\/\/store.mariages.io\/wp-content\/uploads\/2024\/01\/Coffret-Best-Sellerf.jpeg","contentUrl":"https:\/\/store.mariages.io\/wp-content\/uploads\/2024\/01\/Coffret-Best-Sellerf.jpeg","width":800,"height":800},{"@type":"BreadcrumbList","@id":"https:\/\/store.mariages.io\/product\/coffret-botanika-13\/#breadcrumb","itemListElement":[{"@type":"ListItem","position":1,"name":"Home","item":"https:\/\/darkviolet-ram-161551.hostingersite.com\/"},{"@type":"ListItem","position":2,"name":"Shop","item":"https:\/\/store.mariages.io\/shop\/"},{"@type":"ListItem","position":3,"name":"Coffret Botanika BEST-SELLER"}]},{"@type":"WebSite","@id":"https:\/\/darkviolet-ram-161551.hostingersite.com\/#website","url":"https:\/\/darkviolet-ram-161551.hostingersite.com\/","name":"Mariages.io store","description":"STORE Mariages.IO","potentialAction":[{"@type":"SearchAction","target":{"@type":"EntryPoint","urlTemplate":"https:\/\/darkviolet-ram-161551.hostingersite.com\/?s={search_term_string}"},"query-input":{"@type":"PropertyValueSpecification","valueRequired":true,"valueName":"search_term_string"}}],"inLanguage":"ar"}]}},"_links":{"self":[{"href":"https:\/\/store.mariages.io\/ar\/wp-json\/wp\/v2\/product\/11390","targetHints":{"allow":["GET"]}}],"collection":[{"href":"https:\/\/store.mariages.io\/ar\/wp-json\/wp\/v2\/product"}],"about":[{"href":"https:\/\/store.mariages.io\/ar\/wp-json\/wp\/v2\/types\/product"}],"replies":[{"embeddable":true,"href":"https:\/\/store.mariages.io\/ar\/wp-json\/wp\/v2\/comments?post=11390"}],"version-history":[{"count":2,"href":"https:\/\/store.mariages.io\/ar\/wp-json\/wp\/v2\/product\/11390\/revisions"}],"predecessor-version":[{"id":11972,"href":"https:\/\/store.mariages.io\/ar\/wp-json\/wp\/v2\/product\/11390\/revisions\/11972"}],"wp:featuredmedia":[{"embeddable":true,"href":"https:\/\/store.mariages.io\/ar\/wp-json\/wp\/v2\/media\/11966"}],"wp:attachment":[{"href":"https:\/\/store.mariages.io\/ar\/wp-json\/wp\/v2\/media?parent=11390"}],"wp:term":[{"taxonomy":"product_brand","embeddable":true,"href":"https:\/\/store.mariages.io\/ar\/wp-json\/wp\/v2\/product_brand?post=11390"},{"taxonomy":"product_cat","embeddable":true,"href":"https:\/\/store.mariages.io\/ar\/wp-json\/wp\/v2\/product_cat?post=11390"},{"taxonomy":"product_tag","embeddable":true,"href":"https:\/\/store.mariages.io\/ar\/wp-json\/wp\/v2\/product_tag?post=11390"}],"curies":[{"name":"wp","href":"https:\/\/api.w.org\/{rel}","templated":true}]}}