{"id":11384,"date":"2024-01-18T10:18:23","date_gmt":"2024-01-18T10:18:23","guid":{"rendered":"https:\/\/darkviolet-ram-161551.hostingersite.com\/?post_type=product&#038;p=11384"},"modified":"2025-05-22T06:04:09","modified_gmt":"2025-05-22T06:04:09","slug":"botanika-10","status":"publish","type":"product","link":"https:\/\/store.mariages.io\/ar\/product\/botanika-10\/","title":{"rendered":"\u0635\u0646\u062f\u0648\u0642 \u0627\u0644\u0648\u062c\u0647"},"content":{"rendered":"<p>\u0643\u0631\u064a\u0645 \u0627\u0644\u0646\u0647\u0627\u0631<br \/>\n\u0643\u0631\u064a\u0645 \u0627\u0644\u0646\u0647\u0627\u0631 \u0645\u0646 \u0645\u062c\u0645\u0648\u0639\u0629 \u0628\u0648\u062a\u0627\u0646\u064a\u0643\u0627 \u0645\u0631\u0627\u0643\u0634 \u064a\u0648\u0641\u0631 \u062a\u0631\u0637\u064a\u0628\u064b\u0627 \u0645\u0643\u062b\u0641\u064b\u0627 \u064a\u062f\u0648\u0645 \u0637\u0648\u064a\u0644\u064b\u0627\u060c \u0648\u064a\u062d\u0645\u064a \u0627\u0644\u0628\u0634\u0631\u0629 \u0645\u0646 \u0623\u0634\u0639\u0629 \u0627\u0644\u0634\u0645\u0633\u060c \u0648\u064a\u0645\u0646\u0639 \u062a\u0644\u0641\u0647\u0627 \u0648\u064a\u0639\u0627\u0644\u062c \u0627\u0644\u0645\u0646\u0627\u0637\u0642 \u0627\u0644\u0645\u062a\u0636\u0631\u0631\u0629. \u0645\u0635\u0646\u0648\u0639 \u0645\u0646 \u062e\u0644\u0627\u0635\u0629 \u0623\u0648\u0631\u0627\u0642 \u0627\u0644\u0623\u0631\u063a\u0627\u0646 \u0648\u0632\u064a\u062a\u064a\u0646 \u0623\u0633\u0627\u0633\u064a\u064a\u0646 (\u0627\u0644\u0623\u0631\u063a\u0627\u0646 \u0648\u0627\u0644\u062c\u0648\u062c\u0648\u0628\u0627)\u060c \u064a\u0645\u0646\u062d\u0643\u0650 \u0647\u0630\u0627 \u0627\u0644\u0643\u0631\u064a\u0645 \u0627\u0644\u0645\u0641\u064a\u062f \u0645\u0638\u0647\u0631\u064b\u0627 \u0645\u062a\u0623\u0644\u0642\u064b\u0627\u060c \u0648\u064a\u0642\u0644\u0644 \u0645\u0646 \u0639\u0644\u0627\u0645\u0627\u062a \u0627\u0644\u0634\u064a\u062e\u0648\u062e\u0629 \u0627\u0644\u0645\u062a\u0643\u0631\u0631\u0629\u060c \u0644\u0628\u0634\u0631\u0629 \u0645\u062a\u0623\u0644\u0642\u0629.<\/p>\n<p>Cr\u00e8me de nuit<br \/>\nLa cr\u00e8me de nuit de la gamme Botanika Marrakech \u00e0 base d&rsquo;huile d&rsquo;argan, figue de barbarie, extrait de feuilles d&rsquo;arganier et sel sodique d&rsquo;acide hyaluronique fournit un travail de nuit revitalisant, ludique et performant pour un coup de jeune imm\u00e9diat. Enrichie en actifs majeurs qui retexturisent les cellules, cette cr\u00e8me hydrate en profondeur et chasse l&rsquo;aspect froiss\u00e9 de la peau en la travaillant de l&rsquo;int\u00e9rieur pour la booster et la faire appara\u00eetre souple, soyeuse et plus d\u00e9tendue.<\/p>\n<p>Masque visage peau s\u00e8che<br \/>\n\u0642\u0646\u0627\u0639 \u0627\u0644\u0648\u062c\u0647 \u0645\u0646 \u0645\u062c\u0645\u0648\u0639\u0629 \u0628\u0648\u062a\u0627\u0646\u064a\u0643\u0627 \u0645\u0631\u0627\u0643\u0634 \u0636\u0631\u0648\u0631\u064a \u0644\u0644\u0628\u0634\u0631\u0629 \u0634\u062f\u064a\u062f\u0629 \u0627\u0644\u062c\u0641\u0627\u0641 \u0648\u0627\u0644\u062d\u0633\u0627\u0633\u064a\u0629. \u0645\u0635\u0646\u0648\u0639 \u0645\u0646 \u0627\u0644\u0637\u064a\u0646 \u0627\u0644\u0623\u0628\u064a\u0636\u060c \u064a\u064f\u0647\u062f\u0626 \u0627\u0644\u0628\u0634\u0631\u0629 \u0648\u064a\u0631\u0637\u0628\u0647\u0627 \u0628\u0644\u0637\u0641 \u0628\u0641\u0636\u0644 \u0645\u0632\u064a\u062c \u0645\u0633\u062a\u062e\u0644\u0635 \u0623\u0648\u0631\u0627\u0642 \u0627\u0644\u0623\u0631\u063a\u0627\u0646 \u0648\u0627\u0644\u0632\u064a\u0648\u062a \u0627\u0644\u0646\u0628\u0627\u062a\u064a\u0629 \u0627\u0644\u0645\u063a\u0630\u064a\u0629 (\u0632\u064a\u062a \u0627\u0644\u0645\u0643\u0627\u062f\u064a\u0645\u064a\u0627\u060c \u0632\u064a\u062a \u0627\u0644\u0644\u0648\u0632 \u0627\u0644\u062d\u0644\u0648\u060c \u0648\u0632\u064a\u062a \u0627\u0644\u0623\u0631\u063a\u0627\u0646). \u064a\u0645\u0646\u062d \u0627\u0644\u0628\u0634\u0631\u0629 \u0646\u0639\u0648\u0645\u0629 \u0648\u0631\u0627\u062d\u0629 \u0641\u0648\u0631\u064a\u0629\u060c \u0644\u0628\u0634\u0631\u0629 \u0646\u0627\u0639\u0645\u0629 \u0648\u0631\u0637\u0628\u0629 \u0648\u0645\u0646\u062a\u0639\u0634\u0629 \u0628\u0634\u0643\u0644 \u0637\u0628\u064a\u0639\u064a.<\/p>\n<p>Eau de rose<br \/>\nDans sa d\u00e9licate et enivrante essence, l&rsquo;eau de rose de la gamme Botanika Marrakech renferme les secrets de sant\u00e9 et de beaut\u00e9 de nos anc\u00eatres. Elle adoucit, tonifie, apaise votre peau et lui donne un \u00e9clat naturellement sain et un aspect lisse et revitalis\u00e9. L\u2019eau de rose traite aussi en profondeur les inflammations du cuir chevelu et pr\u00e9vient la chute des cheveux en l\u2019appliquant comme un masque cheveux pour retrouver des cheveux en bonne sant\u00e9. Elle saura par ailleurs pr\u00e9venir la chute des cheveux, en stimulant la circulation sanguine et en renfor\u00e7ant les follicules pileux.<\/p>\n<p>\u0635\u0646\u062f\u0648\u0642 \u0645\u0639\u062f\u0646\u064a \u0635\u063a\u064a\u0631<\/p>","protected":false},"excerpt":{"rendered":"<p>\u0645\u062c\u0645\u0648\u0639\u0629 \u0627\u0644\u0639\u0646\u0627\u064a\u0629 \u0628\u0627\u0644\u0648\u062c\u0647 \u0645\u0646 \u0645\u062c\u0645\u0648\u0639\u0629 \u0628\u0648\u062a\u0627\u0646\u064a\u0643\u0627 \u0645\u0631\u0627\u0643\u0634 \u0647\u064a \u0627\u0644\u0645\u062c\u0645\u0648\u0639\u0629 \u0627\u0644\u0645\u062b\u0627\u0644\u064a\u0629 \u0644\u062a\u0646\u0638\u064a\u0641 \u0628\u0634\u0631\u062a\u0643 \u0648\u062a\u0631\u0637\u064a\u0628\u0647\u0627 \u0628\u0639\u0645\u0642. <\/p>","protected":false},"featured_media":11981,"comment_status":"open","ping_status":"closed","template":"","meta":{"_joinchat":[]},"product_brand":[],"product_cat":[27],"product_tag":[],"class_list":{"0":"post-11384","1":"product","2":"type-product","3":"status-publish","4":"has-post-thumbnail","6":"product_cat-sante-et-bien-etre-style-de-vie","8":"first","9":"instock","10":"sale","11":"shipping-taxable","12":"purchasable","13":"product-type-simple"},"yoast_head":"<!-- This site is optimized with the Yoast SEO plugin v26.7 - https:\/\/yoast.com\/wordpress\/plugins\/seo\/ -->\n<title>COFFRET VISAGE - Mariages.io store<\/title>\n<meta name=\"robots\" content=\"index, follow, max-snippet:-1, max-image-preview:large, max-video-preview:-1\" \/>\n<link rel=\"canonical\" href=\"https:\/\/store.mariages.io\/ar\/product\/botanika-10\/\" \/>\n<meta property=\"og:locale\" content=\"ar_AR\" \/>\n<meta property=\"og:type\" content=\"article\" \/>\n<meta property=\"og:title\" content=\"COFFRET VISAGE - Mariages.io store\" \/>\n<meta property=\"og:description\" content=\"Le coffret soin du visage de la gamme Botanika Marrakech est le pack id\u00e9al pour nettoyer et hydrater votre peau en profondeur.\" \/>\n<meta property=\"og:url\" content=\"https:\/\/store.mariages.io\/ar\/product\/botanika-10\/\" \/>\n<meta property=\"og:site_name\" content=\"Mariages.io store\" \/>\n<meta property=\"article:modified_time\" content=\"2025-05-22T06:04:09+00:00\" \/>\n<meta property=\"og:image\" content=\"https:\/\/store.mariages.io\/wp-content\/uploads\/2024\/01\/1958f.jpeg\" \/>\n\t<meta property=\"og:image:width\" content=\"2500\" \/>\n\t<meta property=\"og:image:height\" content=\"2500\" \/>\n\t<meta property=\"og:image:type\" content=\"image\/jpeg\" \/>\n<meta name=\"twitter:card\" content=\"summary_large_image\" \/>\n<meta name=\"twitter:label1\" content=\"\u0648\u0642\u062a \u0627\u0644\u0642\u0631\u0627\u0621\u0629 \u0627\u0644\u0645\u064f\u0642\u062f\u0651\u0631\" \/>\n\t<meta name=\"twitter:data1\" content=\"\u062f\u0642\u064a\u0642\u062a\u0627\u0646\" \/>\n<script type=\"application\/ld+json\" class=\"yoast-schema-graph\">{\"@context\":\"https:\/\/schema.org\",\"@graph\":[{\"@type\":\"WebPage\",\"@id\":\"https:\/\/store.mariages.io\/product\/botanika-10\/\",\"url\":\"https:\/\/store.mariages.io\/product\/botanika-10\/\",\"name\":\"COFFRET VISAGE - Mariages.io store\",\"isPartOf\":{\"@id\":\"https:\/\/darkviolet-ram-161551.hostingersite.com\/#website\"},\"primaryImageOfPage\":{\"@id\":\"https:\/\/store.mariages.io\/product\/botanika-10\/#primaryimage\"},\"image\":{\"@id\":\"https:\/\/store.mariages.io\/product\/botanika-10\/#primaryimage\"},\"thumbnailUrl\":\"https:\/\/store.mariages.io\/wp-content\/uploads\/2024\/01\/1958f.jpeg\",\"datePublished\":\"2024-01-18T10:18:23+00:00\",\"dateModified\":\"2025-05-22T06:04:09+00:00\",\"breadcrumb\":{\"@id\":\"https:\/\/store.mariages.io\/product\/botanika-10\/#breadcrumb\"},\"inLanguage\":\"ar\",\"potentialAction\":[{\"@type\":\"ReadAction\",\"target\":[\"https:\/\/store.mariages.io\/product\/botanika-10\/\"]}]},{\"@type\":\"ImageObject\",\"inLanguage\":\"ar\",\"@id\":\"https:\/\/store.mariages.io\/product\/botanika-10\/#primaryimage\",\"url\":\"https:\/\/store.mariages.io\/wp-content\/uploads\/2024\/01\/1958f.jpeg\",\"contentUrl\":\"https:\/\/store.mariages.io\/wp-content\/uploads\/2024\/01\/1958f.jpeg\",\"width\":2500,\"height\":2500},{\"@type\":\"BreadcrumbList\",\"@id\":\"https:\/\/store.mariages.io\/product\/botanika-10\/#breadcrumb\",\"itemListElement\":[{\"@type\":\"ListItem\",\"position\":1,\"name\":\"Home\",\"item\":\"https:\/\/darkviolet-ram-161551.hostingersite.com\/\"},{\"@type\":\"ListItem\",\"position\":2,\"name\":\"Shop\",\"item\":\"https:\/\/store.mariages.io\/shop\/\"},{\"@type\":\"ListItem\",\"position\":3,\"name\":\"COFFRET VISAGE\"}]},{\"@type\":\"WebSite\",\"@id\":\"https:\/\/darkviolet-ram-161551.hostingersite.com\/#website\",\"url\":\"https:\/\/darkviolet-ram-161551.hostingersite.com\/\",\"name\":\"Mariages.io store\",\"description\":\"STORE Mariages.IO\",\"potentialAction\":[{\"@type\":\"SearchAction\",\"target\":{\"@type\":\"EntryPoint\",\"urlTemplate\":\"https:\/\/darkviolet-ram-161551.hostingersite.com\/?s={search_term_string}\"},\"query-input\":{\"@type\":\"PropertyValueSpecification\",\"valueRequired\":true,\"valueName\":\"search_term_string\"}}],\"inLanguage\":\"ar\"}]}<\/script>\n<!-- \/ Yoast SEO plugin. -->","yoast_head_json":{"title":"COFFRET VISAGE - Mariages.io store","robots":{"index":"index","follow":"follow","max-snippet":"max-snippet:-1","max-image-preview":"max-image-preview:large","max-video-preview":"max-video-preview:-1"},"canonical":"https:\/\/store.mariages.io\/ar\/product\/botanika-10\/","og_locale":"ar_AR","og_type":"article","og_title":"COFFRET VISAGE - Mariages.io store","og_description":"Le coffret soin du visage de la gamme Botanika Marrakech est le pack id\u00e9al pour nettoyer et hydrater votre peau en profondeur.","og_url":"https:\/\/store.mariages.io\/ar\/product\/botanika-10\/","og_site_name":"Mariages.io store","article_modified_time":"2025-05-22T06:04:09+00:00","og_image":[{"width":2500,"height":2500,"url":"https:\/\/store.mariages.io\/wp-content\/uploads\/2024\/01\/1958f.jpeg","type":"image\/jpeg"}],"twitter_card":"summary_large_image","twitter_misc":{"\u0648\u0642\u062a \u0627\u0644\u0642\u0631\u0627\u0621\u0629 \u0627\u0644\u0645\u064f\u0642\u062f\u0651\u0631":"\u062f\u0642\u064a\u0642\u062a\u0627\u0646"},"schema":{"@context":"https:\/\/schema.org","@graph":[{"@type":"WebPage","@id":"https:\/\/store.mariages.io\/product\/botanika-10\/","url":"https:\/\/store.mariages.io\/product\/botanika-10\/","name":"COFFRET VISAGE - Mariages.io store","isPartOf":{"@id":"https:\/\/darkviolet-ram-161551.hostingersite.com\/#website"},"primaryImageOfPage":{"@id":"https:\/\/store.mariages.io\/product\/botanika-10\/#primaryimage"},"image":{"@id":"https:\/\/store.mariages.io\/product\/botanika-10\/#primaryimage"},"thumbnailUrl":"https:\/\/store.mariages.io\/wp-content\/uploads\/2024\/01\/1958f.jpeg","datePublished":"2024-01-18T10:18:23+00:00","dateModified":"2025-05-22T06:04:09+00:00","breadcrumb":{"@id":"https:\/\/store.mariages.io\/product\/botanika-10\/#breadcrumb"},"inLanguage":"ar","potentialAction":[{"@type":"ReadAction","target":["https:\/\/store.mariages.io\/product\/botanika-10\/"]}]},{"@type":"ImageObject","inLanguage":"ar","@id":"https:\/\/store.mariages.io\/product\/botanika-10\/#primaryimage","url":"https:\/\/store.mariages.io\/wp-content\/uploads\/2024\/01\/1958f.jpeg","contentUrl":"https:\/\/store.mariages.io\/wp-content\/uploads\/2024\/01\/1958f.jpeg","width":2500,"height":2500},{"@type":"BreadcrumbList","@id":"https:\/\/store.mariages.io\/product\/botanika-10\/#breadcrumb","itemListElement":[{"@type":"ListItem","position":1,"name":"Home","item":"https:\/\/darkviolet-ram-161551.hostingersite.com\/"},{"@type":"ListItem","position":2,"name":"Shop","item":"https:\/\/store.mariages.io\/shop\/"},{"@type":"ListItem","position":3,"name":"COFFRET VISAGE"}]},{"@type":"WebSite","@id":"https:\/\/darkviolet-ram-161551.hostingersite.com\/#website","url":"https:\/\/darkviolet-ram-161551.hostingersite.com\/","name":"Mariages.io store","description":"STORE Mariages.IO","potentialAction":[{"@type":"SearchAction","target":{"@type":"EntryPoint","urlTemplate":"https:\/\/darkviolet-ram-161551.hostingersite.com\/?s={search_term_string}"},"query-input":{"@type":"PropertyValueSpecification","valueRequired":true,"valueName":"search_term_string"}}],"inLanguage":"ar"}]}},"_links":{"self":[{"href":"https:\/\/store.mariages.io\/ar\/wp-json\/wp\/v2\/product\/11384","targetHints":{"allow":["GET"]}}],"collection":[{"href":"https:\/\/store.mariages.io\/ar\/wp-json\/wp\/v2\/product"}],"about":[{"href":"https:\/\/store.mariages.io\/ar\/wp-json\/wp\/v2\/types\/product"}],"replies":[{"embeddable":true,"href":"https:\/\/store.mariages.io\/ar\/wp-json\/wp\/v2\/comments?post=11384"}],"version-history":[{"count":2,"href":"https:\/\/store.mariages.io\/ar\/wp-json\/wp\/v2\/product\/11384\/revisions"}],"predecessor-version":[{"id":11987,"href":"https:\/\/store.mariages.io\/ar\/wp-json\/wp\/v2\/product\/11384\/revisions\/11987"}],"wp:featuredmedia":[{"embeddable":true,"href":"https:\/\/store.mariages.io\/ar\/wp-json\/wp\/v2\/media\/11981"}],"wp:attachment":[{"href":"https:\/\/store.mariages.io\/ar\/wp-json\/wp\/v2\/media?parent=11384"}],"wp:term":[{"taxonomy":"product_brand","embeddable":true,"href":"https:\/\/store.mariages.io\/ar\/wp-json\/wp\/v2\/product_brand?post=11384"},{"taxonomy":"product_cat","embeddable":true,"href":"https:\/\/store.mariages.io\/ar\/wp-json\/wp\/v2\/product_cat?post=11384"},{"taxonomy":"product_tag","embeddable":true,"href":"https:\/\/store.mariages.io\/ar\/wp-json\/wp\/v2\/product_tag?post=11384"}],"curies":[{"name":"wp","href":"https:\/\/api.w.org\/{rel}","templated":true}]}}