{"id":11374,"date":"2024-01-18T10:10:37","date_gmt":"2024-01-18T10:10:37","guid":{"rendered":"https:\/\/darkviolet-ram-161551.hostingersite.com\/?post_type=product&#038;p=11374"},"modified":"2025-03-02T12:02:13","modified_gmt":"2025-03-02T12:02:13","slug":"botanika-5","status":"publish","type":"product","link":"https:\/\/store.mariages.io\/ar\/product\/botanika-5\/","title":{"rendered":"\u0635\u0646\u062f\u0648\u0642 \u0627\u0644\u0633\u0648\u0642"},"content":{"rendered":"<p>Parfum d&rsquo;ambiance Souk (250)<br \/>\nCet endroit caract\u00e9ris\u00e9 par sa richesse artisanale et son savoir-faire unique, est un v\u00e9ritable labyrinthe o\u00f9 s\u2019entrem\u00ealent couleurs et senteurs. Une richesse artisanale, 80 000 petites mains mais un savoir-faire unique, le Souk, fait de ruelles \u00e9troites mais de grands coeurs, est un v\u00e9ritable labyrinthe o\u00f9 senteurs et couleurs s&rsquo;\u00e9tendent et s&rsquo;entrem\u00ealent.<\/p>\n<p>Savon liquide mains Souk<br \/>\nPour des mains propres et nettes, le savon liquide mains Souk de la gamme Botanika Marrakech \u00e0 base d&rsquo;extrait de feuilles d&rsquo;arganier et d&rsquo;extrait de camomille, purifie vos mains et les parfume d\u00e9licatement tout en respectant l&rsquo;\u00e9quilibre naturel de votre peau.<\/p>\n<p>Spray d&rsquo;ambiance Souk<br \/>\n\u062a\u064f\u063a\u0644\u0641 \u0645\u0639\u0637\u0631\u0627\u062a \u0627\u0644\u063a\u0631\u0641 \u0645\u0646 \u0645\u062c\u0645\u0648\u0639\u0629 \u0628\u0648\u062a\u0627\u0646\u064a\u0643\u0627 \u0645\u0631\u0627\u0643\u0634 \u0627\u0644\u0623\u062c\u0648\u0627\u0621 \u0628\u0646\u0641\u062d\u0627\u062a \u0622\u0633\u0631\u0629 \u0645\u0633\u062a\u0648\u062d\u0627\u0629 \u0645\u0646 \u062d\u062f\u0627\u0626\u0642 \u0639\u062f\u0646. \u0628\u0641\u0636\u0644 \u062f\u0642\u062a\u0647\u0627 \u0627\u0644\u0641\u0627\u0626\u0642\u0629 \u0641\u064a \u0625\u062f\u0631\u0627\u0643 \u062c\u0645\u064a\u0639 \u062c\u0648\u0627\u0646\u0628 \u0627\u0644\u0639\u0637\u0631\u060c \u064a\u064f\u0639\u062f \u0645\u0639\u0637\u0631 \u0627\u0644\u063a\u0631\u0641 \u0628\u0648\u062a\u0627\u0646\u064a\u0643\u0627 \u0645\u0631\u0627\u0643\u0634 \u0627\u0644\u0648\u0633\u064a\u0644\u0629 \u0627\u0644\u0645\u062b\u0627\u0644\u064a\u0629 \u0644\u0646\u0634\u0631 \u062c\u0645\u064a\u0639 \u0646\u0641\u062d\u0627\u062a \u0627\u0644\u0639\u0637\u0631 \u0627\u0644\u0631\u0642\u064a\u0642\u0629 \u0639\u0644\u0649 \u0627\u0644\u0641\u0648\u0631. \u0645\u0639 \u0627\u0644\u0627\u0633\u062a\u062e\u062f\u0627\u0645 \u0627\u0644\u064a\u0648\u0645\u064a\u060c \u0633\u064a\u063a\u0645\u0631 \u0627\u0644\u0639\u0637\u0631 \u0633\u062a\u0627\u0626\u0631\u0643 \u0648\u0648\u0633\u0627\u0626\u062f\u0643 \u0648\u0633\u062c\u0627\u062f\u0643 \u0641\u064a \u063a\u0636\u0648\u0646 \u0623\u064a\u0627\u0645 \u0642\u0644\u064a\u0644\u0629\u060c \u0644\u064a\u063a\u0645\u0631\u0643 \u0628\u0623\u062c\u0648\u0627\u0621 \u0623\u0646\u064a\u0642\u0629 \u0648\u062f\u0627\u0641\u0626\u0629 \u0648\u0627\u062d\u062a\u0641\u0627\u0644\u064a\u0629 \u0648\u0648\u062f\u0648\u062f\u0629\u060c \u062a\u064f\u0642\u062f\u0651\u0631\u0647\u0627 \u0627\u0644\u0635\u063a\u0627\u0631 \u0648\u0627\u0644\u0643\u0628\u0627\u0631 \u0639\u0644\u0649 \u062d\u062f \u0633\u0648\u0627\u0621.<\/p>\n<p>Boite m\u00e9tal grand format<\/p>","protected":false},"excerpt":{"rendered":"<p>\u0627\u0643\u062a\u0634\u0641 \u062c\u0648\u0647\u0631\u064b\u0627 \u062c\u0630\u0627\u0628\u064b\u0627 \u064a\u0648\u0642\u0638 \u062d\u0648\u0627\u0633\u0643 \u0648\u064a\u063a\u0644\u0641 \u062d\u064a\u0627\u062a\u0643 \u0627\u0644\u064a\u0648\u0645\u064a\u0629 \u0628\u0623\u0646\u0627\u0642\u0629 \u0622\u0633\u0631\u0629 \u0645\u0639 \u0645\u062c\u0645\u0648\u0639\u0629 \u0647\u062f\u0627\u064a\u0627 \u0633\u0648\u0642.<\/p>","protected":false},"featured_media":12026,"comment_status":"open","ping_status":"closed","template":"","meta":{"_joinchat":[]},"product_brand":[],"product_cat":[185,186],"product_tag":[],"class_list":{"0":"post-11374","1":"product","2":"type-product","3":"status-publish","4":"has-post-thumbnail","6":"product_cat-maison","7":"product_cat-decor","9":"first","10":"instock","11":"shipping-taxable","12":"purchasable","13":"product-type-simple"},"yoast_head":"<!-- This site is optimized with the Yoast SEO plugin v26.7 - https:\/\/yoast.com\/wordpress\/plugins\/seo\/ -->\n<title>COFFRET SOUK - Mariages.io store<\/title>\n<meta name=\"robots\" content=\"index, follow, max-snippet:-1, max-image-preview:large, max-video-preview:-1\" \/>\n<link rel=\"canonical\" href=\"https:\/\/store.mariages.io\/ar\/product\/botanika-5\/\" \/>\n<meta property=\"og:locale\" content=\"ar_AR\" \/>\n<meta property=\"og:type\" content=\"article\" \/>\n<meta property=\"og:title\" content=\"COFFRET SOUK - Mariages.io store\" \/>\n<meta property=\"og:description\" content=\"D\u00e9couvrez une essence captivante qui \u00e9veille vos sens et enveloppe votre quotidien d&#039;une \u00e9l\u00e9gance envo\u00fbtante avec le coffret Souk.\" \/>\n<meta property=\"og:url\" content=\"https:\/\/store.mariages.io\/ar\/product\/botanika-5\/\" \/>\n<meta property=\"og:site_name\" content=\"Mariages.io store\" \/>\n<meta property=\"article:modified_time\" content=\"2025-03-02T12:02:13+00:00\" \/>\n<meta property=\"og:image\" content=\"https:\/\/store.mariages.io\/wp-content\/uploads\/2024\/01\/fdfd.jpeg\" \/>\n\t<meta property=\"og:image:width\" content=\"1000\" \/>\n\t<meta property=\"og:image:height\" content=\"1000\" \/>\n\t<meta property=\"og:image:type\" content=\"image\/jpeg\" \/>\n<meta name=\"twitter:card\" content=\"summary_large_image\" \/>\n<meta name=\"twitter:label1\" content=\"\u0648\u0642\u062a \u0627\u0644\u0642\u0631\u0627\u0621\u0629 \u0627\u0644\u0645\u064f\u0642\u062f\u0651\u0631\" \/>\n\t<meta name=\"twitter:data1\" content=\"\u062f\u0642\u064a\u0642\u0629 \u0648\u0627\u062d\u062f\u0629\" \/>\n<script type=\"application\/ld+json\" class=\"yoast-schema-graph\">{\"@context\":\"https:\/\/schema.org\",\"@graph\":[{\"@type\":\"WebPage\",\"@id\":\"https:\/\/store.mariages.io\/product\/botanika-5\/\",\"url\":\"https:\/\/store.mariages.io\/product\/botanika-5\/\",\"name\":\"COFFRET SOUK - Mariages.io store\",\"isPartOf\":{\"@id\":\"https:\/\/darkviolet-ram-161551.hostingersite.com\/#website\"},\"primaryImageOfPage\":{\"@id\":\"https:\/\/store.mariages.io\/product\/botanika-5\/#primaryimage\"},\"image\":{\"@id\":\"https:\/\/store.mariages.io\/product\/botanika-5\/#primaryimage\"},\"thumbnailUrl\":\"https:\/\/store.mariages.io\/wp-content\/uploads\/2024\/01\/fdfd.jpeg\",\"datePublished\":\"2024-01-18T10:10:37+00:00\",\"dateModified\":\"2025-03-02T12:02:13+00:00\",\"breadcrumb\":{\"@id\":\"https:\/\/store.mariages.io\/product\/botanika-5\/#breadcrumb\"},\"inLanguage\":\"ar\",\"potentialAction\":[{\"@type\":\"ReadAction\",\"target\":[\"https:\/\/store.mariages.io\/product\/botanika-5\/\"]}]},{\"@type\":\"ImageObject\",\"inLanguage\":\"ar\",\"@id\":\"https:\/\/store.mariages.io\/product\/botanika-5\/#primaryimage\",\"url\":\"https:\/\/store.mariages.io\/wp-content\/uploads\/2024\/01\/fdfd.jpeg\",\"contentUrl\":\"https:\/\/store.mariages.io\/wp-content\/uploads\/2024\/01\/fdfd.jpeg\",\"width\":1000,\"height\":1000},{\"@type\":\"BreadcrumbList\",\"@id\":\"https:\/\/store.mariages.io\/product\/botanika-5\/#breadcrumb\",\"itemListElement\":[{\"@type\":\"ListItem\",\"position\":1,\"name\":\"Home\",\"item\":\"https:\/\/darkviolet-ram-161551.hostingersite.com\/\"},{\"@type\":\"ListItem\",\"position\":2,\"name\":\"Shop\",\"item\":\"https:\/\/store.mariages.io\/shop\/\"},{\"@type\":\"ListItem\",\"position\":3,\"name\":\"COFFRET SOUK\"}]},{\"@type\":\"WebSite\",\"@id\":\"https:\/\/darkviolet-ram-161551.hostingersite.com\/#website\",\"url\":\"https:\/\/darkviolet-ram-161551.hostingersite.com\/\",\"name\":\"Mariages.io store\",\"description\":\"STORE Mariages.IO\",\"potentialAction\":[{\"@type\":\"SearchAction\",\"target\":{\"@type\":\"EntryPoint\",\"urlTemplate\":\"https:\/\/darkviolet-ram-161551.hostingersite.com\/?s={search_term_string}\"},\"query-input\":{\"@type\":\"PropertyValueSpecification\",\"valueRequired\":true,\"valueName\":\"search_term_string\"}}],\"inLanguage\":\"ar\"}]}<\/script>\n<!-- \/ Yoast SEO plugin. -->","yoast_head_json":{"title":"COFFRET SOUK - Mariages.io store","robots":{"index":"index","follow":"follow","max-snippet":"max-snippet:-1","max-image-preview":"max-image-preview:large","max-video-preview":"max-video-preview:-1"},"canonical":"https:\/\/store.mariages.io\/ar\/product\/botanika-5\/","og_locale":"ar_AR","og_type":"article","og_title":"COFFRET SOUK - Mariages.io store","og_description":"D\u00e9couvrez une essence captivante qui \u00e9veille vos sens et enveloppe votre quotidien d'une \u00e9l\u00e9gance envo\u00fbtante avec le coffret Souk.","og_url":"https:\/\/store.mariages.io\/ar\/product\/botanika-5\/","og_site_name":"Mariages.io store","article_modified_time":"2025-03-02T12:02:13+00:00","og_image":[{"width":1000,"height":1000,"url":"https:\/\/store.mariages.io\/wp-content\/uploads\/2024\/01\/fdfd.jpeg","type":"image\/jpeg"}],"twitter_card":"summary_large_image","twitter_misc":{"\u0648\u0642\u062a \u0627\u0644\u0642\u0631\u0627\u0621\u0629 \u0627\u0644\u0645\u064f\u0642\u062f\u0651\u0631":"\u062f\u0642\u064a\u0642\u0629 \u0648\u0627\u062d\u062f\u0629"},"schema":{"@context":"https:\/\/schema.org","@graph":[{"@type":"WebPage","@id":"https:\/\/store.mariages.io\/product\/botanika-5\/","url":"https:\/\/store.mariages.io\/product\/botanika-5\/","name":"COFFRET SOUK - Mariages.io store","isPartOf":{"@id":"https:\/\/darkviolet-ram-161551.hostingersite.com\/#website"},"primaryImageOfPage":{"@id":"https:\/\/store.mariages.io\/product\/botanika-5\/#primaryimage"},"image":{"@id":"https:\/\/store.mariages.io\/product\/botanika-5\/#primaryimage"},"thumbnailUrl":"https:\/\/store.mariages.io\/wp-content\/uploads\/2024\/01\/fdfd.jpeg","datePublished":"2024-01-18T10:10:37+00:00","dateModified":"2025-03-02T12:02:13+00:00","breadcrumb":{"@id":"https:\/\/store.mariages.io\/product\/botanika-5\/#breadcrumb"},"inLanguage":"ar","potentialAction":[{"@type":"ReadAction","target":["https:\/\/store.mariages.io\/product\/botanika-5\/"]}]},{"@type":"ImageObject","inLanguage":"ar","@id":"https:\/\/store.mariages.io\/product\/botanika-5\/#primaryimage","url":"https:\/\/store.mariages.io\/wp-content\/uploads\/2024\/01\/fdfd.jpeg","contentUrl":"https:\/\/store.mariages.io\/wp-content\/uploads\/2024\/01\/fdfd.jpeg","width":1000,"height":1000},{"@type":"BreadcrumbList","@id":"https:\/\/store.mariages.io\/product\/botanika-5\/#breadcrumb","itemListElement":[{"@type":"ListItem","position":1,"name":"Home","item":"https:\/\/darkviolet-ram-161551.hostingersite.com\/"},{"@type":"ListItem","position":2,"name":"Shop","item":"https:\/\/store.mariages.io\/shop\/"},{"@type":"ListItem","position":3,"name":"COFFRET SOUK"}]},{"@type":"WebSite","@id":"https:\/\/darkviolet-ram-161551.hostingersite.com\/#website","url":"https:\/\/darkviolet-ram-161551.hostingersite.com\/","name":"Mariages.io store","description":"STORE Mariages.IO","potentialAction":[{"@type":"SearchAction","target":{"@type":"EntryPoint","urlTemplate":"https:\/\/darkviolet-ram-161551.hostingersite.com\/?s={search_term_string}"},"query-input":{"@type":"PropertyValueSpecification","valueRequired":true,"valueName":"search_term_string"}}],"inLanguage":"ar"}]}},"_links":{"self":[{"href":"https:\/\/store.mariages.io\/ar\/wp-json\/wp\/v2\/product\/11374","targetHints":{"allow":["GET"]}}],"collection":[{"href":"https:\/\/store.mariages.io\/ar\/wp-json\/wp\/v2\/product"}],"about":[{"href":"https:\/\/store.mariages.io\/ar\/wp-json\/wp\/v2\/types\/product"}],"replies":[{"embeddable":true,"href":"https:\/\/store.mariages.io\/ar\/wp-json\/wp\/v2\/comments?post=11374"}],"version-history":[{"count":2,"href":"https:\/\/store.mariages.io\/ar\/wp-json\/wp\/v2\/product\/11374\/revisions"}],"predecessor-version":[{"id":12030,"href":"https:\/\/store.mariages.io\/ar\/wp-json\/wp\/v2\/product\/11374\/revisions\/12030"}],"wp:featuredmedia":[{"embeddable":true,"href":"https:\/\/store.mariages.io\/ar\/wp-json\/wp\/v2\/media\/12026"}],"wp:attachment":[{"href":"https:\/\/store.mariages.io\/ar\/wp-json\/wp\/v2\/media?parent=11374"}],"wp:term":[{"taxonomy":"product_brand","embeddable":true,"href":"https:\/\/store.mariages.io\/ar\/wp-json\/wp\/v2\/product_brand?post=11374"},{"taxonomy":"product_cat","embeddable":true,"href":"https:\/\/store.mariages.io\/ar\/wp-json\/wp\/v2\/product_cat?post=11374"},{"taxonomy":"product_tag","embeddable":true,"href":"https:\/\/store.mariages.io\/ar\/wp-json\/wp\/v2\/product_tag?post=11374"}],"curies":[{"name":"wp","href":"https:\/\/api.w.org\/{rel}","templated":true}]}}