{"id":11153,"date":"2024-01-13T00:07:18","date_gmt":"2024-01-13T00:07:18","guid":{"rendered":"https:\/\/darkviolet-ram-161551.hostingersite.com\/?post_type=product&#038;p=11153"},"modified":"2025-03-31T20:04:21","modified_gmt":"2025-03-31T20:04:21","slug":"coffret-bachelorette","status":"publish","type":"product","link":"https:\/\/store.mariages.io\/ar\/product\/coffret-bachelorette\/","title":{"rendered":"\u0645\u062c\u0645\u0648\u0639\u0629 \u0635\u0646\u0627\u062f\u064a\u0642 \u0627\u0644\u0628\u0643\u0627\u0644\u0648\u0631\u064a\u0648\u0633"},"content":{"rendered":"<p>\u062a\u0639\u0628\u064a\u0631:<br \/>\n\u0631\u062f\u0627\u0621 \u062d\u0645\u0627\u0645 \u0633\u0627\u062a\u0627\u0646<br \/>\n\u0642\u0646\u0627\u0639 \u0627\u0644\u0637\u064a\u0646<br \/>\n\u0627\u0644\u0644\u0648\u0632 \u0627\u0644\u0645\u064f\u062d\u0644\u0649 \u0628\u0627\u0644\u0633\u0643\u0631<br \/>\n\u0628\u0644\u0633\u0645<\/p>","protected":false},"excerpt":{"rendered":"<p>\u062a\u0639\u0628\u064a\u0631:<br \/>\n\u0631\u062f\u0627\u0621 \u062d\u0645\u0627\u0645 \u0633\u0627\u062a\u0627\u0646<br \/>\n\u0642\u0646\u0627\u0639 \u0627\u0644\u0637\u064a\u0646<br \/>\n\u0627\u0644\u0644\u0648\u0632 \u0627\u0644\u0645\u064f\u062d\u0644\u0649 \u0628\u0627\u0644\u0633\u0643\u0631<br \/>\n\u0628\u0644\u0633\u0645<br \/>\n\u0623\u0631\u0633\u0644 \u0645\u0627 \u062a\u0631\u064a\u062f \u0643\u062a\u0627\u0628\u062a\u0647 \u0625\u0644\u0649 \u0642\u0633\u0645 \u0627\u0644\u0646\u0635 \u0627\u0644\u0645\u062e\u0635\u0635.<br \/>\n\u0645\u0644\u0627\u062d\u0638\u0629 \u0647\u0627\u0645\u0629: \u064a\u0631\u062c\u0649 \u0627\u0644\u062a\u062d\u0642\u0642 \u0645\u0646 \u062a\u0647\u062c\u0626\u0629 \u0627\u0644\u0646\u0635 \u0627\u0644\u0645\u062e\u0635\u0635 \u0628\u0639\u0646\u0627\u064a\u0629\u060c \u0644\u0623\u0646\u0647 \u0628\u0639\u062f \u0627\u0644\u062a\u062d\u0642\u0642 \u0645\u0646 \u0635\u062d\u0629 \u0627\u0644\u0637\u0644\u0628\u060c \u0644\u0646 \u064a\u0643\u0648\u0646 \u0645\u0646 \u0627\u0644\u0645\u0645\u0643\u0646 \u062a\u0639\u062f\u064a\u0644 \u0627\u0644\u062a\u062e\u0635\u064a\u0635.<\/p>","protected":false},"featured_media":11154,"comment_status":"open","ping_status":"closed","template":"","meta":{"_joinchat":[]},"product_brand":[],"product_cat":[72,104,71],"product_tag":[],"class_list":{"0":"post-11153","1":"product","2":"type-product","3":"status-publish","4":"has-post-thumbnail","6":"product_cat-personnalisation","7":"product_cat-bachelorette","8":"product_cat-coffrets","10":"first","11":"instock","12":"shipping-taxable","13":"purchasable","14":"product-type-simple"},"yoast_head":"<!-- This site is optimized with the Yoast SEO plugin v26.7 - https:\/\/yoast.com\/wordpress\/plugins\/seo\/ -->\n<title>Coffret Bachelorette - Mariages.io store<\/title>\n<meta name=\"robots\" content=\"index, follow, max-snippet:-1, max-image-preview:large, max-video-preview:-1\" \/>\n<link rel=\"canonical\" href=\"https:\/\/store.mariages.io\/ar\/product\/coffret-bachelorette\/\" \/>\n<meta property=\"og:locale\" content=\"ar_AR\" \/>\n<meta property=\"og:type\" content=\"article\" \/>\n<meta property=\"og:title\" content=\"Coffret Bachelorette - Mariages.io store\" \/>\n<meta property=\"og:description\" content=\"Composition: Peignoir de satin Masque d&#039;argile Drag\u00e9es Baume Envoyez ce que vous voulez \u00e9crire \u00e0 la section texte personnalis\u00e9. Remarque Importante : Veuillez v\u00e9rifier l\u2019orthographe du texte personnalis\u00e9 avec soin, car apr\u00e8s validation de la commande, il ne sera plus possible de modifier la personnalisation.\" \/>\n<meta property=\"og:url\" content=\"https:\/\/store.mariages.io\/ar\/product\/coffret-bachelorette\/\" \/>\n<meta property=\"og:site_name\" content=\"Mariages.io store\" \/>\n<meta property=\"article:modified_time\" content=\"2025-03-31T20:04:21+00:00\" \/>\n<meta property=\"og:image\" content=\"https:\/\/store.mariages.io\/wp-content\/uploads\/2024\/01\/Capture-decran-2024-01-13-a-00.59.55.png\" \/>\n\t<meta property=\"og:image:width\" content=\"730\" \/>\n\t<meta property=\"og:image:height\" content=\"871\" \/>\n\t<meta property=\"og:image:type\" content=\"image\/png\" \/>\n<meta name=\"twitter:card\" content=\"summary_large_image\" \/>\n<meta name=\"twitter:label1\" content=\"\u0648\u0642\u062a \u0627\u0644\u0642\u0631\u0627\u0621\u0629 \u0627\u0644\u0645\u064f\u0642\u062f\u0651\u0631\" \/>\n\t<meta name=\"twitter:data1\" content=\"\u062f\u0642\u064a\u0642\u0629 \u0648\u0627\u062d\u062f\u0629\" \/>\n<script type=\"application\/ld+json\" class=\"yoast-schema-graph\">{\"@context\":\"https:\/\/schema.org\",\"@graph\":[{\"@type\":\"WebPage\",\"@id\":\"https:\/\/store.mariages.io\/product\/coffret-bachelorette\/\",\"url\":\"https:\/\/store.mariages.io\/product\/coffret-bachelorette\/\",\"name\":\"Coffret Bachelorette - Mariages.io store\",\"isPartOf\":{\"@id\":\"https:\/\/darkviolet-ram-161551.hostingersite.com\/#website\"},\"primaryImageOfPage\":{\"@id\":\"https:\/\/store.mariages.io\/product\/coffret-bachelorette\/#primaryimage\"},\"image\":{\"@id\":\"https:\/\/store.mariages.io\/product\/coffret-bachelorette\/#primaryimage\"},\"thumbnailUrl\":\"https:\/\/store.mariages.io\/wp-content\/uploads\/2024\/01\/Capture-decran-2024-01-13-a-00.59.55.png\",\"datePublished\":\"2024-01-13T00:07:18+00:00\",\"dateModified\":\"2025-03-31T20:04:21+00:00\",\"breadcrumb\":{\"@id\":\"https:\/\/store.mariages.io\/product\/coffret-bachelorette\/#breadcrumb\"},\"inLanguage\":\"ar\",\"potentialAction\":[{\"@type\":\"ReadAction\",\"target\":[\"https:\/\/store.mariages.io\/product\/coffret-bachelorette\/\"]}]},{\"@type\":\"ImageObject\",\"inLanguage\":\"ar\",\"@id\":\"https:\/\/store.mariages.io\/product\/coffret-bachelorette\/#primaryimage\",\"url\":\"https:\/\/store.mariages.io\/wp-content\/uploads\/2024\/01\/Capture-decran-2024-01-13-a-00.59.55.png\",\"contentUrl\":\"https:\/\/store.mariages.io\/wp-content\/uploads\/2024\/01\/Capture-decran-2024-01-13-a-00.59.55.png\",\"width\":730,\"height\":871},{\"@type\":\"BreadcrumbList\",\"@id\":\"https:\/\/store.mariages.io\/product\/coffret-bachelorette\/#breadcrumb\",\"itemListElement\":[{\"@type\":\"ListItem\",\"position\":1,\"name\":\"Home\",\"item\":\"https:\/\/darkviolet-ram-161551.hostingersite.com\/\"},{\"@type\":\"ListItem\",\"position\":2,\"name\":\"Shop\",\"item\":\"https:\/\/store.mariages.io\/shop\/\"},{\"@type\":\"ListItem\",\"position\":3,\"name\":\"Coffret Bachelorette\"}]},{\"@type\":\"WebSite\",\"@id\":\"https:\/\/darkviolet-ram-161551.hostingersite.com\/#website\",\"url\":\"https:\/\/darkviolet-ram-161551.hostingersite.com\/\",\"name\":\"Mariages.io store\",\"description\":\"STORE Mariages.IO\",\"potentialAction\":[{\"@type\":\"SearchAction\",\"target\":{\"@type\":\"EntryPoint\",\"urlTemplate\":\"https:\/\/darkviolet-ram-161551.hostingersite.com\/?s={search_term_string}\"},\"query-input\":{\"@type\":\"PropertyValueSpecification\",\"valueRequired\":true,\"valueName\":\"search_term_string\"}}],\"inLanguage\":\"ar\"}]}<\/script>\n<!-- \/ Yoast SEO plugin. -->","yoast_head_json":{"title":"Coffret Bachelorette - Mariages.io store","robots":{"index":"index","follow":"follow","max-snippet":"max-snippet:-1","max-image-preview":"max-image-preview:large","max-video-preview":"max-video-preview:-1"},"canonical":"https:\/\/store.mariages.io\/ar\/product\/coffret-bachelorette\/","og_locale":"ar_AR","og_type":"article","og_title":"Coffret Bachelorette - Mariages.io store","og_description":"Composition: Peignoir de satin Masque d'argile Drag\u00e9es Baume Envoyez ce que vous voulez \u00e9crire \u00e0 la section texte personnalis\u00e9. Remarque Importante : Veuillez v\u00e9rifier l\u2019orthographe du texte personnalis\u00e9 avec soin, car apr\u00e8s validation de la commande, il ne sera plus possible de modifier la personnalisation.","og_url":"https:\/\/store.mariages.io\/ar\/product\/coffret-bachelorette\/","og_site_name":"Mariages.io store","article_modified_time":"2025-03-31T20:04:21+00:00","og_image":[{"width":730,"height":871,"url":"https:\/\/store.mariages.io\/wp-content\/uploads\/2024\/01\/Capture-decran-2024-01-13-a-00.59.55.png","type":"image\/png"}],"twitter_card":"summary_large_image","twitter_misc":{"\u0648\u0642\u062a \u0627\u0644\u0642\u0631\u0627\u0621\u0629 \u0627\u0644\u0645\u064f\u0642\u062f\u0651\u0631":"\u062f\u0642\u064a\u0642\u0629 \u0648\u0627\u062d\u062f\u0629"},"schema":{"@context":"https:\/\/schema.org","@graph":[{"@type":"WebPage","@id":"https:\/\/store.mariages.io\/product\/coffret-bachelorette\/","url":"https:\/\/store.mariages.io\/product\/coffret-bachelorette\/","name":"Coffret Bachelorette - Mariages.io store","isPartOf":{"@id":"https:\/\/darkviolet-ram-161551.hostingersite.com\/#website"},"primaryImageOfPage":{"@id":"https:\/\/store.mariages.io\/product\/coffret-bachelorette\/#primaryimage"},"image":{"@id":"https:\/\/store.mariages.io\/product\/coffret-bachelorette\/#primaryimage"},"thumbnailUrl":"https:\/\/store.mariages.io\/wp-content\/uploads\/2024\/01\/Capture-decran-2024-01-13-a-00.59.55.png","datePublished":"2024-01-13T00:07:18+00:00","dateModified":"2025-03-31T20:04:21+00:00","breadcrumb":{"@id":"https:\/\/store.mariages.io\/product\/coffret-bachelorette\/#breadcrumb"},"inLanguage":"ar","potentialAction":[{"@type":"ReadAction","target":["https:\/\/store.mariages.io\/product\/coffret-bachelorette\/"]}]},{"@type":"ImageObject","inLanguage":"ar","@id":"https:\/\/store.mariages.io\/product\/coffret-bachelorette\/#primaryimage","url":"https:\/\/store.mariages.io\/wp-content\/uploads\/2024\/01\/Capture-decran-2024-01-13-a-00.59.55.png","contentUrl":"https:\/\/store.mariages.io\/wp-content\/uploads\/2024\/01\/Capture-decran-2024-01-13-a-00.59.55.png","width":730,"height":871},{"@type":"BreadcrumbList","@id":"https:\/\/store.mariages.io\/product\/coffret-bachelorette\/#breadcrumb","itemListElement":[{"@type":"ListItem","position":1,"name":"Home","item":"https:\/\/darkviolet-ram-161551.hostingersite.com\/"},{"@type":"ListItem","position":2,"name":"Shop","item":"https:\/\/store.mariages.io\/shop\/"},{"@type":"ListItem","position":3,"name":"Coffret Bachelorette"}]},{"@type":"WebSite","@id":"https:\/\/darkviolet-ram-161551.hostingersite.com\/#website","url":"https:\/\/darkviolet-ram-161551.hostingersite.com\/","name":"Mariages.io store","description":"STORE Mariages.IO","potentialAction":[{"@type":"SearchAction","target":{"@type":"EntryPoint","urlTemplate":"https:\/\/darkviolet-ram-161551.hostingersite.com\/?s={search_term_string}"},"query-input":{"@type":"PropertyValueSpecification","valueRequired":true,"valueName":"search_term_string"}}],"inLanguage":"ar"}]}},"_links":{"self":[{"href":"https:\/\/store.mariages.io\/ar\/wp-json\/wp\/v2\/product\/11153","targetHints":{"allow":["GET"]}}],"collection":[{"href":"https:\/\/store.mariages.io\/ar\/wp-json\/wp\/v2\/product"}],"about":[{"href":"https:\/\/store.mariages.io\/ar\/wp-json\/wp\/v2\/types\/product"}],"replies":[{"embeddable":true,"href":"https:\/\/store.mariages.io\/ar\/wp-json\/wp\/v2\/comments?post=11153"}],"version-history":[{"count":1,"href":"https:\/\/store.mariages.io\/ar\/wp-json\/wp\/v2\/product\/11153\/revisions"}],"predecessor-version":[{"id":11158,"href":"https:\/\/store.mariages.io\/ar\/wp-json\/wp\/v2\/product\/11153\/revisions\/11158"}],"wp:featuredmedia":[{"embeddable":true,"href":"https:\/\/store.mariages.io\/ar\/wp-json\/wp\/v2\/media\/11154"}],"wp:attachment":[{"href":"https:\/\/store.mariages.io\/ar\/wp-json\/wp\/v2\/media?parent=11153"}],"wp:term":[{"taxonomy":"product_brand","embeddable":true,"href":"https:\/\/store.mariages.io\/ar\/wp-json\/wp\/v2\/product_brand?post=11153"},{"taxonomy":"product_cat","embeddable":true,"href":"https:\/\/store.mariages.io\/ar\/wp-json\/wp\/v2\/product_cat?post=11153"},{"taxonomy":"product_tag","embeddable":true,"href":"https:\/\/store.mariages.io\/ar\/wp-json\/wp\/v2\/product_tag?post=11153"}],"curies":[{"name":"wp","href":"https:\/\/api.w.org\/{rel}","templated":true}]}}