{"id":11021,"date":"2024-01-08T12:25:38","date_gmt":"2024-01-08T12:25:38","guid":{"rendered":"https:\/\/darkviolet-ram-161551.hostingersite.com\/?post_type=product&#038;p=11021"},"modified":"2024-01-08T12:25:38","modified_gmt":"2024-01-08T12:25:38","slug":"ensemble-en-dentelle-decoupe-jarretiere","status":"publish","type":"product","link":"https:\/\/store.mariages.io\/ar\/product\/ensemble-en-dentelle-decoupe-jarretiere\/","title":{"rendered":"\u0637\u0642\u0645 \u0627\u0644\u0631\u0628\u0627\u0637 \u0627\u0644\u0645\u0642\u0637\u0648\u0639 \u0645\u0646 \u0627\u0644\u062f\u0627\u0646\u062a\u064a\u0644"},"content":{"rendered":"<p>\u0627\u0644\u0644\u0648\u0646: \u0623\u0633\u0648\u062f + \u0623\u062d\u0645\u0631<br \/>\n\u0646\u0648\u0639 \u0627\u0644\u064a\u0627\u0642\u0629: \u0623\u0634\u0631\u0637\u0629 \u0631\u0641\u064a\u0639\u0629<br \/>\n\u0627\u0644\u0646\u0648\u0639: \u0645\u062c\u0645\u0648\u0639\u0629 \u0645\u062b\u064a\u0631\u0629<br \/>\n\u0646\u0648\u0639 \u0627\u0644\u0646\u0645\u0637: \u0644\u0648\u0646 \u0633\u0627\u062f\u0629<br \/>\n\u0646\u0648\u0639 \u062d\u0645\u0627\u0644\u0629 \u0627\u0644\u0635\u062f\u0631: \u0645\u062b\u0644\u062b<br \/>\n\u0646\u0648\u0639 \u0627\u0644\u0645\u0644\u0627\u0628\u0633 \u0627\u0644\u062f\u0627\u062e\u0644\u064a\u0629: \u062b\u0648\u0646\u063a<br \/>\n\u0639\u062f\u062f \u0627\u0644\u0642\u0637\u0639: \u0645\u062c\u0645\u0648\u0639\u0629 \u0645\u0646 3 \u0642\u0637\u0639<br \/>\n\u0627\u0644\u062d\u062c\u0645: \u0645\u062a\u0648\u0633\u0637 \u0627\u0644\u062d\u062c\u0645<br \/>\n\u0627\u0644\u062a\u0641\u0627\u0635\u064a\u0644: \u0641\u062a\u062d\u0629\u060c \u0634\u0641\u0627\u0641\u0629<br \/>\n\u0627\u0644\u0642\u0645\u0627\u0634: \u062e\u0641\u064a\u0641 \u0627\u0644\u062a\u0645\u062f\u062f<br \/>\n\u062a\u0639\u0644\u064a\u0645\u0627\u062a \u0627\u0644\u0639\u0646\u0627\u064a\u0629: \u063a\u0633\u064a\u0644 \u064a\u062f\u0648\u064a\u060c \u0644\u0627 \u062a\u0633\u062a\u062e\u062f\u0645 \u0627\u0644\u062a\u0646\u0638\u064a\u0641 \u0627\u0644\u062c\u0627\u0641<br \/>\n\u0634\u0641\u0627\u0641: \u0634\u0628\u0647 \u0634\u0641\u0627\u0641<br \/>\n\u0642\u0645\u0627\u0634\/\u0645\u0627\u062f\u0629 \u0627\u0644\u062c\u0632\u0621 \u0627\u0644\u0639\u0644\u0648\u064a: \u0642\u0645\u0627\u0634 \u0645\u062d\u0628\u0648\u0643<br \/>\n\u062a\u0643\u0648\u064a\u0646 \u0627\u0644\u062c\u0632\u0621 \u0627\u0644\u0639\u0644\u0648\u064a: 90% \u0628\u0648\u0644\u064a \u0623\u0645\u064a\u062f\u060c 10% \u0625\u064a\u0644\u0627\u0633\u062a\u0627\u0646<\/p>","protected":false},"excerpt":{"rendered":"<p>Couleur: Noir + Rouge Type du col: Fines brides Type: Ensemble sexy Type de motif: Unicolore Type de Soutien-gorge: Triangle<\/p>","protected":false},"featured_media":11035,"comment_status":"open","ping_status":"closed","template":"","meta":{"_joinchat":[]},"product_brand":[],"product_cat":[73,107],"product_tag":[],"class_list":{"0":"post-11021","1":"product","2":"type-product","3":"status-publish","4":"has-post-thumbnail","6":"product_cat-mode","7":"product_cat-mode-femme","9":"first","10":"instock","11":"shipping-taxable","12":"purchasable","13":"product-type-variable","14":"has-default-attributes"},"yoast_head":"<!-- This site is optimized with the Yoast SEO plugin v26.7 - https:\/\/yoast.com\/wordpress\/plugins\/seo\/ -->\n<title>Ensemble en Dentelle d\u00e9coup\u00e9 jarreti\u00e8re - Mariages.io store<\/title>\n<meta name=\"robots\" content=\"index, follow, max-snippet:-1, max-image-preview:large, max-video-preview:-1\" \/>\n<link rel=\"canonical\" href=\"https:\/\/store.mariages.io\/ar\/product\/ensemble-en-dentelle-decoupe-jarretiere\/\" \/>\n<meta property=\"og:locale\" content=\"ar_AR\" \/>\n<meta property=\"og:type\" content=\"article\" \/>\n<meta property=\"og:title\" content=\"Ensemble en Dentelle d\u00e9coup\u00e9 jarreti\u00e8re - Mariages.io store\" \/>\n<meta property=\"og:description\" content=\"Couleur: Noir + Rouge Type du col: Fines brides Type: Ensemble sexy Type de motif: Unicolore Type de Soutien-gorge: Triangle\" \/>\n<meta property=\"og:url\" content=\"https:\/\/store.mariages.io\/ar\/product\/ensemble-en-dentelle-decoupe-jarretiere\/\" \/>\n<meta property=\"og:site_name\" content=\"Mariages.io store\" \/>\n<meta property=\"og:image\" content=\"https:\/\/store.mariages.io\/wp-content\/uploads\/2024\/01\/ensemble-de-Lingerie-en-dentelle-rouge.png\" \/>\n\t<meta property=\"og:image:width\" content=\"994\" \/>\n\t<meta property=\"og:image:height\" content=\"1306\" \/>\n\t<meta property=\"og:image:type\" content=\"image\/png\" \/>\n<meta name=\"twitter:card\" content=\"summary_large_image\" \/>\n<script type=\"application\/ld+json\" class=\"yoast-schema-graph\">{\"@context\":\"https:\/\/schema.org\",\"@graph\":[{\"@type\":\"WebPage\",\"@id\":\"https:\/\/store.mariages.io\/product\/ensemble-en-dentelle-decoupe-jarretiere\/\",\"url\":\"https:\/\/store.mariages.io\/product\/ensemble-en-dentelle-decoupe-jarretiere\/\",\"name\":\"Ensemble en Dentelle d\u00e9coup\u00e9 jarreti\u00e8re - Mariages.io store\",\"isPartOf\":{\"@id\":\"https:\/\/darkviolet-ram-161551.hostingersite.com\/#website\"},\"primaryImageOfPage\":{\"@id\":\"https:\/\/store.mariages.io\/product\/ensemble-en-dentelle-decoupe-jarretiere\/#primaryimage\"},\"image\":{\"@id\":\"https:\/\/store.mariages.io\/product\/ensemble-en-dentelle-decoupe-jarretiere\/#primaryimage\"},\"thumbnailUrl\":\"https:\/\/store.mariages.io\/wp-content\/uploads\/2024\/01\/ensemble-de-Lingerie-en-dentelle-rouge.png\",\"datePublished\":\"2024-01-08T12:25:38+00:00\",\"breadcrumb\":{\"@id\":\"https:\/\/store.mariages.io\/product\/ensemble-en-dentelle-decoupe-jarretiere\/#breadcrumb\"},\"inLanguage\":\"ar\",\"potentialAction\":[{\"@type\":\"ReadAction\",\"target\":[\"https:\/\/store.mariages.io\/product\/ensemble-en-dentelle-decoupe-jarretiere\/\"]}]},{\"@type\":\"ImageObject\",\"inLanguage\":\"ar\",\"@id\":\"https:\/\/store.mariages.io\/product\/ensemble-en-dentelle-decoupe-jarretiere\/#primaryimage\",\"url\":\"https:\/\/store.mariages.io\/wp-content\/uploads\/2024\/01\/ensemble-de-Lingerie-en-dentelle-rouge.png\",\"contentUrl\":\"https:\/\/store.mariages.io\/wp-content\/uploads\/2024\/01\/ensemble-de-Lingerie-en-dentelle-rouge.png\",\"width\":994,\"height\":1306},{\"@type\":\"BreadcrumbList\",\"@id\":\"https:\/\/store.mariages.io\/product\/ensemble-en-dentelle-decoupe-jarretiere\/#breadcrumb\",\"itemListElement\":[{\"@type\":\"ListItem\",\"position\":1,\"name\":\"Home\",\"item\":\"https:\/\/darkviolet-ram-161551.hostingersite.com\/\"},{\"@type\":\"ListItem\",\"position\":2,\"name\":\"Shop\",\"item\":\"https:\/\/store.mariages.io\/shop\/\"},{\"@type\":\"ListItem\",\"position\":3,\"name\":\"Ensemble en Dentelle d\u00e9coup\u00e9 jarreti\u00e8re\"}]},{\"@type\":\"WebSite\",\"@id\":\"https:\/\/darkviolet-ram-161551.hostingersite.com\/#website\",\"url\":\"https:\/\/darkviolet-ram-161551.hostingersite.com\/\",\"name\":\"Mariages.io store\",\"description\":\"STORE Mariages.IO\",\"potentialAction\":[{\"@type\":\"SearchAction\",\"target\":{\"@type\":\"EntryPoint\",\"urlTemplate\":\"https:\/\/darkviolet-ram-161551.hostingersite.com\/?s={search_term_string}\"},\"query-input\":{\"@type\":\"PropertyValueSpecification\",\"valueRequired\":true,\"valueName\":\"search_term_string\"}}],\"inLanguage\":\"ar\"}]}<\/script>\n<!-- \/ Yoast SEO plugin. -->","yoast_head_json":{"title":"Ensemble en Dentelle d\u00e9coup\u00e9 jarreti\u00e8re - Mariages.io store","robots":{"index":"index","follow":"follow","max-snippet":"max-snippet:-1","max-image-preview":"max-image-preview:large","max-video-preview":"max-video-preview:-1"},"canonical":"https:\/\/store.mariages.io\/ar\/product\/ensemble-en-dentelle-decoupe-jarretiere\/","og_locale":"ar_AR","og_type":"article","og_title":"Ensemble en Dentelle d\u00e9coup\u00e9 jarreti\u00e8re - Mariages.io store","og_description":"Couleur: Noir + Rouge Type du col: Fines brides Type: Ensemble sexy Type de motif: Unicolore Type de Soutien-gorge: Triangle","og_url":"https:\/\/store.mariages.io\/ar\/product\/ensemble-en-dentelle-decoupe-jarretiere\/","og_site_name":"Mariages.io store","og_image":[{"width":994,"height":1306,"url":"https:\/\/store.mariages.io\/wp-content\/uploads\/2024\/01\/ensemble-de-Lingerie-en-dentelle-rouge.png","type":"image\/png"}],"twitter_card":"summary_large_image","schema":{"@context":"https:\/\/schema.org","@graph":[{"@type":"WebPage","@id":"https:\/\/store.mariages.io\/product\/ensemble-en-dentelle-decoupe-jarretiere\/","url":"https:\/\/store.mariages.io\/product\/ensemble-en-dentelle-decoupe-jarretiere\/","name":"Ensemble en Dentelle d\u00e9coup\u00e9 jarreti\u00e8re - Mariages.io store","isPartOf":{"@id":"https:\/\/darkviolet-ram-161551.hostingersite.com\/#website"},"primaryImageOfPage":{"@id":"https:\/\/store.mariages.io\/product\/ensemble-en-dentelle-decoupe-jarretiere\/#primaryimage"},"image":{"@id":"https:\/\/store.mariages.io\/product\/ensemble-en-dentelle-decoupe-jarretiere\/#primaryimage"},"thumbnailUrl":"https:\/\/store.mariages.io\/wp-content\/uploads\/2024\/01\/ensemble-de-Lingerie-en-dentelle-rouge.png","datePublished":"2024-01-08T12:25:38+00:00","breadcrumb":{"@id":"https:\/\/store.mariages.io\/product\/ensemble-en-dentelle-decoupe-jarretiere\/#breadcrumb"},"inLanguage":"ar","potentialAction":[{"@type":"ReadAction","target":["https:\/\/store.mariages.io\/product\/ensemble-en-dentelle-decoupe-jarretiere\/"]}]},{"@type":"ImageObject","inLanguage":"ar","@id":"https:\/\/store.mariages.io\/product\/ensemble-en-dentelle-decoupe-jarretiere\/#primaryimage","url":"https:\/\/store.mariages.io\/wp-content\/uploads\/2024\/01\/ensemble-de-Lingerie-en-dentelle-rouge.png","contentUrl":"https:\/\/store.mariages.io\/wp-content\/uploads\/2024\/01\/ensemble-de-Lingerie-en-dentelle-rouge.png","width":994,"height":1306},{"@type":"BreadcrumbList","@id":"https:\/\/store.mariages.io\/product\/ensemble-en-dentelle-decoupe-jarretiere\/#breadcrumb","itemListElement":[{"@type":"ListItem","position":1,"name":"Home","item":"https:\/\/darkviolet-ram-161551.hostingersite.com\/"},{"@type":"ListItem","position":2,"name":"Shop","item":"https:\/\/store.mariages.io\/shop\/"},{"@type":"ListItem","position":3,"name":"Ensemble en Dentelle d\u00e9coup\u00e9 jarreti\u00e8re"}]},{"@type":"WebSite","@id":"https:\/\/darkviolet-ram-161551.hostingersite.com\/#website","url":"https:\/\/darkviolet-ram-161551.hostingersite.com\/","name":"Mariages.io store","description":"STORE Mariages.IO","potentialAction":[{"@type":"SearchAction","target":{"@type":"EntryPoint","urlTemplate":"https:\/\/darkviolet-ram-161551.hostingersite.com\/?s={search_term_string}"},"query-input":{"@type":"PropertyValueSpecification","valueRequired":true,"valueName":"search_term_string"}}],"inLanguage":"ar"}]}},"_links":{"self":[{"href":"https:\/\/store.mariages.io\/ar\/wp-json\/wp\/v2\/product\/11021","targetHints":{"allow":["GET"]}}],"collection":[{"href":"https:\/\/store.mariages.io\/ar\/wp-json\/wp\/v2\/product"}],"about":[{"href":"https:\/\/store.mariages.io\/ar\/wp-json\/wp\/v2\/types\/product"}],"replies":[{"embeddable":true,"href":"https:\/\/store.mariages.io\/ar\/wp-json\/wp\/v2\/comments?post=11021"}],"version-history":[{"count":1,"href":"https:\/\/store.mariages.io\/ar\/wp-json\/wp\/v2\/product\/11021\/revisions"}],"predecessor-version":[{"id":11038,"href":"https:\/\/store.mariages.io\/ar\/wp-json\/wp\/v2\/product\/11021\/revisions\/11038"}],"wp:featuredmedia":[{"embeddable":true,"href":"https:\/\/store.mariages.io\/ar\/wp-json\/wp\/v2\/media\/11035"}],"wp:attachment":[{"href":"https:\/\/store.mariages.io\/ar\/wp-json\/wp\/v2\/media?parent=11021"}],"wp:term":[{"taxonomy":"product_brand","embeddable":true,"href":"https:\/\/store.mariages.io\/ar\/wp-json\/wp\/v2\/product_brand?post=11021"},{"taxonomy":"product_cat","embeddable":true,"href":"https:\/\/store.mariages.io\/ar\/wp-json\/wp\/v2\/product_cat?post=11021"},{"taxonomy":"product_tag","embeddable":true,"href":"https:\/\/store.mariages.io\/ar\/wp-json\/wp\/v2\/product_tag?post=11021"}],"curies":[{"name":"wp","href":"https:\/\/api.w.org\/{rel}","templated":true}]}}