{"id":10141,"date":"2023-12-29T14:20:58","date_gmt":"2023-12-29T14:20:58","guid":{"rendered":"https:\/\/darkviolet-ram-161551.hostingersite.com\/?post_type=product&#038;p=10141"},"modified":"2025-03-02T11:39:06","modified_gmt":"2025-03-02T11:39:06","slug":"box-bain-pour-homme","status":"publish","type":"product","link":"https:\/\/store.mariages.io\/ar\/product\/box-bain-pour-homme\/","title":{"rendered":"\u0635\u0646\u062f\u0648\u0642 \u062d\u0645\u0627\u0645 \u0644\u0644\u0631\u062c\u0627\u0644"},"content":{"rendered":"<p>\u0635\u0646\u062f\u0648\u0642 \u062d\u0645\u0627\u0645 \u0627\u0644\u0631\u062c\u0627\u0644 \u064a\u062a\u0643\u0648\u0646 \u0645\u0646:<\/p>\n<p>\u0645\u0646\u062f\u064a\u0644 \u0634\u062e\u0635\u064a 50\u00d7100<br \/>\n\u0645\u0646\u0634\u0641\u0629 \u063a\u0633\u064a\u0644 \u0634\u062e\u0635\u064a\u0629<br \/>\n\u0632\u0648\u062c \u0645\u0646 \u0627\u0644\u0646\u0639\u0627\u0644 \u0627\u0644\u0645\u062e\u0635\u0635\u0629 (40\/41\/42)<br \/>\n\u0635\u0627\u0628\u0648\u0646 \u062d\u0644\u064a\u0628 \u0627\u0644\u0645\u0627\u0639\u0632<br \/>\n\u062c\u0644 \u0627\u0633\u062a\u062d\u0645\u0627\u0645 \u0628\u0631\u0627\u0626\u062d\u0629 \u0627\u0644\u0639\u0648\u062f<br \/>\n\u0632\u0647\u0631\u0629 \u0627\u0644\u0627\u0633\u062a\u062d\u0645\u0627\u0645<br \/>\n\u0635\u0646\u062f\u0648\u0642 \u0645\u0646 \u0632\u062c\u0627\u062c \u0634\u0628\u0643\u064a \u0634\u0641\u0627\u0641 <\/p>","protected":false},"excerpt":{"rendered":"<p>\u0635\u0646\u062f\u0648\u0642 \u062d\u0645\u0627\u0645 \u0627\u0644\u0631\u062c\u0627\u0644 \u064a\u062a\u0643\u0648\u0646 \u0645\u0646:<\/p>\n<p>\u0645\u0646\u062f\u064a\u0644 \u0634\u062e\u0635\u064a 50\u00d7100<br \/>\n\u0645\u0646\u0634\u0641\u0629 \u063a\u0633\u064a\u0644 \u0634\u062e\u0635\u064a\u0629<br \/>\n\u0632\u0648\u062c \u0645\u0646 \u0627\u0644\u0646\u0639\u0627\u0644 \u0627\u0644\u0645\u062e\u0635\u0635\u0629 (40\/41\/42)<br \/>\n\u0635\u0627\u0628\u0648\u0646 \u062d\u0644\u064a\u0628 \u0627\u0644\u0645\u0627\u0639\u0632<br \/>\n\u062c\u0644 \u0627\u0633\u062a\u062d\u0645\u0627\u0645 \u0628\u0631\u0627\u0626\u062d\u0629 \u0627\u0644\u0639\u0648\u062f<br \/>\n\u0632\u0647\u0631\u0629 \u0627\u0644\u0627\u0633\u062a\u062d\u0645\u0627\u0645<br \/>\n\u0635\u0646\u062f\u0648\u0642 \u0645\u0646 \u0632\u062c\u0627\u062c \u0634\u0628\u0643\u064a \u0634\u0641\u0627\u0641 <\/p>","protected":false},"featured_media":10142,"comment_status":"open","ping_status":"closed","template":"","meta":{"_joinchat":[]},"product_brand":[],"product_cat":[191,193,72,71],"product_tag":[],"class_list":{"0":"post-10141","1":"product","2":"type-product","3":"status-publish","4":"has-post-thumbnail","6":"product_cat-chambre-et-salle-de-bain","7":"product_cat-bain","8":"product_cat-personnalisation","9":"product_cat-coffrets","11":"first","12":"instock","13":"sale","14":"shipping-taxable","15":"purchasable","16":"product-type-simple"},"yoast_head":"<!-- This site is optimized with the Yoast SEO plugin v26.7 - https:\/\/yoast.com\/wordpress\/plugins\/seo\/ -->\n<title>Box bain pour Homme - Mariages.io store<\/title>\n<meta name=\"robots\" content=\"index, follow, max-snippet:-1, max-image-preview:large, max-video-preview:-1\" \/>\n<link rel=\"canonical\" href=\"https:\/\/store.mariages.io\/ar\/product\/box-bain-pour-homme\/\" \/>\n<meta property=\"og:locale\" content=\"ar_AR\" \/>\n<meta property=\"og:type\" content=\"article\" \/>\n<meta property=\"og:title\" content=\"Box bain pour Homme - Mariages.io store\" \/>\n<meta property=\"og:description\" content=\"La box de bain homme est compos\u00e9 de :  Une serviette 50x100 personnalis\u00e9e Un gant de toilette personnalis\u00e9  Une paire de chaussons personnalis\u00e9s ( 40\/41\/42) Un savon au lait de ch\u00e8vre  Un gel douche oud  une fleur de douche  Une bo\u00eete en plexi transparente\" \/>\n<meta property=\"og:url\" content=\"https:\/\/store.mariages.io\/ar\/product\/box-bain-pour-homme\/\" \/>\n<meta property=\"og:site_name\" content=\"Mariages.io store\" \/>\n<meta property=\"article:modified_time\" content=\"2025-03-02T11:39:06+00:00\" \/>\n<meta property=\"og:image\" content=\"https:\/\/store.mariages.io\/wp-content\/uploads\/2023\/12\/Creation-bain-homme-coffret.webp\" \/>\n\t<meta property=\"og:image:width\" content=\"720\" \/>\n\t<meta property=\"og:image:height\" content=\"720\" \/>\n\t<meta property=\"og:image:type\" content=\"image\/webp\" \/>\n<meta name=\"twitter:card\" content=\"summary_large_image\" \/>\n<meta name=\"twitter:label1\" content=\"\u0648\u0642\u062a \u0627\u0644\u0642\u0631\u0627\u0621\u0629 \u0627\u0644\u0645\u064f\u0642\u062f\u0651\u0631\" \/>\n\t<meta name=\"twitter:data1\" content=\"\u062f\u0642\u064a\u0642\u0629 \u0648\u0627\u062d\u062f\u0629\" \/>\n<script type=\"application\/ld+json\" class=\"yoast-schema-graph\">{\"@context\":\"https:\/\/schema.org\",\"@graph\":[{\"@type\":\"WebPage\",\"@id\":\"https:\/\/store.mariages.io\/product\/box-bain-pour-homme\/\",\"url\":\"https:\/\/store.mariages.io\/product\/box-bain-pour-homme\/\",\"name\":\"Box bain pour Homme - Mariages.io store\",\"isPartOf\":{\"@id\":\"https:\/\/darkviolet-ram-161551.hostingersite.com\/#website\"},\"primaryImageOfPage\":{\"@id\":\"https:\/\/store.mariages.io\/product\/box-bain-pour-homme\/#primaryimage\"},\"image\":{\"@id\":\"https:\/\/store.mariages.io\/product\/box-bain-pour-homme\/#primaryimage\"},\"thumbnailUrl\":\"https:\/\/store.mariages.io\/wp-content\/uploads\/2023\/12\/Creation-bain-homme-coffret.webp\",\"datePublished\":\"2023-12-29T14:20:58+00:00\",\"dateModified\":\"2025-03-02T11:39:06+00:00\",\"breadcrumb\":{\"@id\":\"https:\/\/store.mariages.io\/product\/box-bain-pour-homme\/#breadcrumb\"},\"inLanguage\":\"ar\",\"potentialAction\":[{\"@type\":\"ReadAction\",\"target\":[\"https:\/\/store.mariages.io\/product\/box-bain-pour-homme\/\"]}]},{\"@type\":\"ImageObject\",\"inLanguage\":\"ar\",\"@id\":\"https:\/\/store.mariages.io\/product\/box-bain-pour-homme\/#primaryimage\",\"url\":\"https:\/\/store.mariages.io\/wp-content\/uploads\/2023\/12\/Creation-bain-homme-coffret.webp\",\"contentUrl\":\"https:\/\/store.mariages.io\/wp-content\/uploads\/2023\/12\/Creation-bain-homme-coffret.webp\",\"width\":720,\"height\":720},{\"@type\":\"BreadcrumbList\",\"@id\":\"https:\/\/store.mariages.io\/product\/box-bain-pour-homme\/#breadcrumb\",\"itemListElement\":[{\"@type\":\"ListItem\",\"position\":1,\"name\":\"Home\",\"item\":\"https:\/\/darkviolet-ram-161551.hostingersite.com\/\"},{\"@type\":\"ListItem\",\"position\":2,\"name\":\"Shop\",\"item\":\"https:\/\/store.mariages.io\/shop\/\"},{\"@type\":\"ListItem\",\"position\":3,\"name\":\"Box bain pour Homme\"}]},{\"@type\":\"WebSite\",\"@id\":\"https:\/\/darkviolet-ram-161551.hostingersite.com\/#website\",\"url\":\"https:\/\/darkviolet-ram-161551.hostingersite.com\/\",\"name\":\"Mariages.io store\",\"description\":\"STORE Mariages.IO\",\"potentialAction\":[{\"@type\":\"SearchAction\",\"target\":{\"@type\":\"EntryPoint\",\"urlTemplate\":\"https:\/\/darkviolet-ram-161551.hostingersite.com\/?s={search_term_string}\"},\"query-input\":{\"@type\":\"PropertyValueSpecification\",\"valueRequired\":true,\"valueName\":\"search_term_string\"}}],\"inLanguage\":\"ar\"}]}<\/script>\n<!-- \/ Yoast SEO plugin. -->","yoast_head_json":{"title":"Box bain pour Homme - Mariages.io store","robots":{"index":"index","follow":"follow","max-snippet":"max-snippet:-1","max-image-preview":"max-image-preview:large","max-video-preview":"max-video-preview:-1"},"canonical":"https:\/\/store.mariages.io\/ar\/product\/box-bain-pour-homme\/","og_locale":"ar_AR","og_type":"article","og_title":"Box bain pour Homme - Mariages.io store","og_description":"La box de bain homme est compos\u00e9 de :  Une serviette 50x100 personnalis\u00e9e Un gant de toilette personnalis\u00e9  Une paire de chaussons personnalis\u00e9s ( 40\/41\/42) Un savon au lait de ch\u00e8vre  Un gel douche oud  une fleur de douche  Une bo\u00eete en plexi transparente","og_url":"https:\/\/store.mariages.io\/ar\/product\/box-bain-pour-homme\/","og_site_name":"Mariages.io store","article_modified_time":"2025-03-02T11:39:06+00:00","og_image":[{"width":720,"height":720,"url":"https:\/\/store.mariages.io\/wp-content\/uploads\/2023\/12\/Creation-bain-homme-coffret.webp","type":"image\/webp"}],"twitter_card":"summary_large_image","twitter_misc":{"\u0648\u0642\u062a \u0627\u0644\u0642\u0631\u0627\u0621\u0629 \u0627\u0644\u0645\u064f\u0642\u062f\u0651\u0631":"\u062f\u0642\u064a\u0642\u0629 \u0648\u0627\u062d\u062f\u0629"},"schema":{"@context":"https:\/\/schema.org","@graph":[{"@type":"WebPage","@id":"https:\/\/store.mariages.io\/product\/box-bain-pour-homme\/","url":"https:\/\/store.mariages.io\/product\/box-bain-pour-homme\/","name":"Box bain pour Homme - Mariages.io store","isPartOf":{"@id":"https:\/\/darkviolet-ram-161551.hostingersite.com\/#website"},"primaryImageOfPage":{"@id":"https:\/\/store.mariages.io\/product\/box-bain-pour-homme\/#primaryimage"},"image":{"@id":"https:\/\/store.mariages.io\/product\/box-bain-pour-homme\/#primaryimage"},"thumbnailUrl":"https:\/\/store.mariages.io\/wp-content\/uploads\/2023\/12\/Creation-bain-homme-coffret.webp","datePublished":"2023-12-29T14:20:58+00:00","dateModified":"2025-03-02T11:39:06+00:00","breadcrumb":{"@id":"https:\/\/store.mariages.io\/product\/box-bain-pour-homme\/#breadcrumb"},"inLanguage":"ar","potentialAction":[{"@type":"ReadAction","target":["https:\/\/store.mariages.io\/product\/box-bain-pour-homme\/"]}]},{"@type":"ImageObject","inLanguage":"ar","@id":"https:\/\/store.mariages.io\/product\/box-bain-pour-homme\/#primaryimage","url":"https:\/\/store.mariages.io\/wp-content\/uploads\/2023\/12\/Creation-bain-homme-coffret.webp","contentUrl":"https:\/\/store.mariages.io\/wp-content\/uploads\/2023\/12\/Creation-bain-homme-coffret.webp","width":720,"height":720},{"@type":"BreadcrumbList","@id":"https:\/\/store.mariages.io\/product\/box-bain-pour-homme\/#breadcrumb","itemListElement":[{"@type":"ListItem","position":1,"name":"Home","item":"https:\/\/darkviolet-ram-161551.hostingersite.com\/"},{"@type":"ListItem","position":2,"name":"Shop","item":"https:\/\/store.mariages.io\/shop\/"},{"@type":"ListItem","position":3,"name":"Box bain pour Homme"}]},{"@type":"WebSite","@id":"https:\/\/darkviolet-ram-161551.hostingersite.com\/#website","url":"https:\/\/darkviolet-ram-161551.hostingersite.com\/","name":"Mariages.io store","description":"STORE Mariages.IO","potentialAction":[{"@type":"SearchAction","target":{"@type":"EntryPoint","urlTemplate":"https:\/\/darkviolet-ram-161551.hostingersite.com\/?s={search_term_string}"},"query-input":{"@type":"PropertyValueSpecification","valueRequired":true,"valueName":"search_term_string"}}],"inLanguage":"ar"}]}},"_links":{"self":[{"href":"https:\/\/store.mariages.io\/ar\/wp-json\/wp\/v2\/product\/10141","targetHints":{"allow":["GET"]}}],"collection":[{"href":"https:\/\/store.mariages.io\/ar\/wp-json\/wp\/v2\/product"}],"about":[{"href":"https:\/\/store.mariages.io\/ar\/wp-json\/wp\/v2\/types\/product"}],"replies":[{"embeddable":true,"href":"https:\/\/store.mariages.io\/ar\/wp-json\/wp\/v2\/comments?post=10141"}],"version-history":[{"count":1,"href":"https:\/\/store.mariages.io\/ar\/wp-json\/wp\/v2\/product\/10141\/revisions"}],"predecessor-version":[{"id":10143,"href":"https:\/\/store.mariages.io\/ar\/wp-json\/wp\/v2\/product\/10141\/revisions\/10143"}],"wp:featuredmedia":[{"embeddable":true,"href":"https:\/\/store.mariages.io\/ar\/wp-json\/wp\/v2\/media\/10142"}],"wp:attachment":[{"href":"https:\/\/store.mariages.io\/ar\/wp-json\/wp\/v2\/media?parent=10141"}],"wp:term":[{"taxonomy":"product_brand","embeddable":true,"href":"https:\/\/store.mariages.io\/ar\/wp-json\/wp\/v2\/product_brand?post=10141"},{"taxonomy":"product_cat","embeddable":true,"href":"https:\/\/store.mariages.io\/ar\/wp-json\/wp\/v2\/product_cat?post=10141"},{"taxonomy":"product_tag","embeddable":true,"href":"https:\/\/store.mariages.io\/ar\/wp-json\/wp\/v2\/product_tag?post=10141"}],"curies":[{"name":"wp","href":"https:\/\/api.w.org\/{rel}","templated":true}]}}