{"id":10115,"date":"2023-12-29T11:22:31","date_gmt":"2023-12-29T11:22:31","guid":{"rendered":"https:\/\/darkviolet-ram-161551.hostingersite.com\/?post_type=product&#038;p=10115"},"modified":"2023-12-29T11:27:03","modified_gmt":"2023-12-29T11:27:03","slug":"carte-photo-en-velin-en-feuille-dor-invitations-de-mariage","status":"publish","type":"product","link":"https:\/\/store.mariages.io\/ar\/product\/carte-photo-en-velin-en-feuille-dor-invitations-de-mariage\/","title":{"rendered":"\u0628\u0637\u0627\u0642\u0627\u062a \u062f\u0639\u0648\u0629 \u0632\u0641\u0627\u0641 \u0628\u0648\u0631\u0642 \u0630\u0647\u0628\u064a"},"content":{"rendered":"<p>Carte photo en v\u00e9lin en feuille d&rsquo;or, calendrier avec image personnalis\u00e9e, sauvegarde de nos dates, calendrier, invitations de mariage<\/p>","protected":false},"excerpt":{"rendered":"<p>Carte photo en v\u00e9lin en feuille d&rsquo;or, calendrier avec image personnalis\u00e9e, sauvegarde de nos dates, calendrier, invitations de mariage<\/p>","protected":false},"featured_media":10117,"comment_status":"open","ping_status":"closed","template":"","meta":{"_joinchat":[]},"product_brand":[],"product_cat":[72,114],"product_tag":[],"class_list":{"0":"post-10115","1":"product","2":"type-product","3":"status-publish","4":"has-post-thumbnail","6":"product_cat-personnalisation","7":"product_cat-invitations-et-faire-part","9":"first","10":"instock","11":"shipping-taxable","12":"purchasable","13":"product-type-variable"},"yoast_head":"<!-- This site is optimized with the Yoast SEO plugin v26.7 - https:\/\/yoast.com\/wordpress\/plugins\/seo\/ -->\n<title>Carte photo en v\u00e9lin en feuille d&#039;or invitations de mariage - Mariages.io store<\/title>\n<meta name=\"robots\" content=\"index, follow, max-snippet:-1, max-image-preview:large, max-video-preview:-1\" \/>\n<link rel=\"canonical\" href=\"https:\/\/store.mariages.io\/ar\/product\/carte-photo-en-velin-en-feuille-dor-invitations-de-mariage\/\" \/>\n<meta property=\"og:locale\" content=\"ar_AR\" \/>\n<meta property=\"og:type\" content=\"article\" \/>\n<meta property=\"og:title\" content=\"Carte photo en v\u00e9lin en feuille d&#039;or invitations de mariage - Mariages.io store\" \/>\n<meta property=\"og:description\" content=\"Carte photo en v\u00e9lin en feuille d&rsquo;or, calendrier avec image personnalis\u00e9e, sauvegarde de nos dates, calendrier, invitations de mariage\" \/>\n<meta property=\"og:url\" content=\"https:\/\/store.mariages.io\/ar\/product\/carte-photo-en-velin-en-feuille-dor-invitations-de-mariage\/\" \/>\n<meta property=\"og:site_name\" content=\"Mariages.io store\" \/>\n<meta property=\"article:modified_time\" content=\"2023-12-29T11:27:03+00:00\" \/>\n<meta property=\"og:image\" content=\"https:\/\/store.mariages.io\/wp-content\/uploads\/2023\/12\/Faire-partz-.jpeg\" \/>\n\t<meta property=\"og:image:width\" content=\"1140\" \/>\n\t<meta property=\"og:image:height\" content=\"1140\" \/>\n\t<meta property=\"og:image:type\" content=\"image\/jpeg\" \/>\n<meta name=\"twitter:card\" content=\"summary_large_image\" \/>\n<meta name=\"twitter:label1\" content=\"\u0648\u0642\u062a \u0627\u0644\u0642\u0631\u0627\u0621\u0629 \u0627\u0644\u0645\u064f\u0642\u062f\u0651\u0631\" \/>\n\t<meta name=\"twitter:data1\" content=\"\u062f\u0642\u064a\u0642\u0629 \u0648\u0627\u062d\u062f\u0629\" \/>\n<script type=\"application\/ld+json\" class=\"yoast-schema-graph\">{\"@context\":\"https:\/\/schema.org\",\"@graph\":[{\"@type\":\"WebPage\",\"@id\":\"https:\/\/store.mariages.io\/product\/carte-photo-en-velin-en-feuille-dor-invitations-de-mariage\/\",\"url\":\"https:\/\/store.mariages.io\/product\/carte-photo-en-velin-en-feuille-dor-invitations-de-mariage\/\",\"name\":\"Carte photo en v\u00e9lin en feuille d'or invitations de mariage - Mariages.io store\",\"isPartOf\":{\"@id\":\"https:\/\/darkviolet-ram-161551.hostingersite.com\/#website\"},\"primaryImageOfPage\":{\"@id\":\"https:\/\/store.mariages.io\/product\/carte-photo-en-velin-en-feuille-dor-invitations-de-mariage\/#primaryimage\"},\"image\":{\"@id\":\"https:\/\/store.mariages.io\/product\/carte-photo-en-velin-en-feuille-dor-invitations-de-mariage\/#primaryimage\"},\"thumbnailUrl\":\"https:\/\/store.mariages.io\/wp-content\/uploads\/2023\/12\/Faire-partz-.jpeg\",\"datePublished\":\"2023-12-29T11:22:31+00:00\",\"dateModified\":\"2023-12-29T11:27:03+00:00\",\"breadcrumb\":{\"@id\":\"https:\/\/store.mariages.io\/product\/carte-photo-en-velin-en-feuille-dor-invitations-de-mariage\/#breadcrumb\"},\"inLanguage\":\"ar\",\"potentialAction\":[{\"@type\":\"ReadAction\",\"target\":[\"https:\/\/store.mariages.io\/product\/carte-photo-en-velin-en-feuille-dor-invitations-de-mariage\/\"]}]},{\"@type\":\"ImageObject\",\"inLanguage\":\"ar\",\"@id\":\"https:\/\/store.mariages.io\/product\/carte-photo-en-velin-en-feuille-dor-invitations-de-mariage\/#primaryimage\",\"url\":\"https:\/\/store.mariages.io\/wp-content\/uploads\/2023\/12\/Faire-partz-.jpeg\",\"contentUrl\":\"https:\/\/store.mariages.io\/wp-content\/uploads\/2023\/12\/Faire-partz-.jpeg\",\"width\":1140,\"height\":1140},{\"@type\":\"BreadcrumbList\",\"@id\":\"https:\/\/store.mariages.io\/product\/carte-photo-en-velin-en-feuille-dor-invitations-de-mariage\/#breadcrumb\",\"itemListElement\":[{\"@type\":\"ListItem\",\"position\":1,\"name\":\"Home\",\"item\":\"https:\/\/darkviolet-ram-161551.hostingersite.com\/\"},{\"@type\":\"ListItem\",\"position\":2,\"name\":\"Shop\",\"item\":\"https:\/\/store.mariages.io\/shop\/\"},{\"@type\":\"ListItem\",\"position\":3,\"name\":\"Carte photo en v\u00e9lin en feuille d&rsquo;or invitations de mariage\"}]},{\"@type\":\"WebSite\",\"@id\":\"https:\/\/darkviolet-ram-161551.hostingersite.com\/#website\",\"url\":\"https:\/\/darkviolet-ram-161551.hostingersite.com\/\",\"name\":\"Mariages.io store\",\"description\":\"STORE Mariages.IO\",\"potentialAction\":[{\"@type\":\"SearchAction\",\"target\":{\"@type\":\"EntryPoint\",\"urlTemplate\":\"https:\/\/darkviolet-ram-161551.hostingersite.com\/?s={search_term_string}\"},\"query-input\":{\"@type\":\"PropertyValueSpecification\",\"valueRequired\":true,\"valueName\":\"search_term_string\"}}],\"inLanguage\":\"ar\"}]}<\/script>\n<!-- \/ Yoast SEO plugin. -->","yoast_head_json":{"title":"Carte photo en v\u00e9lin en feuille d'or invitations de mariage - Mariages.io store","robots":{"index":"index","follow":"follow","max-snippet":"max-snippet:-1","max-image-preview":"max-image-preview:large","max-video-preview":"max-video-preview:-1"},"canonical":"https:\/\/store.mariages.io\/ar\/product\/carte-photo-en-velin-en-feuille-dor-invitations-de-mariage\/","og_locale":"ar_AR","og_type":"article","og_title":"Carte photo en v\u00e9lin en feuille d'or invitations de mariage - Mariages.io store","og_description":"Carte photo en v\u00e9lin en feuille d&rsquo;or, calendrier avec image personnalis\u00e9e, sauvegarde de nos dates, calendrier, invitations de mariage","og_url":"https:\/\/store.mariages.io\/ar\/product\/carte-photo-en-velin-en-feuille-dor-invitations-de-mariage\/","og_site_name":"Mariages.io store","article_modified_time":"2023-12-29T11:27:03+00:00","og_image":[{"width":1140,"height":1140,"url":"https:\/\/store.mariages.io\/wp-content\/uploads\/2023\/12\/Faire-partz-.jpeg","type":"image\/jpeg"}],"twitter_card":"summary_large_image","twitter_misc":{"\u0648\u0642\u062a \u0627\u0644\u0642\u0631\u0627\u0621\u0629 \u0627\u0644\u0645\u064f\u0642\u062f\u0651\u0631":"\u062f\u0642\u064a\u0642\u0629 \u0648\u0627\u062d\u062f\u0629"},"schema":{"@context":"https:\/\/schema.org","@graph":[{"@type":"WebPage","@id":"https:\/\/store.mariages.io\/product\/carte-photo-en-velin-en-feuille-dor-invitations-de-mariage\/","url":"https:\/\/store.mariages.io\/product\/carte-photo-en-velin-en-feuille-dor-invitations-de-mariage\/","name":"Carte photo en v\u00e9lin en feuille d'or invitations de mariage - Mariages.io store","isPartOf":{"@id":"https:\/\/darkviolet-ram-161551.hostingersite.com\/#website"},"primaryImageOfPage":{"@id":"https:\/\/store.mariages.io\/product\/carte-photo-en-velin-en-feuille-dor-invitations-de-mariage\/#primaryimage"},"image":{"@id":"https:\/\/store.mariages.io\/product\/carte-photo-en-velin-en-feuille-dor-invitations-de-mariage\/#primaryimage"},"thumbnailUrl":"https:\/\/store.mariages.io\/wp-content\/uploads\/2023\/12\/Faire-partz-.jpeg","datePublished":"2023-12-29T11:22:31+00:00","dateModified":"2023-12-29T11:27:03+00:00","breadcrumb":{"@id":"https:\/\/store.mariages.io\/product\/carte-photo-en-velin-en-feuille-dor-invitations-de-mariage\/#breadcrumb"},"inLanguage":"ar","potentialAction":[{"@type":"ReadAction","target":["https:\/\/store.mariages.io\/product\/carte-photo-en-velin-en-feuille-dor-invitations-de-mariage\/"]}]},{"@type":"ImageObject","inLanguage":"ar","@id":"https:\/\/store.mariages.io\/product\/carte-photo-en-velin-en-feuille-dor-invitations-de-mariage\/#primaryimage","url":"https:\/\/store.mariages.io\/wp-content\/uploads\/2023\/12\/Faire-partz-.jpeg","contentUrl":"https:\/\/store.mariages.io\/wp-content\/uploads\/2023\/12\/Faire-partz-.jpeg","width":1140,"height":1140},{"@type":"BreadcrumbList","@id":"https:\/\/store.mariages.io\/product\/carte-photo-en-velin-en-feuille-dor-invitations-de-mariage\/#breadcrumb","itemListElement":[{"@type":"ListItem","position":1,"name":"Home","item":"https:\/\/darkviolet-ram-161551.hostingersite.com\/"},{"@type":"ListItem","position":2,"name":"Shop","item":"https:\/\/store.mariages.io\/shop\/"},{"@type":"ListItem","position":3,"name":"Carte photo en v\u00e9lin en feuille d&rsquo;or invitations de mariage"}]},{"@type":"WebSite","@id":"https:\/\/darkviolet-ram-161551.hostingersite.com\/#website","url":"https:\/\/darkviolet-ram-161551.hostingersite.com\/","name":"Mariages.io store","description":"STORE Mariages.IO","potentialAction":[{"@type":"SearchAction","target":{"@type":"EntryPoint","urlTemplate":"https:\/\/darkviolet-ram-161551.hostingersite.com\/?s={search_term_string}"},"query-input":{"@type":"PropertyValueSpecification","valueRequired":true,"valueName":"search_term_string"}}],"inLanguage":"ar"}]}},"_links":{"self":[{"href":"https:\/\/store.mariages.io\/ar\/wp-json\/wp\/v2\/product\/10115","targetHints":{"allow":["GET"]}}],"collection":[{"href":"https:\/\/store.mariages.io\/ar\/wp-json\/wp\/v2\/product"}],"about":[{"href":"https:\/\/store.mariages.io\/ar\/wp-json\/wp\/v2\/types\/product"}],"replies":[{"embeddable":true,"href":"https:\/\/store.mariages.io\/ar\/wp-json\/wp\/v2\/comments?post=10115"}],"version-history":[{"count":1,"href":"https:\/\/store.mariages.io\/ar\/wp-json\/wp\/v2\/product\/10115\/revisions"}],"predecessor-version":[{"id":10119,"href":"https:\/\/store.mariages.io\/ar\/wp-json\/wp\/v2\/product\/10115\/revisions\/10119"}],"wp:featuredmedia":[{"embeddable":true,"href":"https:\/\/store.mariages.io\/ar\/wp-json\/wp\/v2\/media\/10117"}],"wp:attachment":[{"href":"https:\/\/store.mariages.io\/ar\/wp-json\/wp\/v2\/media?parent=10115"}],"wp:term":[{"taxonomy":"product_brand","embeddable":true,"href":"https:\/\/store.mariages.io\/ar\/wp-json\/wp\/v2\/product_brand?post=10115"},{"taxonomy":"product_cat","embeddable":true,"href":"https:\/\/store.mariages.io\/ar\/wp-json\/wp\/v2\/product_cat?post=10115"},{"taxonomy":"product_tag","embeddable":true,"href":"https:\/\/store.mariages.io\/ar\/wp-json\/wp\/v2\/product_tag?post=10115"}],"curies":[{"name":"wp","href":"https:\/\/api.w.org\/{rel}","templated":true}]}}