{"id":10083,"date":"2023-12-29T10:36:40","date_gmt":"2023-12-29T10:36:40","guid":{"rendered":"https:\/\/darkviolet-ram-161551.hostingersite.com\/?post_type=product&#038;p=10083"},"modified":"2025-03-02T11:40:25","modified_gmt":"2025-03-02T11:40:25","slug":"lampe-personnalisee-cadeau-pour-mariage","status":"publish","type":"product","link":"https:\/\/store.mariages.io\/ar\/product\/lampe-personnalisee-cadeau-pour-mariage\/","title":{"rendered":"\u0647\u062f\u064a\u0629 \u0645\u0635\u0628\u0627\u062d \u0645\u062e\u0635\u0635\u0629 \u0644\u062d\u0641\u0644 \u0627\u0644\u0632\u0641\u0627\u0641"},"content":{"rendered":"<p>\u0647\u062f\u064a\u0629 \u0645\u0635\u0628\u0627\u062d \u0645\u062e\u0635\u0635\u0629 \u0644\u062d\u0641\u0644 \u0627\u0644\u0632\u0641\u0627\u0641<br \/>\nPour la personnalisation, merci de faire remplir le champs en bas avec le texte \u00e0 grav\u00e9 <\/p>","protected":false},"excerpt":{"rendered":"<p>\u0647\u062f\u064a\u0629 \u0645\u0635\u0628\u0627\u062d \u0645\u062e\u0635\u0635\u0629 \u0644\u062d\u0641\u0644 \u0627\u0644\u0632\u0641\u0627\u0641<br \/>\nPour la personnalisation, merci de faire remplir le champs en bas avec le texte \u00e0 grav\u00e9 <\/p>","protected":false},"featured_media":10084,"comment_status":"open","ping_status":"closed","template":"","meta":{"_joinchat":[]},"product_brand":[],"product_cat":[72],"product_tag":[],"class_list":{"0":"post-10083","1":"product","2":"type-product","3":"status-publish","4":"has-post-thumbnail","6":"product_cat-personnalisation","8":"first","9":"instock","10":"shipping-taxable","11":"purchasable","12":"product-type-simple"},"yoast_head":"<!-- This site is optimized with the Yoast SEO plugin v26.7 - https:\/\/yoast.com\/wordpress\/plugins\/seo\/ -->\n<title>Lampe Personnalis\u00e9e Cadeau Pour Mariage - Mariages.io store<\/title>\n<meta name=\"robots\" content=\"index, follow, max-snippet:-1, max-image-preview:large, max-video-preview:-1\" \/>\n<link rel=\"canonical\" href=\"https:\/\/store.mariages.io\/ar\/product\/lampe-personnalisee-cadeau-pour-mariage\/\" \/>\n<meta property=\"og:locale\" content=\"ar_AR\" \/>\n<meta property=\"og:type\" content=\"article\" \/>\n<meta property=\"og:title\" content=\"Lampe Personnalis\u00e9e Cadeau Pour Mariage - Mariages.io store\" \/>\n<meta property=\"og:description\" content=\"Lampe Personnalis\u00e9e Cadeau Pour Mariage Pour la personnalisation, merci de faire remplir le champs en bas avec le texte \u00e0 grav\u00e9\" \/>\n<meta property=\"og:url\" content=\"https:\/\/store.mariages.io\/ar\/product\/lampe-personnalisee-cadeau-pour-mariage\/\" \/>\n<meta property=\"og:site_name\" content=\"Mariages.io store\" \/>\n<meta property=\"article:modified_time\" content=\"2025-03-02T11:40:25+00:00\" \/>\n<meta property=\"og:image\" content=\"https:\/\/store.mariages.io\/wp-content\/uploads\/2023\/12\/Capture-decran-2023-12-29-a-11.34.20.png\" \/>\n\t<meta property=\"og:image:width\" content=\"837\" \/>\n\t<meta property=\"og:image:height\" content=\"765\" \/>\n\t<meta property=\"og:image:type\" content=\"image\/png\" \/>\n<meta name=\"twitter:card\" content=\"summary_large_image\" \/>\n<meta name=\"twitter:label1\" content=\"\u0648\u0642\u062a \u0627\u0644\u0642\u0631\u0627\u0621\u0629 \u0627\u0644\u0645\u064f\u0642\u062f\u0651\u0631\" \/>\n\t<meta name=\"twitter:data1\" content=\"\u062f\u0642\u064a\u0642\u0629 \u0648\u0627\u062d\u062f\u0629\" \/>\n<script type=\"application\/ld+json\" class=\"yoast-schema-graph\">{\"@context\":\"https:\/\/schema.org\",\"@graph\":[{\"@type\":\"WebPage\",\"@id\":\"https:\/\/store.mariages.io\/product\/lampe-personnalisee-cadeau-pour-mariage\/\",\"url\":\"https:\/\/store.mariages.io\/product\/lampe-personnalisee-cadeau-pour-mariage\/\",\"name\":\"Lampe Personnalis\u00e9e Cadeau Pour Mariage - Mariages.io store\",\"isPartOf\":{\"@id\":\"https:\/\/darkviolet-ram-161551.hostingersite.com\/#website\"},\"primaryImageOfPage\":{\"@id\":\"https:\/\/store.mariages.io\/product\/lampe-personnalisee-cadeau-pour-mariage\/#primaryimage\"},\"image\":{\"@id\":\"https:\/\/store.mariages.io\/product\/lampe-personnalisee-cadeau-pour-mariage\/#primaryimage\"},\"thumbnailUrl\":\"https:\/\/store.mariages.io\/wp-content\/uploads\/2023\/12\/Capture-decran-2023-12-29-a-11.34.20.png\",\"datePublished\":\"2023-12-29T10:36:40+00:00\",\"dateModified\":\"2025-03-02T11:40:25+00:00\",\"breadcrumb\":{\"@id\":\"https:\/\/store.mariages.io\/product\/lampe-personnalisee-cadeau-pour-mariage\/#breadcrumb\"},\"inLanguage\":\"ar\",\"potentialAction\":[{\"@type\":\"ReadAction\",\"target\":[\"https:\/\/store.mariages.io\/product\/lampe-personnalisee-cadeau-pour-mariage\/\"]}]},{\"@type\":\"ImageObject\",\"inLanguage\":\"ar\",\"@id\":\"https:\/\/store.mariages.io\/product\/lampe-personnalisee-cadeau-pour-mariage\/#primaryimage\",\"url\":\"https:\/\/store.mariages.io\/wp-content\/uploads\/2023\/12\/Capture-decran-2023-12-29-a-11.34.20.png\",\"contentUrl\":\"https:\/\/store.mariages.io\/wp-content\/uploads\/2023\/12\/Capture-decran-2023-12-29-a-11.34.20.png\",\"width\":837,\"height\":765},{\"@type\":\"BreadcrumbList\",\"@id\":\"https:\/\/store.mariages.io\/product\/lampe-personnalisee-cadeau-pour-mariage\/#breadcrumb\",\"itemListElement\":[{\"@type\":\"ListItem\",\"position\":1,\"name\":\"Home\",\"item\":\"https:\/\/darkviolet-ram-161551.hostingersite.com\/\"},{\"@type\":\"ListItem\",\"position\":2,\"name\":\"Shop\",\"item\":\"https:\/\/store.mariages.io\/shop\/\"},{\"@type\":\"ListItem\",\"position\":3,\"name\":\"Lampe Personnalis\u00e9e Cadeau Pour Mariage\"}]},{\"@type\":\"WebSite\",\"@id\":\"https:\/\/darkviolet-ram-161551.hostingersite.com\/#website\",\"url\":\"https:\/\/darkviolet-ram-161551.hostingersite.com\/\",\"name\":\"Mariages.io store\",\"description\":\"STORE Mariages.IO\",\"potentialAction\":[{\"@type\":\"SearchAction\",\"target\":{\"@type\":\"EntryPoint\",\"urlTemplate\":\"https:\/\/darkviolet-ram-161551.hostingersite.com\/?s={search_term_string}\"},\"query-input\":{\"@type\":\"PropertyValueSpecification\",\"valueRequired\":true,\"valueName\":\"search_term_string\"}}],\"inLanguage\":\"ar\"}]}<\/script>\n<!-- \/ Yoast SEO plugin. -->","yoast_head_json":{"title":"Lampe Personnalis\u00e9e Cadeau Pour Mariage - Mariages.io store","robots":{"index":"index","follow":"follow","max-snippet":"max-snippet:-1","max-image-preview":"max-image-preview:large","max-video-preview":"max-video-preview:-1"},"canonical":"https:\/\/store.mariages.io\/ar\/product\/lampe-personnalisee-cadeau-pour-mariage\/","og_locale":"ar_AR","og_type":"article","og_title":"Lampe Personnalis\u00e9e Cadeau Pour Mariage - Mariages.io store","og_description":"Lampe Personnalis\u00e9e Cadeau Pour Mariage Pour la personnalisation, merci de faire remplir le champs en bas avec le texte \u00e0 grav\u00e9","og_url":"https:\/\/store.mariages.io\/ar\/product\/lampe-personnalisee-cadeau-pour-mariage\/","og_site_name":"Mariages.io store","article_modified_time":"2025-03-02T11:40:25+00:00","og_image":[{"width":837,"height":765,"url":"https:\/\/store.mariages.io\/wp-content\/uploads\/2023\/12\/Capture-decran-2023-12-29-a-11.34.20.png","type":"image\/png"}],"twitter_card":"summary_large_image","twitter_misc":{"\u0648\u0642\u062a \u0627\u0644\u0642\u0631\u0627\u0621\u0629 \u0627\u0644\u0645\u064f\u0642\u062f\u0651\u0631":"\u062f\u0642\u064a\u0642\u0629 \u0648\u0627\u062d\u062f\u0629"},"schema":{"@context":"https:\/\/schema.org","@graph":[{"@type":"WebPage","@id":"https:\/\/store.mariages.io\/product\/lampe-personnalisee-cadeau-pour-mariage\/","url":"https:\/\/store.mariages.io\/product\/lampe-personnalisee-cadeau-pour-mariage\/","name":"Lampe Personnalis\u00e9e Cadeau Pour Mariage - Mariages.io store","isPartOf":{"@id":"https:\/\/darkviolet-ram-161551.hostingersite.com\/#website"},"primaryImageOfPage":{"@id":"https:\/\/store.mariages.io\/product\/lampe-personnalisee-cadeau-pour-mariage\/#primaryimage"},"image":{"@id":"https:\/\/store.mariages.io\/product\/lampe-personnalisee-cadeau-pour-mariage\/#primaryimage"},"thumbnailUrl":"https:\/\/store.mariages.io\/wp-content\/uploads\/2023\/12\/Capture-decran-2023-12-29-a-11.34.20.png","datePublished":"2023-12-29T10:36:40+00:00","dateModified":"2025-03-02T11:40:25+00:00","breadcrumb":{"@id":"https:\/\/store.mariages.io\/product\/lampe-personnalisee-cadeau-pour-mariage\/#breadcrumb"},"inLanguage":"ar","potentialAction":[{"@type":"ReadAction","target":["https:\/\/store.mariages.io\/product\/lampe-personnalisee-cadeau-pour-mariage\/"]}]},{"@type":"ImageObject","inLanguage":"ar","@id":"https:\/\/store.mariages.io\/product\/lampe-personnalisee-cadeau-pour-mariage\/#primaryimage","url":"https:\/\/store.mariages.io\/wp-content\/uploads\/2023\/12\/Capture-decran-2023-12-29-a-11.34.20.png","contentUrl":"https:\/\/store.mariages.io\/wp-content\/uploads\/2023\/12\/Capture-decran-2023-12-29-a-11.34.20.png","width":837,"height":765},{"@type":"BreadcrumbList","@id":"https:\/\/store.mariages.io\/product\/lampe-personnalisee-cadeau-pour-mariage\/#breadcrumb","itemListElement":[{"@type":"ListItem","position":1,"name":"Home","item":"https:\/\/darkviolet-ram-161551.hostingersite.com\/"},{"@type":"ListItem","position":2,"name":"Shop","item":"https:\/\/store.mariages.io\/shop\/"},{"@type":"ListItem","position":3,"name":"Lampe Personnalis\u00e9e Cadeau Pour Mariage"}]},{"@type":"WebSite","@id":"https:\/\/darkviolet-ram-161551.hostingersite.com\/#website","url":"https:\/\/darkviolet-ram-161551.hostingersite.com\/","name":"Mariages.io store","description":"STORE Mariages.IO","potentialAction":[{"@type":"SearchAction","target":{"@type":"EntryPoint","urlTemplate":"https:\/\/darkviolet-ram-161551.hostingersite.com\/?s={search_term_string}"},"query-input":{"@type":"PropertyValueSpecification","valueRequired":true,"valueName":"search_term_string"}}],"inLanguage":"ar"}]}},"_links":{"self":[{"href":"https:\/\/store.mariages.io\/ar\/wp-json\/wp\/v2\/product\/10083","targetHints":{"allow":["GET"]}}],"collection":[{"href":"https:\/\/store.mariages.io\/ar\/wp-json\/wp\/v2\/product"}],"about":[{"href":"https:\/\/store.mariages.io\/ar\/wp-json\/wp\/v2\/types\/product"}],"replies":[{"embeddable":true,"href":"https:\/\/store.mariages.io\/ar\/wp-json\/wp\/v2\/comments?post=10083"}],"version-history":[{"count":1,"href":"https:\/\/store.mariages.io\/ar\/wp-json\/wp\/v2\/product\/10083\/revisions"}],"predecessor-version":[{"id":10085,"href":"https:\/\/store.mariages.io\/ar\/wp-json\/wp\/v2\/product\/10083\/revisions\/10085"}],"wp:featuredmedia":[{"embeddable":true,"href":"https:\/\/store.mariages.io\/ar\/wp-json\/wp\/v2\/media\/10084"}],"wp:attachment":[{"href":"https:\/\/store.mariages.io\/ar\/wp-json\/wp\/v2\/media?parent=10083"}],"wp:term":[{"taxonomy":"product_brand","embeddable":true,"href":"https:\/\/store.mariages.io\/ar\/wp-json\/wp\/v2\/product_brand?post=10083"},{"taxonomy":"product_cat","embeddable":true,"href":"https:\/\/store.mariages.io\/ar\/wp-json\/wp\/v2\/product_cat?post=10083"},{"taxonomy":"product_tag","embeddable":true,"href":"https:\/\/store.mariages.io\/ar\/wp-json\/wp\/v2\/product_tag?post=10083"}],"curies":[{"name":"wp","href":"https:\/\/api.w.org\/{rel}","templated":true}]}}