{"id":10055,"date":"2023-12-28T20:56:05","date_gmt":"2023-12-28T20:56:05","guid":{"rendered":"https:\/\/darkviolet-ram-161551.hostingersite.com\/?post_type=product&#038;p=10055"},"modified":"2025-03-01T14:30:48","modified_gmt":"2025-03-01T14:30:48","slug":"faire-part-transparent-avec-photo-et-texte","status":"publish","type":"product","link":"https:\/\/store.mariages.io\/ar\/product\/faire-part-transparent-avec-photo-et-texte\/","title":{"rendered":"\u0625\u0639\u0644\u0627\u0646 \u0634\u0641\u0627\u0641 \u0645\u0639 \u0635\u0648\u0631\u0629 \u0648\u0646\u0635"},"content":{"rendered":"<p>La belle acrylique satin\u00e9e des invitations est ph\u00e9nom\u00e9nale. La possibilit\u00e9 d\u2019imprimer votre photo directement sur leur surface fera que les invit\u00e9s s\u2019en souviendront longtemps.<br \/>\nIls s\u2019int\u00e8grent parfaitement au style glamour et plus encore.<\/p>\n<p>Les invitations de mariage en acrylique satin\u00e9 sont personnalis\u00e9es &#8211; envoyez-nous une liste d\u2019invit\u00e9s et nous imprimerons les noms sur les invitations dans une police \u00e9l\u00e9gante.<\/p>\n<p>Ce motif d\u2019invitation est disponible en plexiglas satin\u00e9 translucide et plexiglas transparent (transparent). D\u00e9couvrez d\u2019autres mat\u00e9riaux dans notre magasin.<\/p>\n<p>Forme originale, invitations de mariage premium inhabituelles<br \/>\nPlexiglas \u00e9pais &#8211; un mat\u00e9riau rigide et impressionnant.<br \/>\nUne forme d\u2019invitation extr\u00eamement \u00e9l\u00e9gante.<br \/>\nPersonnalisation incluse<br \/>\nEnveloppe gratuite<\/p>\n<p>CARACT\u00c9RISTIQUES DES INVITATIONS DE MARIAGE<br \/>\nFormat A6 (15x10cm)<br \/>\nd\u00e9coup\u00e9 et imprim\u00e9 sur un plexiglas satin\u00e9 3mm ou transparent 2mm<br \/>\nImpression UV &#8211; haute qualit\u00e9, durable et d\u00e9taill\u00e9e<br \/>\nPour commander des invitations, veuillez envoyer un fichier texte<\/p>","protected":false},"excerpt":{"rendered":"<p>La possibilit\u00e9 d\u2019imprimer votre photo directement sur leur surface fera que les invit\u00e9s s\u2019en souviendront longtemps.<br \/>\nMerci de mettre votre texte et votre photo sur les champs en bas<\/p>","protected":false},"featured_media":10062,"comment_status":"open","ping_status":"closed","template":"","meta":{"_joinchat":[]},"product_brand":[],"product_cat":[72,114],"product_tag":[],"class_list":{"0":"post-10055","1":"product","2":"type-product","3":"status-publish","4":"has-post-thumbnail","6":"product_cat-personnalisation","7":"product_cat-invitations-et-faire-part","9":"first","10":"instock","11":"shipping-taxable","12":"purchasable","13":"product-type-variable"},"yoast_head":"<!-- This site is optimized with the Yoast SEO plugin v26.7 - https:\/\/yoast.com\/wordpress\/plugins\/seo\/ -->\n<title>Faire part transparent avec photo et texte - Mariages.io store<\/title>\n<meta name=\"robots\" content=\"index, follow, max-snippet:-1, max-image-preview:large, max-video-preview:-1\" \/>\n<link rel=\"canonical\" href=\"https:\/\/store.mariages.io\/ar\/product\/faire-part-transparent-avec-photo-et-texte\/\" \/>\n<meta property=\"og:locale\" content=\"ar_AR\" \/>\n<meta property=\"og:type\" content=\"article\" \/>\n<meta property=\"og:title\" content=\"Faire part transparent avec photo et texte - Mariages.io store\" \/>\n<meta property=\"og:description\" content=\"La possibilit\u00e9 d\u2019imprimer votre photo directement sur leur surface fera que les invit\u00e9s s\u2019en souviendront longtemps. Merci de mettre votre texte et votre photo sur les champs en bas\" \/>\n<meta property=\"og:url\" content=\"https:\/\/store.mariages.io\/ar\/product\/faire-part-transparent-avec-photo-et-texte\/\" \/>\n<meta property=\"og:site_name\" content=\"Mariages.io store\" \/>\n<meta property=\"article:modified_time\" content=\"2025-03-01T14:30:48+00:00\" \/>\n<meta property=\"og:image\" content=\"https:\/\/store.mariages.io\/wp-content\/uploads\/2023\/12\/Capture-decran-2023-12-28-a-21.47.58.png\" \/>\n\t<meta property=\"og:image:width\" content=\"796\" \/>\n\t<meta property=\"og:image:height\" content=\"897\" \/>\n\t<meta property=\"og:image:type\" content=\"image\/png\" \/>\n<meta name=\"twitter:card\" content=\"summary_large_image\" \/>\n<meta name=\"twitter:label1\" content=\"\u0648\u0642\u062a \u0627\u0644\u0642\u0631\u0627\u0621\u0629 \u0627\u0644\u0645\u064f\u0642\u062f\u0651\u0631\" \/>\n\t<meta name=\"twitter:data1\" content=\"\u062f\u0642\u064a\u0642\u0629 \u0648\u0627\u062d\u062f\u0629\" \/>\n<script type=\"application\/ld+json\" class=\"yoast-schema-graph\">{\"@context\":\"https:\/\/schema.org\",\"@graph\":[{\"@type\":\"WebPage\",\"@id\":\"https:\/\/store.mariages.io\/product\/faire-part-transparent-avec-photo-et-texte\/\",\"url\":\"https:\/\/store.mariages.io\/product\/faire-part-transparent-avec-photo-et-texte\/\",\"name\":\"Faire part transparent avec photo et texte - Mariages.io store\",\"isPartOf\":{\"@id\":\"https:\/\/darkviolet-ram-161551.hostingersite.com\/#website\"},\"primaryImageOfPage\":{\"@id\":\"https:\/\/store.mariages.io\/product\/faire-part-transparent-avec-photo-et-texte\/#primaryimage\"},\"image\":{\"@id\":\"https:\/\/store.mariages.io\/product\/faire-part-transparent-avec-photo-et-texte\/#primaryimage\"},\"thumbnailUrl\":\"https:\/\/store.mariages.io\/wp-content\/uploads\/2023\/12\/Capture-decran-2023-12-28-a-21.47.58.png\",\"datePublished\":\"2023-12-28T20:56:05+00:00\",\"dateModified\":\"2025-03-01T14:30:48+00:00\",\"breadcrumb\":{\"@id\":\"https:\/\/store.mariages.io\/product\/faire-part-transparent-avec-photo-et-texte\/#breadcrumb\"},\"inLanguage\":\"ar\",\"potentialAction\":[{\"@type\":\"ReadAction\",\"target\":[\"https:\/\/store.mariages.io\/product\/faire-part-transparent-avec-photo-et-texte\/\"]}]},{\"@type\":\"ImageObject\",\"inLanguage\":\"ar\",\"@id\":\"https:\/\/store.mariages.io\/product\/faire-part-transparent-avec-photo-et-texte\/#primaryimage\",\"url\":\"https:\/\/store.mariages.io\/wp-content\/uploads\/2023\/12\/Capture-decran-2023-12-28-a-21.47.58.png\",\"contentUrl\":\"https:\/\/store.mariages.io\/wp-content\/uploads\/2023\/12\/Capture-decran-2023-12-28-a-21.47.58.png\",\"width\":796,\"height\":897},{\"@type\":\"BreadcrumbList\",\"@id\":\"https:\/\/store.mariages.io\/product\/faire-part-transparent-avec-photo-et-texte\/#breadcrumb\",\"itemListElement\":[{\"@type\":\"ListItem\",\"position\":1,\"name\":\"Home\",\"item\":\"https:\/\/darkviolet-ram-161551.hostingersite.com\/\"},{\"@type\":\"ListItem\",\"position\":2,\"name\":\"Shop\",\"item\":\"https:\/\/store.mariages.io\/shop\/\"},{\"@type\":\"ListItem\",\"position\":3,\"name\":\"Faire part transparent avec photo et texte\"}]},{\"@type\":\"WebSite\",\"@id\":\"https:\/\/darkviolet-ram-161551.hostingersite.com\/#website\",\"url\":\"https:\/\/darkviolet-ram-161551.hostingersite.com\/\",\"name\":\"Mariages.io store\",\"description\":\"STORE Mariages.IO\",\"potentialAction\":[{\"@type\":\"SearchAction\",\"target\":{\"@type\":\"EntryPoint\",\"urlTemplate\":\"https:\/\/darkviolet-ram-161551.hostingersite.com\/?s={search_term_string}\"},\"query-input\":{\"@type\":\"PropertyValueSpecification\",\"valueRequired\":true,\"valueName\":\"search_term_string\"}}],\"inLanguage\":\"ar\"}]}<\/script>\n<!-- \/ Yoast SEO plugin. -->","yoast_head_json":{"title":"Faire part transparent avec photo et texte - Mariages.io store","robots":{"index":"index","follow":"follow","max-snippet":"max-snippet:-1","max-image-preview":"max-image-preview:large","max-video-preview":"max-video-preview:-1"},"canonical":"https:\/\/store.mariages.io\/ar\/product\/faire-part-transparent-avec-photo-et-texte\/","og_locale":"ar_AR","og_type":"article","og_title":"Faire part transparent avec photo et texte - Mariages.io store","og_description":"La possibilit\u00e9 d\u2019imprimer votre photo directement sur leur surface fera que les invit\u00e9s s\u2019en souviendront longtemps. Merci de mettre votre texte et votre photo sur les champs en bas","og_url":"https:\/\/store.mariages.io\/ar\/product\/faire-part-transparent-avec-photo-et-texte\/","og_site_name":"Mariages.io store","article_modified_time":"2025-03-01T14:30:48+00:00","og_image":[{"width":796,"height":897,"url":"https:\/\/store.mariages.io\/wp-content\/uploads\/2023\/12\/Capture-decran-2023-12-28-a-21.47.58.png","type":"image\/png"}],"twitter_card":"summary_large_image","twitter_misc":{"\u0648\u0642\u062a \u0627\u0644\u0642\u0631\u0627\u0621\u0629 \u0627\u0644\u0645\u064f\u0642\u062f\u0651\u0631":"\u062f\u0642\u064a\u0642\u0629 \u0648\u0627\u062d\u062f\u0629"},"schema":{"@context":"https:\/\/schema.org","@graph":[{"@type":"WebPage","@id":"https:\/\/store.mariages.io\/product\/faire-part-transparent-avec-photo-et-texte\/","url":"https:\/\/store.mariages.io\/product\/faire-part-transparent-avec-photo-et-texte\/","name":"Faire part transparent avec photo et texte - Mariages.io store","isPartOf":{"@id":"https:\/\/darkviolet-ram-161551.hostingersite.com\/#website"},"primaryImageOfPage":{"@id":"https:\/\/store.mariages.io\/product\/faire-part-transparent-avec-photo-et-texte\/#primaryimage"},"image":{"@id":"https:\/\/store.mariages.io\/product\/faire-part-transparent-avec-photo-et-texte\/#primaryimage"},"thumbnailUrl":"https:\/\/store.mariages.io\/wp-content\/uploads\/2023\/12\/Capture-decran-2023-12-28-a-21.47.58.png","datePublished":"2023-12-28T20:56:05+00:00","dateModified":"2025-03-01T14:30:48+00:00","breadcrumb":{"@id":"https:\/\/store.mariages.io\/product\/faire-part-transparent-avec-photo-et-texte\/#breadcrumb"},"inLanguage":"ar","potentialAction":[{"@type":"ReadAction","target":["https:\/\/store.mariages.io\/product\/faire-part-transparent-avec-photo-et-texte\/"]}]},{"@type":"ImageObject","inLanguage":"ar","@id":"https:\/\/store.mariages.io\/product\/faire-part-transparent-avec-photo-et-texte\/#primaryimage","url":"https:\/\/store.mariages.io\/wp-content\/uploads\/2023\/12\/Capture-decran-2023-12-28-a-21.47.58.png","contentUrl":"https:\/\/store.mariages.io\/wp-content\/uploads\/2023\/12\/Capture-decran-2023-12-28-a-21.47.58.png","width":796,"height":897},{"@type":"BreadcrumbList","@id":"https:\/\/store.mariages.io\/product\/faire-part-transparent-avec-photo-et-texte\/#breadcrumb","itemListElement":[{"@type":"ListItem","position":1,"name":"Home","item":"https:\/\/darkviolet-ram-161551.hostingersite.com\/"},{"@type":"ListItem","position":2,"name":"Shop","item":"https:\/\/store.mariages.io\/shop\/"},{"@type":"ListItem","position":3,"name":"Faire part transparent avec photo et texte"}]},{"@type":"WebSite","@id":"https:\/\/darkviolet-ram-161551.hostingersite.com\/#website","url":"https:\/\/darkviolet-ram-161551.hostingersite.com\/","name":"Mariages.io store","description":"STORE Mariages.IO","potentialAction":[{"@type":"SearchAction","target":{"@type":"EntryPoint","urlTemplate":"https:\/\/darkviolet-ram-161551.hostingersite.com\/?s={search_term_string}"},"query-input":{"@type":"PropertyValueSpecification","valueRequired":true,"valueName":"search_term_string"}}],"inLanguage":"ar"}]}},"_links":{"self":[{"href":"https:\/\/store.mariages.io\/ar\/wp-json\/wp\/v2\/product\/10055","targetHints":{"allow":["GET"]}}],"collection":[{"href":"https:\/\/store.mariages.io\/ar\/wp-json\/wp\/v2\/product"}],"about":[{"href":"https:\/\/store.mariages.io\/ar\/wp-json\/wp\/v2\/types\/product"}],"replies":[{"embeddable":true,"href":"https:\/\/store.mariages.io\/ar\/wp-json\/wp\/v2\/comments?post=10055"}],"version-history":[{"count":1,"href":"https:\/\/store.mariages.io\/ar\/wp-json\/wp\/v2\/product\/10055\/revisions"}],"predecessor-version":[{"id":10063,"href":"https:\/\/store.mariages.io\/ar\/wp-json\/wp\/v2\/product\/10055\/revisions\/10063"}],"wp:featuredmedia":[{"embeddable":true,"href":"https:\/\/store.mariages.io\/ar\/wp-json\/wp\/v2\/media\/10062"}],"wp:attachment":[{"href":"https:\/\/store.mariages.io\/ar\/wp-json\/wp\/v2\/media?parent=10055"}],"wp:term":[{"taxonomy":"product_brand","embeddable":true,"href":"https:\/\/store.mariages.io\/ar\/wp-json\/wp\/v2\/product_brand?post=10055"},{"taxonomy":"product_cat","embeddable":true,"href":"https:\/\/store.mariages.io\/ar\/wp-json\/wp\/v2\/product_cat?post=10055"},{"taxonomy":"product_tag","embeddable":true,"href":"https:\/\/store.mariages.io\/ar\/wp-json\/wp\/v2\/product_tag?post=10055"}],"curies":[{"name":"wp","href":"https:\/\/api.w.org\/{rel}","templated":true}]}}